{"id":25771,"date":"2025-09-18T01:34:22","date_gmt":"2025-09-18T05:34:22","guid":{"rendered":"https:\/\/www.emilysentourage.org\/?page_id=25771"},"modified":"2026-03-05T15:00:54","modified_gmt":"2026-03-05T19:00:54","slug":"ctcprivacy","status":"publish","type":"page","link":"https:\/\/www.emilysentourage.org\/tr\/ctcprivacy\/","title":{"rendered":"CF Clinical Trial Connect \u0130\u00e7in Gizlilik Politikas\u0131"},"content":{"rendered":"<p style=\"text-align: center;\"><em>Bu gizlilik bildirimi, ki\u015fisel verilerinizi nas\u0131l toplad\u0131\u011f\u0131m\u0131z, kulland\u0131\u011f\u0131m\u0131z ve if\u015fa etti\u011fimiz konusunda sizi bilgilendirir. Ayr\u0131ca ki\u015fisel verilerinizle ilgili sahip oldu\u011funuz se\u00e7enekleri de a\u00e7\u0131klamaktad\u0131r. Ki\u015fisel verilerinizi bize g\u00f6ndermeden \u00f6nce l\u00fctfen bu gizlilik bildirimini dikkatlice okuyun.<\/em><\/p>\n<h2><strong>1. EMILY'S ENTOURAGE VE BU GI\u0307ZLI\u0307LI\u0307K BI\u0307LDI\u0307RI\u0307MI\u0307 HAKKINDA<\/strong><\/h2>\n<p><strong><em>A\u015fa\u011f\u0131daki b\u00f6l\u00fcm Emily's Entourage (EE) ve bu gizlilik hakk\u0131nda genel bilgi vermektedir <\/em><em>fark ettim.<\/em><\/strong><\/p>\n<p>1.1<strong> \u0130lan Hakk\u0131nda.<\/strong> Bu Gizlilik Bildirimi (Gizlilik Bildirimi <strong>\"Bildirim\"<\/strong>) bireysel kullan\u0131c\u0131lardan toplanan ki\u015fisel verilerin i\u015flenmesini y\u00f6netir (<strong>\"sen\"<\/strong> ve <strong>\"senin\"<\/strong>) Emily's Entourage CF Clinical Trial Connect (CTC) web sitesi arac\u0131l\u0131\u011f\u0131yla <a href=\"https:\/\/emilysentourage.my.site.com\/registry\/s\/login\/\" target=\"_blank\" rel=\"noopener\">https:\/\/emilysentourage.my.site.com\/registry\/s\/login\/<\/a> (\"Web Sitesi\"), \u00e7evrimi\u00e7i ve fiziksel formlar ve klinik ara\u015ft\u0131rma e\u015fle\u015ftirme hizmetlerimiz (topluca \"EE Hizmetleri\"). Bu Bildirim, EE Hizmetleri veya di\u011fer \u00fc\u00e7\u00fcnc\u00fc taraf \u00fcr\u00fcn ve hizmetleriyle entegre olan \u00fc\u00e7\u00fcnc\u00fc taraf web sitelerini, uygulamalar\u0131n\u0131, yaz\u0131l\u0131mlar\u0131n\u0131 veya hizmetlerini kapsamaz.<\/p>\n<p>1.2 <strong>Veri kontrol\u00f6r\u00fc.<\/strong> EE Hizmetleri, PO Box 71, Merion Station, PA 19066, ABD adresinde bulunan Cystic Fibrosis Research Fund, Inc. (DBA Emily's Entourage) taraf\u0131ndan sa\u011flanmaktad\u0131r (\"<strong>Biz<\/strong>,\" \"<strong>Biz<\/strong>\" ve \"<strong>bizim<\/strong>\"). Bize sa\u011flad\u0131\u011f\u0131n\u0131z ki\u015fisel verilerle ilgili olarak bir veri denetleyicisi s\u0131fat\u0131yla hareket ediyoruz.<\/p>\n<p>1.3 <strong>\u00c7ocuklar<\/strong>. Bize sa\u011flad\u0131\u011f\u0131n\u0131z ki\u015fisel verilerin baz\u0131lar\u0131 \u00e7ocuklara ait olabilir. Bu t\u00fcr verileri yaln\u0131zca \u00e7ocu\u011fun ebeveynlerinin veya yasal vasilerinin a\u00e7\u0131k yaz\u0131l\u0131 onay\u0131 ile toplar\u0131z. Bir \u00e7ocu\u011fun ki\u015fisel verilerinin bize bu t\u00fcr ge\u00e7erli bir onay olmadan sa\u011fland\u0131\u011f\u0131n\u0131 fark ederseniz ve bu \u00e7ocu\u011fun ebeveyni veya yasal vasisi iseniz, l\u00fctfen derhal bizimle \u015fu adresten ileti\u015fime ge\u00e7in <a href=\"mailto:admin@emilysentourage.org\" target=\"_blank\" rel=\"noopener\">admin@emilysentourage.org<\/a>.<\/p>\n<p>1.4<strong> S\u00fcre ve fesih.<\/strong> Bu Bildirim, Bildirimin \u00fcst k\u0131sm\u0131nda belirtilen y\u00fcr\u00fcrl\u00fck tarihinde y\u00fcr\u00fcrl\u00fc\u011fe girer ve taraf\u0131m\u0131zdan feshedilene veya g\u00fcncellenene kadar ge\u00e7erli kal\u0131r.<\/p>\n<p>1.5 <strong>De\u011fi\u015fiklikler.<\/strong> \u0130\u015f uygulamalar\u0131m\u0131zdaki, EE Hizmetlerimizdeki, Web Sitemizdeki veya bizim i\u00e7in ge\u00e7erli olan yasa, y\u00f6netmelik ve standartlardaki de\u011fi\u015fiklikleri ele almak i\u00e7in gerekirse bu Bildirimi zaman zaman de\u011fi\u015ftirebiliriz. Bildirimin de\u011fi\u015ftirilmi\u015f versiyonu bu sayfada yay\u0131nlanacak ve e-posta adresiniz bizde mevcutsa, taraf\u0131m\u0131zdan uygulanan t\u00fcm de\u011fi\u015fiklikler hakk\u0131nda size bilgi g\u00f6nderece\u011fiz. Bilgilenmek i\u00e7in Bildirimimizi d\u00fczenli olarak g\u00f6zden ge\u00e7irmenizi \u00f6neririz.<\/p>\n<h2><strong>2. HANGI\u0307 VERI\u0307LERI\u0307 TOPLUYORUZ? <\/strong><\/h2>\n<p><em><strong>A\u015fa\u011f\u0131daki b\u00f6l\u00fcm, sizden veya temsil etti\u011finiz ki\u015filerden hangi ki\u015fisel verileri toplad\u0131\u011f\u0131m\u0131za, bunlar\u0131 hangi ama\u00e7larla kulland\u0131\u011f\u0131m\u0131za, Web Sitesini kulland\u0131\u011f\u0131n\u0131zda hangi teknik verilerin otomatik olarak topland\u0131\u011f\u0131na ve sizinle nas\u0131l ileti\u015fim kurdu\u011fumuza ili\u015fkin genel bir bak\u0131\u015f sunmaktad\u0131r.<\/strong><\/em><\/p>\n<p>2.1 Veri minimizasyonu ilkelerine uyuyoruz ve ki\u015fisel verileri bu Bildirimde a\u00e7\u0131kland\u0131\u011f\u0131 gibi s\u0131n\u0131rl\u0131 ama\u00e7lar i\u00e7in kullan\u0131yoruz. A\u015fa\u011f\u0131da, toplad\u0131\u011f\u0131m\u0131z ki\u015fisel veri t\u00fcrlerine, bunlar\u0131 hangi ama\u00e7larla kulland\u0131\u011f\u0131m\u0131za ve bunlar\u0131 i\u015flerken dayand\u0131\u011f\u0131m\u0131z yasal dayanaklara ili\u015fkin genel bir bak\u0131\u015f bulabilirsiniz.<\/p>\n<p>2.2 <strong>Ki\u015fisel veri kaynaklar\u0131.<\/strong> Ki\u015fisel verilerinizi a\u015fa\u011f\u0131daki kaynak kategorilerinden elde ediyoruz:<\/p>\n<ul>\n<li><strong>Do\u011frudan senden.<\/strong> \u00d6rne\u011fin, formlar\u0131m\u0131z\u0131 doldururken veya bizimle ileti\u015fime ge\u00e7erken ki\u015fisel verilerinizi g\u00f6nderirseniz;<\/li>\n<li><strong>Do\u011frudan veya dolayl\u0131 olarak, Web Sitesindeki faaliyetleriniz arac\u0131l\u0131\u011f\u0131yla.<\/strong> Web sitesini kulland\u0131\u011f\u0131n\u0131zda, Web sitesini kullan\u0131m\u0131n\u0131zla ilgili analiz bilgilerini otomatik olarak toplar\u0131z.<\/li>\n<\/ul>\n<p>2.3 <strong>Do\u011frudan sizden hangi ki\u015fisel verileri topluyoruz?<\/strong><\/p>\n<ul>\n<li><strong>Hasta kay\u0131t formu.<\/strong> Web Sitesinde bulunan hasta kay\u0131t formumuzu doldurdu\u011funuzda, a\u015fa\u011f\u0131daki verileri toplar\u0131z: kay\u0131t sahibinin ad\u0131 ve soyad\u0131, do\u011fum tarihi, adresi, e-posta adresi ve telefon numaras\u0131. Ayr\u0131ca, hastan\u0131n kistik fibrozis (\"KF\") ile ilgili verilerini (\u00f6rne\u011fin, hastan\u0131n kronik olarak kolonize oldu\u011fu mutasyonlar ve bakteriler, nakil durumu ve mod\u00fclat\u00f6r durumu) ve sa\u011flayabilece\u011finiz ek yorumlar\u0131 toplar\u0131z. Bu verileri, kay\u0131t sahibiyle ileti\u015fim kurmak, CTC veri taban\u0131m\u0131z\u0131 ve di\u011fer kay\u0131tlar\u0131 tutmak, kay\u0131t sahibini ilgili ara\u015ft\u0131rmalar, klinik geli\u015fmeler ve ila\u00e7 denemeleri hakk\u0131nda bilgilendirmek ve kay\u0131t sahibine EE Hizmetleri hakk\u0131nda bilgi g\u00f6ndermek i\u00e7in kullan\u0131r\u0131z. Sa\u011fl\u0131kla ilgili verileri nas\u0131l i\u015fledi\u011fimiz hakk\u0131nda daha fazla bilgi i\u00e7in l\u00fctfen 2.5 \"Hassas Veriler\" b\u00f6l\u00fcm\u00fcne bak\u0131n. Dayand\u0131\u011f\u0131m\u0131z yasal dayanaklar 'r\u0131za' ve 'me\u015fru menfaatlerimizin g\u00f6zetilmesi'dir (yani, kurulu\u015fumuzu y\u00f6netmek). Bu t\u00fcr verileri, (i) daha uzun s\u00fcre saklamam\u0131za izin vermedi\u011finiz veya (ii) bu t\u00fcr verileri daha \u00f6nce silmemizi talep etmedi\u011finiz s\u00fcrece, sistemlerimizde 10 y\u0131ldan daha uzun s\u00fcre saklamay\u0131z.<\/li>\n<\/ul>\n<p>2.4 <strong>Siz Web Sitesini kullan\u0131rken hangi ki\u015fisel verileri otomatik olarak topluyoruz?<\/strong><\/p>\n<ul>\n<li><strong>Analitik veriler.<\/strong> Siz Web Sitesinde gezinirken, Web Sitesine ne t\u00fcr kullan\u0131c\u0131lar\u0131n eri\u015fti\u011fini ve kulland\u0131\u011f\u0131n\u0131, Web Sitesinin hangi b\u00f6l\u00fcmlerini ilgin\u00e7 buldu\u011funuzu g\u00f6rmemize, i\u00e7eri\u011fimizi iyile\u015ftirmemize, hizmetlerimizi geli\u015ftirmemize ve yenilerini geli\u015ftirmemize ve g\u00fcvenlik sorunlar\u0131n\u0131 ve k\u00f6t\u00fcye kullan\u0131m\u0131 ara\u015ft\u0131rmam\u0131za ve \u00f6nlememize olanak tan\u0131yan analitik veriler toplar\u0131z. Ki\u015fisel veri niteli\u011findeki analitik verilerinizi i\u015fledi\u011fimizde, '<em>me\u015fru menfaat<\/em>' (yani, Web Sitemizi analiz etmek, geli\u015ftirmek ve korumak i\u00e7in) ve '<em>sizin onay\u0131n\u0131z<\/em>' temelleri. Toplad\u0131\u011f\u0131m\u0131z analitik veriler \u015funlar\u0131 i\u00e7erir:\n<ul>\n<li>Web sitemize eri\u015fti\u011finiz URL adresleri;<\/li>\n<li>Cihaz t\u00fcr\u00fcn\u00fcz;<\/li>\n<li>\u0130\u015fletim sisteminiz;<\/li>\n<li>Taray\u0131c\u0131n\u0131z\u0131n ad\u0131 ve s\u00fcr\u00fcm\u00fc;<\/li>\n<li>IP adresi; ve<\/li>\n<li>Di\u011fer \u00e7evrimi\u00e7i davran\u0131\u015flar\u0131n\u0131z.<\/li>\n<\/ul>\n<\/li>\n<li><strong>\u00c7erezler.<\/strong> Siz Web Sitesinde gezinirken, \u00e7erezlerle ilgili verilerinizi de toplar\u0131z. Bu t\u00fcr bilgileri, Web Sitesini kullan\u0131m\u0131n\u0131z\u0131n teknik y\u00f6nlerini analiz etmek, Web Sitesini kullan\u0131m\u0131n\u0131z\u0131 analiz etmek, doland\u0131r\u0131c\u0131l\u0131\u011f\u0131 ve k\u00f6t\u00fcye kullan\u0131m\u0131 \u00f6nlemek ve Web Sitesinin g\u00fcvenli\u011fini sa\u011flamak i\u00e7in kullan\u0131r\u0131z. \u00c7erez kullan\u0131m\u0131m\u0131z hakk\u0131nda daha fazla bilgi i\u00e7in l\u00fctfen <a href=\"https:\/\/help.salesforce.com\/s\/articleView?id=sf.networks_cookies.htm&amp;type=5\" target=\"_blank\" rel=\"noopener\">Salesforce \u00c7erez Politikas\u0131.<\/a> Dayand\u0131\u011f\u0131m\u0131z yasal dayanaklar \u015funlard\u0131r <em>'me\u015fru menfaatlerimizi takip etmek'<\/em> (yani, i\u00e7eri\u011fimizi analiz etmek ve Web Sitesini korumak) ve <em>'sizin r\u0131zan\u0131z'<\/em>. Bu verileri, analitik kay\u0131tlar faaliyetlerimiz i\u00e7in gerekli oldu\u011fu veya izninizi geri \u00e7ekti\u011finiz s\u00fcrece saklayaca\u011f\u0131z.<\/li>\n<\/ul>\n<p>2.5 <strong>Hassas veriler.<\/strong> KF'li bir ki\u015fi veya bir temsilci olarak CTC kay\u0131t formunu doldurdu\u011funuzda, sa\u011fl\u0131\u011f\u0131n\u0131zla ilgili (\"hassas veriler\"), yani KF'nizle ilgili bilgileri (\u00f6rne\u011fin mutasyonlar, kronik olarak kolonize oldu\u011funuz bakteriler, nakil durumu ve mod\u00fclat\u00f6r durumu) toplar\u0131z. Bu t\u00fcr veriler, sizinle ilgili olabilecek t\u0131bbi ara\u015ft\u0131rmalar, klinik geli\u015fmeler ve ila\u00e7 denemeleri hakk\u0131nda sizi bilgilendirmek ve kay\u0131tlar\u0131m\u0131z\u0131 tutmak i\u00e7in gereklidir. Bu t\u00fcr verileri s\u0131k\u0131 bir gizlilik i\u00e7inde tutar\u0131z ve siz veya temsilciniz onay formumuz arac\u0131l\u0131\u011f\u0131yla veya elektronik ara\u00e7lar da dahil olmak \u00fczere ki\u015fisel olarak yaz\u0131l\u0131 olarak bize yetki vermedik\u00e7e \u00fc\u00e7\u00fcnc\u00fc taraflara if\u015fa etmeyiz. Bu t\u00fcr verileri i\u015flerken dayand\u0131\u011f\u0131m\u0131z yasal dayanak 'r\u0131za' ve \u00f6zellikle de 'yaz\u0131l\u0131 a\u00e7\u0131k r\u0131za'd\u0131r.<\/p>\n<p>2.6 <strong>Ki\u015fisel verileri sa\u011flamay\u0131 reddetme.<\/strong> Ki\u015fisel verilerinizi istedi\u011fimizde bize vermeyi reddederseniz, istenen i\u015flemi ger\u00e7ekle\u015ftiremeyebiliriz ve EE Hizmetlerini kullanamayabilir, istenen bilgileri alamayabilir veya yan\u0131t\u0131m\u0131z\u0131 alamayabilirsiniz. Toplad\u0131\u011f\u0131m\u0131z herhangi bir ki\u015fisel verinin a\u015f\u0131r\u0131 oldu\u011funu veya ama\u00e7lanan ama\u00e7 i\u00e7in gerekli olmad\u0131\u011f\u0131n\u0131 d\u00fc\u015f\u00fcn\u00fcyorsan\u0131z l\u00fctfen derhal bizimle ileti\u015fime ge\u00e7in.<\/p>\n<p>2.7 <strong>Geri bildiriminiz ve kimliksizle\u015ftirilmi\u015f veriler.<\/strong> Bizimle ileti\u015fime ge\u00e7meniz halinde, taraf\u0131n\u0131zdan y\u00f6neltilen sorular\u0131n, \u015fikayetlerin, tavsiyelerin veya \u00f6vg\u00fclerin ve bunlara verilen yan\u0131tlar\u0131n kay\u0131tlar\u0131n\u0131 tutabiliriz. M\u00fcmk\u00fcn oldu\u011funda, bu t\u00fcr kay\u0131tlar\u0131 tutmak i\u00e7in gerekli olmayan t\u00fcm ki\u015fisel verileri kald\u0131raca\u011f\u0131z. Ayr\u0131ca, ara\u015ft\u0131rmay\u0131 kolayla\u015ft\u0131rmak amac\u0131yla kimliksizle\u015ftirilmi\u015f verileri kullanabilir ve \u00fc\u00e7\u00fcnc\u00fc taraflarla payla\u015fabiliriz. Bu t\u00fcr veriler, kullan\u0131c\u0131lar\u0131n sizi ger\u00e7ek bir ki\u015fi olarak tan\u0131mlamas\u0131na izin vermez ve bu nedenle ki\u015fisel veri olarak kabul edilmez.<\/p>\n<h2><strong>3. VERI\u0307LERI\u0307NI\u0307ZI\u0307 NE KADAR S\u00dcREYLE SAKLIYORUZ?<\/strong><\/h2>\n<p><em><strong>A\u015fa\u011f\u0131daki b\u00f6l\u00fcmde verilerinizi sistemlerimizde ne kadar s\u00fcreyle tuttu\u011fumuz ve nas\u0131l sildi\u011fimiz a\u00e7\u0131klanmaktad\u0131r.<\/strong><\/em><\/p>\n<p>3.1 <strong>Ki\u015fisel verilerin saklanmas\u0131.<\/strong> Biz ve veri i\u015fleyicilerimiz, ki\u015fisel verilerinizi yaln\u0131zca bu Bildirimde a\u00e7\u0131klanan ama\u00e7lar i\u00e7in gerekli oldu\u011fu s\u00fcrece veya siz bizden ki\u015fisel verilerinizi g\u00fcncellememizi veya silmemizi talep edene kadar (hangisi \u00f6nce ger\u00e7ekle\u015firse) saklar\u0131z. Her bir ki\u015fisel veri t\u00fcr\u00fcn\u00fcn saklanma s\u00fcresi hakk\u0131nda daha fazla ayr\u0131nt\u0131 i\u00e7in l\u00fctfen 2. b\u00f6l\u00fcme bak\u0131n. Ki\u015fisel verileriniz ama\u00e7lar\u0131 i\u00e7in art\u0131k gerekli olmad\u0131\u011f\u0131nda ve saklamak i\u00e7in ba\u015fka bir yasal dayanak bulunmad\u0131\u011f\u0131nda, bunlar\u0131 sistemlerimizden g\u00fcvenli bir \u015fekilde silece\u011fiz.<\/p>\n<p>3.2 <strong>Ki\u015fisel olmayan verilerin depolanmas\u0131.<\/strong> Size ait ki\u015fisel olmayan verileri, bu Bildirimde a\u00e7\u0131klanan ama\u00e7lar i\u00e7in gerekli oldu\u011fu s\u00fcrece saklar\u0131z.<\/p>\n<p>3.3 <strong>Yasalar\u0131n gerektirdi\u011fi \u015fekilde depolama.<\/strong> Kanunen ki\u015fisel verilerinizi belirli bir s\u00fcre saklamak zorunda oldu\u011fumuzda (\u00f6rne\u011fin, muhasebe kay\u0131tlar\u0131n\u0131 tutmak i\u00e7in), ki\u015fisel verilerinizi y\u00fcr\u00fcrl\u00fckteki kanunun \u00f6ng\u00f6rd\u00fc\u011f\u00fc s\u00fcre boyunca saklayacak ve gerekli saklama s\u00fcresi sona erer ermez ki\u015fisel verileri silece\u011fiz.<\/p>\n<h2><strong>4. VERI\u0307LERI\u0307NI\u0307ZI\u0307 NASIL I\u0307F\u015eA EDI\u0307YORUZ?<\/strong><\/h2>\n<p><em><strong>A\u015fa\u011f\u0131daki b\u00f6l\u00fcmde ki\u015fisel verilerinize eri\u015fimi olabilecek \u00fc\u00e7\u00fcnc\u00fc taraflar hakk\u0131nda bilgi verilmektedir.<\/strong><\/em><\/p>\n<p>4.1 <strong>Veri i\u015fleyenlere a\u00e7\u0131klama.<\/strong> Ki\u015fisel verilerinizin kullan\u0131m amac\u0131 i\u00e7in gerekli olmas\u0131 halinde, ki\u015fisel verilerinizi bizim ad\u0131m\u0131za hizmet sa\u011flayan kurulu\u015flara (veri i\u015fleyicilerimiz) if\u015fa edece\u011fiz. Ki\u015fisel verileriniz, bar\u0131nd\u0131rma ve e-posta da\u011f\u0131t\u0131m hizmetleri gibi bize teknik destek hizmetleri sa\u011flayan kurulu\u015flarla payla\u015f\u0131labilir.<\/p>\n<p>4.2 <strong>Veri i\u015fleyenlerin listesi.<\/strong> Ki\u015fisel verilerinize eri\u015febilecek veri i\u015fleyicileri \u015funlard\u0131r:<\/p>\n<ul>\n<li>ABD'de bulunan bulut depolama, analiz ve posta hizmeti sa\u011flay\u0131c\u0131m\u0131z Google LLC;<\/li>\n<li>Web sitesi bar\u0131nd\u0131rma hizmeti sa\u011flay\u0131c\u0131m\u0131z Salesforce ABD'de bulunmaktad\u0131r;<\/li>\n<li>CRM hizmet sa\u011flay\u0131c\u0131m\u0131z Salesforce ABD'de yerle\u015fiktir;<\/li>\n<li>Ba\u011f\u0131ms\u0131z y\u00fcklenicilerimiz ve dan\u0131\u015fmanlar\u0131m\u0131z.<\/li>\n<\/ul>\n<p>4.3 <strong>Yetkili a\u00e7\u0131klama.<\/strong> Onay formunu imzalayarak veya \u015fahsen bize yetki vermeniz halinde, sa\u011fl\u0131kla ilgili veriler de dahil olmak \u00fczere ki\u015fisel verilerinizi ilgili klinik ara\u015ft\u0131rmaya kat\u0131lan \u00fc\u00e7\u00fcnc\u00fc taraflarla payla\u015fabiliriz. Verilerinizin en kat\u0131 veri koruma standartlar\u0131na ve y\u00fcr\u00fcrl\u00fckteki yasalara uygun olarak i\u015flenmesini sa\u011flamak i\u00e7in makul \u00f6nlemler (\u00f6r. veri aktar\u0131m anla\u015fmalar\u0131) al\u0131yoruz.<\/p>\n<p>4.4 <strong>Uluslararas\u0131 transferler.<\/strong> Veri i\u015fleyicilerimizden baz\u0131lar\u0131 ikamet etti\u011finiz \u00fclkenin d\u0131\u015f\u0131nda yerle\u015fik olabilir. \u00d6rne\u011fin, Birle\u015fik Krall\u0131k'ta veya Avrupa Ekonomik Alan\u0131'na (AEA) ait bir \u00fclkede ikamet ediyorsan\u0131z, ki\u015fisel verilerinizi Birle\u015fik Krall\u0131k veya AEA d\u0131\u015f\u0131na aktarmam\u0131z gerekebilir. B\u00f6yle bir aktar\u0131m\u0131n gerekli olmas\u0131 durumunda, veri i\u015fleyicimizin bulundu\u011fu \u00fclkenin ki\u015fisel verileriniz i\u00e7in yeterli d\u00fczeyde koruma sa\u011flad\u0131\u011f\u0131ndan veya bu t\u00fcr bir koruma sa\u011flayan bir anla\u015fma uygulad\u0131\u011f\u0131m\u0131zdan emin olaca\u011f\u0131z.<\/p>\n<p>4.5 <strong>Ki\u015fisel olmayan verilerin if\u015fas\u0131.<\/strong> Ki\u015fisel olmayan verileriniz, sizi ger\u00e7ek bir ki\u015fi olarak tan\u0131mlamad\u0131\u011f\u0131 i\u00e7in herhangi bir ama\u00e7la \u00fc\u00e7\u00fcnc\u00fc taraflara if\u015fa edilebilir. \u00d6rne\u011fin, klinik ara\u015ft\u0131rma amac\u0131yla, EE Hizmetlerini iyile\u015ftirmek, kamu makamlar\u0131ndan gelen yasal taleplere yan\u0131t vermek veya yeni hizmetler geli\u015ftirmek i\u00e7in payla\u015fabiliriz.<\/p>\n<p>4.6 <strong>Yasal talepler.<\/strong> Bir kamu otoritesi taraf\u0131ndan talep edilmesi halinde, EE Hizmetleri kullan\u0131c\u0131lar\u0131 hakk\u0131ndaki bilgileri, ulusal g\u00fcvenlik veya kolluk kuvvetleri gibi bir kamu yarar\u0131 hedefinin izlenmesi i\u00e7in gerekli oldu\u011fu \u00f6l\u00e7\u00fcde if\u015fa edece\u011fiz.<\/p>\n<p>4.7 <strong>Ki\u015fisel verilerin sat\u0131\u015f\u0131.<\/strong> Ki\u015fisel verilerinizi izniniz olmadan satm\u0131yoruz.<\/p>\n<h2><strong>5. VERI\u0307LERI\u0307NI\u0307ZI\u0307 NASIL KORUYORUZ?<\/strong><\/h2>\n<p><em><strong>A\u015fa\u011f\u0131daki b\u00f6l\u00fcmde, verilerinizi ihlallere kar\u015f\u0131 nas\u0131l korudu\u011fumuz hakk\u0131nda bilgi verilmektedir.<\/strong><\/em><\/p>\n<p>5.1 <strong>G\u00fcvenlik \u00f6nlemleri.<\/strong> Ki\u015fisel verilerinizi kay\u0131p, k\u00f6t\u00fcye kullan\u0131m, yetkisiz eri\u015fim ve if\u015faya kar\u015f\u0131 koruyan sekt\u00f6re uygun g\u00fcncel teknik ve organizasyonel bilgi g\u00fcvenli\u011fi \u00f6nlemleri uyguluyoruz. \u00d6nlemlerimiz \u015funlar\u0131 i\u00e7erir:<\/p>\n<ol>\n<li>Yeterli eri\u015fim kontrol mekanizmalar\u0131n\u0131n s\u00fcrd\u00fcr\u00fclmesi (\u00f6rne\u011fin, iki fakt\u00f6rl\u00fc kimlik do\u011frulama, parola korumas\u0131 ve s\u0131n\u0131rl\u0131 eri\u015fim);<\/li>\n<li>\u015eifreleme;<\/li>\n<li>Da\u011f\u0131t\u0131lm\u0131\u015f Hizmet Reddi (DDoS) azaltma;<\/li>\n<li>Ki\u015fisel verilere eri\u015fimin s\u0131n\u0131rland\u0131r\u0131lmas\u0131; ve<\/li>\n<li>D\u00fczenli bilgi g\u00fcvenli\u011fi denetimlerinin yap\u0131lmas\u0131, eri\u015fim s\u0131n\u0131rlamas\u0131, \u015fifreleme, sunucu istismar\u0131na kar\u015f\u0131 \u00f6nlemler ve DDoS sald\u0131r\u0131lar\u0131n\u0131n \u00f6nlenmesi.<\/li>\n<\/ol>\n<p>5.2 <strong>G\u00fcvenlik ihlalleri.<\/strong> Ki\u015fisel verilerinizi korumak i\u00e7in elimizden gelen \u00e7abay\u0131 g\u00f6stermemize ra\u011fmen, ileti\u015fim ve bilgi i\u015fleme teknolojisinin ve internetin do\u011fas\u0131 g\u00f6z \u00f6n\u00fcne al\u0131nd\u0131\u011f\u0131nda, makul kontrol\u00fcm\u00fcz d\u0131\u015f\u0131ndaki ko\u015fullardan kaynaklanan ki\u015fisel verilerinizin yasad\u0131\u015f\u0131 imhas\u0131, kayb\u0131, kullan\u0131m\u0131, kopyalanmas\u0131, de\u011fi\u015ftirilmesi, s\u0131zd\u0131r\u0131lmas\u0131 ve tahrif edilmesinden sorumlu olamay\u0131z ve olmayaca\u011f\u0131z. Sorumlulu\u011fumuz, y\u00fcr\u00fcrl\u00fckteki yasalar\u0131n izin verdi\u011fi en y\u00fcksek \u00f6l\u00e7\u00fcde s\u0131n\u0131rl\u0131 olacakt\u0131r.<\/p>\n<h2><strong>6. KI\u0307\u015eI\u0307SEL VERI\u0307LERI\u0307NI\u0307ZI\u0307 NASIL KONTROL EDEBI\u0307LI\u0307RSI\u0307NI\u0307Z?<\/strong><\/h2>\n<p><em><strong>A\u015fa\u011f\u0131daki b\u00f6l\u00fcmde, ki\u015fisel verilerinizle ilgili sahip oldu\u011funuz haklar ve bu haklar\u0131 nas\u0131l kullanaca\u011f\u0131n\u0131z hakk\u0131nda ayr\u0131nt\u0131l\u0131 bilgi verilmektedir.<\/strong><\/em><\/p>\n<p>6.1 <strong>Haklar\u0131n\u0131z\u0131n listesi.<\/strong> Ki\u015fisel verilerinizi nas\u0131l i\u015fledi\u011fimizi kontrol etme hakk\u0131na sahipsiniz. Yasalar taraf\u0131ndan sa\u011flanan muafiyetlere tabi olarak, a\u015fa\u011f\u0131daki haklara sahipsiniz:<\/p>\n<ul>\n<li><strong>Eri\u015fim hakk\u0131: <\/strong>sistemlerimizde saklad\u0131\u011f\u0131m\u0131z ki\u015fisel verilerinizin bir kopyas\u0131n\u0131 ve ki\u015fisel verilerinizin i\u015flenme ama\u00e7lar\u0131n\u0131n bir listesini alabilirsiniz;<\/li>\n<li><strong>D\u00fczeltme hakk\u0131:<\/strong> hakk\u0131n\u0131zda tuttu\u011fumuz yanl\u0131\u015f ki\u015fisel verileri d\u00fczeltebilirsiniz;<\/li>\n<li><strong>Silme hakk\u0131 ('unutulma hakk\u0131'):<\/strong> ki\u015fisel verilerinizi sistemlerimizden silmemizi isteyebilirsiniz;<\/li>\n<li><strong>K\u0131s\u0131tlama hakk\u0131:<\/strong> bizden ki\u015fisel verilerinizin i\u015flenmesini k\u0131s\u0131tlamam\u0131z\u0131 isteyebilirsiniz;<\/li>\n<li><strong>Veri ta\u015f\u0131nabilirli\u011fi hakk\u0131:<\/strong> ki\u015fisel verilerinizin bir kopyas\u0131n\u0131 yap\u0131land\u0131r\u0131lm\u0131\u015f, yayg\u0131n olarak kullan\u0131lan ve makine taraf\u0131ndan okunabilir bir formatta size sa\u011flamam\u0131z\u0131 ve bu ki\u015fisel verileri ba\u015fka bir i\u015fleyiciye ta\u015f\u0131mam\u0131z\u0131 isteyebilirsiniz;<\/li>\n<li><strong>\u0130tiraz hakk\u0131:<\/strong> ki\u015fisel verilerinizi i\u015flemeyi durdurmam\u0131z\u0131 isteyebilirsiniz;<\/li>\n<li><strong>\u0130zni geri \u00e7ekme hakk\u0131:<\/strong> onay verdiyseniz, onay\u0131n\u0131z\u0131 geri \u00e7ekme hakk\u0131na sahipsiniz; veya<\/li>\n<li><strong>\u015eikayet hakk\u0131:<\/strong> ki\u015fisel verilerinizi i\u015flememizle ilgili \u015fikayetinizi iletebilirsiniz.<\/li>\n<\/ul>\n<p>6.2 <strong>Haklar\u0131n\u0131z\u0131 nas\u0131l kullanabilirsiniz?<\/strong> Me\u015fru haklar\u0131n\u0131zdan herhangi birini kullanmak istiyorsan\u0131z, l\u00fctfen bu Bildirimin sonunda bulunan ileti\u015fim bilgilerimizi kullanarak bizimle ileti\u015fime ge\u00e7in ve talebinizi ayr\u0131nt\u0131l\u0131 olarak a\u00e7\u0131klay\u0131n. Talebinizin me\u015fruiyetini do\u011frulamak i\u00e7in, sizi sistemimizde tan\u0131mlayabilmemiz i\u00e7in bize tan\u0131mlay\u0131c\u0131 bir bilgi vermenizi isteyebiliriz. Talebinizi makul bir s\u00fcre i\u00e7inde ancak en ge\u00e7 30 g\u00fcn i\u00e7inde yan\u0131tlayaca\u011f\u0131z.<\/p>\n<p>6.3 <strong>\u015eikayetler.<\/strong> Ki\u015fisel verilerinizi i\u015fleme \u015feklimiz hakk\u0131nda bir \u015fikayette bulunmak isterseniz, \u00f6ncelikle bizimle ileti\u015fime ge\u00e7menizi ve endi\u015felerinizi dile getirmenizi rica ederiz. Bizimle ileti\u015fime ge\u00e7tikten sonra, \u015fikayetinizi ara\u015ft\u0131racak ve m\u00fcmk\u00fcn olan en k\u0131sa s\u00fcrede (en ge\u00e7 30 g\u00fcn i\u00e7inde) size yan\u0131t\u0131m\u0131z\u0131 iletece\u011fiz. \u015eikayetinizin sonucundan memnun kalmazsan\u0131z, yerel veri koruma yetkilinize \u015fikayette bulunma hakk\u0131na sahipsiniz.<\/p>\n<h2><strong>Google reCAPTCHA<\/strong><\/h2>\n<p>We use Google reCAPTCHA on our website to protect forms and prevent spam. reCAPTCHA analyzes user interactions such as IP address, mouse movements, and time spent on the website to determine whether the user is human.<\/p>\n<p>Google reCAPTCHA is provided by Google LLC. As of <strong>April 2, 2026<\/strong>, Google processes reCAPTCHA data <strong>solely on our behalf as a data processor<\/strong>, while we act as the <strong>data controller<\/strong><\/p>\n<h2><strong>7. \u0130LET\u0130\u015e\u0130M<\/strong><\/h2>\n<p>Bu Bildirim, haklar\u0131n\u0131z veya veri koruma uygulamalar\u0131m\u0131z hakk\u0131nda herhangi bir sorunuz varsa, l\u00fctfen bizimle e-posta yoluyla ileti\u015fime ge\u00e7in: <a href=\"mailto:admin@emilysentourage.org\" target=\"_blank\" rel=\"noopener\">admin@emilysentourage.org<\/a>. Alternatif olarak, bize a\u015fa\u011f\u0131daki adrese bir mektup g\u00f6nderebilirsiniz: Cystic Fibrosis Research Fund, Inc, PO Box 71, Merion Station, PA 19066, ABD.<\/p>","protected":false},"excerpt":{"rendered":"<p>This privacy notice informs you how we collect, use, and disclose your personal data. It also describes the choices that you have with regard to your personal data. Please read this privacy notice carefully before submitting your personal data to us. 1. ABOUT EMILY\u2019S ENTOURAGE AND THIS PRIVACY NOTICE The following section provides general information&#8230; <\/p>\n<div class=\"clear\"><\/div>\n<p><a href=\"https:\/\/www.emilysentourage.org\/tr\/ctcprivacy\/\" class=\"excerpt-read-more\">Daha fazla bilgi edinin<\/a><\/p>","protected":false},"author":1281,"featured_media":0,"parent":0,"menu_order":0,"comment_status":"closed","ping_status":"closed","template":"","meta":{"_acf_changed":false,"_seopress_robots_primary_cat":"","_seopress_titles_title":"","_seopress_titles_desc":"","_seopress_robots_index":"","_monsterinsights_skip_tracking":false,"_monsterinsights_sitenote_active":false,"_monsterinsights_sitenote_note":"","_monsterinsights_sitenote_category":0,"footnotes":""},"class_list":["post-25771","page","type-page","status-publish","hentry"],"acf":[],"jetpack_sharing_enabled":true,"post_mailing_queue_ids":[],"_links":{"self":[{"href":"https:\/\/www.emilysentourage.org\/tr\/wp-json\/wp\/v2\/pages\/25771","targetHints":{"allow":["GET"]}}],"collection":[{"href":"https:\/\/www.emilysentourage.org\/tr\/wp-json\/wp\/v2\/pages"}],"about":[{"href":"https:\/\/www.emilysentourage.org\/tr\/wp-json\/wp\/v2\/types\/page"}],"author":[{"embeddable":true,"href":"https:\/\/www.emilysentourage.org\/tr\/wp-json\/wp\/v2\/users\/1281"}],"replies":[{"embeddable":true,"href":"https:\/\/www.emilysentourage.org\/tr\/wp-json\/wp\/v2\/comments?post=25771"}],"version-history":[{"count":5,"href":"https:\/\/www.emilysentourage.org\/tr\/wp-json\/wp\/v2\/pages\/25771\/revisions"}],"predecessor-version":[{"id":26065,"href":"https:\/\/www.emilysentourage.org\/tr\/wp-json\/wp\/v2\/pages\/25771\/revisions\/26065"}],"wp:attachment":[{"href":"https:\/\/www.emilysentourage.org\/tr\/wp-json\/wp\/v2\/media?parent=25771"}],"curies":[{"name":"wp","href":"https:\/\/api.w.org\/{rel}","templated":true}]}}