{"id":23456,"date":"2024-11-14T05:23:08","date_gmt":"2024-11-14T09:23:08","guid":{"rendered":"https:\/\/www.emilysentourage.org\/?page_id=23456"},"modified":"2025-02-03T15:51:28","modified_gmt":"2025-02-03T19:51:28","slug":"clinical-trial-recruitment","status":"publish","type":"page","link":"https:\/\/www.emilysentourage.org\/tr\/2022-23impactreport\/clinical-trial-recruitment\/","title":{"rendered":"Klinik Ara\u015ft\u0131rma \u0130\u015fe Al\u0131m\u0131"},"content":{"rendered":"","protected":false},"excerpt":{"rendered":"","protected":false},"author":1281,"featured_media":0,"parent":23435,"menu_order":0,"comment_status":"closed","ping_status":"closed","template":"impact-page-tpl.php","meta":{"_acf_changed":false,"_seopress_robots_primary_cat":"","_seopress_titles_title":"","_seopress_titles_desc":"","_seopress_robots_index":"","_monsterinsights_skip_tracking":false,"_monsterinsights_sitenote_active":false,"_monsterinsights_sitenote_note":"","_monsterinsights_sitenote_category":0,"footnotes":""},"class_list":["post-23456","page","type-page","status-publish","hentry"],"acf":[],"jetpack_sharing_enabled":true,"post_mailing_queue_ids":[],"_links":{"self":[{"href":"https:\/\/www.emilysentourage.org\/tr\/wp-json\/wp\/v2\/pages\/23456","targetHints":{"allow":["GET"]}}],"collection":[{"href":"https:\/\/www.emilysentourage.org\/tr\/wp-json\/wp\/v2\/pages"}],"about":[{"href":"https:\/\/www.emilysentourage.org\/tr\/wp-json\/wp\/v2\/types\/page"}],"author":[{"embeddable":true,"href":"https:\/\/www.emilysentourage.org\/tr\/wp-json\/wp\/v2\/users\/1281"}],"replies":[{"embeddable":true,"href":"https:\/\/www.emilysentourage.org\/tr\/wp-json\/wp\/v2\/comments?post=23456"}],"version-history":[{"count":5,"href":"https:\/\/www.emilysentourage.org\/tr\/wp-json\/wp\/v2\/pages\/23456\/revisions"}],"predecessor-version":[{"id":24208,"href":"https:\/\/www.emilysentourage.org\/tr\/wp-json\/wp\/v2\/pages\/23456\/revisions\/24208"}],"up":[{"embeddable":true,"href":"https:\/\/www.emilysentourage.org\/tr\/wp-json\/wp\/v2\/pages\/23435"}],"wp:attachment":[{"href":"https:\/\/www.emilysentourage.org\/tr\/wp-json\/wp\/v2\/media?parent=23456"}],"curies":[{"name":"wp","href":"https:\/\/api.w.org\/{rel}","templated":true}]}}