{"id":23439,"date":"2024-11-14T01:43:23","date_gmt":"2024-11-14T05:43:23","guid":{"rendered":"https:\/\/www.emilysentourage.org\/?page_id=23439"},"modified":"2025-02-13T12:51:01","modified_gmt":"2025-02-13T16:51:01","slug":"research-development","status":"publish","type":"page","link":"https:\/\/www.emilysentourage.org\/tr\/2022-23impactreport\/research-development\/","title":{"rendered":"Ara\u015ft\u0131rma &amp; Geli\u015ftirme"},"content":{"rendered":"<p>00<\/p>","protected":false},"excerpt":{"rendered":"<p>00<\/p>","protected":false},"author":1281,"featured_media":0,"parent":23435,"menu_order":0,"comment_status":"closed","ping_status":"closed","template":"impact-page-tpl.php","meta":{"_acf_changed":false,"_seopress_robots_primary_cat":"","_seopress_titles_title":"","_seopress_titles_desc":"","_seopress_robots_index":"","_monsterinsights_skip_tracking":false,"_monsterinsights_sitenote_active":false,"_monsterinsights_sitenote_note":"","_monsterinsights_sitenote_category":0,"footnotes":""},"class_list":["post-23439","page","type-page","status-publish","hentry"],"acf":[],"jetpack_sharing_enabled":true,"post_mailing_queue_ids":[],"_links":{"self":[{"href":"https:\/\/www.emilysentourage.org\/tr\/wp-json\/wp\/v2\/pages\/23439","targetHints":{"allow":["GET"]}}],"collection":[{"href":"https:\/\/www.emilysentourage.org\/tr\/wp-json\/wp\/v2\/pages"}],"about":[{"href":"https:\/\/www.emilysentourage.org\/tr\/wp-json\/wp\/v2\/types\/page"}],"author":[{"embeddable":true,"href":"https:\/\/www.emilysentourage.org\/tr\/wp-json\/wp\/v2\/users\/1281"}],"replies":[{"embeddable":true,"href":"https:\/\/www.emilysentourage.org\/tr\/wp-json\/wp\/v2\/comments?post=23439"}],"version-history":[{"count":5,"href":"https:\/\/www.emilysentourage.org\/tr\/wp-json\/wp\/v2\/pages\/23439\/revisions"}],"predecessor-version":[{"id":24299,"href":"https:\/\/www.emilysentourage.org\/tr\/wp-json\/wp\/v2\/pages\/23439\/revisions\/24299"}],"up":[{"embeddable":true,"href":"https:\/\/www.emilysentourage.org\/tr\/wp-json\/wp\/v2\/pages\/23435"}],"wp:attachment":[{"href":"https:\/\/www.emilysentourage.org\/tr\/wp-json\/wp\/v2\/media?parent=23439"}],"curies":[{"name":"wp","href":"https:\/\/api.w.org\/{rel}","templated":true}]}}