{"id":18991,"date":"2023-05-31T16:31:13","date_gmt":"2023-05-31T20:31:13","guid":{"rendered":"https:\/\/www.emilysentourage.org\/?page_id=18991"},"modified":"2023-08-02T16:18:40","modified_gmt":"2023-08-02T20:18:40","slug":"funding-opportunities","status":"publish","type":"page","link":"https:\/\/www.emilysentourage.org\/tr\/funding-opportunities\/","title":{"rendered":"Finansman F\u0131rsatlar\u0131"},"content":{"rendered":"<p><span style=\"font-weight: 400;\">Emily's Entourage (EE), nadir ve anlams\u0131z mutasyonlara sahip olanlar da dahil olmak \u00fczere mevcut CFTR mod\u00fclat\u00f6rlerinden yararlanamayan KF toplulu\u011funun son 10%'sindeki bireyler i\u00e7in ara\u015ft\u0131rma ve ila\u00e7 geli\u015ftirmeyi h\u0131zland\u0131rmak i\u00e7in kritik fon sa\u011flar.\u00a0<\/span><\/p>\n<p><span style=\"font-weight: 400;\">EE bug\u00fcne kadar d\u00fcnyan\u0131n d\u00f6rt bir yan\u0131ndan ara\u015ft\u0131rmac\u0131lara hibeler vermi\u015f ve milyonlarca dolarl\u0131k devam finansman\u0131n\u0131n sa\u011flanmas\u0131na yard\u0131mc\u0131 olmu\u015ftur. EE taraf\u0131ndan finanse edilen ara\u015ft\u0131rma projeleri, \u015fu anda klinik \u00f6ncesi a\u015famaya ilerleyen bir dizi proje ile terap\u00f6tik geli\u015fimin ilerletilmesinde \u00f6nemli ilerleme kaydetmi\u015ftir.<\/span><\/p>\n<p>EV, \u00e7e\u015fitli hibe fonlama mekanizmalar\u0131 arac\u0131l\u0131\u011f\u0131yla finansman sa\u011flamaktad\u0131r.<\/p>\n<h2><b>\u00c7eviri Hibeleri<\/b><\/h2>\n<p><span style=\"font-weight: 400;\">EE'nin Translasyonel Hibe Program\u0131, nadir ve anlams\u0131z mutasyonlar\u0131 olanlar da dahil olmak \u00fczere CFTR mod\u00fclat\u00f6rlerinden yararlanamayan KF toplulu\u011funun son 10%'sinde yer alanlar i\u00e7in ara\u015ft\u0131rma ve ila\u00e7 geli\u015ftirmeyi h\u0131zland\u0131ran umut verici stratejilere sahip yenilik\u00e7i ara\u015ft\u0131rmac\u0131lara kritik tohum finansman\u0131 sa\u011flamaktad\u0131r.\u00a0<\/span><\/p>\n<p><span style=\"font-weight: 400;\">Y\u0131ll\u0131k $100,000 (art\u0131 dolayl\u0131 maliyetler i\u00e7in 10%) destek sa\u011flanmaktad\u0131r. Finansman genellikle iki y\u0131l i\u00e7indir. Finansman\u0131n devam\u0131, her alt\u0131 ayda bir raporlanan ilerlemeye ba\u011fl\u0131d\u0131r. <a href=\"https:\/\/www.emilysentourage.org\/tr\/translational-grants\/\" target=\"_blank\" rel=\"noopener\">EE'nin Translasyonel Hibe Program\u0131 hakk\u0131nda daha fazla bilgi edinin<\/a>.<\/span><\/p>\n<h2><b>\u0130\u015fbirlik\u00e7i Hibeler<\/b><\/h2>\n<p><span style=\"font-weight: 400;\">EE'nin \u0130\u015fbirli\u011fi Hibeleri, nadir ve anlams\u0131z mutasyonlara sahip olanlar da dahil olmak \u00fczere CFTR mod\u00fclat\u00f6rlerinden yararlanamayan CF toplulu\u011funun son 10%'sindeki bireyler i\u00e7in terap\u00f6tiklerin geli\u015ftirilmesindeki zorluklar\u0131 ortakla\u015fa ele almak i\u00e7in farkl\u0131 uzmanl\u0131k alanlar\u0131na sahip birden fazla ara\u015ft\u0131rmac\u0131y\u0131 bir araya getiren ara\u015ft\u0131rma projelerini desteklemektedir.\u00a0<\/span><\/p>\n<p><span style=\"font-weight: 400;\">Bu hibeler a\u015fa\u011f\u0131dakilerden olu\u015fan ekiplere verilir <\/span>\u00fc\u00e7 veya daha fazla ara\u015ft\u0131rmac\u0131<span style=\"font-weight: 400;\"> \u0130\u015fbirlik\u00e7i bir yakla\u015f\u0131m olmadan elde edilemeyecek \u015fekillerde terap\u00f6tik geli\u015fimi ilerletmek i\u00e7in tamamlay\u0131c\u0131 uzmanl\u0131\u011fa sahip. <\/span><span style=\"font-weight: 400;\">Bu<\/span> <span style=\"font-weight: 400;\">Finansman miktar\u0131 proje kapsam\u0131 ve b\u00fct\u00e7esine g\u00f6re belirlenir. <\/span><span style=\"font-weight: 400;\">Ba\u015fvuru sahipleri, projeyi desteklemek i\u00e7in toplam \u015fu kadar fon talep edebilir<\/span> <span style=\"font-weight: 400;\">\u00fc\u00e7 y\u0131l. <a href=\"https:\/\/www.emilysentourage.org\/tr\/collaborative-grants\/\" target=\"_blank\" rel=\"noopener\">EE'nin \u0130\u015fbirli\u011fi Hibeleri hakk\u0131nda daha fazla bilgi edinin<\/a>.<\/span><\/p>\n<h2><b>Giri\u015fimsel Hay\u0131rseverlik Yat\u0131r\u0131mlar\u0131<\/b><\/h2>\n<p><span style=\"font-weight: 400;\">Hibe sa\u011flaman\u0131n yan\u0131 s\u0131ra EE, bir giri\u015fim filantropisi modeli arac\u0131l\u0131\u011f\u0131yla yap\u0131lan stratejik yat\u0131r\u0131mlarla ara\u015ft\u0131rma ve tedavi geli\u015ftirmeyi de ilerletmektedir. Bu giri\u015fimci yakla\u015f\u0131m\u0131 kullanan EE, \u015fu anda mevcut olan CFTR mod\u00fclat\u00f6r tedavilerinden faydalanamayan KF'li insanlar i\u00e7in umut verici tedavilerin ve bir tedavinin geli\u015ftirilmesini h\u0131zland\u0131rmak i\u00e7in \u015firketlere erken a\u015fama finansman\u0131 sa\u011flamaktad\u0131r. <a href=\"https:\/\/www.emilysentourage.org\/tr\/venture-philanthropy-investments\/\" target=\"_blank\" rel=\"noopener\">EE'nin giri\u015fim filantropisi yat\u0131r\u0131mlar\u0131 hakk\u0131nda daha fazla bilgi edinin<\/a>.\u00a0<\/span><\/p>","protected":false},"excerpt":{"rendered":"<p>Emily's Entourage (EE), nadir ve anlams\u0131z mutasyonlara sahip olanlar da dahil olmak \u00fczere mevcut CFTR mod\u00fclat\u00f6rlerinden yararlanamayan KF toplulu\u011funun son 10%'sindeki bireyler i\u00e7in ara\u015ft\u0131rma ve ila\u00e7 geli\u015ftirmeyi h\u0131zland\u0131rmak i\u00e7in kritik finansman sa\u011flamaktad\u0131r.  EE bug\u00fcne kadar d\u00fcnyan\u0131n d\u00f6rt bir yan\u0131ndan ara\u015ft\u0131rmac\u0131lara hibeler vermi\u015f ve milyonlarca dolarl\u0131k fonun g\u00fcvence alt\u0131na al\u0131nmas\u0131na yard\u0131mc\u0131 olmu\u015ftur... <\/p>\n<div class=\"clear\"><\/div>\n<p><a href=\"https:\/\/www.emilysentourage.org\/tr\/funding-opportunities\/\" class=\"excerpt-read-more\">Daha fazla bilgi edinin<\/a><\/p>","protected":false},"author":1361,"featured_media":0,"parent":0,"menu_order":0,"comment_status":"closed","ping_status":"closed","template":"","meta":{"_acf_changed":false,"_seopress_robots_primary_cat":"","_seopress_titles_title":"%%sitetitle%% %%sep%% %%post_title%%","_seopress_titles_desc":"%%post_excerpt%%","_seopress_robots_index":"","_monsterinsights_skip_tracking":false,"_monsterinsights_sitenote_active":false,"_monsterinsights_sitenote_note":"","_monsterinsights_sitenote_category":0,"footnotes":""},"class_list":["post-18991","page","type-page","status-publish","hentry"],"acf":[],"jetpack_sharing_enabled":true,"post_mailing_queue_ids":[],"_links":{"self":[{"href":"https:\/\/www.emilysentourage.org\/tr\/wp-json\/wp\/v2\/pages\/18991","targetHints":{"allow":["GET"]}}],"collection":[{"href":"https:\/\/www.emilysentourage.org\/tr\/wp-json\/wp\/v2\/pages"}],"about":[{"href":"https:\/\/www.emilysentourage.org\/tr\/wp-json\/wp\/v2\/types\/page"}],"author":[{"embeddable":true,"href":"https:\/\/www.emilysentourage.org\/tr\/wp-json\/wp\/v2\/users\/1361"}],"replies":[{"embeddable":true,"href":"https:\/\/www.emilysentourage.org\/tr\/wp-json\/wp\/v2\/comments?post=18991"}],"version-history":[{"count":5,"href":"https:\/\/www.emilysentourage.org\/tr\/wp-json\/wp\/v2\/pages\/18991\/revisions"}],"predecessor-version":[{"id":19816,"href":"https:\/\/www.emilysentourage.org\/tr\/wp-json\/wp\/v2\/pages\/18991\/revisions\/19816"}],"wp:attachment":[{"href":"https:\/\/www.emilysentourage.org\/tr\/wp-json\/wp\/v2\/media?parent=18991"}],"curies":[{"name":"wp","href":"https:\/\/api.w.org\/{rel}","templated":true}]}}