{"id":15775,"date":"2021-09-10T10:17:04","date_gmt":"2021-09-10T14:17:04","guid":{"rendered":"https:\/\/www.emilysentourage.org\/?page_id=15775"},"modified":"2024-10-08T12:48:00","modified_gmt":"2024-10-08T16:48:00","slug":"become-a-champion","status":"publish","type":"page","link":"https:\/\/www.emilysentourage.org\/tr\/become-a-champion\/","title":{"rendered":"\u015eampiyon Olun"},"content":{"rendered":"<p>&nbsp;<\/p>\n<p><span style=\"font-weight: 400;\"><img fetchpriority=\"high\" decoding=\"async\" class=\"alignnone wp-image-15784\" src=\"https:\/\/www.emilysentourage.org\/wp-content\/uploads\/Champions-webpage-header-1-2-300x100.png\" alt=\"\" width=\"1385\" height=\"462\" srcset=\"https:\/\/www.emilysentourage.org\/wp-content\/uploads\/Champions-webpage-header-1-2-300x100.png 300w, https:\/\/www.emilysentourage.org\/wp-content\/uploads\/Champions-webpage-header-1-2-1024x341.png 1024w, https:\/\/www.emilysentourage.org\/wp-content\/uploads\/Champions-webpage-header-1-2-768x256.png 768w, https:\/\/www.emilysentourage.org\/wp-content\/uploads\/Champions-webpage-header-1-2-1536x512.png 1536w, https:\/\/www.emilysentourage.org\/wp-content\/uploads\/Champions-webpage-header-1-2-2048x683.png 2048w, https:\/\/www.emilysentourage.org\/wp-content\/uploads\/Champions-webpage-header-1-2-18x6.png 18w, https:\/\/www.emilysentourage.org\/wp-content\/uploads\/Champions-webpage-header-1-2-600x200.png 600w\" sizes=\"(max-width: 1385px) 100vw, 1385px\" \/><\/span><\/p>\n<p><span style=\"font-weight: 400;\">At <\/span><a href=\"https:\/\/www.emilysentourage.org\/tr\/about-emilys-entourage\/\"><span style=\"font-weight: 400;\">Emily'nin \u00c7evresi<\/span><\/a><span style=\"font-weight: 400;\"> (EE) olarak, fark yaratma g\u00fcc\u00fcn\u00fcze inand\u0131\u011f\u0131n\u0131zda sihrin ger\u00e7ekle\u015febilece\u011fine inan\u0131yoruz. \u015eampiyonlar program\u0131m\u0131z, de\u011fi\u015fim yaratma yeteneklerinin fark\u0131na varan ve hayat kurtaran at\u0131l\u0131mlar\u0131 h\u0131zland\u0131rmam\u0131za ve a\u015fa\u011f\u0131daki hastal\u0131klara sahip insanlar i\u00e7in bir tedavi bulmam\u0131za yard\u0131mc\u0131 olan hay\u0131rsever liderleri kutluyor <\/span><a href=\"https:\/\/www.emilysentourage.org\/tr\/about-cystic-fibrosis\/\"><span style=\"font-weight: 400;\">kistik fibrozis<\/span><\/a><span style=\"font-weight: 400;\"> (KF) hastalar\u0131n\u0131n mevcut tedavilerden fayda g\u00f6rmemesi.<br \/>\n<\/span><\/p>\n<h3><strong>Neden \u015eampiyon Olmal\u0131s\u0131n\u0131z?<\/strong><\/h3>\n<p><span style=\"font-weight: 400;\">\u015eampiyonlar kendilerini fark yaratmaya adam\u0131\u015flard\u0131r ve her birimizin d\u00fcnyay\u0131 daha iyiye do\u011fru de\u011fi\u015ftirme g\u00fcc\u00fcne sahip oldu\u011fumuza dair inanc\u0131m\u0131z\u0131 payla\u015f\u0131rlar. Bir \u015eampiyon oldu\u011funuzda, EE'nin y\u0131k\u0131c\u0131, de\u011fi\u015fim yaratan g\u00fcc\u00fcne kat\u0131lm\u0131\u015f olursunuz.&nbsp;<\/span><\/p>\n<p><span style=\"font-weight: 400;\">\u015eampiyonlar\u0131m\u0131z, KF'nin anlams\u0131z mutasyonlar\u0131na sahip ki\u015filerin hayatlar\u0131nda bir fark yaratman\u0131n yan\u0131 s\u0131ra, di\u011fer hay\u0131rsever liderlerle a\u011f kurma f\u0131rsat\u0131na sahip olur ve dijital kanallar\u0131m\u0131zda ve y\u0131ll\u0131k galalar\u0131m\u0131zda tan\u0131nmak da dahil olmak \u00fczere \u00e7e\u015fitli \u015fekillerde kutlan\u0131rlar. Ayr\u0131ca, en iyi ba\u011f\u0131\u015f toplayan ki\u015fi \"Y\u0131l\u0131n \u015eampiyonu\" \u00f6d\u00fcl\u00fcm\u00fcz\u00fc evine g\u00f6t\u00fcrecek!<br \/>\n<\/span><\/p>\n<h3><strong><img decoding=\"async\" class=\"wp-image-19872 size-medium alignright\" src=\"https:\/\/www.emilysentourage.org\/wp-content\/uploads\/Website-Quote-Lexi-Pace-2-300x300.png\" alt=\"\" width=\"300\" height=\"300\" srcset=\"https:\/\/www.emilysentourage.org\/wp-content\/uploads\/Website-Quote-Lexi-Pace-2-300x300.png 300w, https:\/\/www.emilysentourage.org\/wp-content\/uploads\/Website-Quote-Lexi-Pace-2-1024x1024.png 1024w, https:\/\/www.emilysentourage.org\/wp-content\/uploads\/Website-Quote-Lexi-Pace-2-150x150.png 150w, https:\/\/www.emilysentourage.org\/wp-content\/uploads\/Website-Quote-Lexi-Pace-2-768x768.png 768w, https:\/\/www.emilysentourage.org\/wp-content\/uploads\/Website-Quote-Lexi-Pace-2-1536x1536.png 1536w, https:\/\/www.emilysentourage.org\/wp-content\/uploads\/Website-Quote-Lexi-Pace-2-2048x2048.png 2048w, https:\/\/www.emilysentourage.org\/wp-content\/uploads\/Website-Quote-Lexi-Pace-2-12x12.png 12w, https:\/\/www.emilysentourage.org\/wp-content\/uploads\/Website-Quote-Lexi-Pace-2-600x600.png 600w, https:\/\/www.emilysentourage.org\/wp-content\/uploads\/Website-Quote-Lexi-Pace-2-100x100.png 100w\" sizes=\"(max-width: 300px) 100vw, 300px\" \/><\/strong><\/h3>\n<h3><strong>Kimler Kat\u0131labilir?<\/strong><\/h3>\n<p><span style=\"font-weight: 400;\">\u015eampiyonlar program\u0131 her ya\u015ftan herkese a\u00e7\u0131kt\u0131r. Bireysel olarak, bir partnerle veya bir tak\u0131m olarak kaydolun (e\u015fler, arkada\u015flar, karde\u015fler, oda arkada\u015flar\u0131, k\u0131z ve erkek karde\u015flikler, i\u015f arkada\u015flar\u0131, spor tak\u0131mlar\u0131, okul s\u0131n\u0131flar\u0131 gibi). G\u00f6ky\u00fcz\u00fc s\u0131n\u0131rs\u0131zd\u0131r ve ya\u015f \u015fart\u0131 yoktur!<\/span><\/p>\n<h3><strong>Ba\u011fl\u0131l\u0131k<\/strong><\/h3>\n<p><span style=\"font-weight: 400;\">Emily's Entourage \u015eampiyonu olmak i\u00e7in imza att\u0131\u011f\u0131n\u0131zda, $1,500 ba\u011f\u0131\u015f toplama hedefine ula\u015fmay\u0131 taahh\u00fct etmi\u015f olursunuz. Sosyal medya veya e-posta yoluyla a\u011f\u0131n\u0131za ula\u015fmak, en sevdi\u011finiz hobilerinizden veya aktivitelerinizden birini al\u0131p bir ba\u011f\u0131\u015f toplama etkinli\u011fine d\u00f6n\u00fc\u015ft\u00fcrmek, EE'nin Charitybuzz a\u00e7\u0131k art\u0131rmas\u0131na bir \u00fcr\u00fcn ba\u011f\u0131\u015flamak ve daha fazlas\u0131 dahil olmak \u00fczere hedefinize ula\u015fman\u0131n \u00e7e\u015fitli yollar\u0131 vard\u0131r! F\u0131rsatlar s\u0131n\u0131rs\u0131z!&nbsp;<\/span><\/p>\n<p><span style=\"font-weight: 400;\">Endi\u015felenmeyin, hangi yolu se\u00e7erseniz se\u00e7in, ba\u011flant\u0131lar\u0131n\u0131zdan bu \"talebi\" yapmak i\u00e7in iyi donan\u0131ml\u0131 olman\u0131z\u0131 sa\u011flayaca\u011f\u0131z. \u015eampiyon olmak i\u00e7in kaydoldu\u011funuzda, a\u015fa\u011f\u0131dakiler de dahil olmak \u00fczere emrinizde bir dizi kayna\u011fa sahip olacaks\u0131n\u0131z:<\/span><\/p>\n<ul>\n<li style=\"font-weight: 400;\" aria-level=\"1\"><span style=\"font-weight: 400;\">Ki\u015fiselle\u015ftirilmi\u015f bir ba\u011f\u0131\u015f toplama sayfas\u0131<\/span><\/li>\n<li style=\"font-weight: 400;\" aria-level=\"1\"><span style=\"font-weight: 400;\">Ba\u011f\u0131\u015f\u00e7\u0131lar\u0131n\u0131zla ileti\u015fimi kolayla\u015ft\u0131rmak i\u00e7in \u00f6zel e-posta ve metin \u015fablonlar\u0131<\/span><\/li>\n<li style=\"font-weight: 400;\" aria-level=\"1\"><span style=\"font-weight: 400;\">\u015eampiyonlar alt komite ba\u015fkan\u0131m\u0131z ve EE personelinden destek ve tavsiye<\/span><\/li>\n<\/ul>\n<h3><strong>Kaydolmak \u0130ster misiniz?<\/strong><\/h3>\n<p style=\"text-align: center;\"><a class=\"fasc-button fasc-size-large fasc-type-flat fasc-rounded-medium fasc-style-bold\" style=\"background-color: #462561; color: #ffffff;\" target=\"_blank\" href=\"https:\/\/forms.gle\/GWpucfM95KzYLckG7\" rel=\"noopener\">\u015eAMPI\u0307YON OLUN<\/a> &nbsp; &nbsp;&nbsp;<a class=\"fasc-button fasc-size-large fasc-type-flat fasc-rounded-medium fasc-style-bold\" style=\"background-color: #462561; color: #ffffff;\" target=\"_blank\" href=\"https:\/\/forms.gle\/9T1pp9XU6vG9Z57j6\" rel=\"noopener\">BI\u0307R \u015eAMPI\u0307YON ADAY G\u00d6STERI\u0307N<\/a><\/p>\n<blockquote><p>&nbsp;<\/p>\n<p><span style=\"font-weight: 400;\">\"Bu biraz meta olacak ama en \u00e7ok gurur duydu\u011fum \u015fey Emily's Entourage'\u0131n insanl\u0131k ve insanlar hakk\u0131nda temsil etti\u011fi \u015fey - insanlar\u0131n de\u011fi\u015fimin bir par\u00e7as\u0131 olmay\u0131 ne kadar istedikleri ve di\u011fer insanlar\u0131 ne kadar \u00f6nemsedikleri. \u00d6n saflarda yer almak ve ka\u00e7 ki\u015finin KF ile ba\u015fka bir ba\u011flant\u0131s\u0131 olmad\u0131\u011f\u0131n\u0131 g\u00f6rmek, ancak hikayemizi duymak, bunun kalplerine dokunmas\u0131n\u0131 sa\u011flamak ve ekibimize kat\u0131lmak, bu ger\u00e7ekten d\u00fcnyadaki en dokunakl\u0131 \u015fey.\" - Emily Kramer-Golinkoff, kurucu ortak, Emily's Entourage<\/span><\/p><\/blockquote>","protected":false},"excerpt":{"rendered":"<p>&nbsp; Emily's Entourage'da (EE), fark yaratma g\u00fcc\u00fcn\u00fcze inand\u0131\u011f\u0131n\u0131zda sihrin ger\u00e7ekle\u015febilece\u011fine inan\u0131yoruz. \u015eampiyonlar program\u0131m\u0131z, de\u011fi\u015fim yaratma yeteneklerinin fark\u0131na varan ve \u015fu anda mevcut tedavilerden yararlanamayan kistik fibrozlu (KF) insanlar i\u00e7in hayat kurtaran at\u0131l\u0131mlar\u0131 ve tedaviyi h\u0131zland\u0131rmam\u0131za yard\u0131mc\u0131 olan hay\u0131rsever liderleri kutluyor... <\/p>\n<div class=\"clear\"><\/div>\n<p><a href=\"https:\/\/www.emilysentourage.org\/tr\/become-a-champion\/\" class=\"excerpt-read-more\">Daha fazla bilgi edinin<\/a><\/p>","protected":false},"author":1281,"featured_media":15792,"parent":0,"menu_order":0,"comment_status":"closed","ping_status":"closed","template":"","meta":{"_acf_changed":false,"_seopress_robots_primary_cat":"","_seopress_titles_title":"Emily's Entourage >> Become a Champion","_seopress_titles_desc":"Our Champions program celebrates philanthropic leaders who have recognized their change-making abilities and are helping us speed lifesaving breakthroughs and a cure for people with nonsense mutations of cystic fibrosis.","_seopress_robots_index":"","_monsterinsights_skip_tracking":false,"_monsterinsights_sitenote_active":false,"_monsterinsights_sitenote_note":"","_monsterinsights_sitenote_category":0,"footnotes":""},"class_list":["post-15775","page","type-page","status-publish","has-post-thumbnail","hentry"],"acf":[],"jetpack_sharing_enabled":true,"post_mailing_queue_ids":[],"_links":{"self":[{"href":"https:\/\/www.emilysentourage.org\/tr\/wp-json\/wp\/v2\/pages\/15775","targetHints":{"allow":["GET"]}}],"collection":[{"href":"https:\/\/www.emilysentourage.org\/tr\/wp-json\/wp\/v2\/pages"}],"about":[{"href":"https:\/\/www.emilysentourage.org\/tr\/wp-json\/wp\/v2\/types\/page"}],"author":[{"embeddable":true,"href":"https:\/\/www.emilysentourage.org\/tr\/wp-json\/wp\/v2\/users\/1281"}],"replies":[{"embeddable":true,"href":"https:\/\/www.emilysentourage.org\/tr\/wp-json\/wp\/v2\/comments?post=15775"}],"version-history":[{"count":5,"href":"https:\/\/www.emilysentourage.org\/tr\/wp-json\/wp\/v2\/pages\/15775\/revisions"}],"predecessor-version":[{"id":23317,"href":"https:\/\/www.emilysentourage.org\/tr\/wp-json\/wp\/v2\/pages\/15775\/revisions\/23317"}],"wp:featuredmedia":[{"embeddable":true,"href":"https:\/\/www.emilysentourage.org\/tr\/wp-json\/wp\/v2\/media\/15792"}],"wp:attachment":[{"href":"https:\/\/www.emilysentourage.org\/tr\/wp-json\/wp\/v2\/media?parent=15775"}],"curies":[{"name":"wp","href":"https:\/\/api.w.org\/{rel}","templated":true}]}}