{"id":13586,"date":"2019-10-03T15:51:52","date_gmt":"2019-10-03T19:51:52","guid":{"rendered":"https:\/\/www.emilysentourage.org\/?page_id=13586"},"modified":"2019-10-09T11:19:56","modified_gmt":"2019-10-09T15:19:56","slug":"2019-mobile-auction","status":"publish","type":"page","link":"https:\/\/www.emilysentourage.org\/tr\/2019-mobile-auction\/","title":{"rendered":"MOBI\u0307L M\u00dcZAYEDE"},"content":{"rendered":"<h3>M\u00fczayede, T\u00fcrkiye'de d\u00fczenlenen <em>Emily'nin \u00c7evresiyle Ak\u015fam<\/em> gala, seyahat, spor, yemek, m\u00fccevher, g\u00fczel sanatlar ve daha bir\u00e7ok alanda benzersiz \u00fcr\u00fcn ve deneyimlerden olu\u015fuyor! Sessiz m\u00fczayedenin 7 Aral\u0131k'taki galada yer almas\u0131n\u0131n yan\u0131 s\u0131ra, galadan \u00f6nceki g\u00fcnlerde online bir m\u00fczayede de ba\u015flataca\u011f\u0131z. Online m\u00fczayede, galaya \u015fahsen kat\u0131lamayacak olsan\u0131z bile, herkesin gala \u00f6ncesinde ve s\u0131ras\u0131nda \u00fcr\u00fcnleri g\u00f6rmesine ve teklif vermesine olanak tan\u0131yor.<\/p>\n<p>Online m\u00fczayedenin ba\u015flamas\u0131 i\u00e7in l\u00fctfen tekrar kontrol etmeye devam edin.<\/h3>\n<p><img fetchpriority=\"high\" decoding=\"async\" class=\"size-full wp-image-13591 aligncenter\" src=\"https:\/\/www.emilysentourage.org\/wp-content\/uploads\/2018SilentAuction.jpg\" alt=\"\" width=\"900\" height=\"563\" srcset=\"https:\/\/www.emilysentourage.org\/wp-content\/uploads\/2018SilentAuction.jpg 900w, https:\/\/www.emilysentourage.org\/wp-content\/uploads\/2018SilentAuction-300x188.jpg 300w, https:\/\/www.emilysentourage.org\/wp-content\/uploads\/2018SilentAuction-768x480.jpg 768w, https:\/\/www.emilysentourage.org\/wp-content\/uploads\/2018SilentAuction-600x375.jpg 600w\" sizes=\"(max-width: 900px) 100vw, 900px\" \/><\/p>","protected":false},"excerpt":{"rendered":"<p>The auction is an extraordinary part of the Evening with Emily\u2019s Entourage gala, consisting of unique items and experiences in travel, sports, dining, jewelry, fine art, and more! In addition to the silent auction being featured at the gala on December 7, we will launch an online auction in the days leading up to the&#8230; <\/p>\n<div class=\"clear\"><\/div>\n<p><a href=\"https:\/\/www.emilysentourage.org\/tr\/2019-mobile-auction\/\" class=\"excerpt-read-more\">Daha fazla bilgi edinin<\/a><\/p>","protected":false},"author":1704,"featured_media":0,"parent":0,"menu_order":0,"comment_status":"closed","ping_status":"closed","template":"","meta":{"_acf_changed":false,"_seopress_robots_primary_cat":"","_seopress_titles_title":"","_seopress_titles_desc":"","_seopress_robots_index":"","_monsterinsights_skip_tracking":false,"_monsterinsights_sitenote_active":false,"_monsterinsights_sitenote_note":"","_monsterinsights_sitenote_category":0,"footnotes":""},"class_list":["post-13586","page","type-page","status-publish","hentry"],"acf":[],"jetpack_sharing_enabled":true,"post_mailing_queue_ids":[],"_links":{"self":[{"href":"https:\/\/www.emilysentourage.org\/tr\/wp-json\/wp\/v2\/pages\/13586","targetHints":{"allow":["GET"]}}],"collection":[{"href":"https:\/\/www.emilysentourage.org\/tr\/wp-json\/wp\/v2\/pages"}],"about":[{"href":"https:\/\/www.emilysentourage.org\/tr\/wp-json\/wp\/v2\/types\/page"}],"author":[{"embeddable":true,"href":"https:\/\/www.emilysentourage.org\/tr\/wp-json\/wp\/v2\/users\/1704"}],"replies":[{"embeddable":true,"href":"https:\/\/www.emilysentourage.org\/tr\/wp-json\/wp\/v2\/comments?post=13586"}],"version-history":[{"count":5,"href":"https:\/\/www.emilysentourage.org\/tr\/wp-json\/wp\/v2\/pages\/13586\/revisions"}],"predecessor-version":[{"id":13649,"href":"https:\/\/www.emilysentourage.org\/tr\/wp-json\/wp\/v2\/pages\/13586\/revisions\/13649"}],"wp:attachment":[{"href":"https:\/\/www.emilysentourage.org\/tr\/wp-json\/wp\/v2\/media?parent=13586"}],"curies":[{"name":"wp","href":"https:\/\/api.w.org\/{rel}","templated":true}]}}