{"id":10760,"date":"2018-04-11T09:52:24","date_gmt":"2018-04-11T13:52:24","guid":{"rendered":"https:\/\/www.emilysentourage.org\/?page_id=10760"},"modified":"2026-04-13T13:51:47","modified_gmt":"2026-04-13T17:51:47","slug":"careers","status":"publish","type":"page","link":"https:\/\/www.emilysentourage.org\/tr\/careers\/","title":{"rendered":"Emily's Entourage Kariyer"},"content":{"rendered":"<p>Emily's Entourage'da, kistik fibrozisin nonsense mutasyonlar\u0131na sahip olanlar i\u00e7in at\u0131l\u0131mlar\u0131 h\u0131zland\u0131rmak i\u00e7in \u00e7al\u0131\u015f\u0131yoruz. B\u00fcy\u00fcyen bir kurulu\u015f olarak personel ihtiyac\u0131m\u0131z da artmaya devam ediyor. Mevcut pozisyonlar a\u015fa\u011f\u0131da listelenmi\u015ftir ve yeni f\u0131rsatlar ortaya \u00e7\u0131kt\u0131k\u00e7a siteyi g\u00fcncelleyece\u011fiz. Her zaman yetenekli, tutkulu, de\u011fi\u015fim yaratan insanlarla \u00e7al\u0131\u015fmak istiyoruz. Emily's Entourage ile \u00e7al\u0131\u015fma f\u0131rsatlar\u0131yla ilgileniyorsan\u0131z, l\u00fctfen <a href=\"https:\/\/www.emilysentourage.org\/tr\/contact-us\/\">uzanmak<\/a> veya careers@emilysentourage.org adresinden bizimle ileti\u015fime ge\u00e7in.<\/p>\n<h2>Mevcut Pozisyonlar<\/h2>\n<ul>\n<li><a href=\"https:\/\/www.emilysentourage.org\/tr\/director-of-development\/\" target=\"_blank\" rel=\"noopener\">Director of Development (Full-Time)<\/a><\/li>\n<li><a href=\"https:\/\/www.emilysentourage.org\/tr\/data-operations-and-evaluation-manager\/\" target=\"_blank\" rel=\"noopener\">Data Operations &amp; Evaluation Manager (Full-Time)<\/a><\/li>\n<li><a href=\"https:\/\/www.emilysentourage.org\/tr\/social-media-and-digital-marketing-coordinator-2\/\" target=\"_blank\" rel=\"noopener\">Social Media and Digital Marketing Coordinator (Part-Time\/Contractor)<\/a><\/li>\n<\/ul>\n<h2>Gelecekteki \u0130stihdam<\/h2>\n<p>Emily's Entourage f\u0131rsat e\u015fitli\u011fi sunan bir i\u015fveren olmaktan gurur duyar. T\u00fcm ba\u015fvuru sahipleri \u0131rk, renk, din, cinsiyet, cinsel kimlik veya ifade, cinsel y\u00f6nelim, ulusal k\u00f6ken, genetik, engellilik, ya\u015f veya gazilik durumuna bak\u0131lmaks\u0131z\u0131n istihdam i\u00e7in de\u011ferlendirilecektir.<\/p>","protected":false},"excerpt":{"rendered":"<p>Emily's Entourage'da, kistik fibrozisin nonsense mutasyonlar\u0131na sahip olanlar i\u00e7in at\u0131l\u0131mlar\u0131 h\u0131zland\u0131rmak i\u00e7in \u00e7al\u0131\u015f\u0131yoruz. B\u00fcy\u00fcyen bir kurulu\u015f olarak personel ihtiyac\u0131m\u0131z da artmaya devam ediyor. Mevcut pozisyonlar a\u015fa\u011f\u0131da listelenmi\u015ftir ve yeni f\u0131rsatlar ortaya \u00e7\u0131kt\u0131k\u00e7a siteyi g\u00fcncelleyece\u011fiz. Her zaman yetenekli, tutkulu, de\u011fi\u015fim yaratan insanlarla \u00e7al\u0131\u015fmak istiyoruz. E\u011fer siz... <\/p>\n<div class=\"clear\"><\/div>\n<p><a href=\"https:\/\/www.emilysentourage.org\/tr\/careers\/\" class=\"excerpt-read-more\">Daha fazla bilgi edinin<\/a><\/p>","protected":false},"author":1284,"featured_media":0,"parent":0,"menu_order":0,"comment_status":"closed","ping_status":"closed","template":"","meta":{"_acf_changed":false,"_seopress_robots_primary_cat":"","_seopress_titles_title":"","_seopress_titles_desc":"","_seopress_robots_index":"","_monsterinsights_skip_tracking":false,"_monsterinsights_sitenote_active":false,"_monsterinsights_sitenote_note":"","_monsterinsights_sitenote_category":0,"footnotes":""},"class_list":["post-10760","page","type-page","status-publish","hentry"],"acf":[],"jetpack_sharing_enabled":true,"post_mailing_queue_ids":[],"_links":{"self":[{"href":"https:\/\/www.emilysentourage.org\/tr\/wp-json\/wp\/v2\/pages\/10760","targetHints":{"allow":["GET"]}}],"collection":[{"href":"https:\/\/www.emilysentourage.org\/tr\/wp-json\/wp\/v2\/pages"}],"about":[{"href":"https:\/\/www.emilysentourage.org\/tr\/wp-json\/wp\/v2\/types\/page"}],"author":[{"embeddable":true,"href":"https:\/\/www.emilysentourage.org\/tr\/wp-json\/wp\/v2\/users\/1284"}],"replies":[{"embeddable":true,"href":"https:\/\/www.emilysentourage.org\/tr\/wp-json\/wp\/v2\/comments?post=10760"}],"version-history":[{"count":7,"href":"https:\/\/www.emilysentourage.org\/tr\/wp-json\/wp\/v2\/pages\/10760\/revisions"}],"predecessor-version":[{"id":26134,"href":"https:\/\/www.emilysentourage.org\/tr\/wp-json\/wp\/v2\/pages\/10760\/revisions\/26134"}],"wp:attachment":[{"href":"https:\/\/www.emilysentourage.org\/tr\/wp-json\/wp\/v2\/media?parent=10760"}],"curies":[{"name":"wp","href":"https:\/\/api.w.org\/{rel}","templated":true}]}}