{"id":405,"date":"2012-01-10T12:13:34","date_gmt":"2012-01-10T19:13:34","guid":{"rendered":"http:\/\/lw.screammedia.net\/?page_id=405"},"modified":"2012-05-30T15:41:00","modified_gmt":"2012-05-30T22:41:00","slug":"buy-an-ee-tshirt","status":"publish","type":"page","link":"https:\/\/www.emilysentourage.org\/sv\/buy-an-ee-tshirt\/","title":{"rendered":"K\u00f6p en EE t-shirt"},"content":{"rendered":"<h2>Emilys Entourage TShirts<\/h2>\n<form action=\"https:\/\/www.paypal.com\/cgi-bin\/webscr\" method=\"post\" target=\"_blank\"><input type=\"hidden\" name=\"cmd\" value=\"_s-xclick\" \/> <input type=\"hidden\" name=\"hosted_button_id\" value=\"XXZBNHKBYUUG4\" \/><\/p>\n<table>\n<tbody>\n<tr>\n<td><input type=\"hidden\" name=\"on0\" value=\"Sizes\" \/>Storlekar<\/td>\n<\/tr>\n<tr>\n<td><select name=\"os0\"><option value=\"X-Large\">X-Large <\/option><option value=\"Large\">Stor <\/option><option value=\"Medium\">Medium <\/option><option value=\"Small\">Liten <\/option><option value=\"Youth Large\">Ungdom Stor <\/option><\/select><\/td>\n<\/tr>\n<\/tbody>\n<tr>\n<td><input type=\"hidden\" name=\"on1\" value=\"shipping and handling included\">Frakt och hantering ing\u00e5r<\/td>\n<\/tr>\n<\/table>\n<p><input type=\"image\" name=\"submit\" src=\"https:\/\/www.paypalobjects.com\/en_US\/i\/btn\/btn_buynowCC_LG.gif\" alt=\"PayPal - The safer, easier way to pay online!\" \/> <img decoding=\"async\" src=\"https:\/\/www.paypalobjects.com\/en_US\/i\/scr\/pixel.gif\" alt=\"\" width=\"1\" height=\"1\" border=\"0\" \/><\/form>\n<p>F\u00f6r att k\u00f6pa flera t-shirts, ange storleken p\u00e5 den f\u00f6rsta t-shirten, klicka p\u00e5 \"k\u00f6p nu\" och sedan kommer det att erbjuda m\u00f6jligheten att k\u00f6pa fler skjortor.<\/p>\n<p><img fetchpriority=\"high\" decoding=\"async\" class=\"size-medium wp-image-407\" title=\"IMG_0430\" src=\"https:\/\/www.emilysentourage.org\/wp-content\/uploads\/2012\/01\/IMG_0430-210x300.jpg\" alt=\"\" width=\"210\" height=\"300\" srcset=\"https:\/\/www.emilysentourage.org\/wp-content\/uploads\/2012\/01\/IMG_0430-210x300.jpg 210w, https:\/\/www.emilysentourage.org\/wp-content\/uploads\/2012\/01\/IMG_0430.jpg 303w\" sizes=\"(max-width: 210px) 100vw, 210px\" \/> <img decoding=\"async\" class=\"size-medium wp-image-406\" title=\"IMG_0417\" src=\"https:\/\/www.emilysentourage.org\/wp-content\/uploads\/2012\/01\/IMG_0417-210x300.jpg\" alt=\"\" width=\"210\" height=\"300\" srcset=\"https:\/\/www.emilysentourage.org\/wp-content\/uploads\/2012\/01\/IMG_0417-210x300.jpg 210w, https:\/\/www.emilysentourage.org\/wp-content\/uploads\/2012\/01\/IMG_0417.jpg 303w\" sizes=\"(max-width: 210px) 100vw, 210px\" \/><\/p>\n<form action=\"https:\/\/www.paypal.com\/cgi-bin\/webscr\" method=\"post\"><\/form>\n<h2><\/h2>\n<hr \/>\n<h2><\/h2>\n<h2>Emily's Entourage Tank Tops<\/h2>\n<form action=\"https:\/\/www.paypal.com\/cgi-bin\/webscr\" method=\"post\">\n<input type=\"hidden\" name=\"cmd\" value=\"_s-xclick\"><br \/>\n<input type=\"hidden\" name=\"hosted_button_id\" value=\"DF3LMW8HQQ5MY\"><\/p>\n<table>\n<tr>\n<td><input type=\"hidden\" name=\"on0\" value=\"Size\">Storlek<\/td>\n<\/tr>\n<tr>\n<td><select name=\"os0\"><option value=\"Small\">Liten<\/option><option value=\"Medium\">Medium<\/option><option value=\"Large\">Stor<\/option><\/select> <\/td>\n<\/tr>\n<tr>\n<td><input type=\"hidden\" name=\"on1\" value=\"shipping and handling included\">Frakt och hantering ing\u00e5r<\/td>\n<\/tr>\n<\/table>\n<p><input type=\"image\" src=\"https:\/\/www.paypalobjects.com\/en_US\/i\/btn\/btn_buynowCC_LG.gif\" border=\"0\" name=\"submit\" alt=\"PayPal - The safer, easier way to pay online!\"><br \/>\n<img loading=\"lazy\" decoding=\"async\" alt=\"\" border=\"0\" src=\"https:\/\/www.paypalobjects.com\/en_US\/i\/scr\/pixel.gif\" width=\"1\" height=\"1\"><br \/>\n<\/form>\n<p>F\u00f6r att k\u00f6pa flera t-shirts, ange storleken p\u00e5 den f\u00f6rsta t-shirten, klicka p\u00e5 \"k\u00f6p nu\" och sedan kommer det att erbjuda m\u00f6jligheten att k\u00f6pa fler skjortor.<\/p>\n<p><img loading=\"lazy\" decoding=\"async\" class=\"size-medium wp-image-407\" title=\"IMG_0430\" src=\"https:\/\/www.emilysentourage.org\/wp-content\/uploads\/2012\/01\/Tank1.png\" alt=\"\" width=\"210\" height=\"300\" \/> <img loading=\"lazy\" decoding=\"async\" class=\"size-medium wp-image-406\" title=\"IMG_0417\" src=\"https:\/\/www.emilysentourage.org\/wp-content\/uploads\/2012\/01\/Tank2.png\" alt=\"\" width=\"210\" height=\"300\" \/><\/p>\n<p><span style=\"font-size: small;\"><span class=\"Apple-style-span\" style=\"line-height: normal; -webkit-border-horizontal-spacing: 2px; -webkit-border-vertical-spacing: 2px;\"><br \/>\n<\/span><\/span><\/p>","protected":false},"excerpt":{"rendered":"<p>Emily's Entourage TShirts Storlekar X-Large Large Medium Small Youth Large Frakt och hantering ing\u00e5r F\u00f6r att k\u00f6pa flera t-shirts, ange storleken p\u00e5 den f\u00f6rsta t-shirten, klicka p\u00e5 \u201ck\u00f6p nu\u201d och sedan kommer det att erbjuda m\u00f6jligheten att k\u00f6pa fler skjortor. Emily's Entourage Tank Tops Storlek SmallMediumLarge Frakt och hantering ing\u00e5r F\u00f6r att k\u00f6pa flera t-shirts, ange storleken p\u00e5 den f\u00f6rsta t-shirten... <\/p>\n<div class=\"clear\"><\/div>\n<p><a href=\"https:\/\/www.emilysentourage.org\/sv\/buy-an-ee-tshirt\/\" class=\"excerpt-read-more\">L\u00e4s mer om<\/a><\/p>","protected":false},"author":58,"featured_media":0,"parent":0,"menu_order":4,"comment_status":"open","ping_status":"open","template":"","meta":{"_acf_changed":false,"_seopress_robots_primary_cat":"","_seopress_titles_title":"","_seopress_titles_desc":"","_seopress_robots_index":"","_monsterinsights_skip_tracking":false,"_monsterinsights_sitenote_active":false,"_monsterinsights_sitenote_note":"","_monsterinsights_sitenote_category":0,"footnotes":""},"class_list":["post-405","page","type-page","status-publish","hentry"],"acf":[],"jetpack_sharing_enabled":true,"post_mailing_queue_ids":[],"_links":{"self":[{"href":"https:\/\/www.emilysentourage.org\/sv\/wp-json\/wp\/v2\/pages\/405","targetHints":{"allow":["GET"]}}],"collection":[{"href":"https:\/\/www.emilysentourage.org\/sv\/wp-json\/wp\/v2\/pages"}],"about":[{"href":"https:\/\/www.emilysentourage.org\/sv\/wp-json\/wp\/v2\/types\/page"}],"author":[{"embeddable":true,"href":"https:\/\/www.emilysentourage.org\/sv\/wp-json\/wp\/v2\/users\/58"}],"replies":[{"embeddable":true,"href":"https:\/\/www.emilysentourage.org\/sv\/wp-json\/wp\/v2\/comments?post=405"}],"version-history":[{"count":5,"href":"https:\/\/www.emilysentourage.org\/sv\/wp-json\/wp\/v2\/pages\/405\/revisions"}],"predecessor-version":[{"id":653,"href":"https:\/\/www.emilysentourage.org\/sv\/wp-json\/wp\/v2\/pages\/405\/revisions\/653"}],"wp:attachment":[{"href":"https:\/\/www.emilysentourage.org\/sv\/wp-json\/wp\/v2\/media?parent=405"}],"curies":[{"name":"wp","href":"https:\/\/api.w.org\/{rel}","templated":true}]}}