{"id":18991,"date":"2023-05-31T16:31:13","date_gmt":"2023-05-31T20:31:13","guid":{"rendered":"https:\/\/www.emilysentourage.org\/?page_id=18991"},"modified":"2023-08-02T16:18:40","modified_gmt":"2023-08-02T20:18:40","slug":"funding-opportunities","status":"publish","type":"page","link":"https:\/\/www.emilysentourage.org\/sv\/funding-opportunities\/","title":{"rendered":"Finansieringsm\u00f6jligheter"},"content":{"rendered":"<p><span style=\"font-weight: 400;\">Emily's Entourage (EE) tillhandah\u00e5ller kritisk finansiering f\u00f6r att p\u00e5skynda forskning och l\u00e4kemedelsutveckling f\u00f6r individer i den sista 10% av CF-communityn som inte drar nytta av befintliga CFTR-modulatorer, inklusive de med s\u00e4llsynta och nonsensmutationer.\u00a0<\/span><\/p>\n<p><span style=\"font-weight: 400;\">Hittills har EE beviljat anslag till forskare fr\u00e5n hela v\u00e4rlden och bidragit till att s\u00e4kra ytterligare finansiering p\u00e5 miljontals dollar. De forskningsprojekt som finansierats av EE har gjort betydande framsteg i den terapeutiska utvecklingen och ett antal projekt har f\u00f6r n\u00e4rvarande n\u00e5tt preklinisk fas.<\/span><\/p>\n<p>EE tillhandah\u00e5ller finansiering genom flera olika bidragsmekanismer.<\/p>\n<h2><b>\u00d6vers\u00e4ttningsbidrag<\/b><\/h2>\n<p><span style=\"font-weight: 400;\">EE:s Translational Grant Program ger viktig startfinansiering till innovativa forskare med lovande strategier som p\u00e5skyndar forskning och l\u00e4kemedelsutveckling f\u00f6r dem i den sista 10% av CF-samfundet som inte drar nytta av CFTR-modulatorer, inklusive de med s\u00e4llsynta och nonsensmutationer.\u00a0<\/span><\/p>\n<p><span style=\"font-weight: 400;\">St\u00f6d kan erh\u00e5llas med $100.000 per \u00e5r (plus 10% f\u00f6r indirekta kostnader). Vanligtvis \u00e4r finansieringen f\u00f6r tv\u00e5 \u00e5r. Fortsatt finansiering \u00e4r beroende av framsteg, som rapporteras var sj\u00e4tte m\u00e5nad. <a href=\"https:\/\/www.emilysentourage.org\/sv\/translational-grants\/\" target=\"_blank\" rel=\"noopener\">L\u00e4s mer om EE:s Translational Grant Program<\/a>.<\/span><\/p>\n<h2><b>Samarbetsbidrag<\/b><\/h2>\n<p><span style=\"font-weight: 400;\">EE:s Collaborative Grants st\u00f6der forskningsprojekt som sammanf\u00f6r flera forskare med olika kompetensomr\u00e5den f\u00f6r att gemensamt ta itu med utmaningar i utvecklingen av behandlingar f\u00f6r individer i den sista 10% av CF-communityn som inte drar nytta av CFTR-modulatorer, inklusive de med s\u00e4llsynta och nonsensmutationer.\u00a0<\/span><\/p>\n<p><span style=\"font-weight: 400;\">Dessa bidrag delas ut till team best\u00e5ende av <\/span>tre eller fler utredare<span style=\"font-weight: 400;\"> med kompletterande expertis f\u00f6r att fr\u00e4mja utvecklingen av behandlingar p\u00e5 ett s\u00e4tt som inte skulle kunna uppn\u00e5s utan samarbete. <\/span><span style=\"font-weight: 400;\">Den<\/span> <span style=\"font-weight: 400;\">Finansieringsbeloppet best\u00e4ms av projektets omfattning och budget. <\/span><span style=\"font-weight: 400;\">S\u00f6kande kan ans\u00f6ka om finansiering f\u00f6r att st\u00f6dja projektet under totalt<\/span> <span style=\"font-weight: 400;\">tre \u00e5r. <a href=\"https:\/\/www.emilysentourage.org\/sv\/collaborative-grants\/\" target=\"_blank\" rel=\"noopener\">L\u00e4s mer om EE:s Collaborative Grants<\/a>.<\/span><\/p>\n<h2><b>Venture Philanthropy Investments<\/b><\/h2>\n<p><span style=\"font-weight: 400;\">F\u00f6rutom att ge bidrag fr\u00e4mjar EE \u00e4ven forskning och terapeutisk utveckling med strategiska investeringar som g\u00f6rs genom en venture philanthropy-modell. Med hj\u00e4lp av denna entrepren\u00f6rsinriktade metod tillhandah\u00e5ller EE finansiering i ett tidigt skede till f\u00f6retag f\u00f6r att p\u00e5skynda utvecklingen av lovande behandlingar och ett botemedel f\u00f6r personer med CF som inte har nytta av de CFTR-modulatorbehandlingar som f\u00f6r n\u00e4rvarande finns tillg\u00e4ngliga. <a href=\"https:\/\/www.emilysentourage.org\/sv\/venture-philanthropy-investments\/\" target=\"_blank\" rel=\"noopener\">L\u00e4s mer om EE:s investeringar i venture philanthropy<\/a>.\u00a0<\/span><\/p>","protected":false},"excerpt":{"rendered":"<p>Emily's Entourage (EE) tillhandah\u00e5ller kritisk finansiering f\u00f6r att p\u00e5skynda forskning och l\u00e4kemedelsutveckling f\u00f6r individer i den sista 10% av CF-communityn som inte drar nytta av befintliga CFTR-modulatorer, inklusive de med s\u00e4llsynta och nonsensmutationer.  Hittills har EE beviljat anslag till forskare fr\u00e5n hela v\u00e4rlden och hj\u00e4lpt till att s\u00e4kra miljontals euro till forskning och... <\/p>\n<div class=\"clear\"><\/div>\n<p><a href=\"https:\/\/www.emilysentourage.org\/sv\/funding-opportunities\/\" class=\"excerpt-read-more\">L\u00e4s mer om<\/a><\/p>","protected":false},"author":1361,"featured_media":0,"parent":0,"menu_order":0,"comment_status":"closed","ping_status":"closed","template":"","meta":{"_acf_changed":false,"_seopress_robots_primary_cat":"","_seopress_titles_title":"%%sitetitle%% %%sep%% %%post_title%%","_seopress_titles_desc":"%%post_excerpt%%","_seopress_robots_index":"","_monsterinsights_skip_tracking":false,"_monsterinsights_sitenote_active":false,"_monsterinsights_sitenote_note":"","_monsterinsights_sitenote_category":0,"footnotes":""},"class_list":["post-18991","page","type-page","status-publish","hentry"],"acf":[],"jetpack_sharing_enabled":true,"post_mailing_queue_ids":[],"_links":{"self":[{"href":"https:\/\/www.emilysentourage.org\/sv\/wp-json\/wp\/v2\/pages\/18991","targetHints":{"allow":["GET"]}}],"collection":[{"href":"https:\/\/www.emilysentourage.org\/sv\/wp-json\/wp\/v2\/pages"}],"about":[{"href":"https:\/\/www.emilysentourage.org\/sv\/wp-json\/wp\/v2\/types\/page"}],"author":[{"embeddable":true,"href":"https:\/\/www.emilysentourage.org\/sv\/wp-json\/wp\/v2\/users\/1361"}],"replies":[{"embeddable":true,"href":"https:\/\/www.emilysentourage.org\/sv\/wp-json\/wp\/v2\/comments?post=18991"}],"version-history":[{"count":5,"href":"https:\/\/www.emilysentourage.org\/sv\/wp-json\/wp\/v2\/pages\/18991\/revisions"}],"predecessor-version":[{"id":19816,"href":"https:\/\/www.emilysentourage.org\/sv\/wp-json\/wp\/v2\/pages\/18991\/revisions\/19816"}],"wp:attachment":[{"href":"https:\/\/www.emilysentourage.org\/sv\/wp-json\/wp\/v2\/media?parent=18991"}],"curies":[{"name":"wp","href":"https:\/\/api.w.org\/{rel}","templated":true}]}}