{"id":16557,"date":"2021-12-30T10:38:54","date_gmt":"2021-12-30T15:38:54","guid":{"rendered":"https:\/\/www.emilysentourage.org\/?page_id=16557"},"modified":"2022-01-04T13:07:31","modified_gmt":"2022-01-04T18:07:31","slug":"37for37","status":"publish","type":"page","link":"https:\/\/www.emilysentourage.org\/sv\/37for37\/","title":{"rendered":"Sk\u00e5l f\u00f6r 37 \u00e5r"},"content":{"rendered":"","protected":false},"excerpt":{"rendered":"","protected":false},"author":1281,"featured_media":0,"parent":0,"menu_order":13,"comment_status":"open","ping_status":"closed","template":"donate-page-tpl.php","meta":{"_acf_changed":false,"_seopress_robots_primary_cat":"","_seopress_titles_title":"","_seopress_titles_desc":"","_seopress_robots_index":"","_monsterinsights_skip_tracking":false,"_monsterinsights_sitenote_active":false,"_monsterinsights_sitenote_note":"","_monsterinsights_sitenote_category":0,"footnotes":""},"class_list":["post-16557","page","type-page","status-publish","hentry"],"acf":[],"jetpack_sharing_enabled":true,"post_mailing_queue_ids":[],"_links":{"self":[{"href":"https:\/\/www.emilysentourage.org\/sv\/wp-json\/wp\/v2\/pages\/16557","targetHints":{"allow":["GET"]}}],"collection":[{"href":"https:\/\/www.emilysentourage.org\/sv\/wp-json\/wp\/v2\/pages"}],"about":[{"href":"https:\/\/www.emilysentourage.org\/sv\/wp-json\/wp\/v2\/types\/page"}],"author":[{"embeddable":true,"href":"https:\/\/www.emilysentourage.org\/sv\/wp-json\/wp\/v2\/users\/1281"}],"replies":[{"embeddable":true,"href":"https:\/\/www.emilysentourage.org\/sv\/wp-json\/wp\/v2\/comments?post=16557"}],"version-history":[{"count":5,"href":"https:\/\/www.emilysentourage.org\/sv\/wp-json\/wp\/v2\/pages\/16557\/revisions"}],"predecessor-version":[{"id":16573,"href":"https:\/\/www.emilysentourage.org\/sv\/wp-json\/wp\/v2\/pages\/16557\/revisions\/16573"}],"wp:attachment":[{"href":"https:\/\/www.emilysentourage.org\/sv\/wp-json\/wp\/v2\/media?parent=16557"}],"curies":[{"name":"wp","href":"https:\/\/api.w.org\/{rel}","templated":true}]}}