{"id":10760,"date":"2018-04-11T09:52:24","date_gmt":"2018-04-11T13:52:24","guid":{"rendered":"https:\/\/www.emilysentourage.org\/?page_id=10760"},"modified":"2026-03-24T15:56:29","modified_gmt":"2026-03-24T19:56:29","slug":"careers","status":"publish","type":"page","link":"https:\/\/www.emilysentourage.org\/sv\/careers\/","title":{"rendered":"Emily's Entourage Karri\u00e4r"},"content":{"rendered":"<p>P\u00e5 Emily's Entourage arbetar vi f\u00f6r att p\u00e5skynda genombrott f\u00f6r dem med nonsensmutationer av cystisk fibros. Som en v\u00e4xande organisation forts\u00e4tter v\u00e5ra bemanningsbehov att expandera. Tillg\u00e4ngliga positioner listas nedan och vi kommer att uppdatera webbplatsen n\u00e4r nya m\u00f6jligheter dyker upp. Vi \u00e4r alltid ute efter att arbeta med beg\u00e5vade, passionerade och f\u00f6r\u00e4ndringsben\u00e4gna m\u00e4nniskor. Om du \u00e4r intresserad av m\u00f6jligheter att arbeta med Emily's Entourage, v\u00e4nligen <a href=\"https:\/\/www.emilysentourage.org\/sv\/contact-us\/\">n\u00e5 ut<\/a> eller kontakta oss p\u00e5 careers@emilysentourage.org.<\/p>\n<h2>Tillg\u00e4ngliga positioner<\/h2>\n<ul>\n<li><a href=\"https:\/\/www.emilysentourage.org\/sv\/events-manager\/\" target=\"_blank\" rel=\"noopener\">Events Manager (Full-Time)<\/a><\/li>\n<li><a href=\"https:\/\/www.emilysentourage.org\/sv\/director-of-development\/\" target=\"_blank\" rel=\"noopener\">Director of Development (Full-Time)<\/a><\/li>\n<li><a href=\"https:\/\/www.emilysentourage.org\/sv\/data-operations-and-evaluation-manager\/\" target=\"_blank\" rel=\"noopener\">Data Operations &amp; Evaluation Manager (Full-Time)<\/a><\/li>\n<li><a href=\"https:\/\/www.emilysentourage.org\/sv\/social-media-and-digital-marketing-coordinator-2\/\" target=\"_blank\" rel=\"noopener\">Social Media and Digital Marketing Coordinator (Part-Time\/Contractor)<\/a><\/li>\n<\/ul>\n<h2>Framtida syssels\u00e4ttning<\/h2>\n<p>Emily's Entourage \u00e4r stolt \u00f6ver att vara en arbetsgivare som ger lika m\u00f6jligheter. Alla s\u00f6kande kommer att beaktas f\u00f6r anst\u00e4llning utan h\u00e4nsyn till ras, hudf\u00e4rg, religion, k\u00f6n, k\u00f6nsidentitet eller uttryck, sexuell l\u00e4ggning, nationellt ursprung, genetik, funktionshinder, \u00e5lder eller veteranstatus.<\/p>","protected":false},"excerpt":{"rendered":"<p>P\u00e5 Emily's Entourage arbetar vi f\u00f6r att p\u00e5skynda genombrott f\u00f6r dem med nonsensmutationer av cystisk fibros. Som en v\u00e4xande organisation forts\u00e4tter v\u00e5ra bemanningsbehov att expandera. Tillg\u00e4ngliga positioner listas nedan och vi kommer att uppdatera webbplatsen n\u00e4r nya m\u00f6jligheter dyker upp. Vi \u00e4r alltid ute efter att arbeta med beg\u00e5vade, passionerade och f\u00f6r\u00e4ndringsben\u00e4gna m\u00e4nniskor. Om du \u00e4r... <\/p>\n<div class=\"clear\"><\/div>\n<p><a href=\"https:\/\/www.emilysentourage.org\/sv\/careers\/\" class=\"excerpt-read-more\">L\u00e4s mer om<\/a><\/p>","protected":false},"author":1284,"featured_media":0,"parent":0,"menu_order":0,"comment_status":"closed","ping_status":"closed","template":"","meta":{"_acf_changed":false,"_seopress_robots_primary_cat":"","_seopress_titles_title":"","_seopress_titles_desc":"","_seopress_robots_index":"","_monsterinsights_skip_tracking":false,"_monsterinsights_sitenote_active":false,"_monsterinsights_sitenote_note":"","_monsterinsights_sitenote_category":0,"footnotes":""},"class_list":["post-10760","page","type-page","status-publish","hentry"],"acf":[],"jetpack_sharing_enabled":true,"post_mailing_queue_ids":[],"_links":{"self":[{"href":"https:\/\/www.emilysentourage.org\/sv\/wp-json\/wp\/v2\/pages\/10760","targetHints":{"allow":["GET"]}}],"collection":[{"href":"https:\/\/www.emilysentourage.org\/sv\/wp-json\/wp\/v2\/pages"}],"about":[{"href":"https:\/\/www.emilysentourage.org\/sv\/wp-json\/wp\/v2\/types\/page"}],"author":[{"embeddable":true,"href":"https:\/\/www.emilysentourage.org\/sv\/wp-json\/wp\/v2\/users\/1284"}],"replies":[{"embeddable":true,"href":"https:\/\/www.emilysentourage.org\/sv\/wp-json\/wp\/v2\/comments?post=10760"}],"version-history":[{"count":6,"href":"https:\/\/www.emilysentourage.org\/sv\/wp-json\/wp\/v2\/pages\/10760\/revisions"}],"predecessor-version":[{"id":26044,"href":"https:\/\/www.emilysentourage.org\/sv\/wp-json\/wp\/v2\/pages\/10760\/revisions\/26044"}],"wp:attachment":[{"href":"https:\/\/www.emilysentourage.org\/sv\/wp-json\/wp\/v2\/media?parent=10760"}],"curies":[{"name":"wp","href":"https:\/\/api.w.org\/{rel}","templated":true}]}}