{"id":18991,"date":"2023-05-31T16:31:13","date_gmt":"2023-05-31T20:31:13","guid":{"rendered":"https:\/\/www.emilysentourage.org\/?page_id=18991"},"modified":"2023-08-02T16:18:40","modified_gmt":"2023-08-02T20:18:40","slug":"funding-opportunities","status":"publish","type":"page","link":"https:\/\/www.emilysentourage.org\/pt_br\/funding-opportunities\/","title":{"rendered":"Oportunidades de financiamento"},"content":{"rendered":"<p><span style=\"font-weight: 400;\">O Emily's Entourage (EE) fornece financiamento essencial para acelerar a pesquisa e o desenvolvimento de medicamentos para indiv\u00edduos no 10% final da comunidade de FC que n\u00e3o se beneficiam dos moduladores CFTR existentes, incluindo aqueles com muta\u00e7\u00f5es raras e sem sentido.\u00a0<\/span><\/p>\n<p><span style=\"font-weight: 400;\">At\u00e9 o momento, a EE concedeu subs\u00eddios a pesquisadores de todo o mundo e ajudou a garantir milh\u00f5es de d\u00f3lares em financiamento subsequente. Os projetos de pesquisa financiados pela EE tiveram um progresso significativo no avan\u00e7o do desenvolvimento terap\u00eautico, com v\u00e1rios projetos atualmente avan\u00e7ando para o est\u00e1gio pr\u00e9-cl\u00ednico.<\/span><\/p>\n<p>A EE fornece financiamento por meio de v\u00e1rios mecanismos de subs\u00eddios.<\/p>\n<h2><b>Subven\u00e7\u00f5es Translacionais<\/b><\/h2>\n<p><span style=\"font-weight: 400;\">O Programa de Subs\u00eddios Translacionais da EE fornece financiamento essencial para pesquisadores inovadores com estrat\u00e9gias promissoras que aceleram a pesquisa e o desenvolvimento de medicamentos para aqueles que est\u00e3o no 10% final da comunidade de FC e que n\u00e3o se beneficiam dos moduladores de CFTR, incluindo aqueles com muta\u00e7\u00f5es raras e sem sentido.\u00a0<\/span><\/p>\n<p><span style=\"font-weight: 400;\">O apoio est\u00e1 dispon\u00edvel por $100.000 por ano (mais 10% para custos indiretos). Normalmente, o financiamento \u00e9 de dois anos. A continuidade do financiamento depende do progresso, que \u00e9 relatado a cada seis meses. <a href=\"https:\/\/www.emilysentourage.org\/pt_br\/translational-grants\/\" target=\"_blank\" rel=\"noopener\">Saiba mais sobre o Programa de Subs\u00eddios Translacionais da EE<\/a>.<\/span><\/p>\n<h2><b>Subven\u00e7\u00f5es Colaborativas<\/b><\/h2>\n<p><span style=\"font-weight: 400;\">Os Subs\u00eddios Colaborativos da EE apoiam projetos de pesquisa que re\u00fanem v\u00e1rios pesquisadores com diversas \u00e1reas de especializa\u00e7\u00e3o para enfrentar conjuntamente os desafios no desenvolvimento de terapias para indiv\u00edduos no 10% final da comunidade de FC que n\u00e3o se beneficiam dos moduladores de CFTR, incluindo aqueles com muta\u00e7\u00f5es raras e sem sentido.\u00a0<\/span><\/p>\n<p><span style=\"font-weight: 400;\">Esses subs\u00eddios s\u00e3o concedidos a equipes de <\/span>tr\u00eas ou mais pesquisadores<span style=\"font-weight: 400;\"> com conhecimentos complementares para promover o desenvolvimento terap\u00eautico de maneiras que n\u00e3o poderiam ser alcan\u00e7adas sem uma abordagem colaborativa. <\/span><span style=\"font-weight: 400;\">O<\/span> <span style=\"font-weight: 400;\">O valor do financiamento \u00e9 determinado pelo escopo e pelo or\u00e7amento do projeto. <\/span><span style=\"font-weight: 400;\">Os candidatos podem solicitar financiamento para apoiar o projeto por um total de<\/span> <span style=\"font-weight: 400;\">tr\u00eas anos. <a href=\"https:\/\/www.emilysentourage.org\/pt_br\/collaborative-grants\/\" target=\"_blank\" rel=\"noopener\">Saiba mais sobre os Subs\u00eddios Colaborativos da EE<\/a>.<\/span><\/p>\n<h2><b>Investimentos em filantropia de risco<\/b><\/h2>\n<p><span style=\"font-weight: 400;\">Al\u00e9m de fornecer subs\u00eddios, a EE tamb\u00e9m promove a pesquisa e o desenvolvimento terap\u00eautico com investimentos estrat\u00e9gicos feitos por meio de um modelo de filantropia de risco. Usando essa abordagem empreendedora, a EE fornece financiamento em est\u00e1gio inicial a empresas para acelerar o desenvolvimento de terapias promissoras e uma cura para pessoas com FC que n\u00e3o se beneficiam das terapias moduladoras de CFTR atualmente dispon\u00edveis. <a href=\"https:\/\/www.emilysentourage.org\/pt_br\/venture-philanthropy-investments\/\" target=\"_blank\" rel=\"noopener\">Saiba mais sobre os investimentos de venture philanthropy da EE<\/a>.\u00a0<\/span><\/p>","protected":false},"excerpt":{"rendered":"<p>O Emily's Entourage (EE) fornece financiamento essencial para acelerar a pesquisa e o desenvolvimento de medicamentos para indiv\u00edduos no 10% final da comunidade de FC que n\u00e3o se beneficiam dos moduladores CFTR existentes, incluindo aqueles com muta\u00e7\u00f5es raras e sem sentido.  At\u00e9 o momento, a EE concedeu subs\u00eddios a pesquisadores de todo o mundo e ajudou a garantir milh\u00f5es de d\u00f3lares... <\/p>\n<div class=\"clear\"><\/div>\n<p><a href=\"https:\/\/www.emilysentourage.org\/pt_br\/funding-opportunities\/\" class=\"excerpt-read-more\">Leia mais<\/a><\/p>","protected":false},"author":1361,"featured_media":0,"parent":0,"menu_order":0,"comment_status":"closed","ping_status":"closed","template":"","meta":{"_acf_changed":false,"_seopress_robots_primary_cat":"","_seopress_titles_title":"%%sitetitle%% %%sep%% %%post_title%%","_seopress_titles_desc":"%%post_excerpt%%","_seopress_robots_index":"","_monsterinsights_skip_tracking":false,"_monsterinsights_sitenote_active":false,"_monsterinsights_sitenote_note":"","_monsterinsights_sitenote_category":0,"footnotes":""},"class_list":["post-18991","page","type-page","status-publish","hentry"],"acf":[],"jetpack_sharing_enabled":true,"post_mailing_queue_ids":[],"_links":{"self":[{"href":"https:\/\/www.emilysentourage.org\/pt_br\/wp-json\/wp\/v2\/pages\/18991","targetHints":{"allow":["GET"]}}],"collection":[{"href":"https:\/\/www.emilysentourage.org\/pt_br\/wp-json\/wp\/v2\/pages"}],"about":[{"href":"https:\/\/www.emilysentourage.org\/pt_br\/wp-json\/wp\/v2\/types\/page"}],"author":[{"embeddable":true,"href":"https:\/\/www.emilysentourage.org\/pt_br\/wp-json\/wp\/v2\/users\/1361"}],"replies":[{"embeddable":true,"href":"https:\/\/www.emilysentourage.org\/pt_br\/wp-json\/wp\/v2\/comments?post=18991"}],"version-history":[{"count":5,"href":"https:\/\/www.emilysentourage.org\/pt_br\/wp-json\/wp\/v2\/pages\/18991\/revisions"}],"predecessor-version":[{"id":19816,"href":"https:\/\/www.emilysentourage.org\/pt_br\/wp-json\/wp\/v2\/pages\/18991\/revisions\/19816"}],"wp:attachment":[{"href":"https:\/\/www.emilysentourage.org\/pt_br\/wp-json\/wp\/v2\/media?parent=18991"}],"curies":[{"name":"wp","href":"https:\/\/api.w.org\/{rel}","templated":true}]}}