{"id":16990,"date":"2022-05-23T12:42:03","date_gmt":"2022-05-23T16:42:03","guid":{"rendered":"https:\/\/www.emilysentourage.org\/?page_id=16990"},"modified":"2024-04-15T19:25:51","modified_gmt":"2024-04-15T23:25:51","slug":"venture-philanthropy-investments","status":"publish","type":"page","link":"https:\/\/www.emilysentourage.org\/pt_br\/venture-philanthropy-investments\/","title":{"rendered":"Investimentos em filantropia de risco"},"content":{"rendered":"<p><span style=\"font-weight: 400;\">Emily\u2019s Entourage (EE) advances research and therapeutic development for people with <\/span><a href=\"https:\/\/www.emilysentourage.org\/about-cystic-fibrosis\/\" target=\"_blank\" rel=\"noopener\"><span style=\"font-weight: 400;\">cystic fibrosis<\/span><\/a><span style=\"font-weight: 400;\"> (CF) through a number of funding mechanisms, including strategic investments made through a venture philanthropy model.<\/span><\/p>\n<p><span style=\"font-weight: 400;\">Using this entrepreneurial approach, we provide early-stage funding to companies to expedite the development of promising therapies and a cure for people with CF who do not benefit from the currently available CFTR modulator therapies.\u00a0<\/span><\/p>\n<h4><b><img fetchpriority=\"high\" decoding=\"async\" class=\"alignright wp-image-16994\" src=\"https:\/\/www.emilysentourage.org\/wp-content\/uploads\/Quote-from-Joan-Lau-Spirovant-1013x1024.png\" alt=\"\" width=\"445\" height=\"450\" srcset=\"https:\/\/www.emilysentourage.org\/wp-content\/uploads\/Quote-from-Joan-Lau-Spirovant-1013x1024.png 1013w, https:\/\/www.emilysentourage.org\/wp-content\/uploads\/Quote-from-Joan-Lau-Spirovant-297x300.png 297w, https:\/\/www.emilysentourage.org\/wp-content\/uploads\/Quote-from-Joan-Lau-Spirovant-768x776.png 768w, https:\/\/www.emilysentourage.org\/wp-content\/uploads\/Quote-from-Joan-Lau-Spirovant-1519x1536.png 1519w, https:\/\/www.emilysentourage.org\/wp-content\/uploads\/Quote-from-Joan-Lau-Spirovant-12x12.png 12w, https:\/\/www.emilysentourage.org\/wp-content\/uploads\/Quote-from-Joan-Lau-Spirovant-600x607.png 600w, https:\/\/www.emilysentourage.org\/wp-content\/uploads\/Quote-from-Joan-Lau-Spirovant-100x100.png 100w, https:\/\/www.emilysentourage.org\/wp-content\/uploads\/Quote-from-Joan-Lau-Spirovant.png 1918w\" sizes=\"(max-width: 445px) 100vw, 445px\" \/><\/b><\/h4>\n<h4><b>Fueling Progress<\/b><\/h4>\n<p><span style=\"font-weight: 400;\">In 2016, EE provided seed funding to launch Spirovant Sciences (formerly Talee Bio), a biopharmaceutical company focused on developing gene therapy for CF. In addition to the funds and impetus to launch the startup, we provided scientific connections \u2014 resulting in a unique partnership between the University of Iowa, Children\u2019s Hospital of Philadelphia, and Militia Hill Ventures.<\/span><\/p>\n<p><span style=\"font-weight: 400;\">Spirovant Sciences has <a href=\"https:\/\/www.emilysentourage.org\/spirovant-acquisition\/\" target=\"_blank\" rel=\"noopener\">since been acquired<\/a> twice, most recently by Sumitomo Dainippon Pharma of Japan, and is advancing two novel, mutation-agnostic gene therapy programs for CF using adeno-associated virus (AAV) and lentivirus vectors. Its lead product candidate, SP-101 (AAV), has been granted Orphan Drug and Rare Pediatric Disease Designations by the U.S. Food and Drug Administration.<\/span><\/p>\n<h4><b>Available Opportunities<\/b><\/h4>\n<p><span style=\"font-weight: 400;\">EE is committed to supporting high-impact research on gene-based therapy strategies aimed at addressing the needs of <\/span><span style=\"font-weight: 400;\">the final 10% of the CF community that do not benefit from currently available CFTR modulators.<\/span><\/p>\n<p><span style=\"font-weight: 400;\">Through our <\/span><b>Gene-based Therapy Initiative<\/b><span style=\"font-weight: 400;\">, we provide venture capital funding to companies with rigorous research programs that have the potential to develop transformative therapies for individuals in the final 10% of the CF population that do not benefit from currently available CFTR modulators, <\/span><span style=\"font-weight: 400;\">including those with rare and nonsense mutations.<\/span><\/p>\n<p><span style=\"font-weight: 400;\">With innovative new funding structures, EE can expand and accelerate important research efforts while putting in place a path for developing this research into novel therapeutics. Our dual strategy includes looking within and outside of our current research portfolio for high-risk, high-reward opportunities. In particular, we are looking to fund early-stage biotech companies developing gene-based therapeutic technologies. We initially invest at the seed level and support our portfolio companies with strategic and operational resources as well as potential follow-on investment.\u00a0<\/span><\/p>\n<p><span style=\"font-weight: 400;\">If you would like to learn more about our venture philanthropic investments, please contact us below.<\/span><\/p>\n<p><span style=\"font-weight: 400;\">In addition to making strategic investments in companies, EE also provides companies with <\/span><a href=\"https:\/\/www.emilysentourage.org\/ee-publishes-first-ever-final-10-survey-and-announces-informational-webinar\/\" target=\"_blank\" rel=\"noopener\"><span style=\"font-weight: 400;\">CF-specific insights<\/span><\/a><span style=\"font-weight: 400;\">, connections, and <\/span><a href=\"https:\/\/www.emilysentourage.org\/research-resources\/\" target=\"_blank\" rel=\"noopener\"><span style=\"font-weight: 400;\">resources<\/span><\/a><span style=\"font-weight: 400;\"> on a consultative basis, including identification of key opinion leaders, guidance on clinical development and the therapeutic landscape, patient perspectives, and insights on unmet clinical needs.<\/span><\/p>\n<h4><b>Additional Information<\/b><\/h4>\n<p><span style=\"font-weight: 400;\">If you have any questions or would like to discuss the potential of a collaboration, please contact us below.<\/span><\/p>\n<script type=\"text\/javascript\">\n\/* <![CDATA[ *\/\nvar gform;gform||(document.addEventListener(\"gform_main_scripts_loaded\",function(){gform.scriptsLoaded=!0}),document.addEventListener(\"gform\/theme\/scripts_loaded\",function(){gform.themeScriptsLoaded=!0}),window.addEventListener(\"DOMContentLoaded\",function(){gform.domLoaded=!0}),gform={domLoaded:!1,scriptsLoaded:!1,themeScriptsLoaded:!1,isFormEditor:()=>\"function\"==typeof InitializeEditor,callIfLoaded:function(o){return!(!gform.domLoaded||!gform.scriptsLoaded||!gform.themeScriptsLoaded&&!gform.isFormEditor()||(gform.isFormEditor()&&console.warn(\"The use of gform.initializeOnLoaded() is deprecated in the form editor context and will be removed in Gravity Forms 3.1.\"),o(),0))},initializeOnLoaded:function(o){gform.callIfLoaded(o)||(document.addEventListener(\"gform_main_scripts_loaded\",()=>{gform.scriptsLoaded=!0,gform.callIfLoaded(o)}),document.addEventListener(\"gform\/theme\/scripts_loaded\",()=>{gform.themeScriptsLoaded=!0,gform.callIfLoaded(o)}),window.addEventListener(\"DOMContentLoaded\",()=>{gform.domLoaded=!0,gform.callIfLoaded(o)}))},hooks:{action:{},filter:{}},addAction:function(o,r,e,t){gform.addHook(\"action\",o,r,e,t)},addFilter:function(o,r,e,t){gform.addHook(\"filter\",o,r,e,t)},doAction:function(o){gform.doHook(\"action\",o,arguments)},applyFilters:function(o){return gform.doHook(\"filter\",o,arguments)},removeAction:function(o,r){gform.removeHook(\"action\",o,r)},removeFilter:function(o,r,e){gform.removeHook(\"filter\",o,r,e)},addHook:function(o,r,e,t,n){null==gform.hooks[o][r]&&(gform.hooks[o][r]=[]);var d=gform.hooks[o][r];null==n&&(n=r+\"_\"+d.length),gform.hooks[o][r].push({tag:n,callable:e,priority:t=null==t?10:t})},doHook:function(r,o,e){var t;if(e=Array.prototype.slice.call(e,1),null!=gform.hooks[r][o]&&((o=gform.hooks[r][o]).sort(function(o,r){return o.priority-r.priority}),o.forEach(function(o){\"function\"!=typeof(t=o.callable)&&(t=window[t]),\"action\"==r?t.apply(null,e):e[0]=t.apply(null,e)})),\"filter\"==r)return e[0]},removeHook:function(o,r,t,n){var e;null!=gform.hooks[o][r]&&(e=(e=gform.hooks[o][r]).filter(function(o,r,e){return!!(null!=n&&n!=o.tag||null!=t&&t!=o.priority)}),gform.hooks[o][r]=e)}});\n\/* ]]> *\/\n<\/script>\n\n                <div class='gf_browser_gecko gform_wrapper gform_legacy_markup_wrapper gform-theme--no-framework' data-form-theme='legacy' data-form-index='0' id='gform_wrapper_10' ><form method='post' enctype='multipart\/form-data'  id='gform_10'  action='\/pt_br\/wp-json\/wp\/v2\/pages\/16990' data-formid='10' novalidate> \r\n <input type='hidden' class='gforms-pum' value='{\"closepopup\":false,\"closedelay\":0,\"openpopup\":false,\"openpopup_id\":0}' \/>\n                        <div class='gform-body gform_body'><ul id='gform_fields_10' class='gform_fields top_label form_sublabel_below description_below validation_below'><li id=\"field_10_7\" class=\"gfield gfield--type-name gfield--input-type-name gfield--width-full gfield_contains_required field_sublabel_below gfield--no-description field_description_below field_validation_below gfield_visibility_visible\"  ><label class='gfield_label gform-field-label gfield_label_before_complex' >Your Name<span class=\"gfield_required\"><span class=\"gfield_required gfield_required_asterisk\">*<\/span><\/span><\/label><div class='ginput_complex ginput_container ginput_container--name no_prefix has_first_name no_middle_name has_last_name no_suffix gf_name_has_2 ginput_container_name gform-grid-row' id='input_10_7'>\n                            \n                            <span id='input_10_7_3_container' class='name_first gform-grid-col gform-grid-col--size-auto' >\n                                                    <input type='text' name='input_7.3' id='input_10_7_3' value=''   aria-required='true'     \/>\n                                                    <label for='input_10_7_3' class='gform-field-label gform-field-label--type-sub '>Nome<\/label>\n                                                <\/span>\n                            \n                            <span id='input_10_7_6_container' class='name_last gform-grid-col gform-grid-col--size-auto' >\n                                                    <input type='text' name='input_7.6' id='input_10_7_6' value=''   aria-required='true'     \/>\n                                                    <label for='input_10_7_6' class='gform-field-label gform-field-label--type-sub '>Sobrenome<\/label>\n                                                <\/span>\n                            \n                        <\/div><\/li><li id=\"field_10_6\" class=\"gfield gfield--type-email gfield--input-type-email gfield--width-full gfield_contains_required field_sublabel_below gfield--no-description field_description_below field_validation_below gfield_visibility_visible\"  ><label class='gfield_label gform-field-label' for='input_10_6'>Email<span class=\"gfield_required\"><span class=\"gfield_required gfield_required_asterisk\">*<\/span><\/span><\/label><div class='ginput_container ginput_container_email'>\n                            <input name='input_6' id='input_10_6' type='email' value='' class='large'    aria-required=\"true\" aria-invalid=\"false\"  \/>\n                        <\/div><\/li><li id=\"field_10_4\" class=\"gfield gfield--type-textarea gfield--input-type-textarea field_sublabel_below gfield--no-description field_description_below field_validation_below gfield_visibility_visible\"  ><label class='gfield_label gform-field-label' for='input_10_4'>Your Inquiry<\/label><div class='ginput_container ginput_container_textarea'><textarea name='input_4' id='input_10_4' class='textarea medium'      aria-invalid=\"false\"   rows='10' cols='50'><\/textarea><\/div><\/li><li id=\"field_10_5\" class=\"gfield gfield--type-captcha gfield--input-type-captcha field_sublabel_below gfield--has-description field_description_below hidden_label field_validation_below gfield_visibility_visible\"  ><label class='gfield_label gform-field-label' for='input_10_5'>CAPTCHA<\/label><div id='input_10_5' class='ginput_container ginput_recaptcha' data-sitekey='6Ld5TiYUAAAAAAdidu4cqHhWdItezVr7WAAje30o'  data-theme='light' data-tabindex='0'  data-badge=''><\/div><div class='gfield_description' id='gfield_description_10_5'>This site is protected by reCAPTCHA and the Google Privacy Policy and Terms of Service apply.<\/div><\/li><\/ul><\/div>\n        <div class='gform-footer gform_footer top_label'> <input type='submit' id='gform_submit_button_10' class='gform_button button' onclick='gform.submission.handleButtonClick(this);' data-submission-type='submit' value='Submit'  \/> \n            <input type='hidden' class='gform_hidden' name='gform_submission_method' data-js='gform_submission_method_10' value='postback' \/>\n            <input type='hidden' class='gform_hidden' name='gform_theme' data-js='gform_theme_10' id='gform_theme_10' value='legacy' \/>\n            <input type='hidden' class='gform_hidden' name='gform_style_settings' data-js='gform_style_settings_10' id='gform_style_settings_10' value='[]' \/>\n            <input type='hidden' class='gform_hidden' name='is_submit_10' value='1' \/>\n            <input type='hidden' class='gform_hidden' name='gform_submit' value='10' \/>\n            \n            <input type='hidden' class='gform_hidden' name='gform_currency' data-currency='USD' value='LXtDsoEe4wjnnvgIoplaRPMAReYNmVIMf49366GWuB1DhxhdYVBEB3zIhGlMDuo\/uqrUfcdfHI2tiev42M0jkYnNqEkfY64hEnfN+2X5i2RnNhE=' \/>\n            <input type='hidden' class='gform_hidden' name='gform_unique_id' value='' \/>\n            <input type='hidden' class='gform_hidden' name='state_10' value='WyJbXSIsIjA4NmFiZWY4Y2QxZjA3OWVkNGYzZTc2MDkyNjA1YzcwIl0=' \/>\n            <input type='hidden' autocomplete='off' class='gform_hidden' name='gform_target_page_number_10' id='gform_target_page_number_10' value='0' \/>\n            <input type='hidden' autocomplete='off' class='gform_hidden' name='gform_source_page_number_10' id='gform_source_page_number_10' value='1' \/>\n            <input type='hidden' name='gform_field_values' value='' \/>\n            \n        <\/div>\n                        <p style=\"display: none !important;\" class=\"akismet-fields-container\" data-prefix=\"ak_\"><label>&#916;<textarea name=\"ak_hp_textarea\" cols=\"45\" rows=\"8\" maxlength=\"100\"><\/textarea><\/label><input type=\"hidden\" id=\"ak_js_1\" name=\"ak_js\" value=\"138\"\/><script>document.getElementById( \"ak_js_1\" ).setAttribute( \"value\", ( new Date() ).getTime() );<\/script><\/p><\/form>\n                        <\/div><script type=\"text\/javascript\">\n\/* <![CDATA[ *\/\n gform.initializeOnLoaded( function() {gformInitSpinner( 10, 'https:\/\/www.emilysentourage.org\/wp-content\/plugins\/gravityforms\/images\/spinner.svg', true );jQuery('#gform_ajax_frame_10').on('load',function(){var contents = jQuery(this).contents().find('*').html();var is_postback = contents.indexOf('GF_AJAX_POSTBACK') >= 0;if(!is_postback){return;}var form_content = jQuery(this).contents().find('#gform_wrapper_10');var is_confirmation = jQuery(this).contents().find('#gform_confirmation_wrapper_10').length > 0;var is_redirect = contents.indexOf('gformRedirect(){') >= 0;var is_form = form_content.length > 0 && ! is_redirect && ! is_confirmation;var mt = parseInt(jQuery('html').css('margin-top'), 10) + parseInt(jQuery('body').css('margin-top'), 10) + 100;if(is_form){jQuery('#gform_wrapper_10').html(form_content.html());if(form_content.hasClass('gform_validation_error')){jQuery('#gform_wrapper_10').addClass('gform_validation_error');} else {jQuery('#gform_wrapper_10').removeClass('gform_validation_error');}setTimeout( function() { \/* delay the scroll by 50 milliseconds to fix a bug in chrome *\/  }, 50 );if(window['gformInitDatepicker']) {gformInitDatepicker();}if(window['gformInitPriceFields']) {gformInitPriceFields();}var current_page = jQuery('#gform_source_page_number_10').val();gformInitSpinner( 10, 'https:\/\/www.emilysentourage.org\/wp-content\/plugins\/gravityforms\/images\/spinner.svg', true );jQuery(document).trigger('gform_page_loaded', [10, current_page]);window['gf_submitting_10'] = false;}else if(!is_redirect){var confirmation_content = jQuery(this).contents().find('.GF_AJAX_POSTBACK').html();if(!confirmation_content){confirmation_content = contents;}jQuery('#gform_wrapper_10').replaceWith(confirmation_content);jQuery(document).trigger('gform_confirmation_loaded', [10]);window['gf_submitting_10'] = false;wp.a11y.speak(jQuery('#gform_confirmation_message_10').text());}else{jQuery('#gform_10').append(contents);if(window['gformRedirect']) {gformRedirect();}}jQuery(document).trigger(\"gform_pre_post_render\", [{ formId: \"10\", currentPage: \"current_page\", abort: function() { this.preventDefault(); } }]);        if (event && event.defaultPrevented) {                return;        }        const gformWrapperDiv = document.getElementById( \"gform_wrapper_10\" );        if ( gformWrapperDiv ) {            const visibilitySpan = document.createElement( \"span\" );            visibilitySpan.id = \"gform_visibility_test_10\";            gformWrapperDiv.insertAdjacentElement( \"afterend\", visibilitySpan );        }        const visibilityTestDiv = document.getElementById( \"gform_visibility_test_10\" );        let postRenderFired = false;        function triggerPostRender() {            if ( postRenderFired ) {                return;            }            postRenderFired = true;            gform.core.triggerPostRenderEvents( 10, current_page );            if ( visibilityTestDiv ) {                visibilityTestDiv.parentNode.removeChild( visibilityTestDiv );            }        }        function debounce( func, wait, immediate ) {            var timeout;            return function() {                var context = this, args = arguments;                var later = function() {                    timeout = null;                    if ( !immediate ) func.apply( context, args );                };                var callNow = immediate && !timeout;                clearTimeout( timeout );                timeout = setTimeout( later, wait );                if ( callNow ) func.apply( context, args );            };        }        const debouncedTriggerPostRender = debounce( function() {            triggerPostRender();        }, 200 );        if ( visibilityTestDiv && visibilityTestDiv.offsetParent === null ) {            const observer = new MutationObserver( ( mutations ) => {                mutations.forEach( ( mutation ) => {                    if ( mutation.type === 'attributes' && visibilityTestDiv.offsetParent !== null ) {                        debouncedTriggerPostRender();                        observer.disconnect();                    }                });            });            observer.observe( document.body, {                attributes: true,                childList: false,                subtree: true,                attributeFilter: [ 'style', 'class' ],            });        } else {            triggerPostRender();        }    } );} ); \n\/* ]]> *\/\n<\/script>\n\n","protected":false},"excerpt":{"rendered":"<p>A Emily's Entourage (EE) promove a pesquisa e o desenvolvimento terap\u00eautico para pessoas com fibrose c\u00edstica (FC) por meio de v\u00e1rios mecanismos de financiamento, incluindo investimentos estrat\u00e9gicos feitos por meio de um modelo de filantropia de risco. Usando essa abordagem empreendedora, fornecemos financiamento para empresas em est\u00e1gio inicial a fim de acelerar o desenvolvimento de terapias promissoras e uma cura para pessoas com FC que... <\/p>\n<div class=\"clear\"><\/div>\n<p><a href=\"https:\/\/www.emilysentourage.org\/pt_br\/venture-philanthropy-investments\/\" class=\"excerpt-read-more\">Leia mais<\/a><\/p>","protected":false},"author":1281,"featured_media":16426,"parent":0,"menu_order":0,"comment_status":"closed","ping_status":"closed","template":"","meta":{"_acf_changed":false,"_seopress_robots_primary_cat":"","_seopress_titles_title":"Venture Philanthropy Investments","_seopress_titles_desc":"Emily\u2019s Entourage (EE) advances research and therapeutic development for people with cystic fibrosis (CF) through a number of funding mechanisms, including strategic investments made through a venture philanthropy model.","_seopress_robots_index":"","_monsterinsights_skip_tracking":false,"_monsterinsights_sitenote_active":false,"_monsterinsights_sitenote_note":"","_monsterinsights_sitenote_category":0,"footnotes":""},"class_list":["post-16990","page","type-page","status-publish","has-post-thumbnail","hentry"],"acf":[],"jetpack_sharing_enabled":true,"post_mailing_queue_ids":[],"_links":{"self":[{"href":"https:\/\/www.emilysentourage.org\/pt_br\/wp-json\/wp\/v2\/pages\/16990","targetHints":{"allow":["GET"]}}],"collection":[{"href":"https:\/\/www.emilysentourage.org\/pt_br\/wp-json\/wp\/v2\/pages"}],"about":[{"href":"https:\/\/www.emilysentourage.org\/pt_br\/wp-json\/wp\/v2\/types\/page"}],"author":[{"embeddable":true,"href":"https:\/\/www.emilysentourage.org\/pt_br\/wp-json\/wp\/v2\/users\/1281"}],"replies":[{"embeddable":true,"href":"https:\/\/www.emilysentourage.org\/pt_br\/wp-json\/wp\/v2\/comments?post=16990"}],"version-history":[{"count":5,"href":"https:\/\/www.emilysentourage.org\/pt_br\/wp-json\/wp\/v2\/pages\/16990\/revisions"}],"predecessor-version":[{"id":20920,"href":"https:\/\/www.emilysentourage.org\/pt_br\/wp-json\/wp\/v2\/pages\/16990\/revisions\/20920"}],"wp:featuredmedia":[{"embeddable":true,"href":"https:\/\/www.emilysentourage.org\/pt_br\/wp-json\/wp\/v2\/media\/16426"}],"wp:attachment":[{"href":"https:\/\/www.emilysentourage.org\/pt_br\/wp-json\/wp\/v2\/media?parent=16990"}],"curies":[{"name":"wp","href":"https:\/\/api.w.org\/{rel}","templated":true}]}}