{"id":270,"date":"2011-12-01T02:36:31","date_gmt":"2011-12-01T02:36:31","guid":{"rendered":"http:\/\/lw.screammedia.net\/?page_id=270"},"modified":"2016-04-08T09:22:03","modified_gmt":"2016-04-08T13:22:03","slug":"thank-you-for-donating","status":"publish","type":"page","link":"https:\/\/www.emilysentourage.org\/pt\/thank-you-for-donating\/","title":{"rendered":"Obrigado pelo donativo!"},"content":{"rendered":"<p>Obrigado pelo donativo e parab\u00e9ns por se ter tornado membro da Emily's Entourage! Estamos incrivelmente gratos pelo seu generoso donativo. Pedimos-lhe que partilhe este s\u00edtio Web - e a hist\u00f3ria da Emily - com os seus amigos e familiares e que os incentive a fazer um donativo e a continuar a passar a mensagem.<\/p>\n<p>S\u00f3 juntos podemos fazer a diferen\u00e7a na luta contra a Fibrose C\u00edstica.<\/p>\n<p>&nbsp;<\/p>","protected":false},"excerpt":{"rendered":"<p>Thank you for donating and congratulations on becoming a member of Emily&#8217;s Entourage! We&#8217;re incredibly grateful for your generous donation. We urge to share this website &#8211; and Emily&#8217;s story &#8211; with your friends and family and encourage them to donate and continue passing the message on. Only together can we make a difference in&#8230; <\/p>\n<div class=\"clear\"><\/div>\n<p><a href=\"https:\/\/www.emilysentourage.org\/pt\/thank-you-for-donating\/\" class=\"excerpt-read-more\">Ler mais<\/a><\/p>","protected":false},"author":58,"featured_media":0,"parent":0,"menu_order":3,"comment_status":"open","ping_status":"open","template":"","meta":{"_acf_changed":false,"_seopress_robots_primary_cat":"","_seopress_titles_title":"","_seopress_titles_desc":"","_seopress_robots_index":"","_monsterinsights_skip_tracking":false,"_monsterinsights_sitenote_active":false,"_monsterinsights_sitenote_note":"","_monsterinsights_sitenote_category":0,"footnotes":""},"class_list":["post-270","page","type-page","status-publish","hentry"],"acf":[],"jetpack_sharing_enabled":false,"post_mailing_queue_ids":[],"_links":{"self":[{"href":"https:\/\/www.emilysentourage.org\/pt\/wp-json\/wp\/v2\/pages\/270","targetHints":{"allow":["GET"]}}],"collection":[{"href":"https:\/\/www.emilysentourage.org\/pt\/wp-json\/wp\/v2\/pages"}],"about":[{"href":"https:\/\/www.emilysentourage.org\/pt\/wp-json\/wp\/v2\/types\/page"}],"author":[{"embeddable":true,"href":"https:\/\/www.emilysentourage.org\/pt\/wp-json\/wp\/v2\/users\/58"}],"replies":[{"embeddable":true,"href":"https:\/\/www.emilysentourage.org\/pt\/wp-json\/wp\/v2\/comments?post=270"}],"version-history":[{"count":5,"href":"https:\/\/www.emilysentourage.org\/pt\/wp-json\/wp\/v2\/pages\/270\/revisions"}],"predecessor-version":[{"id":4537,"href":"https:\/\/www.emilysentourage.org\/pt\/wp-json\/wp\/v2\/pages\/270\/revisions\/4537"}],"wp:attachment":[{"href":"https:\/\/www.emilysentourage.org\/pt\/wp-json\/wp\/v2\/media?parent=270"}],"curies":[{"name":"wp","href":"https:\/\/api.w.org\/{rel}","templated":true}]}}