{"id":18991,"date":"2023-05-31T16:31:13","date_gmt":"2023-05-31T20:31:13","guid":{"rendered":"https:\/\/www.emilysentourage.org\/?page_id=18991"},"modified":"2023-08-02T16:18:40","modified_gmt":"2023-08-02T20:18:40","slug":"funding-opportunities","status":"publish","type":"page","link":"https:\/\/www.emilysentourage.org\/pt\/funding-opportunities\/","title":{"rendered":"Oportunidades de financiamento"},"content":{"rendered":"<p><span style=\"font-weight: 400;\">O Emily's Entourage (EE) fornece financiamento essencial para acelerar a investiga\u00e7\u00e3o e o desenvolvimento de medicamentos para indiv\u00edduos no \u00faltimo 10% da comunidade da FC que n\u00e3o beneficiam dos moduladores CFTR existentes, incluindo os que t\u00eam muta\u00e7\u00f5es raras e sem sentido.\u00a0<\/span><\/p>\n<p><span style=\"font-weight: 400;\">At\u00e9 \u00e0 data, a EE concedeu bolsas a investigadores de todo o mundo e ajudou a garantir milh\u00f5es de d\u00f3lares em financiamento subsequente. Os projectos de investiga\u00e7\u00e3o financiados pela EE fizeram progressos significativos no avan\u00e7o do desenvolvimento terap\u00eautico, com uma s\u00e9rie de projectos a avan\u00e7ar atualmente para a fase pr\u00e9-cl\u00ednica.<\/span><\/p>\n<p>A EE fornece financiamento atrav\u00e9s de v\u00e1rios mecanismos de subven\u00e7\u00e3o.<\/p>\n<h2><b>Subs\u00eddios Translacionais<\/b><\/h2>\n<p><span style=\"font-weight: 400;\">O Programa de Bolsas de Investiga\u00e7\u00e3o Translacional da EE fornece financiamento essencial a investigadores inovadores com estrat\u00e9gias promissoras que aceleram a investiga\u00e7\u00e3o e o desenvolvimento de medicamentos para as pessoas que se encontram nos \u00faltimos 10% da comunidade da FC e que n\u00e3o beneficiam dos moduladores da CFTR, incluindo as que t\u00eam muta\u00e7\u00f5es raras e sem sentido.\u00a0<\/span><\/p>\n<p><span style=\"font-weight: 400;\">O apoio est\u00e1 dispon\u00edvel para $100.000 por ano (mais 10% para custos indirectos). Normalmente, o financiamento tem uma dura\u00e7\u00e3o de dois anos. A continua\u00e7\u00e3o do financiamento depende dos progressos registados, que s\u00e3o comunicados semestralmente. <a href=\"https:\/\/www.emilysentourage.org\/pt\/translational-grants\/\" target=\"_blank\" rel=\"noopener\">Saiba mais sobre o Programa de Bolsas de Investiga\u00e7\u00e3o Translacional da EE<\/a>.<\/span><\/p>\n<h2><b>Subs\u00eddios Colaborativos<\/b><\/h2>\n<p><span style=\"font-weight: 400;\">As Bolsas de Colabora\u00e7\u00e3o da EE apoiam projectos de investiga\u00e7\u00e3o que re\u00fanem v\u00e1rios investigadores com diversas \u00e1reas de especializa\u00e7\u00e3o para, em conjunto, enfrentarem os desafios no desenvolvimento de terap\u00eauticas para indiv\u00edduos no \u00faltimo 10% da comunidade CF que n\u00e3o beneficiam de moduladores CFTR, incluindo os que t\u00eam muta\u00e7\u00f5es raras e sem sentido.\u00a0<\/span><\/p>\n<p><span style=\"font-weight: 400;\">Estas subven\u00e7\u00f5es s\u00e3o atribu\u00eddas a equipas de <\/span>tr\u00eas ou mais investigadores<span style=\"font-weight: 400;\"> com conhecimentos complementares para fazer avan\u00e7ar o desenvolvimento terap\u00eautico de formas que n\u00e3o poderiam ser alcan\u00e7adas sem uma abordagem de colabora\u00e7\u00e3o. <\/span><span style=\"font-weight: 400;\">O<\/span> <span style=\"font-weight: 400;\">O montante do financiamento \u00e9 determinado pelo \u00e2mbito e pelo or\u00e7amento do projeto. <\/span><span style=\"font-weight: 400;\">Os candidatos podem solicitar financiamento para apoiar o projeto num total de<\/span> <span style=\"font-weight: 400;\">tr\u00eas anos. <a href=\"https:\/\/www.emilysentourage.org\/pt\/collaborative-grants\/\" target=\"_blank\" rel=\"noopener\">Saiba mais sobre as subven\u00e7\u00f5es de colabora\u00e7\u00e3o da EE<\/a>.<\/span><\/p>\n<h2><b>Investimentos em filantropia de risco<\/b><\/h2>\n<p><span style=\"font-weight: 400;\">Para al\u00e9m de conceder subs\u00eddios, a EE tamb\u00e9m promove a investiga\u00e7\u00e3o e o desenvolvimento terap\u00eautico com investimentos estrat\u00e9gicos efectuados atrav\u00e9s de um modelo de filantropia de risco. Utilizando esta abordagem empresarial, a EE fornece financiamento a empresas em fase inicial para acelerar o desenvolvimento de terapias promissoras e uma cura para as pessoas com FC que n\u00e3o beneficiam das terapias com moduladores CFTR atualmente dispon\u00edveis. <a href=\"https:\/\/www.emilysentourage.org\/pt\/venture-philanthropy-investments\/\" target=\"_blank\" rel=\"noopener\">Saiba mais sobre os investimentos de venture philanthropy da EE<\/a>.\u00a0<\/span><\/p>","protected":false},"excerpt":{"rendered":"<p>A Emily's Entourage (EE) fornece financiamento essencial para acelerar a investiga\u00e7\u00e3o e o desenvolvimento de medicamentos para indiv\u00edduos no \u00faltimo 10% da comunidade da FC que n\u00e3o beneficiam dos moduladores CFTR existentes, incluindo aqueles com muta\u00e7\u00f5es raras e sem sentido.  At\u00e9 \u00e0 data, a EE concedeu bolsas a investigadores de todo o mundo e ajudou a garantir milh\u00f5es de euros... <\/p>\n<div class=\"clear\"><\/div>\n<p><a href=\"https:\/\/www.emilysentourage.org\/pt\/funding-opportunities\/\" class=\"excerpt-read-more\">Ler mais<\/a><\/p>","protected":false},"author":1361,"featured_media":0,"parent":0,"menu_order":0,"comment_status":"closed","ping_status":"closed","template":"","meta":{"_acf_changed":false,"_seopress_robots_primary_cat":"","_seopress_titles_title":"%%sitetitle%% %%sep%% %%post_title%%","_seopress_titles_desc":"%%post_excerpt%%","_seopress_robots_index":"","_monsterinsights_skip_tracking":false,"_monsterinsights_sitenote_active":false,"_monsterinsights_sitenote_note":"","_monsterinsights_sitenote_category":0,"footnotes":""},"class_list":["post-18991","page","type-page","status-publish","hentry"],"acf":[],"jetpack_sharing_enabled":true,"post_mailing_queue_ids":[],"_links":{"self":[{"href":"https:\/\/www.emilysentourage.org\/pt\/wp-json\/wp\/v2\/pages\/18991","targetHints":{"allow":["GET"]}}],"collection":[{"href":"https:\/\/www.emilysentourage.org\/pt\/wp-json\/wp\/v2\/pages"}],"about":[{"href":"https:\/\/www.emilysentourage.org\/pt\/wp-json\/wp\/v2\/types\/page"}],"author":[{"embeddable":true,"href":"https:\/\/www.emilysentourage.org\/pt\/wp-json\/wp\/v2\/users\/1361"}],"replies":[{"embeddable":true,"href":"https:\/\/www.emilysentourage.org\/pt\/wp-json\/wp\/v2\/comments?post=18991"}],"version-history":[{"count":5,"href":"https:\/\/www.emilysentourage.org\/pt\/wp-json\/wp\/v2\/pages\/18991\/revisions"}],"predecessor-version":[{"id":19816,"href":"https:\/\/www.emilysentourage.org\/pt\/wp-json\/wp\/v2\/pages\/18991\/revisions\/19816"}],"wp:attachment":[{"href":"https:\/\/www.emilysentourage.org\/pt\/wp-json\/wp\/v2\/media?parent=18991"}],"curies":[{"name":"wp","href":"https:\/\/api.w.org\/{rel}","templated":true}]}}