{"id":18324,"date":"2023-02-17T02:08:52","date_gmt":"2023-02-17T07:08:52","guid":{"rendered":"https:\/\/www.emilysentourage.org\/?page_id=18324"},"modified":"2026-02-04T13:51:48","modified_gmt":"2026-02-04T17:51:48","slug":"join-team-ee","status":"publish","type":"page","link":"https:\/\/www.emilysentourage.org\/pt\/join-team-ee\/","title":{"rendered":"Junte-se \u00e0 equipa EE"},"content":{"rendered":"<p><img fetchpriority=\"high\" decoding=\"async\" class=\"wp-image-25270 size-large aligncenter\" src=\"https:\/\/www.emilysentourage.org\/wp-content\/uploads\/EmilysEntouragePhiladelphiaMarathon2023-121-1024x819.jpg\" alt=\"\" width=\"960\" height=\"768\" srcset=\"https:\/\/www.emilysentourage.org\/wp-content\/uploads\/EmilysEntouragePhiladelphiaMarathon2023-121-1024x819.jpg 1024w, https:\/\/www.emilysentourage.org\/wp-content\/uploads\/EmilysEntouragePhiladelphiaMarathon2023-121-300x240.jpg 300w, https:\/\/www.emilysentourage.org\/wp-content\/uploads\/EmilysEntouragePhiladelphiaMarathon2023-121-768x614.jpg 768w, https:\/\/www.emilysentourage.org\/wp-content\/uploads\/EmilysEntouragePhiladelphiaMarathon2023-121-1536x1229.jpg 1536w, https:\/\/www.emilysentourage.org\/wp-content\/uploads\/EmilysEntouragePhiladelphiaMarathon2023-121-2048x1638.jpg 2048w, https:\/\/www.emilysentourage.org\/wp-content\/uploads\/EmilysEntouragePhiladelphiaMarathon2023-121-15x12.jpg 15w, https:\/\/www.emilysentourage.org\/wp-content\/uploads\/EmilysEntouragePhiladelphiaMarathon2023-121-600x480.jpg 600w\" sizes=\"(max-width: 960px) 100vw, 960px\" \/><\/p>\n<p class=\"p1\">A Team EE \u00e9 a equipa de fitness de benefic\u00eancia da Emily's Entourage (EE). Desde corridas e passeios de bicicleta a aulas de gin\u00e1stica, estes eventos oferecem-lhe uma forma de se manter ativo e de se divertir, ao mesmo tempo que angaria fundos essenciais para apoiar a miss\u00e3o da EE. Ao juntar-se \u00e0 Equipa EE, pode desempenhar um papel importante na nossa miss\u00e3o de acelerar os avan\u00e7os que salvam vidas de pessoas com fibrose qu\u00edstica (FC).<\/p>\n<hr>\n<h3><b>Now Recruiting for the 2026 Broad Street Run!<\/b><\/h3>\n<p><span style=\"font-weight: 400;\">Team EE is officially lacing up for the <a href=\"https:\/\/www.broadstreetrun.com\/\" target=\"_blank\" rel=\"noopener\"><strong>2026 The Independence Blue Cross Broad Street Run<\/strong><\/a>\u2014and we want you on the starting line with us!<\/span><\/p>\n<p><span style=\"font-weight: 400;\">Se \u00e9 algu\u00e9m que corre por algo mais do que uma medalha - algu\u00e9m que acredita no poder da ci\u00eancia, do suor e da compar\u00eancia - esta \u00e9 a sua corrida.<\/span><\/p>\n<p><span style=\"font-weight: 400;\">If you&#8217;re a runner who has received a bib for this year&#8217;s Broad Street Run and interested in running with Team EE, please click the button below to fill out a quick form to join us.<\/span><\/p>\n<h3 style=\"text-align: center;\"><a class=\"fasc-button fasc-size-large fasc-type-flat fasc-rounded-medium fasc-style-bold\" style=\"background-color: #462561; color: #ffffff;\" target=\"_blank\" href=\"https:\/\/docs.google.com\/forms\/d\/e\/1FAIpQLScFj2WFyj0Iyc7GG5qVXoXVmzPdDERvmlf31jJ8vtu6Rses0Q\/viewform?usp=publish-editor\">REGISTER TO RUN WITH TEAM EE HERE<\/a><\/h3>\n<p>Perguntas sobre como se inscrever ou o que implica concorrer \u00e0 Equipa EE? Envie-nos um e-mail para <a href=\"mailto:events@emilysentourage.org\" target=\"_blank\" rel=\"noopener\">events@emilysentourage.org<\/a>.&nbsp;<\/p>\n<hr>\n<h3><b>Porqu\u00ea juntar-se \u00e0 Equipa EE?<\/b><\/h3>\n<p>Houve avan\u00e7os m\u00e9dicos revolucion\u00e1rios para 90% das pessoas com FC, mas para os restantes 10%, ainda n\u00e3o h\u00e1 nada. EE \u00e9 laser-<img decoding=\"async\" class=\"wp-image-18355 alignright\" src=\"https:\/\/www.emilysentourage.org\/wp-content\/uploads\/Team-EE-Quote-Facebook-300x251.png\" alt=\"\" width=\"428\" height=\"359\" srcset=\"https:\/\/www.emilysentourage.org\/wp-content\/uploads\/Team-EE-Quote-Facebook-300x251.png 300w, https:\/\/www.emilysentourage.org\/wp-content\/uploads\/Team-EE-Quote-Facebook-768x644.png 768w, https:\/\/www.emilysentourage.org\/wp-content\/uploads\/Team-EE-Quote-Facebook-14x12.png 14w, https:\/\/www.emilysentourage.org\/wp-content\/uploads\/Team-EE-Quote-Facebook-600x503.png 600w, https:\/\/www.emilysentourage.org\/wp-content\/uploads\/Team-EE-Quote-Facebook.png 940w\" sizes=\"(max-width: 428px) 100vw, 428px\" \/>concentrados em mudar isso e faz\u00ea-lo rapidamente. Estamos numa corrida de velocidade total para acelerar a investiga\u00e7\u00e3o e o desenvolvimento de medicamentos para os \u00faltimos 10% da comunidade da FC que n\u00e3o beneficiam das actuais terapias direcionadas para as muta\u00e7\u00f5es. Vai juntar-se a n\u00f3s?<\/p>\n<h3><b>Eventos da Equipa EE<\/b><\/h3>\n<ul>\n<li>Broad Street Run - maio (Filad\u00e9lfia, PA)<br \/>\nH\u00e1 anos que a Equipa EE participa na Broad Street Run, uma corrida de 10 milhas que leva 40 000 pessoas \u00e0 zona de Filad\u00e9lfia.<\/li>\n<li>Maratona de Filad\u00e9lfia - novembro (Filad\u00e9lfia, PA)<br \/>\nA EE patrocina uma equipa de atletas de elite da Meia Maratona e da Maratona Completa de Filad\u00e9lfia, que se juntam ao fim de semana de corrida de 60 000 pessoas para angariar fundos para a FC.<\/li>\n<\/ul>\n<h3><b>Patroc\u00ednio<\/b><\/h3>\n<p>Est\u00e3o dispon\u00edveis oportunidades de patroc\u00ednio empresarial para todos os eventos da Equipa EE. <a href=\"https:\/\/www.emilysentourage.org\/pt\/contact-us\/\">Contactar-nos<\/a> para mais informa\u00e7\u00f5es.&nbsp;<br \/>\n<b><\/b><\/p>\n<h3><b>Benef\u00edcios da Equipa EE<\/b><\/h3>\n<ul>\n<li>Kit de ferramentas de angaria\u00e7\u00e3o de fundos com instru\u00e7\u00f5es pormenorizadas sobre como criar uma p\u00e1gina de angaria\u00e7\u00e3o de fundos personalizada<\/li>\n<li>Modelos para partilhar a sua angaria\u00e7\u00e3o de fundos<\/li>\n<li>Dicas e truques dos nossos profissionais de angaria\u00e7\u00e3o de fundos<\/li>\n<li>Babetes de corrida dedicados<\/li>\n<li>Camisolas da equipa EE<\/li>\n<li>Equipa de apoio entusi\u00e1stica no dia da corrida<\/li>\n<\/ul>\n<h3 style=\"text-align: center;\"><a class=\"fasc-button fasc-size-large fasc-type-flat fasc-rounded-medium fasc-style-bold\" style=\"background-color: #462561; color: #ffffff;\" target=\"_blank\" rel=\"noopener\" href=\"https:\/\/www.emilysentourage.org\/pt\/contact-us\/\">CONTACTE-NOS PARA SABER MAIS<\/a><\/h3>","protected":false},"excerpt":{"rendered":"<p>A Team EE \u00e9 a equipa de fitness de benefic\u00eancia da Emily's Entourage (EE). Desde corridas e passeios de bicicleta a aulas de gin\u00e1stica, estes eventos oferecem-lhe uma forma de se manter ativo e de se divertir, ao mesmo tempo que angaria fundos essenciais para apoiar a miss\u00e3o da EE. Ao juntar-se \u00e0 Equipa EE, pode desempenhar um papel importante na nossa miss\u00e3o de acelerar... <\/p>\n<div class=\"clear\"><\/div>\n<p><a href=\"https:\/\/www.emilysentourage.org\/pt\/join-team-ee\/\" class=\"excerpt-read-more\">Ler mais<\/a><\/p>","protected":false},"author":1281,"featured_media":18339,"parent":0,"menu_order":0,"comment_status":"closed","ping_status":"closed","template":"","meta":{"_acf_changed":false,"_seopress_robots_primary_cat":"","_seopress_titles_title":"","_seopress_titles_desc":"","_seopress_robots_index":"","_monsterinsights_skip_tracking":false,"_monsterinsights_sitenote_active":false,"_monsterinsights_sitenote_note":"","_monsterinsights_sitenote_category":0,"footnotes":""},"class_list":["post-18324","page","type-page","status-publish","has-post-thumbnail","hentry"],"acf":[],"jetpack_sharing_enabled":true,"post_mailing_queue_ids":[],"_links":{"self":[{"href":"https:\/\/www.emilysentourage.org\/pt\/wp-json\/wp\/v2\/pages\/18324","targetHints":{"allow":["GET"]}}],"collection":[{"href":"https:\/\/www.emilysentourage.org\/pt\/wp-json\/wp\/v2\/pages"}],"about":[{"href":"https:\/\/www.emilysentourage.org\/pt\/wp-json\/wp\/v2\/types\/page"}],"author":[{"embeddable":true,"href":"https:\/\/www.emilysentourage.org\/pt\/wp-json\/wp\/v2\/users\/1281"}],"replies":[{"embeddable":true,"href":"https:\/\/www.emilysentourage.org\/pt\/wp-json\/wp\/v2\/comments?post=18324"}],"version-history":[{"count":5,"href":"https:\/\/www.emilysentourage.org\/pt\/wp-json\/wp\/v2\/pages\/18324\/revisions"}],"predecessor-version":[{"id":25269,"href":"https:\/\/www.emilysentourage.org\/pt\/wp-json\/wp\/v2\/pages\/18324\/revisions\/25269"}],"wp:featuredmedia":[{"embeddable":true,"href":"https:\/\/www.emilysentourage.org\/pt\/wp-json\/wp\/v2\/media\/18339"}],"wp:attachment":[{"href":"https:\/\/www.emilysentourage.org\/pt\/wp-json\/wp\/v2\/media?parent=18324"}],"curies":[{"name":"wp","href":"https:\/\/api.w.org\/{rel}","templated":true}]}}