{"id":15239,"date":"2021-01-29T13:50:33","date_gmt":"2021-01-29T18:50:33","guid":{"rendered":"https:\/\/www.emilysentourage.org\/?page_id=15239"},"modified":"2021-02-05T11:09:51","modified_gmt":"2021-02-05T16:09:51","slug":"press-release-12-5-20","status":"publish","type":"page","link":"https:\/\/www.emilysentourage.org\/pt\/press-release-12-5-20\/","title":{"rendered":"EE apresenta o primeiro evento de estreia de v\u00eddeo virtual de sempre"},"content":{"rendered":"<h3 style=\"text-align: left;\"><b><i>Organiza\u00e7\u00e3o sem fins lucrativos inovadora angaria fundos essenciais para a fibrose c\u00edstica atrav\u00e9s da primeira campanha virtual de sempre\u00a0<\/i><\/b><\/h3>\n<p><span style=\"font-weight: 400;\">Lower Merion, PA - A Emily's Entourage (EE), uma funda\u00e7\u00e3o 501(c)3 inovadora que angariou milh\u00f5es desde 2011 para acelerar a investiga\u00e7\u00e3o e o desenvolvimento de medicamentos para a Fibrose Qu\u00edstica (FC), apresenta <\/span><b>Estreia do v\u00eddeo virtual \"The Magic Line\" e lan\u00e7amento da campanha <\/b><span style=\"font-weight: 400;\">sobre <\/span><span style=\"font-weight: 400;\">Ter\u00e7a-feira, 8 de dezembro de 2020, \u00e0s 20h00 ET.<\/span><\/p>\n<p><span style=\"font-weight: 400;\">\u00c0 luz da COVID-19, a EE converteu a sua assinatura<\/span><i><span style=\"font-weight: 400;\"> Noite com a comitiva da Emily<\/span><\/i><span style=\"font-weight: 400;\"> que angaria anualmente mais de $800.000, num formato novo e virtual. O resultado \u00e9 uma campanha imersiva e multim\u00e9dia denominada <\/span><b>A Linha M\u00e1gica: <\/b><b><i>Uma campanha virtual para conquistar a Cimeira Final da FC <\/i><\/b><span style=\"font-weight: 400;\">que<\/span><span style=\"font-weight: 400;\"> \u00e9 lan\u00e7ado com o evento de estreia do v\u00eddeo a 8 de dezembro. O evento angaria fundos essenciais para acelerar descobertas m\u00e9dicas que salvam vidas e uma cura para as pessoas com a muta\u00e7\u00e3o nonsense da FC que n\u00e3o beneficiam das terapias direcionadas para a muta\u00e7\u00e3o atualmente dispon\u00edveis.\u00a0<\/span><\/p>\n<p><span style=\"font-weight: 400;\">A estreia do v\u00eddeo apresenta a estreia do v\u00eddeo da campanha de 2021 da EE, uma conversa convincente sobre como alcan\u00e7ar novas alturas com o alpinista de classe mundial e orador motivacional, Adrian Ballinger, testemunhos comoventes da comunidade de FC e observa\u00e7\u00f5es da co-fundadora da EE, Emily Kramer-Golinkoff. O tema \"A Linha M\u00e1gica\" \u00e9 inspirado num percurso at\u00e9 ao topo do K2, a \u00faltima das montanhas de elite com mais de 8000 metros a ser escalada no inverno. \u00c9 uma met\u00e1fora para a miss\u00e3o urgente da EE de acelerar os avan\u00e7os e a cura para o \u00faltimo 10% da comunidade da FC sem terapias espec\u00edficas - o \u00faltimo cume da FC.\u00a0\u00a0<\/span><\/p>\n<p><span style=\"font-weight: 400;\">\"Existem novos tratamentos revolucion\u00e1rios dispon\u00edveis para 90% da popula\u00e7\u00e3o com FC. Infelizmente, as pessoas com muta\u00e7\u00f5es nonsense raras da FQ pertencem aos 10% perif\u00e9ricos que n\u00e3o beneficiam destes novos tratamentos. Na Emily's Entourage, acreditamos que todas as pessoas com FC merecem ter esperan\u00e7a realista num futuro e respirar fundo. \u00c9 por isso que estamos muito empenhados em acelerar os avan\u00e7os que salvam vidas e em curar os \u00faltimos 10% da comunidade da FC, para que ningu\u00e9m fique para tr\u00e1s\", afirma a co-fundadora da EE, Emily Kramer-Golinkoff.\u00a0<\/span><\/p>\n<p><span style=\"font-weight: 400;\">O Video Premiere re\u00fane <\/span><span style=\"font-weight: 400;\">cerca de 800 parceiros empresariais, l\u00edderes filantr\u00f3picos, executivos proeminentes, jovens profissionais, l\u00edderes comunit\u00e1rios e membros das comunidades da FC e das doen\u00e7as raras de todo o mundo. O evento \u00e9 m<\/span><span style=\"font-weight: 400;\">poss\u00edvel gra\u00e7as ao patrocinador \"Presenting\", <a href=\"https:\/\/www.vrtx.com\/\" target=\"_blank\" rel=\"noopener\">Vertex Pharmaceuticals Inc<\/a>O patrocinador \"Ametista\" \u00e9 a Mylan, os patrocinadores \"Violeta\" s\u00e3o a Arrowhead Pharmaceuticals, a Spirovant Sciences, a Tito's Handmade Vodka e a Translate Bio, entre muitos outros.\u00a0<\/span><\/p>\n<p><span style=\"font-weight: 400;\">Para al\u00e9m da estreia do v\u00eddeo e do lan\u00e7amento da campanha em 8 de dezembro, a campanha \"The Magic Line\", com a dura\u00e7\u00e3o de um m\u00eas, inclui conte\u00fados selecionados e v\u00eddeos envolventes, envolvimento entre pares e um leil\u00e3o online com experi\u00eancias \u00fanicas. Culmina a 12 de janeiro de 2021 com uma festa de anivers\u00e1rio e um evento de gratid\u00e3o para celebrar o 36.\u00ba anivers\u00e1rio de Emily e expressar a sua gratid\u00e3o aos <\/span><span style=\"font-weight: 400;\">Entourage pelo seu apoio \u00e0 campanha.<\/span><\/p>\n<p><span style=\"font-weight: 400;\">A EE foi fundada em 2011 por Emily, a sua fam\u00edlia e amigos, que decidiram tomar medidas com as suas pr\u00f3prias m\u00e3os para encontrar avan\u00e7os e uma cura para as pessoas com muta\u00e7\u00f5es sem sentido da FC, uma doen\u00e7a gen\u00e9tica fatal que afecta os pulm\u00f5es e o sistema digestivo. As muta\u00e7\u00f5es sem sentido, embora raras entre as pessoas com FC, s\u00e3o a causa de aproximadamente 12% de todas as doen\u00e7as gen\u00e9ticas, afectando cerca de 30 milh\u00f5es de pessoas em todo o mundo. O impacto da investiga\u00e7\u00e3o revolucion\u00e1ria da EE e do desenvolvimento de medicamentos tem o potencial de se estender muito para al\u00e9m da comunidade da FC, abrangendo as pessoas com uma grande variedade de doen\u00e7as gen\u00e9ticas causadas por muta\u00e7\u00f5es sem sentido, incluindo certas formas de distrofia muscular, doen\u00e7as do sangue e mesmo algumas formas de cancro.<\/span><\/p>\n<p><span style=\"font-weight: 400;\">Os fundos angariados atrav\u00e9s da campanha \"The Magic Line\" deste ano impulsionam a investiga\u00e7\u00e3o da EE que salva vidas para acelerar os avan\u00e7os e a cura da FC. O evento VIdeo Premiere \u00e9 gratuito, mas o registo \u00e9 obrigat\u00f3rio. <\/span><span style=\"font-weight: 400;\">Para mais informa\u00e7\u00f5es e para se registar e adquirir patroc\u00ednios, visite: <\/span><b>EmilysEntourage.org\/TheMagicLine<\/b><\/p>\n<p><span style=\"font-weight: 400;\">###<\/span><\/p>\n<p>&nbsp;<\/p>\n<p><b>Sobre a comitiva de Emily<\/b><\/p>\n<p><i><span style=\"font-weight: 400;\">A Emily's Entourage \u00e9 uma funda\u00e7\u00e3o 501(c)3 inovadora que acelera a investiga\u00e7\u00e3o de novos tratamentos e de uma cura para as muta\u00e7\u00f5es sem sentido da Fibrose Qu\u00edstica (FC), uma doen\u00e7a gen\u00e9tica fatal que afecta principalmente os pulm\u00f5es e o sistema digestivo. Desde 2011, a Emily's Entourage (EE) concedeu milh\u00f5es de d\u00f3lares em bolsas de investiga\u00e7\u00e3o, lan\u00e7ou uma empresa de terapia gen\u00e9tica para a FC recentemente adquirida por uma grande empresa farmac\u00eautica e liderou esfor\u00e7os a n\u00edvel mundial para impulsionar a investiga\u00e7\u00e3o de alto impacto e o desenvolvimento de medicamentos. A organiza\u00e7\u00e3o tem sido referida nos meios de comunica\u00e7\u00e3o social nacionais, incluindo o The New York Times, STAT, CNN, People e outros.<\/span><\/i><\/p>\n<p><i><span style=\"font-weight: 400;\">Para quest\u00f5es relacionadas com a comunica\u00e7\u00e3o social e oportunidades de entrevista, envie um e-mail para admin@emilysentourage.org. <\/span><\/i><i><span style=\"font-weight: 400;\">O v\u00eddeo e as imagens de alta resolu\u00e7\u00e3o est\u00e3o dispon\u00edveis mediante pedido. <\/span><\/i><\/p>","protected":false},"excerpt":{"rendered":"<p>Organiza\u00e7\u00e3o sem fins lucrativos inovadora arrecada fundos cr\u00edticos para a fibrose c\u00edstica por meio da primeira campanha virtual Lower Merion, PA - Emily's Entourage (EE), uma funda\u00e7\u00e3o inovadora 501 (c) 3 que arrecadou milh\u00f5es desde 2011 para acelerar a pesquisa e o desenvolvimento de medicamentos para a fibrose c\u00edstica (CF), apresenta \u201cThe Magic Line\u201d Virtual Video Premiere e Campaign Launch na ter\u00e7a-feira, 8 de dezembro de 2020 em ... <\/p>\n<div class=\"clear\"><\/div>\n<p><a href=\"https:\/\/www.emilysentourage.org\/pt\/press-release-12-5-20\/\" class=\"excerpt-read-more\">Ler mais<\/a><\/p>","protected":false},"author":1281,"featured_media":0,"parent":0,"menu_order":0,"comment_status":"closed","ping_status":"closed","template":"","meta":{"_acf_changed":false,"_seopress_robots_primary_cat":"","_seopress_titles_title":"","_seopress_titles_desc":"","_seopress_robots_index":"","_monsterinsights_skip_tracking":false,"_monsterinsights_sitenote_active":false,"_monsterinsights_sitenote_note":"","_monsterinsights_sitenote_category":0,"footnotes":""},"class_list":["post-15239","page","type-page","status-publish","hentry"],"acf":[],"jetpack_sharing_enabled":true,"post_mailing_queue_ids":[],"_links":{"self":[{"href":"https:\/\/www.emilysentourage.org\/pt\/wp-json\/wp\/v2\/pages\/15239","targetHints":{"allow":["GET"]}}],"collection":[{"href":"https:\/\/www.emilysentourage.org\/pt\/wp-json\/wp\/v2\/pages"}],"about":[{"href":"https:\/\/www.emilysentourage.org\/pt\/wp-json\/wp\/v2\/types\/page"}],"author":[{"embeddable":true,"href":"https:\/\/www.emilysentourage.org\/pt\/wp-json\/wp\/v2\/users\/1281"}],"replies":[{"embeddable":true,"href":"https:\/\/www.emilysentourage.org\/pt\/wp-json\/wp\/v2\/comments?post=15239"}],"version-history":[{"count":5,"href":"https:\/\/www.emilysentourage.org\/pt\/wp-json\/wp\/v2\/pages\/15239\/revisions"}],"predecessor-version":[{"id":15245,"href":"https:\/\/www.emilysentourage.org\/pt\/wp-json\/wp\/v2\/pages\/15239\/revisions\/15245"}],"wp:attachment":[{"href":"https:\/\/www.emilysentourage.org\/pt\/wp-json\/wp\/v2\/media?parent=15239"}],"curies":[{"name":"wp","href":"https:\/\/api.w.org\/{rel}","templated":true}]}}