{"id":10760,"date":"2018-04-11T09:52:24","date_gmt":"2018-04-11T13:52:24","guid":{"rendered":"https:\/\/www.emilysentourage.org\/?page_id=10760"},"modified":"2026-04-13T13:51:47","modified_gmt":"2026-04-13T17:51:47","slug":"careers","status":"publish","type":"page","link":"https:\/\/www.emilysentourage.org\/pt\/careers\/","title":{"rendered":"Carreiras na Emily's Entourage"},"content":{"rendered":"<p>Na Emily's Entourage, estamos a trabalhar para acelerar os avan\u00e7os para as pessoas com muta\u00e7\u00f5es sem sentido da fibrose qu\u00edstica. Como uma organiza\u00e7\u00e3o em crescimento, as nossas necessidades de pessoal continuam a aumentar. As vagas dispon\u00edveis est\u00e3o listadas abaixo e atualizaremos o site \u00e0 medida que novas oportunidades surgirem. Estamos sempre \u00e0 procura de trabalhar com pessoas talentosas, apaixonadas e capazes de fazer mudan\u00e7as. Se estiver interessado em oportunidades de trabalhar com a Emily's Entourage, por favor <a href=\"https:\/\/www.emilysentourage.org\/pt\/contact-us\/\">estender a m\u00e3o<\/a> ou contacte-nos atrav\u00e9s do endere\u00e7o careers@emilysentourage.org.<\/p>\n<h2>Posi\u00e7\u00f5es dispon\u00edveis<\/h2>\n<ul>\n<li><a href=\"https:\/\/www.emilysentourage.org\/pt\/director-of-development\/\" target=\"_blank\" rel=\"noopener\">Director of Development (Full-Time)<\/a><\/li>\n<li><a href=\"https:\/\/www.emilysentourage.org\/pt\/data-operations-and-evaluation-manager\/\" target=\"_blank\" rel=\"noopener\">Data Operations &amp; Evaluation Manager (Full-Time)<\/a><\/li>\n<li><a href=\"https:\/\/www.emilysentourage.org\/pt\/social-media-and-digital-marketing-coordinator-2\/\" target=\"_blank\" rel=\"noopener\">Social Media and Digital Marketing Coordinator (Part-Time\/Contractor)<\/a><\/li>\n<\/ul>\n<h2>Emprego futuro<\/h2>\n<p>A Emily's Entourage orgulha-se de ser um empregador que oferece igualdade de oportunidades. Todos os candidatos ser\u00e3o considerados para emprego sem ter em conta a ra\u00e7a, cor, religi\u00e3o, g\u00e9nero, identidade ou express\u00e3o de g\u00e9nero, orienta\u00e7\u00e3o sexual, nacionalidade, gen\u00e9tica, defici\u00eancia, idade ou estatuto de veterano.<\/p>","protected":false},"excerpt":{"rendered":"<p>Na Emily's Entourage, estamos a trabalhar para acelerar os avan\u00e7os para as pessoas com muta\u00e7\u00f5es sem sentido da fibrose qu\u00edstica. Como uma organiza\u00e7\u00e3o em crescimento, as nossas necessidades de pessoal continuam a aumentar. As vagas dispon\u00edveis est\u00e3o listadas abaixo e atualizaremos o site \u00e0 medida que novas oportunidades surgirem. Estamos sempre \u00e0 procura de trabalhar com pessoas talentosas, apaixonadas e capazes de fazer mudan\u00e7as. Se voc\u00ea... <\/p>\n<div class=\"clear\"><\/div>\n<p><a href=\"https:\/\/www.emilysentourage.org\/pt\/careers\/\" class=\"excerpt-read-more\">Ler mais<\/a><\/p>","protected":false},"author":1284,"featured_media":0,"parent":0,"menu_order":0,"comment_status":"closed","ping_status":"closed","template":"","meta":{"_acf_changed":false,"_seopress_robots_primary_cat":"","_seopress_titles_title":"","_seopress_titles_desc":"","_seopress_robots_index":"","_monsterinsights_skip_tracking":false,"_monsterinsights_sitenote_active":false,"_monsterinsights_sitenote_note":"","_monsterinsights_sitenote_category":0,"footnotes":""},"class_list":["post-10760","page","type-page","status-publish","hentry"],"acf":[],"jetpack_sharing_enabled":true,"post_mailing_queue_ids":[],"_links":{"self":[{"href":"https:\/\/www.emilysentourage.org\/pt\/wp-json\/wp\/v2\/pages\/10760","targetHints":{"allow":["GET"]}}],"collection":[{"href":"https:\/\/www.emilysentourage.org\/pt\/wp-json\/wp\/v2\/pages"}],"about":[{"href":"https:\/\/www.emilysentourage.org\/pt\/wp-json\/wp\/v2\/types\/page"}],"author":[{"embeddable":true,"href":"https:\/\/www.emilysentourage.org\/pt\/wp-json\/wp\/v2\/users\/1284"}],"replies":[{"embeddable":true,"href":"https:\/\/www.emilysentourage.org\/pt\/wp-json\/wp\/v2\/comments?post=10760"}],"version-history":[{"count":5,"href":"https:\/\/www.emilysentourage.org\/pt\/wp-json\/wp\/v2\/pages\/10760\/revisions"}],"predecessor-version":[{"id":26134,"href":"https:\/\/www.emilysentourage.org\/pt\/wp-json\/wp\/v2\/pages\/10760\/revisions\/26134"}],"wp:attachment":[{"href":"https:\/\/www.emilysentourage.org\/pt\/wp-json\/wp\/v2\/media?parent=10760"}],"curies":[{"name":"wp","href":"https:\/\/api.w.org\/{rel}","templated":true}]}}