{"id":18991,"date":"2023-05-31T16:31:13","date_gmt":"2023-05-31T20:31:13","guid":{"rendered":"https:\/\/www.emilysentourage.org\/?page_id=18991"},"modified":"2023-08-02T16:18:40","modified_gmt":"2023-08-02T20:18:40","slug":"funding-opportunities","status":"publish","type":"page","link":"https:\/\/www.emilysentourage.org\/it\/funding-opportunities\/","title":{"rendered":"Opportunit\u00e0 di finanziamento"},"content":{"rendered":"<p><span style=\"font-weight: 400;\">Emily's Entourage (EE) fornisce finanziamenti fondamentali per accelerare la ricerca e lo sviluppo di farmaci per i soggetti appartenenti all'ultimo 10% della comunit\u00e0 FC che non traggono beneficio dai modulatori CFTR esistenti, compresi quelli con mutazioni rare e nonsense.\u00a0<\/span><\/p>\n<p><span style=\"font-weight: 400;\">Ad oggi, EE ha concesso sovvenzioni a ricercatori di tutto il mondo e ha contribuito a garantire milioni di dollari in finanziamenti successivi. I progetti di ricerca finanziati da EE hanno compiuto progressi significativi nell'avanzamento dello sviluppo terapeutico, con un certo numero di progetti attualmente in fase preclinica.<\/span><\/p>\n<p>EE fornisce finanziamenti attraverso diversi meccanismi di sovvenzione.<\/p>\n<h2><b>Sovvenzioni per la traduzione<\/b><\/h2>\n<p><span style=\"font-weight: 400;\">Il programma di sovvenzioni translazionali dell'EE fornisce finanziamenti fondamentali a ricercatori innovativi con strategie promettenti che accelerano la ricerca e lo sviluppo di farmaci per coloro che fanno parte dell'ultimo 10% della comunit\u00e0 FC che non traggono beneficio dai modulatori CFTR, compresi quelli con mutazioni rare e nonsense.\u00a0<\/span><\/p>\n<p><span style=\"font-weight: 400;\">Il sostegno \u00e8 disponibile per $100.000 all'anno (pi\u00f9 10% per i costi indiretti). In genere, il finanziamento ha una durata di due anni. La continuazione del finanziamento \u00e8 subordinata ai progressi compiuti, che vengono comunicati ogni sei mesi. <a href=\"https:\/\/www.emilysentourage.org\/it\/translational-grants\/\" target=\"_blank\" rel=\"noopener\">Per saperne di pi\u00f9 sul programma di sovvenzioni translazionali di EE<\/a>.<\/span><\/p>\n<h2><b>Sovvenzioni collaborative<\/b><\/h2>\n<p><span style=\"font-weight: 400;\">Le sovvenzioni collaborative di EE sostengono progetti di ricerca che riuniscono pi\u00f9 ricercatori con diverse aree di competenza per affrontare congiuntamente le sfide dello sviluppo di terapie per gli individui che rientrano nell'ultimo 10% della comunit\u00e0 CF e che non beneficiano dei modulatori CFTR, compresi quelli con mutazioni rare e nonsense.\u00a0<\/span><\/p>\n<p><span style=\"font-weight: 400;\">Queste sovvenzioni vengono assegnate a team di <\/span>tre o pi\u00f9 investigatori<span style=\"font-weight: 400;\"> con competenze complementari per far progredire lo sviluppo terapeutico in modi che non potrebbero essere raggiunti senza un approccio collaborativo. <\/span><span style=\"font-weight: 400;\">Il<\/span> <span style=\"font-weight: 400;\">L'importo del finanziamento \u00e8 determinato dalla portata e dal budget del progetto. <\/span><span style=\"font-weight: 400;\">I candidati possono richiedere un finanziamento per sostenere il progetto per un totale di<\/span> <span style=\"font-weight: 400;\">tre anni. <a href=\"https:\/\/www.emilysentourage.org\/it\/collaborative-grants\/\" target=\"_blank\" rel=\"noopener\">Per saperne di pi\u00f9 sulle sovvenzioni collaborative di EE<\/a>.<\/span><\/p>\n<h2><b>Investimenti filantropici di rischio<\/b><\/h2>\n<p><span style=\"font-weight: 400;\">Oltre a fornire sovvenzioni, EE promuove la ricerca e lo sviluppo terapeutico con investimenti strategici effettuati attraverso un modello di venture philanthropy. Utilizzando questo approccio imprenditoriale, EE fornisce finanziamenti early-stage alle aziende per accelerare lo sviluppo di terapie promettenti e di una cura per le persone affette da FC che non beneficiano delle terapie con modulatori CFTR attualmente disponibili. <a href=\"https:\/\/www.emilysentourage.org\/it\/venture-philanthropy-investments\/\" target=\"_blank\" rel=\"noopener\">Per saperne di pi\u00f9 sugli investimenti di EE nella filantropia di rischio<\/a>.\u00a0<\/span><\/p>","protected":false},"excerpt":{"rendered":"<p>Emily's Entourage (EE) fornisce finanziamenti fondamentali per accelerare la ricerca e lo sviluppo di farmaci per le persone che rientrano nell'ultimo 10% della comunit\u00e0 FC e che non traggono beneficio dai modulatori CFTR esistenti, comprese quelle con mutazioni rare e nonsense.  Ad oggi, EE ha concesso sovvenzioni a ricercatori di tutto il mondo e ha contribuito a garantire milioni di... <\/p>\n<div class=\"clear\"><\/div>\n<p><a href=\"https:\/\/www.emilysentourage.org\/it\/funding-opportunities\/\" class=\"excerpt-read-more\">Per saperne di pi\u00f9<\/a><\/p>","protected":false},"author":1361,"featured_media":0,"parent":0,"menu_order":0,"comment_status":"closed","ping_status":"closed","template":"","meta":{"_acf_changed":false,"_seopress_robots_primary_cat":"","_seopress_titles_title":"%%sitetitle%% %%sep%% %%post_title%%","_seopress_titles_desc":"%%post_excerpt%%","_seopress_robots_index":"","_seopress_analysis_target_kw":"","_monsterinsights_skip_tracking":false,"_monsterinsights_sitenote_active":false,"_monsterinsights_sitenote_note":"","_monsterinsights_sitenote_category":0,"footnotes":""},"class_list":["post-18991","page","type-page","status-publish","hentry"],"acf":[],"jetpack_sharing_enabled":true,"post_mailing_queue_ids":[],"_links":{"self":[{"href":"https:\/\/www.emilysentourage.org\/it\/wp-json\/wp\/v2\/pages\/18991","targetHints":{"allow":["GET"]}}],"collection":[{"href":"https:\/\/www.emilysentourage.org\/it\/wp-json\/wp\/v2\/pages"}],"about":[{"href":"https:\/\/www.emilysentourage.org\/it\/wp-json\/wp\/v2\/types\/page"}],"author":[{"embeddable":true,"href":"https:\/\/www.emilysentourage.org\/it\/wp-json\/wp\/v2\/users\/1361"}],"replies":[{"embeddable":true,"href":"https:\/\/www.emilysentourage.org\/it\/wp-json\/wp\/v2\/comments?post=18991"}],"version-history":[{"count":5,"href":"https:\/\/www.emilysentourage.org\/it\/wp-json\/wp\/v2\/pages\/18991\/revisions"}],"predecessor-version":[{"id":19816,"href":"https:\/\/www.emilysentourage.org\/it\/wp-json\/wp\/v2\/pages\/18991\/revisions\/19816"}],"wp:attachment":[{"href":"https:\/\/www.emilysentourage.org\/it\/wp-json\/wp\/v2\/media?parent=18991"}],"curies":[{"name":"wp","href":"https:\/\/api.w.org\/{rel}","templated":true}]}}