{"id":16142,"date":"2021-10-15T14:01:34","date_gmt":"2021-10-15T18:01:34","guid":{"rendered":"https:\/\/www.emilysentourage.org\/?page_id=16142"},"modified":"2021-12-10T15:04:58","modified_gmt":"2021-12-10T20:04:58","slug":"cf-crew","status":"publish","type":"page","link":"https:\/\/www.emilysentourage.org\/it\/cf-crew\/","title":{"rendered":"Unisciti all'equipaggio di CureFinders"},"content":{"rendered":"<p><span style=\"font-weight: 400;\"><img fetchpriority=\"high\" decoding=\"async\" class=\"alignnone wp-image-16212\" src=\"https:\/\/www.emilysentourage.org\/wp-content\/uploads\/CF-Crew-webpage-header-300x100.png\" alt=\"\" width=\"1385\" height=\"462\" srcset=\"https:\/\/www.emilysentourage.org\/wp-content\/uploads\/CF-Crew-webpage-header-300x100.png 300w, https:\/\/www.emilysentourage.org\/wp-content\/uploads\/CF-Crew-webpage-header-1024x341.png 1024w, https:\/\/www.emilysentourage.org\/wp-content\/uploads\/CF-Crew-webpage-header-768x256.png 768w, https:\/\/www.emilysentourage.org\/wp-content\/uploads\/CF-Crew-webpage-header-1536x512.png 1536w, https:\/\/www.emilysentourage.org\/wp-content\/uploads\/CF-Crew-webpage-header-2048x683.png 2048w, https:\/\/www.emilysentourage.org\/wp-content\/uploads\/CF-Crew-webpage-header-18x6.png 18w, https:\/\/www.emilysentourage.org\/wp-content\/uploads\/CF-Crew-webpage-header-600x200.png 600w\" sizes=\"(max-width: 1385px) 100vw, 1385px\" \/><\/span><\/p>\n<p><span style=\"font-weight: 400;\">Nessuno pi\u00f9 di coloro che convivono con la malattia e delle persone che li amano ha un interesse pi\u00f9 profondo a compiere rapidi progressi per il 10% finale della comunit\u00e0 della fibrosi cistica (FC). La CureFinders Crew (CF Crew) \u00e8 stata creata pensando a voi: per fornire uno spazio in cui la comunit\u00e0 FC possa riunirsi a sostegno della missione di Emily's Entourage (EE) di accelerare la ricerca e lo sviluppo di farmaci salvavita per gli ultimi 10% della comunit\u00e0 FC, compresi quelli con mutazioni nonsense della FC.<\/span><\/p>\n<blockquote><p><span style=\"font-weight: 400;\">Non sottovalutate mai la vostra voce, il vostro cervello, la vostra creativit\u00e0, le vostre idee e il vostro potere. Muovono le montagne. - Emily Kramer-Golinkoff, cofondatrice, Emily's Entourage<\/span><\/p><\/blockquote>\n<h3><strong>Perch\u00e9 unirsi all'equipaggio di CF?<\/strong><\/h3>\n<h3><strong><img decoding=\"async\" class=\"alignright wp-image-16143\" src=\"https:\/\/www.emilysentourage.org\/wp-content\/uploads\/Quote-6.png\" alt=\"\" width=\"400\" height=\"372\" srcset=\"https:\/\/www.emilysentourage.org\/wp-content\/uploads\/Quote-6.png 959w, https:\/\/www.emilysentourage.org\/wp-content\/uploads\/Quote-6-300x279.png 300w, https:\/\/www.emilysentourage.org\/wp-content\/uploads\/Quote-6-768x715.png 768w, https:\/\/www.emilysentourage.org\/wp-content\/uploads\/Quote-6-13x12.png 13w, https:\/\/www.emilysentourage.org\/wp-content\/uploads\/Quote-6-600x559.png 600w\" sizes=\"(max-width: 400px) 100vw, 400px\" \/><\/strong><\/h3>\n<p><span style=\"font-weight: 400;\">Emily's Entourage crede che NESSUNO debba essere lasciato indietro e che ogni singola persona affetta da FC meriti una speranza realistica per un futuro e un respiro profondo. Come parte della CF Crew, potete aiutarci a ottenere i cambiamenti necessari per il 10% finale condividendo la vostra storia e coinvolgendo la vostra rete. Avete il potere di fare la differenza e di contribuire a finanziare il nostro investimento aggressivo nella ricerca e nello sviluppo di farmaci, avvicinandoci al nostro obiettivo comune di ottenere rapidi progressi per 100% della comunit\u00e0 FC -. <b>nessuno viene lasciato indietro<\/b>.&nbsp;<\/span><\/p>\n<h3><strong>Chi pu\u00f2 partecipare?<\/strong><\/h3>\n<p><span style=\"font-weight: 400;\">La CF Crew \u00e8 aperta a tutti coloro che hanno un legame con la FC, sia che facciano parte dell'ultimo 10% sia che facciano parte del 90% che ha sperimentato, in prima persona, l'impatto che cambia la vita di una terapia mirata alle mutazioni.&nbsp;<\/span><\/p>\n<p><span style=\"font-weight: 400;\">Entrerete a far parte di un gruppo speciale di famiglie di fibrosi cistica che stanno lavorando per ottenere progressi rapidi e radicali per il 10% finale. E, come sapete pi\u00f9 intimamente di chiunque altro, questi progressi non potranno mai arrivare abbastanza presto!<\/span><\/p>\n<p style=\"text-align: center;\">&nbsp;<a class=\"fasc-button fasc-size-large fasc-type-flat fasc-rounded-medium fasc-style-bold\" style=\"background-color: #462561; color: #ffffff;\" target=\"_blank\" href=\"https:\/\/www.emilysentourage.org\/it\/contact-us\/\" rel=\"noopener\">CONTATTACI PER SAPERNE DI PI\u00d9<\/a><\/p>","protected":false},"excerpt":{"rendered":"<p>Nessuno pi\u00f9 di coloro che convivono con la malattia e delle persone che li amano ha un interesse pi\u00f9 profondo per un rapido progresso dei 10% finali della comunit\u00e0 della fibrosi cistica (FC). La CureFinders Crew (CF Crew) \u00e8 stata creata pensando a voi, per fornire uno spazio in cui la comunit\u00e0 FC possa... <\/p>\n<div class=\"clear\"><\/div>\n<p><a href=\"https:\/\/www.emilysentourage.org\/it\/cf-crew\/\" class=\"excerpt-read-more\">Per saperne di pi\u00f9<\/a><\/p>","protected":false},"author":1281,"featured_media":16211,"parent":0,"menu_order":0,"comment_status":"closed","ping_status":"closed","template":"","meta":{"_acf_changed":false,"_seopress_robots_primary_cat":"","_seopress_titles_title":"Emily&#039;s Entourage &gt;&gt; Join the CureFinders Crew","_seopress_titles_desc":"The CureFinders Crew (CF Crew) was created with the cystic fibrosis community in mind \u2014 to provide a space where they can come together in support of Emily\u2019s Entourage\u2019s (EE\u2019s) mission to speed lifesaving research and drug development for the final 10% of the CF community.","_seopress_robots_index":"","_monsterinsights_skip_tracking":false,"_monsterinsights_sitenote_active":false,"_monsterinsights_sitenote_note":"","_monsterinsights_sitenote_category":0,"footnotes":""},"class_list":["post-16142","page","type-page","status-publish","has-post-thumbnail","hentry"],"acf":[],"jetpack_sharing_enabled":true,"post_mailing_queue_ids":[],"_links":{"self":[{"href":"https:\/\/www.emilysentourage.org\/it\/wp-json\/wp\/v2\/pages\/16142","targetHints":{"allow":["GET"]}}],"collection":[{"href":"https:\/\/www.emilysentourage.org\/it\/wp-json\/wp\/v2\/pages"}],"about":[{"href":"https:\/\/www.emilysentourage.org\/it\/wp-json\/wp\/v2\/types\/page"}],"author":[{"embeddable":true,"href":"https:\/\/www.emilysentourage.org\/it\/wp-json\/wp\/v2\/users\/1281"}],"replies":[{"embeddable":true,"href":"https:\/\/www.emilysentourage.org\/it\/wp-json\/wp\/v2\/comments?post=16142"}],"version-history":[{"count":5,"href":"https:\/\/www.emilysentourage.org\/it\/wp-json\/wp\/v2\/pages\/16142\/revisions"}],"predecessor-version":[{"id":16447,"href":"https:\/\/www.emilysentourage.org\/it\/wp-json\/wp\/v2\/pages\/16142\/revisions\/16447"}],"wp:featuredmedia":[{"embeddable":true,"href":"https:\/\/www.emilysentourage.org\/it\/wp-json\/wp\/v2\/media\/16211"}],"wp:attachment":[{"href":"https:\/\/www.emilysentourage.org\/it\/wp-json\/wp\/v2\/media?parent=16142"}],"curies":[{"name":"wp","href":"https:\/\/api.w.org\/{rel}","templated":true}]}}