{"id":15775,"date":"2021-09-10T10:17:04","date_gmt":"2021-09-10T14:17:04","guid":{"rendered":"https:\/\/www.emilysentourage.org\/?page_id=15775"},"modified":"2024-10-08T12:48:00","modified_gmt":"2024-10-08T16:48:00","slug":"become-a-champion","status":"publish","type":"page","link":"https:\/\/www.emilysentourage.org\/it\/become-a-champion\/","title":{"rendered":"Diventa un campione"},"content":{"rendered":"<p>&nbsp;<\/p>\n<p><span style=\"font-weight: 400;\"><img fetchpriority=\"high\" decoding=\"async\" class=\"alignnone wp-image-15784\" src=\"https:\/\/www.emilysentourage.org\/wp-content\/uploads\/Champions-webpage-header-1-2-300x100.png\" alt=\"\" width=\"1385\" height=\"462\" srcset=\"https:\/\/www.emilysentourage.org\/wp-content\/uploads\/Champions-webpage-header-1-2-300x100.png 300w, https:\/\/www.emilysentourage.org\/wp-content\/uploads\/Champions-webpage-header-1-2-1024x341.png 1024w, https:\/\/www.emilysentourage.org\/wp-content\/uploads\/Champions-webpage-header-1-2-768x256.png 768w, https:\/\/www.emilysentourage.org\/wp-content\/uploads\/Champions-webpage-header-1-2-1536x512.png 1536w, https:\/\/www.emilysentourage.org\/wp-content\/uploads\/Champions-webpage-header-1-2-2048x683.png 2048w, https:\/\/www.emilysentourage.org\/wp-content\/uploads\/Champions-webpage-header-1-2-18x6.png 18w, https:\/\/www.emilysentourage.org\/wp-content\/uploads\/Champions-webpage-header-1-2-600x200.png 600w\" sizes=\"(max-width: 1385px) 100vw, 1385px\" \/><\/span><\/p>\n<p><span style=\"font-weight: 400;\">A <\/span><a href=\"https:\/\/www.emilysentourage.org\/it\/about-emilys-entourage\/\"><span style=\"font-weight: 400;\">Emily's Entourage<\/span><\/a><span style=\"font-weight: 400;\"> (EE), crediamo che la magia possa accadere quando si crede nel proprio potere di fare la differenza. Il nostro programma Champions celebra i leader filantropici che hanno riconosciuto le loro capacit\u00e0 di cambiamento e ci aiutano ad accelerare le scoperte salvavita e una cura per le persone affette da <\/span><a href=\"https:\/\/www.emilysentourage.org\/it\/about-cystic-fibrosis\/\"><span style=\"font-weight: 400;\">fibrosi cistica<\/span><\/a><span style=\"font-weight: 400;\"> (FC) che non traggono beneficio dalle terapie attualmente disponibili.<br \/>\n<\/span><\/p>\n<h3><strong>Perch\u00e9 diventare un campione?<\/strong><\/h3>\n<p><span style=\"font-weight: 400;\">I Campioni si impegnano a fare la differenza e condividono la nostra convinzione che ognuno di noi abbia il potere di cambiare il mondo in meglio. Quando si diventa Campioni, si entra a far parte di quella forza dirompente e capace di cambiare il mondo che \u00e8 EE.&nbsp;<\/span><\/p>\n<p><span style=\"font-weight: 400;\">Oltre a fare la differenza nella vita delle persone affette da fibrosi cistica, i nostri Campioni hanno l'opportunit\u00e0 di entrare in contatto con altri leader filantropici e di essere celebrati in vari modi, tra cui il riconoscimento sui nostri canali digitali e in occasione delle nostre serate di gala annuali. Inoltre, la migliore raccolta fondi si aggiudicher\u00e0 il premio \"Campione dell'anno\"!<br \/>\n<\/span><\/p>\n<h3><strong><img decoding=\"async\" class=\"wp-image-19872 size-medium alignright\" src=\"https:\/\/www.emilysentourage.org\/wp-content\/uploads\/Website-Quote-Lexi-Pace-2-300x300.png\" alt=\"\" width=\"300\" height=\"300\" srcset=\"https:\/\/www.emilysentourage.org\/wp-content\/uploads\/Website-Quote-Lexi-Pace-2-300x300.png 300w, https:\/\/www.emilysentourage.org\/wp-content\/uploads\/Website-Quote-Lexi-Pace-2-1024x1024.png 1024w, https:\/\/www.emilysentourage.org\/wp-content\/uploads\/Website-Quote-Lexi-Pace-2-150x150.png 150w, https:\/\/www.emilysentourage.org\/wp-content\/uploads\/Website-Quote-Lexi-Pace-2-768x768.png 768w, https:\/\/www.emilysentourage.org\/wp-content\/uploads\/Website-Quote-Lexi-Pace-2-1536x1536.png 1536w, https:\/\/www.emilysentourage.org\/wp-content\/uploads\/Website-Quote-Lexi-Pace-2-2048x2048.png 2048w, https:\/\/www.emilysentourage.org\/wp-content\/uploads\/Website-Quote-Lexi-Pace-2-12x12.png 12w, https:\/\/www.emilysentourage.org\/wp-content\/uploads\/Website-Quote-Lexi-Pace-2-600x600.png 600w, https:\/\/www.emilysentourage.org\/wp-content\/uploads\/Website-Quote-Lexi-Pace-2-100x100.png 100w\" sizes=\"(max-width: 300px) 100vw, 300px\" \/><\/strong><\/h3>\n<h3><strong>Chi pu\u00f2 partecipare?<\/strong><\/h3>\n<p><span style=\"font-weight: 400;\">Il programma Champions \u00e8 aperto a tutti, di qualsiasi et\u00e0. Registratevi come singoli, con un partner o come squadra (ad esempio: coniugi, amici, fratelli e sorelle, coinquilini, confraternite, colleghi, squadre sportive, classi scolastiche). Il cielo \u00e8 il limite e non ci sono requisiti di et\u00e0!<\/span><\/p>\n<h3><strong>Impegno<\/strong><\/h3>\n<p><span style=\"font-weight: 400;\">Quando ci si iscrive per diventare un Campione di Emily's Entourage, ci si impegna a raggiungere un obiettivo di raccolta fondi pari a $1.500. Ci sono diversi modi per raggiungere il vostro obiettivo, come ad esempio raggiungere la vostra rete di contatti tramite i social media o le e-mail, prendere uno dei vostri hobby o attivit\u00e0 preferite e trasformarlo in una raccolta fondi, donare un oggetto all'asta Charitybuzz di EE e altro ancora! Le opportunit\u00e0 sono infinite!&nbsp;<\/span><\/p>\n<p><span style=\"font-weight: 400;\">Non preoccupatevi, ci assicureremo che siate ben attrezzati per fare questa \"richiesta\" alle vostre connessioni, qualunque sia la strada che decidiate di intraprendere. Quando vi iscrivete per diventare un Campione, avrete a disposizione una serie di risorse, tra cui:<\/span><\/p>\n<ul>\n<li style=\"font-weight: 400;\" aria-level=\"1\"><span style=\"font-weight: 400;\">Una pagina di raccolta fondi personalizzata<\/span><\/li>\n<li style=\"font-weight: 400;\" aria-level=\"1\"><span style=\"font-weight: 400;\">Modelli di e-mail e testi personalizzati per semplificare le comunicazioni con i vostri donatori<\/span><\/li>\n<li style=\"font-weight: 400;\" aria-level=\"1\"><span style=\"font-weight: 400;\">Sostegno e consulenza da parte del presidente del sottocomitato Champions e del personale EE<\/span><\/li>\n<\/ul>\n<h3><strong>Siete interessati a iscrivervi?<\/strong><\/h3>\n<p style=\"text-align: center;\"><a class=\"fasc-button fasc-size-large fasc-type-flat fasc-rounded-medium fasc-style-bold\" style=\"background-color: #462561; color: #ffffff;\" target=\"_blank\" href=\"https:\/\/forms.gle\/GWpucfM95KzYLckG7\" rel=\"noopener\">DIVENTARE UN CAMPIONE<\/a> &nbsp; &nbsp;&nbsp;<a class=\"fasc-button fasc-size-large fasc-type-flat fasc-rounded-medium fasc-style-bold\" style=\"background-color: #462561; color: #ffffff;\" target=\"_blank\" href=\"https:\/\/forms.gle\/9T1pp9XU6vG9Z57j6\" rel=\"noopener\">NOMINARE UN CAMPIONE<\/a><\/p>\n<blockquote><p>&nbsp;<\/p>\n<p><span style=\"font-weight: 400;\">\"\u00c8 un po' metaforico, ma la cosa di cui sono pi\u00f9 orgogliosa \u00e8 ci\u00f2 che Emily's Entourage rappresenta dell'umanit\u00e0 e delle persone: quanto le persone vogliono essere parte del cambiamento e quanto si preoccupano degli altri. Essere in prima linea e vedere quante persone non hanno altri legami con la fibrosi cistica se non ascoltare la nostra storia, sentirla toccare i loro cuori e unirsi alla nostra squadra, \u00e8 davvero la cosa pi\u00f9 commovente del mondo\". - Emily Kramer-Golinkoff, cofondatrice, Emily's Entourage<\/span><\/p><\/blockquote>","protected":false},"excerpt":{"rendered":"<p>&nbsp; Noi di Emily's Entourage (EE) crediamo che la magia possa accadere quando si crede nel proprio potere di fare la differenza. Il nostro programma Champions celebra i leader filantropici che hanno riconosciuto le loro capacit\u00e0 di cambiamento e ci aiutano ad accelerare le scoperte salvavita e una cura per le persone affette da fibrosi cistica (FC) che non beneficiano delle attuali... <\/p>\n<div class=\"clear\"><\/div>\n<p><a href=\"https:\/\/www.emilysentourage.org\/it\/become-a-champion\/\" class=\"excerpt-read-more\">Per saperne di pi\u00f9<\/a><\/p>","protected":false},"author":1281,"featured_media":15792,"parent":0,"menu_order":0,"comment_status":"closed","ping_status":"closed","template":"","meta":{"_acf_changed":false,"_seopress_robots_primary_cat":"","_seopress_titles_title":"Emily's Entourage >> Become a Champion","_seopress_titles_desc":"Our Champions program celebrates philanthropic leaders who have recognized their change-making abilities and are helping us speed lifesaving breakthroughs and a cure for people with nonsense mutations of cystic fibrosis.","_seopress_robots_index":"","_monsterinsights_skip_tracking":false,"_monsterinsights_sitenote_active":false,"_monsterinsights_sitenote_note":"","_monsterinsights_sitenote_category":0,"footnotes":""},"class_list":["post-15775","page","type-page","status-publish","has-post-thumbnail","hentry"],"acf":[],"jetpack_sharing_enabled":true,"post_mailing_queue_ids":[],"_links":{"self":[{"href":"https:\/\/www.emilysentourage.org\/it\/wp-json\/wp\/v2\/pages\/15775","targetHints":{"allow":["GET"]}}],"collection":[{"href":"https:\/\/www.emilysentourage.org\/it\/wp-json\/wp\/v2\/pages"}],"about":[{"href":"https:\/\/www.emilysentourage.org\/it\/wp-json\/wp\/v2\/types\/page"}],"author":[{"embeddable":true,"href":"https:\/\/www.emilysentourage.org\/it\/wp-json\/wp\/v2\/users\/1281"}],"replies":[{"embeddable":true,"href":"https:\/\/www.emilysentourage.org\/it\/wp-json\/wp\/v2\/comments?post=15775"}],"version-history":[{"count":5,"href":"https:\/\/www.emilysentourage.org\/it\/wp-json\/wp\/v2\/pages\/15775\/revisions"}],"predecessor-version":[{"id":23317,"href":"https:\/\/www.emilysentourage.org\/it\/wp-json\/wp\/v2\/pages\/15775\/revisions\/23317"}],"wp:featuredmedia":[{"embeddable":true,"href":"https:\/\/www.emilysentourage.org\/it\/wp-json\/wp\/v2\/media\/15792"}],"wp:attachment":[{"href":"https:\/\/www.emilysentourage.org\/it\/wp-json\/wp\/v2\/media?parent=15775"}],"curies":[{"name":"wp","href":"https:\/\/api.w.org\/{rel}","templated":true}]}}