{"id":25771,"date":"2025-09-18T01:34:22","date_gmt":"2025-09-18T05:34:22","guid":{"rendered":"https:\/\/www.emilysentourage.org\/?page_id=25771"},"modified":"2026-03-05T15:00:54","modified_gmt":"2026-03-05T19:00:54","slug":"ctcprivacy","status":"publish","type":"page","link":"https:\/\/www.emilysentourage.org\/fr_ca\/ctcprivacy\/","title":{"rendered":"Politique de confidentialit\u00e9 de CF Clinical Trial Connect"},"content":{"rendered":"<p style=\"text-align: center;\"><em>Le pr\u00e9sent avis de confidentialit\u00e9 vous informe sur la mani\u00e8re dont nous collectons, utilisons et divulguons vos donn\u00e9es \u00e0 caract\u00e8re personnel. Il d\u00e9crit \u00e9galement les choix qui s'offrent \u00e0 vous en ce qui concerne vos donn\u00e9es personnelles. Veuillez lire attentivement cet avis de confidentialit\u00e9 avant de nous soumettre vos donn\u00e9es personnelles.<\/em><\/p>\n<h2><strong>1. \u00c0 PROPOS DE L'ENTOURAGE D'EMILY ET DU PR\u00c9SENT AVIS DE CONFIDENTIALIT\u00c9<\/strong><\/h2>\n<p><strong><em>La section suivante fournit des informations g\u00e9n\u00e9rales sur Emily's Entourage (EE) et sur le respect de la vie priv\u00e9e. <\/em><em>avis.<\/em><\/strong><\/p>\n<p>1.1<strong> \u00c0 propos de l'avis.<\/strong> Le pr\u00e9sent avis de confidentialit\u00e9 (le <strong>\"Avis\"<\/strong>) r\u00e9git le traitement des donn\u00e9es \u00e0 caract\u00e8re personnel collect\u00e9es aupr\u00e8s des utilisateurs individuels (<strong>\"vous\"<\/strong> et <strong>\"votre\"<\/strong>) par le biais du site web Emily's Entourage CF Clinical Trial Connect (CTC) <a href=\"https:\/\/emilysentourage.my.site.com\/registry\/s\/login\/\" target=\"_blank\" rel=\"noopener\">https:\/\/emilysentourage.my.site.com\/registry\/s\/login\/<\/a> (le \"site web\"), les formulaires en ligne et physiques, et nos services de mise en relation pour les essais cliniques (collectivement, les \"services EE\"). Le pr\u00e9sent avis ne couvre pas les sites web, applications, logiciels ou services de tiers qui s'int\u00e8grent aux services EE ou \u00e0 tout autre produit ou service de tiers.<\/p>\n<p>1.2 <strong>Responsable du traitement des donn\u00e9es.<\/strong> Les Services d'EE sont fournis par Cystic Fibrosis Research Fund, Inc. (DBA Emily's Entourage), dont l'adresse est PO Box 71, Merion Station, PA 19066, USA (\" les Services d'EE sont fournis par Cystic Fibrosis Research Fund, Inc.<strong>nous<\/strong>,\" \"<strong>nous<\/strong>,\" et \"<strong>notre<\/strong>\"). Nous agissons en qualit\u00e9 de responsable du traitement des donn\u00e9es \u00e0 caract\u00e8re personnel que vous nous fournissez.<\/p>\n<p>1.3 <strong>Les enfants<\/strong>. Certaines des donn\u00e9es personnelles que vous nous fournissez peuvent appartenir \u00e0 des enfants. Nous ne recueillons ces donn\u00e9es qu'avec le consentement \u00e9crit explicite des parents ou des tuteurs l\u00e9gaux de l'enfant. Si vous apprenez que les donn\u00e9es personnelles d'un enfant nous ont \u00e9t\u00e9 fournies sans ce consentement valable et que vous \u00eates un parent ou un tuteur l\u00e9gal de cet enfant, veuillez nous contacter imm\u00e9diatement \u00e0 l'adresse suivante <a href=\"mailto:admin@emilysentourage.org\" target=\"_blank\" rel=\"noopener\">admin@emilysentourage.org<\/a>.<\/p>\n<p>1.4<strong> Dur\u00e9e et r\u00e9siliation.<\/strong> Le pr\u00e9sent avis entre en vigueur \u00e0 la date d'entr\u00e9e en vigueur indiqu\u00e9e en haut de l'avis et reste valable jusqu'\u00e0 ce que nous le r\u00e9silions ou le mettions \u00e0 jour.<\/p>\n<p>1.5 <strong>Amendements.<\/strong> Nous pouvons modifier le pr\u00e9sent avis de temps \u00e0 autre, si n\u00e9cessaire, pour tenir compte des changements apport\u00e9s \u00e0 nos pratiques commerciales, aux services EE, au site web ou aux lois, r\u00e9glementations et normes qui nous sont applicables. La version modifi\u00e9e de l'avis sera publi\u00e9e sur cette page et, si nous disposons de votre adresse \u00e9lectronique, nous vous enverrons des informations sur tous les changements que nous avons mis en \u0153uvre. Nous vous encourageons \u00e0 consulter r\u00e9guli\u00e8rement notre Avis pour rester inform\u00e9.<\/p>\n<h2><strong>2. QUELLES SONT LES DONN\u00c9ES COLLECT\u00c9ES ? <\/strong><\/h2>\n<p><em><strong>La section suivante donne un aper\u00e7u des donn\u00e9es personnelles que nous collectons aupr\u00e8s de vous ou des personnes que vous repr\u00e9sentez, des fins auxquelles nous les utilisons, des donn\u00e9es techniques collect\u00e9es automatiquement lorsque vous utilisez le site web et de la mani\u00e8re dont nous communiquons avec vous.<\/strong><\/em><\/p>\n<p>2.1 Nous respectons les principes de minimisation des donn\u00e9es et utilisons les donn\u00e9es \u00e0 caract\u00e8re personnel \u00e0 des fins limit\u00e9es, comme expliqu\u00e9 dans le pr\u00e9sent avis. Vous trouverez ci-dessous un aper\u00e7u des types de donn\u00e9es \u00e0 caract\u00e8re personnel que nous collectons, des finalit\u00e9s pour lesquelles nous les utilisons et des bases juridiques sur lesquelles nous nous appuyons pour les traiter.<\/p>\n<p>2.2 <strong>Sources de donn\u00e9es personnelles.<\/strong> Nous obtenons vos donn\u00e9es personnelles \u00e0 partir des cat\u00e9gories de sources suivantes :<\/p>\n<ul>\n<li><strong>Directement de vous.<\/strong> Par exemple, si vous soumettez vos donn\u00e9es personnelles en remplissant nos formulaires ou en nous contactant ;<\/li>\n<li><strong>directement ou indirectement, par votre activit\u00e9 sur le site web.<\/strong> Lorsque vous utilisez le site web, nous recueillons automatiquement des informations analytiques sur votre utilisation du site web.<\/li>\n<\/ul>\n<p>2.3 <strong>Quelles sont les donn\u00e9es personnelles que nous recueillons directement aupr\u00e8s de vous ?<\/strong><\/p>\n<ul>\n<li><strong>Formulaire d'enregistrement des patients.<\/strong> Lorsque vous remplissez le formulaire d'inscription du patient disponible sur le site Web, nous recueillons les donn\u00e9es suivantes : nom et pr\u00e9nom, date de naissance, adresse, adresse \u00e9lectronique et num\u00e9ro de t\u00e9l\u00e9phone de la personne inscrite. En outre, nous recueillons les donn\u00e9es relatives \u00e0 la mucoviscidose du patient (par exemple, les mutations et les bact\u00e9ries que le patient colonise de mani\u00e8re chronique, le statut de la greffe et le statut du modulateur), ainsi que tout commentaire suppl\u00e9mentaire que vous pourriez nous fournir. Nous utilisons ces donn\u00e9es pour contacter la personne inscrite, maintenir notre base de donn\u00e9es CTC et d'autres dossiers, informer la personne inscrite sur la recherche pertinente, les avanc\u00e9es cliniques et les essais de m\u00e9dicaments, et envoyer \u00e0 la personne inscrite des informations sur les services d'EE. Pour plus d'informations sur la mani\u00e8re dont nous traitons les donn\u00e9es relatives \u00e0 la sant\u00e9, veuillez vous reporter \u00e0 la section 2.5 \"Donn\u00e9es sensibles\". Les bases juridiques sur lesquelles nous nous appuyons sont le \"consentement\" et la \"poursuite de nos int\u00e9r\u00eats l\u00e9gitimes\" (c'est-\u00e0-dire l'administration de notre organisation). Nous conservons ces donn\u00e9es dans nos syst\u00e8mes pour une dur\u00e9e maximale de 10 ans, sauf si vous (i) nous autorisez \u00e0 les conserver plus longtemps ou (ii) nous demandez de les supprimer plus t\u00f4t.<\/li>\n<\/ul>\n<p>2.4 <strong>Quelles sont les donn\u00e9es personnelles que nous collectons automatiquement lorsque vous utilisez le site web ?<\/strong><\/p>\n<ul>\n<li><strong>Donn\u00e9es analytiques.<\/strong> Lorsque vous naviguez sur le site web, nous recueillons des donn\u00e9es analytiques qui nous permettent de voir quel type d'utilisateurs acc\u00e8de au site web et l'utilise, quelles parties du site web vous trouvez int\u00e9ressantes, d'am\u00e9liorer notre contenu, d'am\u00e9liorer nos services et d'en d\u00e9velopper de nouveaux, ainsi que d'\u00e9tudier et de pr\u00e9venir les probl\u00e8mes de s\u00e9curit\u00e9 et les abus. Lorsque nous traitons vos donn\u00e9es d'analyse qui sont des donn\u00e9es \u00e0 caract\u00e8re personnel, nous nous appuyons sur le principe de \" l'anonymat \".<em>int\u00e9r\u00eat l\u00e9gitime<\/em>(c.-\u00e0-d. pour analyser, am\u00e9liorer et prot\u00e9ger notre site web) et '<em>votre consentement<\/em>Les bases de donn\u00e9es. Les donn\u00e9es analytiques que nous recueillons comprennent :\n<ul>\n<li>les adresses URL \u00e0 partir desquelles vous acc\u00e9dez \u00e0 notre site web ;<\/li>\n<li>Votre type d'appareil ;<\/li>\n<li>Votre syst\u00e8me d'exploitation ;<\/li>\n<li>Le nom et la version de votre navigateur ;<\/li>\n<li>l'adresse IP ; et<\/li>\n<li>Votre autre comportement en ligne.<\/li>\n<\/ul>\n<\/li>\n<li><strong>Cookies.<\/strong> Lorsque vous naviguez sur le site web, nous recueillons \u00e9galement vos donn\u00e9es relatives aux cookies. Nous utilisons ces informations pour analyser les aspects techniques de votre utilisation du site web, analyser votre utilisation du site web, pr\u00e9venir les fraudes et les abus et assurer la s\u00e9curit\u00e9 du site web. Pour plus d'informations sur notre utilisation des cookies, veuillez consulter la section <a href=\"https:\/\/help.salesforce.com\/s\/articleView?id=sf.networks_cookies.htm&amp;type=5\" target=\"_blank\" rel=\"noopener\">Politique de Salesforce en mati\u00e8re de cookies.<\/a> Les bases juridiques sur lesquelles nous nous appuyons sont les suivantes <em>la poursuite de nos int\u00e9r\u00eats l\u00e9gitimes<\/em> (c'est-\u00e0-dire analyser notre contenu et prot\u00e9ger le site web) et <em>votre consentement<\/em>. Nous conserverons ces donn\u00e9es aussi longtemps que les dossiers d'analyse seront n\u00e9cessaires \u00e0 nos activit\u00e9s ou que vous retirerez votre consentement.<\/li>\n<\/ul>\n<p>2.5 <strong>Donn\u00e9es sensibles.<\/strong> Lorsque vous, en tant que personne atteinte de FK, ou votre repr\u00e9sentant, remplissez le formulaire d'inscription \u00e0 la CTC, nous recueillons des donn\u00e9es relatives \u00e0 votre sant\u00e9 (\"donn\u00e9es sensibles\"), \u00e0 savoir des informations concernant votre FK (par exemple, les mutations, les bact\u00e9ries que vous colonisez de mani\u00e8re chronique, le statut de la transplantation et le statut du modulateur). Ces donn\u00e9es sont n\u00e9cessaires pour vous informer sur la recherche m\u00e9dicale, les progr\u00e8s cliniques et les essais de m\u00e9dicaments susceptibles de vous concerner, ainsi que pour la tenue de nos dossiers. Nous conservons ces donn\u00e9es dans la plus stricte confidentialit\u00e9 et ne les divulguons pas \u00e0 des tiers, \u00e0 moins que vous ou votre repr\u00e9sentant ne nous y autorisiez par le biais de notre formulaire de consentement ou personnellement par \u00e9crit, y compris par voie \u00e9lectronique. La base juridique sur laquelle nous nous appuyons pour traiter ces donn\u00e9es est le \"consentement\" et, plus particuli\u00e8rement, le \"consentement explicite \u00e9crit\".<\/p>\n<p>2.6 <strong>Refus de fournir des donn\u00e9es personnelles.<\/strong> Si vous refusez de nous fournir vos donn\u00e9es personnelles lorsque nous vous les demandons, il se peut que nous ne soyons pas en mesure d'effectuer l'op\u00e9ration demand\u00e9e et que vous ne puissiez pas utiliser les services EE, recevoir les informations demand\u00e9es ou obtenir notre r\u00e9ponse. Veuillez nous contacter imm\u00e9diatement si vous pensez que les donn\u00e9es personnelles que nous collectons sont excessives ou ne sont pas n\u00e9cessaires aux fins pr\u00e9vues.<\/p>\n<p>2.7 <strong>Votre retour d'information et vos donn\u00e9es d\u00e9personnalis\u00e9es.<\/strong> Si vous nous contactez, nous pouvons conserver une trace des questions, plaintes, recommandations ou compliments que vous avez formul\u00e9s et de la r\u00e9ponse qui y a \u00e9t\u00e9 apport\u00e9e. Dans la mesure du possible, nous supprimerons toutes les donn\u00e9es \u00e0 caract\u00e8re personnel qui ne sont pas n\u00e9cessaires \u00e0 la tenue de ces dossiers. Nous pouvons \u00e9galement utiliser et partager avec des tiers des donn\u00e9es d\u00e9personnalis\u00e9es dans le but de faciliter la recherche. Ces donn\u00e9es ne permettent pas aux utilisateurs de vous identifier en tant que personne physique et ne sont donc pas consid\u00e9r\u00e9es comme des donn\u00e9es \u00e0 caract\u00e8re personnel.<\/p>\n<h2><strong>3. COMBIEN DE TEMPS CONSERVONS-NOUS VOS DONN\u00c9ES ?<\/strong><\/h2>\n<p><em><strong>La section suivante explique combien de temps nous conservons vos donn\u00e9es dans nos syst\u00e8mes et comment nous les supprimons.<\/strong><\/em><\/p>\n<p>3.1 <strong>Stockage des donn\u00e9es personnelles.<\/strong> Nous et nos sous-traitants stockons vos donn\u00e9es \u00e0 caract\u00e8re personnel aussi longtemps que ces donn\u00e9es sont n\u00e9cessaires aux fins d\u00e9crites dans le pr\u00e9sent avis ou jusqu'\u00e0 ce que vous nous demandiez de mettre \u00e0 jour ou de supprimer vos donn\u00e9es \u00e0 caract\u00e8re personnel, selon la premi\u00e8re \u00e9ventualit\u00e9. Pour plus de d\u00e9tails sur la dur\u00e9e de conservation de chaque type de donn\u00e9es \u00e0 caract\u00e8re personnel, veuillez vous reporter \u00e0 la section 2. Lorsque vos donn\u00e9es \u00e0 caract\u00e8re personnel ne sont plus n\u00e9cessaires aux fins pr\u00e9vues et qu'il n'existe pas d'autre base juridique pour les conserver, nous les supprimons de nos syst\u00e8mes en toute s\u00e9curit\u00e9.<\/p>\n<p>3.2 <strong>Stockage des donn\u00e9es non personnelles.<\/strong> Nous conservons les donn\u00e9es non personnelles vous concernant aussi longtemps que n\u00e9cessaire aux fins d\u00e9crites dans le pr\u00e9sent avis.<\/p>\n<p>3.3 <strong>Stockage tel que requis par la loi.<\/strong> Lorsque nous sommes tenus par la loi de conserver vos donn\u00e9es \u00e0 caract\u00e8re personnel pendant une certaine p\u00e9riode (par exemple, pour la tenue de registres comptables), nous conservons vos donn\u00e9es \u00e0 caract\u00e8re personnel pendant la p\u00e9riode stipul\u00e9e par la loi applicable et les supprimons d\u00e8s que la p\u00e9riode de conservation requise expire.<\/p>\n<h2><strong>4. COMMENT DIVULGUONS-NOUS VOS DONN\u00c9ES ?<\/strong><\/h2>\n<p><em><strong>La section suivante fournit des informations sur les tiers qui peuvent avoir acc\u00e8s \u00e0 vos donn\u00e9es personnelles.<\/strong><\/em><\/p>\n<p>4.1 <strong>Divulgation aux responsables du traitement des donn\u00e9es.<\/strong> Si cela est n\u00e9cessaire pour atteindre l'objectif vis\u00e9 par vos donn\u00e9es personnelles, nous divulguerons vos donn\u00e9es personnelles \u00e0 des entit\u00e9s qui fournissent des services en notre nom (nos responsables du traitement des donn\u00e9es). Vos donn\u00e9es personnelles peuvent \u00eatre partag\u00e9es avec des entit\u00e9s qui nous fournissent des services d'assistance technique, tels que des services d'h\u00e9bergement et de distribution de courrier \u00e9lectronique.<\/p>\n<p>4.2 <strong>Liste des responsables du traitement des donn\u00e9es.<\/strong> Les responsables du traitement des donn\u00e9es qui peuvent avoir acc\u00e8s \u00e0 vos donn\u00e9es personnelles sont les suivants :<\/p>\n<ul>\n<li>Notre fournisseur de services de stockage dans le nuage, d'analyse et de publipostage, Google LLC, situ\u00e9 aux \u00c9tats-Unis ;<\/li>\n<li>Notre fournisseur de services d'h\u00e9bergement de sites Web, Salesforce, est situ\u00e9 aux \u00c9tats-Unis ;<\/li>\n<li>Notre fournisseur de services CRM, Salesforce, est situ\u00e9 aux \u00c9tats-Unis ;<\/li>\n<li>Nos entrepreneurs et consultants ind\u00e9pendants.<\/li>\n<\/ul>\n<p>4.3 <strong>Divulgation autoris\u00e9e.<\/strong> Si vous nous y autorisez en signant le formulaire de consentement ou personnellement, nous pouvons partager vos donn\u00e9es \u00e0 caract\u00e8re personnel, y compris les donn\u00e9es relatives \u00e0 la sant\u00e9, avec des tiers qui participent \u00e0 la recherche clinique concern\u00e9e. Nous prenons des mesures de protection raisonnables (par exemple, des accords de transfert de donn\u00e9es) pour garantir que vos donn\u00e9es seront trait\u00e9es conform\u00e9ment aux normes les plus strictes en mati\u00e8re de protection des donn\u00e9es et aux lois applicables.<\/p>\n<p>4.4 <strong>Transferts internationaux.<\/strong> Certains de nos responsables du traitement des donn\u00e9es peuvent \u00eatre bas\u00e9s en dehors du pays o\u00f9 vous r\u00e9sidez. Par exemple, si vous r\u00e9sidez au Royaume-Uni ou dans un pays appartenant \u00e0 l'Espace \u00e9conomique europ\u00e9en (EEE), il se peut que nous devions transf\u00e9rer vos donn\u00e9es \u00e0 caract\u00e8re personnel en dehors du Royaume-Uni ou de l'EEE. Si un tel transfert s'av\u00e8re n\u00e9cessaire, nous nous assurerons que le pays dans lequel se trouve notre sous-traitant garantit un niveau de protection ad\u00e9quat de vos donn\u00e9es \u00e0 caract\u00e8re personnel ou que nous mettons en \u0153uvre un accord avec lui qui assure une telle protection.<\/p>\n<p>4.5 <strong>Divulgation de donn\u00e9es non personnelles.<\/strong> Vos donn\u00e9es non personnelles peuvent \u00eatre divulgu\u00e9es \u00e0 des tiers \u00e0 toutes fins utiles puisqu'elles ne vous identifient pas en tant que personne physique. Par exemple, nous pouvons les partager \u00e0 des fins de recherche clinique, pour am\u00e9liorer les services EE, pour r\u00e9pondre aux demandes l\u00e9gales des autorit\u00e9s publiques ou pour d\u00e9velopper de nouveaux services.<\/p>\n<p>4.6 <strong>Demandes l\u00e9gales.<\/strong> \u00c0 la demande d'une autorit\u00e9 publique, nous divulguerons des informations sur les utilisateurs des services EE dans la mesure n\u00e9cessaire \u00e0 la poursuite d'un objectif d'int\u00e9r\u00eat public, tel que la s\u00e9curit\u00e9 nationale ou l'application de la loi.<\/p>\n<p>4.7 <strong>Vente de donn\u00e9es personnelles.<\/strong> Nous ne vendons pas vos donn\u00e9es personnelles sans votre consentement.<\/p>\n<h2><strong>5. COMMENT PROT\u00c9GEONS-NOUS VOS DONN\u00c9ES ?<\/strong><\/h2>\n<p><em><strong>La section suivante fournit des informations sur la mani\u00e8re dont nous prot\u00e9geons vos donn\u00e9es contre les violations.<\/strong><\/em><\/p>\n<p>5.1 <strong>Mesures de s\u00e9curit\u00e9.<\/strong> Nous mettons en \u0153uvre des mesures de s\u00e9curit\u00e9 de l'information techniques et organisationnelles \u00e0 jour et appropri\u00e9es \u00e0 l'industrie qui prot\u00e8gent vos donn\u00e9es personnelles contre la perte, l'utilisation abusive, l'acc\u00e8s non autoris\u00e9 et la divulgation. Ces mesures sont les suivantes<\/p>\n<ol>\n<li>Maintenir des m\u00e9canismes de contr\u00f4le d'acc\u00e8s ad\u00e9quats (par exemple, authentification \u00e0 deux facteurs, protection par mot de passe et acc\u00e8s limit\u00e9) ;<\/li>\n<li>Chiffrement ;<\/li>\n<li>Att\u00e9nuation des d\u00e9nis de service distribu\u00e9s (DDoS) ;<\/li>\n<li>Limiter l'acc\u00e8s aux donn\u00e9es \u00e0 caract\u00e8re personnel ; et<\/li>\n<li>R\u00e9alisation d'audits r\u00e9guliers de la s\u00e9curit\u00e9 de l'information, limitation de l'acc\u00e8s, cryptage, mesures contre l'utilisation abusive des serveurs et pr\u00e9vention des attaques DDoS.<\/li>\n<\/ol>\n<p>5.2 <strong>Br\u00e8ches de s\u00e9curit\u00e9.<\/strong> Bien que nous mettions tout en \u0153uvre pour prot\u00e9ger vos donn\u00e9es personnelles, compte tenu de la nature des technologies de communication et de traitement de l'information et de l'Internet, nous ne pouvons pas \u00eatre et ne serons pas responsables de la destruction, de la perte, de l'utilisation, de la copie, de la modification, de la fuite et de la falsification ill\u00e9gales de vos donn\u00e9es personnelles caus\u00e9es par des circonstances qui \u00e9chappent \u00e0 notre contr\u00f4le raisonnable. Notre responsabilit\u00e9 sera limit\u00e9e au maximum autoris\u00e9 par la loi applicable.<\/p>\n<h2><strong>6. COMMENT POUVEZ-VOUS CONTR\u00d4LER VOS DONN\u00c9ES PERSONNELLES ?<\/strong><\/h2>\n<p><em><strong>La section suivante fournit des informations d\u00e9taill\u00e9es sur les droits dont vous disposez concernant vos donn\u00e9es \u00e0 caract\u00e8re personnel et sur la mani\u00e8re d'exercer ces droits.<\/strong><\/em><\/p>\n<p>6.1 <strong>La liste de vos droits.<\/strong> Vous avez le droit de contr\u00f4ler la mani\u00e8re dont nous traitons vos donn\u00e9es \u00e0 caract\u00e8re personnel. Sous r\u00e9serve des d\u00e9rogations pr\u00e9vues par la loi, vous disposez des droits suivants :<\/p>\n<ul>\n<li><strong>Droit d'acc\u00e8s : <\/strong>vous pouvez obtenir une copie de vos donn\u00e9es personnelles que nous conservons dans nos syst\u00e8mes et une liste des raisons pour lesquelles vos donn\u00e9es personnelles sont trait\u00e9es ;<\/li>\n<li><strong>Droit de rectification :<\/strong> vous pouvez rectifier les donn\u00e9es personnelles inexactes que nous d\u00e9tenons \u00e0 votre sujet ;<\/li>\n<li><strong>Droit \u00e0 l'effacement (\"droit \u00e0 l'oubli\") :<\/strong> vous pouvez nous demander d'effacer vos donn\u00e9es personnelles de nos syst\u00e8mes ;<\/li>\n<li><strong>Droit \u00e0 la restriction :<\/strong> vous pouvez nous demander de limiter le traitement de vos donn\u00e9es personnelles ;<\/li>\n<li><strong>Droit \u00e0 la portabilit\u00e9 des donn\u00e9es :<\/strong> vous pouvez nous demander de vous fournir une copie de vos donn\u00e9es \u00e0 caract\u00e8re personnel dans un format structur\u00e9, couramment utilis\u00e9 et lisible par machine, et de transf\u00e9rer ces donn\u00e9es \u00e0 caract\u00e8re personnel \u00e0 un autre sous-traitant ;<\/li>\n<li><strong>Droit d'opposition :<\/strong> vous pouvez nous demander de cesser de traiter vos donn\u00e9es personnelles ;<\/li>\n<li><strong>Droit de retirer son consentement :<\/strong> vous avez le droit de retirer votre consentement, si vous en avez donn\u00e9 un ; ou<\/li>\n<li><strong>Droit de plainte :<\/strong> vous pouvez d\u00e9poser une plainte concernant le traitement de vos donn\u00e9es personnelles.<\/li>\n<\/ul>\n<p>6.2 <strong>Comment exercer ses droits ?<\/strong> Si vous souhaitez exercer l'un de vos droits l\u00e9gitimes, veuillez nous contacter en utilisant les coordonn\u00e9es figurant \u00e0 la fin du pr\u00e9sent avis et expliquer en d\u00e9tail votre demande. Afin de v\u00e9rifier la l\u00e9gitimit\u00e9 de votre demande, nous pouvons vous demander de nous fournir une information permettant de vous identifier dans notre syst\u00e8me. Nous r\u00e9pondrons \u00e0 votre demande dans un d\u00e9lai raisonnable et au plus tard dans les 30 jours.<\/p>\n<p>6.3 <strong>Plaintes.<\/strong> Si vous souhaitez d\u00e9poser une plainte concernant la mani\u00e8re dont nous traitons vos donn\u00e9es \u00e0 caract\u00e8re personnel, nous vous demandons de nous contacter d'abord et de nous faire part de vos pr\u00e9occupations. Une fois que vous nous aurez contact\u00e9s, nous examinerons votre plainte et vous fournirons notre r\u00e9ponse dans les meilleurs d\u00e9lais (au plus tard dans les 30 jours). Si vous n'\u00eates pas satisfait du r\u00e9sultat de votre plainte, vous avez le droit de d\u00e9poser une plainte aupr\u00e8s de votre autorit\u00e9 locale de protection des donn\u00e9es.<\/p>\n<h2><strong>Google reCAPTCHA<\/strong><\/h2>\n<p>We use Google reCAPTCHA on our website to protect forms and prevent spam. reCAPTCHA analyzes user interactions such as IP address, mouse movements, and time spent on the website to determine whether the user is human.<\/p>\n<p>Google reCAPTCHA is provided by Google LLC. As of <strong>April 2, 2026<\/strong>, Google processes reCAPTCHA data <strong>solely on our behalf as a data processor<\/strong>, while we act as the <strong>data controller<\/strong><\/p>\n<h2><strong>7. CONTACT<\/strong><\/h2>\n<p>Si vous avez des questions concernant le pr\u00e9sent avis, vos droits ou nos pratiques en mati\u00e8re de protection des donn\u00e9es, veuillez nous contacter par courrier \u00e9lectronique : <a href=\"mailto:admin@emilysentourage.org\" target=\"_blank\" rel=\"noopener\">admin@emilysentourage.org<\/a>. Vous pouvez \u00e9galement nous envoyer une lettre \u00e0 l'adresse suivante : Cystic Fibrosis Research Fund, Inc, PO Box 71, Merion Station, PA 19066, USA.<\/p>","protected":false},"excerpt":{"rendered":"<p>This privacy notice informs you how we collect, use, and disclose your personal data. It also describes the choices that you have with regard to your personal data. Please read this privacy notice carefully before submitting your personal data to us. 1. ABOUT EMILY\u2019S ENTOURAGE AND THIS PRIVACY NOTICE The following section provides general information&#8230; <\/p>\n<div class=\"clear\"><\/div>\n<p><a href=\"https:\/\/www.emilysentourage.org\/fr_ca\/ctcprivacy\/\" class=\"excerpt-read-more\">Lire la suite<\/a><\/p>","protected":false},"author":1281,"featured_media":0,"parent":0,"menu_order":0,"comment_status":"closed","ping_status":"closed","template":"","meta":{"_acf_changed":false,"_seopress_robots_primary_cat":"","_seopress_titles_title":"","_seopress_titles_desc":"","_seopress_robots_index":"","_monsterinsights_skip_tracking":false,"_monsterinsights_sitenote_active":false,"_monsterinsights_sitenote_note":"","_monsterinsights_sitenote_category":0,"footnotes":""},"class_list":["post-25771","page","type-page","status-publish","hentry"],"acf":[],"jetpack_sharing_enabled":true,"post_mailing_queue_ids":[],"_links":{"self":[{"href":"https:\/\/www.emilysentourage.org\/fr_ca\/wp-json\/wp\/v2\/pages\/25771","targetHints":{"allow":["GET"]}}],"collection":[{"href":"https:\/\/www.emilysentourage.org\/fr_ca\/wp-json\/wp\/v2\/pages"}],"about":[{"href":"https:\/\/www.emilysentourage.org\/fr_ca\/wp-json\/wp\/v2\/types\/page"}],"author":[{"embeddable":true,"href":"https:\/\/www.emilysentourage.org\/fr_ca\/wp-json\/wp\/v2\/users\/1281"}],"replies":[{"embeddable":true,"href":"https:\/\/www.emilysentourage.org\/fr_ca\/wp-json\/wp\/v2\/comments?post=25771"}],"version-history":[{"count":5,"href":"https:\/\/www.emilysentourage.org\/fr_ca\/wp-json\/wp\/v2\/pages\/25771\/revisions"}],"predecessor-version":[{"id":26065,"href":"https:\/\/www.emilysentourage.org\/fr_ca\/wp-json\/wp\/v2\/pages\/25771\/revisions\/26065"}],"wp:attachment":[{"href":"https:\/\/www.emilysentourage.org\/fr_ca\/wp-json\/wp\/v2\/media?parent=25771"}],"curies":[{"name":"wp","href":"https:\/\/api.w.org\/{rel}","templated":true}]}}