{"id":1940,"date":"2014-08-14T20:05:45","date_gmt":"2014-08-15T03:05:45","guid":{"rendered":"http:\/\/lw.screammedia.net\/?page_id=1940"},"modified":"2018-07-24T04:08:04","modified_gmt":"2018-07-24T08:08:04","slug":"mission-statement","status":"publish","type":"page","link":"https:\/\/www.emilysentourage.org\/fr_ca\/about-emilys-entourage\/mission-statement\/","title":{"rendered":"D\u00e9claration de mission"},"content":{"rendered":"<p><strong>Acc\u00e9l\u00e9rer la recherche sur la fibrose kystique pour sauver des vies gr\u00e2ce au pouvoir de la communaut\u00e9.<\/strong><\/p>\n<p>Emily's Entourage collecte des fonds et sensibilise le public \u00e0 la recherche d'un rem\u00e8de contre la fibrose kystique (FK), en mettant l'accent sur les mutations rares. Pr\u00e8s de 70 000 personnes atteintes de mucoviscidose dans le monde attendent avec impatience des perc\u00e9es qui leur sauveront la vie. Nous mobilisons les amis, les familles, les entreprises et les communaut\u00e9s pour qu'ils se joignent \u00e0 l'Entourage d'Emily dans notre qu\u00eate de nouveaux traitements et d'un rem\u00e8de.<\/p>","protected":false},"excerpt":{"rendered":"<p>Acc\u00e9l\u00e9rer la recherche sur la fibrose kystique pour sauver des vies gr\u00e2ce au pouvoir de la communaut\u00e9. Emily's Entourage collecte des fonds et sensibilise le public \u00e0 la recherche d'un rem\u00e8de contre la fibrose kystique (FK), en mettant l'accent sur les mutations rares. Pr\u00e8s de 70 000 personnes atteintes de FK dans le monde attendent avec impatience des perc\u00e9es qui leur sauveront la vie. Nous mobilisons nos amis, nos familles, nos entreprises et nos communaut\u00e9s pour... <\/p>\n<div class=\"clear\"><\/div>\n<p><a href=\"https:\/\/www.emilysentourage.org\/fr_ca\/about-emilys-entourage\/mission-statement\/\" class=\"excerpt-read-more\">Lire la suite<\/a><\/p>","protected":false},"author":58,"featured_media":0,"parent":33,"menu_order":0,"comment_status":"open","ping_status":"closed","template":"","meta":{"_acf_changed":false,"_seopress_robots_primary_cat":"","_seopress_titles_title":"","_seopress_titles_desc":"","_seopress_robots_index":"","_monsterinsights_skip_tracking":false,"_monsterinsights_sitenote_active":false,"_monsterinsights_sitenote_note":"","_monsterinsights_sitenote_category":0,"footnotes":""},"class_list":["post-1940","page","type-page","status-publish","hentry"],"acf":[],"jetpack_sharing_enabled":true,"post_mailing_queue_ids":[],"_links":{"self":[{"href":"https:\/\/www.emilysentourage.org\/fr_ca\/wp-json\/wp\/v2\/pages\/1940","targetHints":{"allow":["GET"]}}],"collection":[{"href":"https:\/\/www.emilysentourage.org\/fr_ca\/wp-json\/wp\/v2\/pages"}],"about":[{"href":"https:\/\/www.emilysentourage.org\/fr_ca\/wp-json\/wp\/v2\/types\/page"}],"author":[{"embeddable":true,"href":"https:\/\/www.emilysentourage.org\/fr_ca\/wp-json\/wp\/v2\/users\/58"}],"replies":[{"embeddable":true,"href":"https:\/\/www.emilysentourage.org\/fr_ca\/wp-json\/wp\/v2\/comments?post=1940"}],"version-history":[{"count":4,"href":"https:\/\/www.emilysentourage.org\/fr_ca\/wp-json\/wp\/v2\/pages\/1940\/revisions"}],"predecessor-version":[{"id":11202,"href":"https:\/\/www.emilysentourage.org\/fr_ca\/wp-json\/wp\/v2\/pages\/1940\/revisions\/11202"}],"up":[{"embeddable":true,"href":"https:\/\/www.emilysentourage.org\/fr_ca\/wp-json\/wp\/v2\/pages\/33"}],"wp:attachment":[{"href":"https:\/\/www.emilysentourage.org\/fr_ca\/wp-json\/wp\/v2\/media?parent=1940"}],"curies":[{"name":"wp","href":"https:\/\/api.w.org\/{rel}","templated":true}]}}