{"id":18991,"date":"2023-05-31T16:31:13","date_gmt":"2023-05-31T20:31:13","guid":{"rendered":"https:\/\/www.emilysentourage.org\/?page_id=18991"},"modified":"2023-08-02T16:18:40","modified_gmt":"2023-08-02T20:18:40","slug":"funding-opportunities","status":"publish","type":"page","link":"https:\/\/www.emilysentourage.org\/fr_ca\/funding-opportunities\/","title":{"rendered":"Possibilit\u00e9s de financement"},"content":{"rendered":"<p><span style=\"font-weight: 400;\">L'Entourage d'Emily (EE) fournit un financement essentiel pour acc\u00e9l\u00e9rer la recherche et le d\u00e9veloppement de m\u00e9dicaments pour les personnes de la derni\u00e8re 10% de la communaut\u00e9 FK qui ne b\u00e9n\u00e9ficient pas des modulateurs CFTR existants, y compris celles qui sont porteuses de mutations rares et non-sens.\u00a0<\/span><\/p>\n<p><span style=\"font-weight: 400;\">\u00c0 ce jour, l'EE a accord\u00e9 des subventions \u00e0 des chercheurs du monde entier et a contribu\u00e9 \u00e0 garantir des millions de dollars de financement compl\u00e9mentaire. Les projets de recherche financ\u00e9s par l'EE ont fait des progr\u00e8s significatifs en mati\u00e8re de d\u00e9veloppement th\u00e9rapeutique, un certain nombre de projets \u00e9tant actuellement au stade pr\u00e9clinique.<\/span><\/p>\n<p>L'EE fournit un financement par le biais de plusieurs m\u00e9canismes de subvention.<\/p>\n<h2><b>Bourses de recherche translationnelle<\/b><\/h2>\n<p><span style=\"font-weight: 400;\">Le programme de subventions translationnelles de l'EE fournit un financement de d\u00e9part essentiel aux chercheurs innovants qui proposent des strat\u00e9gies prometteuses visant \u00e0 acc\u00e9l\u00e9rer la recherche et le d\u00e9veloppement de m\u00e9dicaments pour les personnes faisant partie du dernier 10% de la communaut\u00e9 FK qui ne b\u00e9n\u00e9ficient pas de modulateurs CFTR, y compris celles qui pr\u00e9sentent des mutations rares et non sens.\u00a0<\/span><\/p>\n<p><span style=\"font-weight: 400;\">Le soutien est disponible pour $100 000 par an (plus 10% pour les co\u00fbts indirects). En r\u00e8gle g\u00e9n\u00e9rale, le financement est accord\u00e9 pour une dur\u00e9e de deux ans. La poursuite du financement d\u00e9pend des progr\u00e8s r\u00e9alis\u00e9s, qui font l'objet d'un rapport semestriel. <a href=\"https:\/\/www.emilysentourage.org\/fr_ca\/translational-grants\/\" target=\"_blank\" rel=\"noopener\">En savoir plus sur le programme de subventions translationnelles de l'EE<\/a>.<\/span><\/p>\n<h2><b>Subventions collaboratives<\/b><\/h2>\n<p><span style=\"font-weight: 400;\">Les subventions de collaboration de l'EE soutiennent des projets de recherche qui rassemblent plusieurs chercheurs dans divers domaines d'expertise afin de relever ensemble les d\u00e9fis du d\u00e9veloppement de th\u00e9rapies pour les personnes faisant partie du dernier 10% de la communaut\u00e9 FK qui ne b\u00e9n\u00e9ficient pas de modulateurs CFTR, y compris celles qui pr\u00e9sentent des mutations rares et non sens.\u00a0<\/span><\/p>\n<p><span style=\"font-weight: 400;\">Ces subventions sont accord\u00e9es \u00e0 des \u00e9quipes de <\/span>trois enqu\u00eateurs ou plus<span style=\"font-weight: 400;\"> avec une expertise compl\u00e9mentaire pour faire progresser le d\u00e9veloppement th\u00e9rapeutique d'une mani\u00e8re qui ne pourrait \u00eatre atteinte sans une approche collaborative. <\/span><span style=\"font-weight: 400;\">Les<\/span> <span style=\"font-weight: 400;\">Le montant du financement est d\u00e9termin\u00e9 par la port\u00e9e et le budget du projet. <\/span><span style=\"font-weight: 400;\">Les candidats peuvent demander un financement pour soutenir le projet pour un montant total de<\/span> <span style=\"font-weight: 400;\">trois ans. <a href=\"https:\/\/www.emilysentourage.org\/fr_ca\/collaborative-grants\/\" target=\"_blank\" rel=\"noopener\">En savoir plus sur les subventions de collaboration de l'EE<\/a>.<\/span><\/p>\n<h2><b>Investissements en philanthropie d'entreprise<\/b><\/h2>\n<p><span style=\"font-weight: 400;\">Outre l'octroi de subventions, l'EE fait \u00e9galement progresser la recherche et le d\u00e9veloppement th\u00e9rapeutique gr\u00e2ce \u00e0 des investissements strat\u00e9giques r\u00e9alis\u00e9s dans le cadre d'un mod\u00e8le de philanthropie \u00e0 risque. Gr\u00e2ce \u00e0 cette approche entrepreneuriale, l'EE fournit des financements de d\u00e9part \u00e0 des entreprises afin d'acc\u00e9l\u00e9rer le d\u00e9veloppement de th\u00e9rapies prometteuses et d'un rem\u00e8de pour les personnes atteintes de FK qui ne b\u00e9n\u00e9ficient pas des th\u00e9rapies modulatrices de la CFTR actuellement disponibles. <a href=\"https:\/\/www.emilysentourage.org\/fr_ca\/venture-philanthropy-investments\/\" target=\"_blank\" rel=\"noopener\">En savoir plus sur les investissements de l'EE dans le domaine de la philanthropie \u00e0 risque<\/a>.\u00a0<\/span><\/p>","protected":false},"excerpt":{"rendered":"<p>L'Entourage d'Emily (EE) fournit un financement essentiel pour acc\u00e9l\u00e9rer la recherche et le d\u00e9veloppement de m\u00e9dicaments pour les personnes de la derni\u00e8re 10% de la communaut\u00e9 FK qui ne b\u00e9n\u00e9ficient pas des modulateurs CFTR existants, y compris celles qui sont porteuses de mutations rares et non sens.  \u00c0 ce jour, l'EE a accord\u00e9 des subventions \u00e0 des chercheurs du monde entier et a contribu\u00e9 \u00e0... <\/p>\n<div class=\"clear\"><\/div>\n<p><a href=\"https:\/\/www.emilysentourage.org\/fr_ca\/funding-opportunities\/\" class=\"excerpt-read-more\">Lire la suite<\/a><\/p>","protected":false},"author":1361,"featured_media":0,"parent":0,"menu_order":0,"comment_status":"closed","ping_status":"closed","template":"","meta":{"_acf_changed":false,"_seopress_robots_primary_cat":"","_seopress_titles_title":"%%sitetitle%% %%sep%% %%post_title%%","_seopress_titles_desc":"%%post_excerpt%%","_seopress_robots_index":"","_monsterinsights_skip_tracking":false,"_monsterinsights_sitenote_active":false,"_monsterinsights_sitenote_note":"","_monsterinsights_sitenote_category":0,"footnotes":""},"class_list":["post-18991","page","type-page","status-publish","hentry"],"acf":[],"jetpack_sharing_enabled":true,"post_mailing_queue_ids":[],"_links":{"self":[{"href":"https:\/\/www.emilysentourage.org\/fr_ca\/wp-json\/wp\/v2\/pages\/18991","targetHints":{"allow":["GET"]}}],"collection":[{"href":"https:\/\/www.emilysentourage.org\/fr_ca\/wp-json\/wp\/v2\/pages"}],"about":[{"href":"https:\/\/www.emilysentourage.org\/fr_ca\/wp-json\/wp\/v2\/types\/page"}],"author":[{"embeddable":true,"href":"https:\/\/www.emilysentourage.org\/fr_ca\/wp-json\/wp\/v2\/users\/1361"}],"replies":[{"embeddable":true,"href":"https:\/\/www.emilysentourage.org\/fr_ca\/wp-json\/wp\/v2\/comments?post=18991"}],"version-history":[{"count":5,"href":"https:\/\/www.emilysentourage.org\/fr_ca\/wp-json\/wp\/v2\/pages\/18991\/revisions"}],"predecessor-version":[{"id":19816,"href":"https:\/\/www.emilysentourage.org\/fr_ca\/wp-json\/wp\/v2\/pages\/18991\/revisions\/19816"}],"wp:attachment":[{"href":"https:\/\/www.emilysentourage.org\/fr_ca\/wp-json\/wp\/v2\/media?parent=18991"}],"curies":[{"name":"wp","href":"https:\/\/api.w.org\/{rel}","templated":true}]}}