{"id":18324,"date":"2023-02-17T02:08:52","date_gmt":"2023-02-17T07:08:52","guid":{"rendered":"https:\/\/www.emilysentourage.org\/?page_id=18324"},"modified":"2026-02-04T13:51:48","modified_gmt":"2026-02-04T17:51:48","slug":"join-team-ee","status":"publish","type":"page","link":"https:\/\/www.emilysentourage.org\/fr_ca\/join-team-ee\/","title":{"rendered":"Rejoindre l'\u00e9quipe EE"},"content":{"rendered":"<p><img fetchpriority=\"high\" decoding=\"async\" class=\"wp-image-25270 size-large aligncenter\" src=\"https:\/\/www.emilysentourage.org\/wp-content\/uploads\/EmilysEntouragePhiladelphiaMarathon2023-121-1024x819.jpg\" alt=\"\" width=\"960\" height=\"768\" srcset=\"https:\/\/www.emilysentourage.org\/wp-content\/uploads\/EmilysEntouragePhiladelphiaMarathon2023-121-1024x819.jpg 1024w, https:\/\/www.emilysentourage.org\/wp-content\/uploads\/EmilysEntouragePhiladelphiaMarathon2023-121-300x240.jpg 300w, https:\/\/www.emilysentourage.org\/wp-content\/uploads\/EmilysEntouragePhiladelphiaMarathon2023-121-768x614.jpg 768w, https:\/\/www.emilysentourage.org\/wp-content\/uploads\/EmilysEntouragePhiladelphiaMarathon2023-121-1536x1229.jpg 1536w, https:\/\/www.emilysentourage.org\/wp-content\/uploads\/EmilysEntouragePhiladelphiaMarathon2023-121-2048x1638.jpg 2048w, https:\/\/www.emilysentourage.org\/wp-content\/uploads\/EmilysEntouragePhiladelphiaMarathon2023-121-15x12.jpg 15w, https:\/\/www.emilysentourage.org\/wp-content\/uploads\/EmilysEntouragePhiladelphiaMarathon2023-121-600x480.jpg 600w\" sizes=\"(max-width: 960px) 100vw, 960px\" \/><\/p>\n<p class=\"p1\">L'\u00e9quipe EE est l'\u00e9quipe caritative de remise en forme de l'Entourage d'Emily (EE). Qu'il s'agisse de courses, de randonn\u00e9es \u00e0 v\u00e9lo ou de cours d'entra\u00eenement, ces \u00e9v\u00e9nements vous permettent d'\u00eatre actif et de vous amuser tout en collectant des fonds essentiels pour soutenir la mission d'EE. En rejoignant l'\u00e9quipe EE, vous pouvez jouer un r\u00f4le important dans notre mission qui consiste \u00e0 acc\u00e9l\u00e9rer les perc\u00e9es vitales pour les personnes atteintes de fibrose kystique (FK).<\/p>\n<hr>\n<h3><b>Now Recruiting for the 2026 Broad Street Run!<\/b><\/h3>\n<p><span style=\"font-weight: 400;\">Team EE is officially lacing up for the <a href=\"https:\/\/www.broadstreetrun.com\/\" target=\"_blank\" rel=\"noopener\"><strong>2026 The Independence Blue Cross Broad Street Run<\/strong><\/a>\u2014and we want you on the starting line with us!<\/span><\/p>\n<p><span style=\"font-weight: 400;\">Si vous \u00eates quelqu'un qui court pour plus qu'une m\u00e9daille, quelqu'un qui croit au pouvoir de la science, de la sueur et de la participation, cette course est la v\u00f4tre.<\/span><\/p>\n<p><span style=\"font-weight: 400;\">If you&#8217;re a runner who has received a bib for this year&#8217;s Broad Street Run and interested in running with Team EE, please click the button below to fill out a quick form to join us.<\/span><\/p>\n<h3 style=\"text-align: center;\"><a class=\"fasc-button fasc-size-large fasc-type-flat fasc-rounded-medium fasc-style-bold\" style=\"background-color: #462561; color: #ffffff;\" target=\"_blank\" href=\"https:\/\/docs.google.com\/forms\/d\/e\/1FAIpQLScFj2WFyj0Iyc7GG5qVXoXVmzPdDERvmlf31jJ8vtu6Rses0Q\/viewform?usp=publish-editor\">REGISTER TO RUN WITH TEAM EE HERE<\/a><\/h3>\n<p>Des questions sur la fa\u00e7on de s'inscrire ou sur ce qu'implique le fait d'\u00eatre candidat pour l'\u00e9quipe EE ? Envoyez-nous un courriel \u00e0 <a href=\"mailto:events@emilysentourage.org\" target=\"_blank\" rel=\"noopener\">events@emilysentourage.org<\/a>.&nbsp;<\/p>\n<hr>\n<h3><b>Pourquoi rejoindre l'\u00e9quipe EE ?<\/b><\/h3>\n<p>Des progr\u00e8s m\u00e9dicaux r\u00e9volutionnaires ont \u00e9t\u00e9 r\u00e9alis\u00e9s pour 90% des personnes atteintes de FK, mais pour les 10% restantes, il n'y a toujours rien. L'EE est un laser...<img decoding=\"async\" class=\"wp-image-18355 alignright\" src=\"https:\/\/www.emilysentourage.org\/wp-content\/uploads\/Team-EE-Quote-Facebook-300x251.png\" alt=\"\" width=\"428\" height=\"359\" srcset=\"https:\/\/www.emilysentourage.org\/wp-content\/uploads\/Team-EE-Quote-Facebook-300x251.png 300w, https:\/\/www.emilysentourage.org\/wp-content\/uploads\/Team-EE-Quote-Facebook-768x644.png 768w, https:\/\/www.emilysentourage.org\/wp-content\/uploads\/Team-EE-Quote-Facebook-14x12.png 14w, https:\/\/www.emilysentourage.org\/wp-content\/uploads\/Team-EE-Quote-Facebook-600x503.png 600w, https:\/\/www.emilysentourage.org\/wp-content\/uploads\/Team-EE-Quote-Facebook.png 940w\" sizes=\"(max-width: 428px) 100vw, 428px\" \/>Nous nous effor\u00e7ons de changer cette situation et de le faire rapidement. Nous sommes en plein sprint pour acc\u00e9l\u00e9rer la recherche et le d\u00e9veloppement de m\u00e9dicaments pour les derniers 10% de la communaut\u00e9 FK qui ne b\u00e9n\u00e9ficient pas des th\u00e9rapies actuelles ciblant les mutations. Vous joindrez-vous \u00e0 nous ?<\/p>\n<h3><b>\u00c9v\u00e9nements de l'\u00e9quipe EE<\/b><\/h3>\n<ul>\n<li>Broad Street Run - Mai (Philadelphie, PA)<br \/>\nDepuis des ann\u00e9es, l'\u00e9quipe EE participe \u00e0 la Broad Street Run, une course de 10 miles qui rassemble 40 000 personnes dans la r\u00e9gion de Philadelphie.<\/li>\n<li>Marathon de Philadelphie - Novembre (Philadelphie, PA)<br \/>\nEE sponsorise une \u00e9quipe d'athl\u00e8tes d'\u00e9lite pour le semi-marathon et le marathon complet de Philadelphie, qui se joignent aux 60 000 personnes participant au week-end de course afin de collecter des fonds pour la FK.<\/li>\n<\/ul>\n<h3><b>Parrainage<\/b><\/h3>\n<p>Des possibilit\u00e9s de parrainage d'entreprise sont disponibles pour tous les \u00e9v\u00e9nements de l'\u00e9quipe EE. <a href=\"https:\/\/www.emilysentourage.org\/fr_ca\/contact-us\/\">Contactez nous<\/a> pour plus d'informations.&nbsp;<br \/>\n<b><\/b><\/p>\n<h3><b>Avantages de l'\u00e9quipe EE<\/b><\/h3>\n<ul>\n<li>Bo\u00eete \u00e0 outils pour la collecte de fonds avec des instructions d\u00e9taill\u00e9es sur la cr\u00e9ation d'une page de collecte de fonds personnalis\u00e9e<\/li>\n<li>Mod\u00e8les pour partager votre collecte de fonds<\/li>\n<li>Conseils et astuces de nos professionnels de la collecte de fonds<\/li>\n<li>Dossards d\u00e9di\u00e9s<\/li>\n<li>Chemises de l'\u00e9quipe EE<\/li>\n<li>Des supporters enthousiastes le jour de la course<\/li>\n<\/ul>\n<h3 style=\"text-align: center;\"><a class=\"fasc-button fasc-size-large fasc-type-flat fasc-rounded-medium fasc-style-bold\" style=\"background-color: #462561; color: #ffffff;\" target=\"_blank\" rel=\"noopener\" href=\"https:\/\/www.emilysentourage.org\/fr_ca\/contact-us\/\">CONTACTEZ-NOUS POUR EN SAVOIR PLUS<\/a><\/h3>","protected":false},"excerpt":{"rendered":"<p>L'\u00e9quipe EE est l'\u00e9quipe caritative de remise en forme de l'Entourage d'Emily (EE). Qu'il s'agisse de courses, de randonn\u00e9es \u00e0 v\u00e9lo ou de cours d'entra\u00eenement, ces \u00e9v\u00e9nements vous permettent d'\u00eatre actif et de vous amuser tout en collectant des fonds essentiels pour soutenir la mission d'EE. En rejoignant l'\u00e9quipe EE, vous pouvez jouer un r\u00f4le important dans notre mission d'acc\u00e9l\u00e9rer... <\/p>\n<div class=\"clear\"><\/div>\n<p><a href=\"https:\/\/www.emilysentourage.org\/fr_ca\/join-team-ee\/\" class=\"excerpt-read-more\">Lire la suite<\/a><\/p>","protected":false},"author":1281,"featured_media":18339,"parent":0,"menu_order":0,"comment_status":"closed","ping_status":"closed","template":"","meta":{"_acf_changed":false,"_seopress_robots_primary_cat":"","_seopress_titles_title":"","_seopress_titles_desc":"","_seopress_robots_index":"","_monsterinsights_skip_tracking":false,"_monsterinsights_sitenote_active":false,"_monsterinsights_sitenote_note":"","_monsterinsights_sitenote_category":0,"footnotes":""},"class_list":["post-18324","page","type-page","status-publish","has-post-thumbnail","hentry"],"acf":[],"jetpack_sharing_enabled":true,"post_mailing_queue_ids":[],"_links":{"self":[{"href":"https:\/\/www.emilysentourage.org\/fr_ca\/wp-json\/wp\/v2\/pages\/18324","targetHints":{"allow":["GET"]}}],"collection":[{"href":"https:\/\/www.emilysentourage.org\/fr_ca\/wp-json\/wp\/v2\/pages"}],"about":[{"href":"https:\/\/www.emilysentourage.org\/fr_ca\/wp-json\/wp\/v2\/types\/page"}],"author":[{"embeddable":true,"href":"https:\/\/www.emilysentourage.org\/fr_ca\/wp-json\/wp\/v2\/users\/1281"}],"replies":[{"embeddable":true,"href":"https:\/\/www.emilysentourage.org\/fr_ca\/wp-json\/wp\/v2\/comments?post=18324"}],"version-history":[{"count":5,"href":"https:\/\/www.emilysentourage.org\/fr_ca\/wp-json\/wp\/v2\/pages\/18324\/revisions"}],"predecessor-version":[{"id":25269,"href":"https:\/\/www.emilysentourage.org\/fr_ca\/wp-json\/wp\/v2\/pages\/18324\/revisions\/25269"}],"wp:featuredmedia":[{"embeddable":true,"href":"https:\/\/www.emilysentourage.org\/fr_ca\/wp-json\/wp\/v2\/media\/18339"}],"wp:attachment":[{"href":"https:\/\/www.emilysentourage.org\/fr_ca\/wp-json\/wp\/v2\/media?parent=18324"}],"curies":[{"name":"wp","href":"https:\/\/api.w.org\/{rel}","templated":true}]}}