{"id":10760,"date":"2018-04-11T09:52:24","date_gmt":"2018-04-11T13:52:24","guid":{"rendered":"https:\/\/www.emilysentourage.org\/?page_id=10760"},"modified":"2026-03-24T15:56:29","modified_gmt":"2026-03-24T19:56:29","slug":"careers","status":"publish","type":"page","link":"https:\/\/www.emilysentourage.org\/fr_ca\/careers\/","title":{"rendered":"Les carri\u00e8res de l'entourage d'Emily"},"content":{"rendered":"<p>\u00c0 l'Entourage d'Emily, nous nous effor\u00e7ons d'acc\u00e9l\u00e9rer les perc\u00e9es pour les personnes atteintes de mutations non-sens de la fibrose kystique. En tant qu'organisation en pleine croissance, nos besoins en personnel ne cessent de cro\u00eetre. Les postes disponibles sont \u00e9num\u00e9r\u00e9s ci-dessous et nous mettrons le site \u00e0 jour au fur et \u00e0 mesure que de nouvelles opportunit\u00e9s se pr\u00e9senteront. Nous cherchons toujours \u00e0 travailler avec des personnes talentueuses, passionn\u00e9es et capables de changer les choses. Si vous \u00eates int\u00e9ress\u00e9(e) par les possibilit\u00e9s de travailler avec l'Entourage d'Emily, veuillez <a href=\"https:\/\/www.emilysentourage.org\/fr_ca\/contact-us\/\">tendre la main<\/a> ou contactez-nous \u00e0 l'adresse careers@emilysentourage.org.<\/p>\n<h2>Postes disponibles<\/h2>\n<ul>\n<li><a href=\"https:\/\/www.emilysentourage.org\/fr_ca\/events-manager\/\" target=\"_blank\" rel=\"noopener\">Events Manager (Full-Time)<\/a><\/li>\n<li><a href=\"https:\/\/www.emilysentourage.org\/fr_ca\/director-of-development\/\" target=\"_blank\" rel=\"noopener\">Director of Development (Full-Time)<\/a><\/li>\n<li><a href=\"https:\/\/www.emilysentourage.org\/fr_ca\/data-operations-and-evaluation-manager\/\" target=\"_blank\" rel=\"noopener\">Data Operations &amp; Evaluation Manager (Full-Time)<\/a><\/li>\n<li><a href=\"https:\/\/www.emilysentourage.org\/fr_ca\/social-media-and-digital-marketing-coordinator-2\/\" target=\"_blank\" rel=\"noopener\">Social Media and Digital Marketing Coordinator (Part-Time\/Contractor)<\/a><\/li>\n<\/ul>\n<h2>Emploi futur<\/h2>\n<p>Emily's Entourage est fier d'\u00eatre un employeur offrant l'\u00e9galit\u00e9 des chances. Tous les candidats seront pris en consid\u00e9ration pour un emploi sans distinction de race, de couleur, de religion, de sexe, d'identit\u00e9 ou d'expression sexuelle, d'orientation sexuelle, d'origine nationale, de g\u00e9n\u00e9tique, de handicap, d'\u00e2ge ou de statut d'ancien combattant.<\/p>","protected":false},"excerpt":{"rendered":"<p>\u00c0 l'Entourage d'Emily, nous nous effor\u00e7ons d'acc\u00e9l\u00e9rer les perc\u00e9es pour les personnes atteintes de mutations non-sens de la fibrose kystique. En tant qu'organisation en pleine croissance, nos besoins en personnel ne cessent de cro\u00eetre. Les postes disponibles sont \u00e9num\u00e9r\u00e9s ci-dessous et nous mettrons le site \u00e0 jour au fur et \u00e0 mesure que de nouvelles opportunit\u00e9s se pr\u00e9senteront. Nous cherchons toujours \u00e0 travailler avec des personnes talentueuses, passionn\u00e9es et capables de changer les choses. Si vous... <\/p>\n<div class=\"clear\"><\/div>\n<p><a href=\"https:\/\/www.emilysentourage.org\/fr_ca\/careers\/\" class=\"excerpt-read-more\">Lire la suite<\/a><\/p>","protected":false},"author":1284,"featured_media":0,"parent":0,"menu_order":0,"comment_status":"closed","ping_status":"closed","template":"","meta":{"_acf_changed":false,"_seopress_robots_primary_cat":"","_seopress_titles_title":"","_seopress_titles_desc":"","_seopress_robots_index":"","_monsterinsights_skip_tracking":false,"_monsterinsights_sitenote_active":false,"_monsterinsights_sitenote_note":"","_monsterinsights_sitenote_category":0,"footnotes":""},"class_list":["post-10760","page","type-page","status-publish","hentry"],"acf":[],"jetpack_sharing_enabled":true,"post_mailing_queue_ids":[],"_links":{"self":[{"href":"https:\/\/www.emilysentourage.org\/fr_ca\/wp-json\/wp\/v2\/pages\/10760","targetHints":{"allow":["GET"]}}],"collection":[{"href":"https:\/\/www.emilysentourage.org\/fr_ca\/wp-json\/wp\/v2\/pages"}],"about":[{"href":"https:\/\/www.emilysentourage.org\/fr_ca\/wp-json\/wp\/v2\/types\/page"}],"author":[{"embeddable":true,"href":"https:\/\/www.emilysentourage.org\/fr_ca\/wp-json\/wp\/v2\/users\/1284"}],"replies":[{"embeddable":true,"href":"https:\/\/www.emilysentourage.org\/fr_ca\/wp-json\/wp\/v2\/comments?post=10760"}],"version-history":[{"count":6,"href":"https:\/\/www.emilysentourage.org\/fr_ca\/wp-json\/wp\/v2\/pages\/10760\/revisions"}],"predecessor-version":[{"id":26044,"href":"https:\/\/www.emilysentourage.org\/fr_ca\/wp-json\/wp\/v2\/pages\/10760\/revisions\/26044"}],"wp:attachment":[{"href":"https:\/\/www.emilysentourage.org\/fr_ca\/wp-json\/wp\/v2\/media?parent=10760"}],"curies":[{"name":"wp","href":"https:\/\/api.w.org\/{rel}","templated":true}]}}