{"id":270,"date":"2011-12-01T02:36:31","date_gmt":"2011-12-01T02:36:31","guid":{"rendered":"http:\/\/lw.screammedia.net\/?page_id=270"},"modified":"2016-04-08T09:22:03","modified_gmt":"2016-04-08T13:22:03","slug":"thank-you-for-donating","status":"publish","type":"page","link":"https:\/\/www.emilysentourage.org\/fr\/thank-you-for-donating\/","title":{"rendered":"Merci d'avoir fait un don !"},"content":{"rendered":"<p>Merci d'avoir fait un don et f\u00e9licitations pour votre adh\u00e9sion \u00e0 l'Entourage d'Emily ! Nous vous sommes extr\u00eamement reconnaissants de votre don g\u00e9n\u00e9reux. Nous vous encourageons vivement \u00e0 partager ce site web - et l'histoire d'Emily - avec vos amis et votre famille et \u00e0 les encourager \u00e0 faire un don et \u00e0 continuer \u00e0 faire passer le message.<\/p>\n<p>Ce n'est qu'ensemble que nous pourrons faire la diff\u00e9rence dans la lutte contre la mucoviscidose.<\/p>\n<p>&nbsp;<\/p>","protected":false},"excerpt":{"rendered":"<p>Thank you for donating and congratulations on becoming a member of Emily&#8217;s Entourage! We&#8217;re incredibly grateful for your generous donation. We urge to share this website &#8211; and Emily&#8217;s story &#8211; with your friends and family and encourage them to donate and continue passing the message on. Only together can we make a difference in&#8230; <\/p>\n<div class=\"clear\"><\/div>\n<p><a href=\"https:\/\/www.emilysentourage.org\/fr\/thank-you-for-donating\/\" class=\"excerpt-read-more\">Lire la suite<\/a><\/p>","protected":false},"author":58,"featured_media":0,"parent":0,"menu_order":3,"comment_status":"open","ping_status":"open","template":"","meta":{"_acf_changed":false,"_seopress_robots_primary_cat":"","_seopress_titles_title":"","_seopress_titles_desc":"","_seopress_robots_index":"","_monsterinsights_skip_tracking":false,"_monsterinsights_sitenote_active":false,"_monsterinsights_sitenote_note":"","_monsterinsights_sitenote_category":0,"footnotes":""},"class_list":["post-270","page","type-page","status-publish","hentry"],"acf":[],"jetpack_sharing_enabled":false,"post_mailing_queue_ids":[],"_links":{"self":[{"href":"https:\/\/www.emilysentourage.org\/fr\/wp-json\/wp\/v2\/pages\/270","targetHints":{"allow":["GET"]}}],"collection":[{"href":"https:\/\/www.emilysentourage.org\/fr\/wp-json\/wp\/v2\/pages"}],"about":[{"href":"https:\/\/www.emilysentourage.org\/fr\/wp-json\/wp\/v2\/types\/page"}],"author":[{"embeddable":true,"href":"https:\/\/www.emilysentourage.org\/fr\/wp-json\/wp\/v2\/users\/58"}],"replies":[{"embeddable":true,"href":"https:\/\/www.emilysentourage.org\/fr\/wp-json\/wp\/v2\/comments?post=270"}],"version-history":[{"count":5,"href":"https:\/\/www.emilysentourage.org\/fr\/wp-json\/wp\/v2\/pages\/270\/revisions"}],"predecessor-version":[{"id":4537,"href":"https:\/\/www.emilysentourage.org\/fr\/wp-json\/wp\/v2\/pages\/270\/revisions\/4537"}],"wp:attachment":[{"href":"https:\/\/www.emilysentourage.org\/fr\/wp-json\/wp\/v2\/media?parent=270"}],"curies":[{"name":"wp","href":"https:\/\/api.w.org\/{rel}","templated":true}]}}