{"id":16142,"date":"2021-10-15T14:01:34","date_gmt":"2021-10-15T18:01:34","guid":{"rendered":"https:\/\/www.emilysentourage.org\/?page_id=16142"},"modified":"2021-12-10T15:04:58","modified_gmt":"2021-12-10T20:04:58","slug":"cf-crew","status":"publish","type":"page","link":"https:\/\/www.emilysentourage.org\/fr\/cf-crew\/","title":{"rendered":"Rejoindre l'\u00e9quipe de CureFinders"},"content":{"rendered":"<p><span style=\"font-weight: 400;\"><img fetchpriority=\"high\" decoding=\"async\" class=\"alignnone wp-image-16212\" src=\"https:\/\/www.emilysentourage.org\/wp-content\/uploads\/CF-Crew-webpage-header-300x100.png\" alt=\"\" width=\"1385\" height=\"462\" srcset=\"https:\/\/www.emilysentourage.org\/wp-content\/uploads\/CF-Crew-webpage-header-300x100.png 300w, https:\/\/www.emilysentourage.org\/wp-content\/uploads\/CF-Crew-webpage-header-1024x341.png 1024w, https:\/\/www.emilysentourage.org\/wp-content\/uploads\/CF-Crew-webpage-header-768x256.png 768w, https:\/\/www.emilysentourage.org\/wp-content\/uploads\/CF-Crew-webpage-header-1536x512.png 1536w, https:\/\/www.emilysentourage.org\/wp-content\/uploads\/CF-Crew-webpage-header-2048x683.png 2048w, https:\/\/www.emilysentourage.org\/wp-content\/uploads\/CF-Crew-webpage-header-18x6.png 18w, https:\/\/www.emilysentourage.org\/wp-content\/uploads\/CF-Crew-webpage-header-600x200.png 600w\" sizes=\"(max-width: 1385px) 100vw, 1385px\" \/><\/span><\/p>\n<p><span style=\"font-weight: 400;\">Personne n'a plus int\u00e9r\u00eat \u00e0 ce que des progr\u00e8s rapides soient accomplis pour le dernier 10% de la communaut\u00e9 de la fibrose kystique (FK) que les personnes qui vivent avec la maladie et celles qui les aiment. L'\u00c9quipe CureFinders (\u00c9quipe FC) a \u00e9t\u00e9 cr\u00e9\u00e9e en pensant \u00e0 vous - pour offrir un espace o\u00f9 la communaut\u00e9 FK peut se rassembler pour soutenir la mission de l'Entourage d'Emily (EE), qui est d'acc\u00e9l\u00e9rer la recherche et le d\u00e9veloppement de m\u00e9dicaments pour les 10% de la communaut\u00e9 FK, y compris les personnes atteintes de mutations non-sens de la FK.<\/span><\/p>\n<blockquote><p><span style=\"font-weight: 400;\">Ne sous-estimez jamais votre voix, votre cerveau, votre cr\u00e9ativit\u00e9, vos id\u00e9es et votre pouvoir. Ils d\u00e9placent des montagnes. - Emily Kramer-Golinkoff, cofondatrice, Emily's Entourage<\/span><\/p><\/blockquote>\n<h3><strong>Pourquoi rejoindre le CF Crew ?<\/strong><\/h3>\n<h3><strong><img decoding=\"async\" class=\"alignright wp-image-16143\" src=\"https:\/\/www.emilysentourage.org\/wp-content\/uploads\/Quote-6.png\" alt=\"\" width=\"400\" height=\"372\" srcset=\"https:\/\/www.emilysentourage.org\/wp-content\/uploads\/Quote-6.png 959w, https:\/\/www.emilysentourage.org\/wp-content\/uploads\/Quote-6-300x279.png 300w, https:\/\/www.emilysentourage.org\/wp-content\/uploads\/Quote-6-768x715.png 768w, https:\/\/www.emilysentourage.org\/wp-content\/uploads\/Quote-6-13x12.png 13w, https:\/\/www.emilysentourage.org\/wp-content\/uploads\/Quote-6-600x559.png 600w\" sizes=\"(max-width: 400px) 100vw, 400px\" \/><\/strong><\/h3>\n<p><span style=\"font-weight: 400;\">L'Entourage d'Emily croit que PERSONNE ne devrait \u00eatre laiss\u00e9 pour compte et que chaque personne atteinte de FK a droit \u00e0 un espoir r\u00e9aliste d'avenir et \u00e0 une respiration profonde. En tant que membre de l'Entourage d'Emily, vous pouvez nous aider \u00e0 susciter des changements indispensables pour les 10% finales en partageant votre histoire et en mobilisant votre r\u00e9seau. Vous avez le pouvoir de faire la diff\u00e9rence et d'aider \u00e0 financer nos investissements agressifs dans la recherche et le d\u00e9veloppement de m\u00e9dicaments, nous rapprochant ainsi de notre objectif commun de perc\u00e9es rapides pour 100% de la communaut\u00e9 FK. <b>personne n'est laiss\u00e9 pour compte<\/b>.&nbsp;<\/span><\/p>\n<h3><strong>Qui peut participer ?<\/strong><\/h3>\n<p><span style=\"font-weight: 400;\">L'\u00e9quipe de la FK est ouverte \u00e0 tous ceux qui ont un lien avec la FK - que vous fassiez partie de la derni\u00e8re 10% ou de la 90% qui a fait l'exp\u00e9rience directe de l'impact d'une th\u00e9rapie ciblant les mutations sur la vie des patients.&nbsp;<\/span><\/p>\n<p><span style=\"font-weight: 400;\">Vous vous joindrez \u00e0 un groupe sp\u00e9cial de familles FK qui font bouger les choses, qui d\u00e9placent des montagnes et qui s'efforcent de r\u00e9aliser des progr\u00e8s rapides et radicaux pour les 10% finales. Et, comme vous le savez plus intimement que quiconque, ces progr\u00e8s ne peuvent pas arriver trop t\u00f4t !<\/span><\/p>\n<p style=\"text-align: center;\">&nbsp;<a class=\"fasc-button fasc-size-large fasc-type-flat fasc-rounded-medium fasc-style-bold\" style=\"background-color: #462561; color: #ffffff;\" target=\"_blank\" href=\"https:\/\/www.emilysentourage.org\/fr\/contact-us\/\" rel=\"noopener\">CONTACTEZ-NOUS POUR EN SAVOIR PLUS<\/a><\/p>","protected":false},"excerpt":{"rendered":"<p>Personne n'a plus int\u00e9r\u00eat \u00e0 ce que la communaut\u00e9 de la fibrose kystique (FK) progresse rapidement vers les derniers 10% que les personnes qui vivent avec la maladie et celles qui les aiment. L'\u00e9quipe de CureFinders (CF Crew) a \u00e9t\u00e9 cr\u00e9\u00e9e en pensant \u00e0 vous - pour offrir un espace o\u00f9 la communaut\u00e9... <\/p>\n<div class=\"clear\"><\/div>\n<p><a href=\"https:\/\/www.emilysentourage.org\/fr\/cf-crew\/\" class=\"excerpt-read-more\">Lire la suite<\/a><\/p>","protected":false},"author":1281,"featured_media":16211,"parent":0,"menu_order":0,"comment_status":"closed","ping_status":"closed","template":"","meta":{"_acf_changed":false,"_seopress_robots_primary_cat":"","_seopress_titles_title":"Emily&#039;s Entourage &gt;&gt; Join the CureFinders Crew","_seopress_titles_desc":"The CureFinders Crew (CF Crew) was created with the cystic fibrosis community in mind \u2014 to provide a space where they can come together in support of Emily\u2019s Entourage\u2019s (EE\u2019s) mission to speed lifesaving research and drug development for the final 10% of the CF community.","_seopress_robots_index":"","_monsterinsights_skip_tracking":false,"_monsterinsights_sitenote_active":false,"_monsterinsights_sitenote_note":"","_monsterinsights_sitenote_category":0,"footnotes":""},"class_list":["post-16142","page","type-page","status-publish","has-post-thumbnail","hentry"],"acf":[],"jetpack_sharing_enabled":true,"post_mailing_queue_ids":[],"_links":{"self":[{"href":"https:\/\/www.emilysentourage.org\/fr\/wp-json\/wp\/v2\/pages\/16142","targetHints":{"allow":["GET"]}}],"collection":[{"href":"https:\/\/www.emilysentourage.org\/fr\/wp-json\/wp\/v2\/pages"}],"about":[{"href":"https:\/\/www.emilysentourage.org\/fr\/wp-json\/wp\/v2\/types\/page"}],"author":[{"embeddable":true,"href":"https:\/\/www.emilysentourage.org\/fr\/wp-json\/wp\/v2\/users\/1281"}],"replies":[{"embeddable":true,"href":"https:\/\/www.emilysentourage.org\/fr\/wp-json\/wp\/v2\/comments?post=16142"}],"version-history":[{"count":5,"href":"https:\/\/www.emilysentourage.org\/fr\/wp-json\/wp\/v2\/pages\/16142\/revisions"}],"predecessor-version":[{"id":16447,"href":"https:\/\/www.emilysentourage.org\/fr\/wp-json\/wp\/v2\/pages\/16142\/revisions\/16447"}],"wp:featuredmedia":[{"embeddable":true,"href":"https:\/\/www.emilysentourage.org\/fr\/wp-json\/wp\/v2\/media\/16211"}],"wp:attachment":[{"href":"https:\/\/www.emilysentourage.org\/fr\/wp-json\/wp\/v2\/media?parent=16142"}],"curies":[{"name":"wp","href":"https:\/\/api.w.org\/{rel}","templated":true}]}}