{"id":15775,"date":"2021-09-10T10:17:04","date_gmt":"2021-09-10T14:17:04","guid":{"rendered":"https:\/\/www.emilysentourage.org\/?page_id=15775"},"modified":"2024-10-08T12:48:00","modified_gmt":"2024-10-08T16:48:00","slug":"become-a-champion","status":"publish","type":"page","link":"https:\/\/www.emilysentourage.org\/fr\/become-a-champion\/","title":{"rendered":"Devenir un champion"},"content":{"rendered":"<p>&nbsp;<\/p>\n<p><span style=\"font-weight: 400;\"><img fetchpriority=\"high\" decoding=\"async\" class=\"alignnone wp-image-15784\" src=\"https:\/\/www.emilysentourage.org\/wp-content\/uploads\/Champions-webpage-header-1-2-300x100.png\" alt=\"\" width=\"1385\" height=\"462\" srcset=\"https:\/\/www.emilysentourage.org\/wp-content\/uploads\/Champions-webpage-header-1-2-300x100.png 300w, https:\/\/www.emilysentourage.org\/wp-content\/uploads\/Champions-webpage-header-1-2-1024x341.png 1024w, https:\/\/www.emilysentourage.org\/wp-content\/uploads\/Champions-webpage-header-1-2-768x256.png 768w, https:\/\/www.emilysentourage.org\/wp-content\/uploads\/Champions-webpage-header-1-2-1536x512.png 1536w, https:\/\/www.emilysentourage.org\/wp-content\/uploads\/Champions-webpage-header-1-2-2048x683.png 2048w, https:\/\/www.emilysentourage.org\/wp-content\/uploads\/Champions-webpage-header-1-2-18x6.png 18w, https:\/\/www.emilysentourage.org\/wp-content\/uploads\/Champions-webpage-header-1-2-600x200.png 600w\" sizes=\"(max-width: 1385px) 100vw, 1385px\" \/><\/span><\/p>\n<p><span style=\"font-weight: 400;\">Au <\/span><a href=\"https:\/\/www.emilysentourage.org\/fr\/about-emilys-entourage\/\"><span style=\"font-weight: 400;\">L'entourage d'Emily<\/span><\/a><span style=\"font-weight: 400;\"> (EE), nous croyons que la magie peut se produire lorsque vous croyez en votre pouvoir de faire la diff\u00e9rence. Notre programme de champions rend hommage aux leaders philanthropiques qui ont reconnu leur capacit\u00e9 \u00e0 changer les choses et qui nous aident \u00e0 acc\u00e9l\u00e9rer les perc\u00e9es vitales et \u00e0 trouver un rem\u00e8de pour les personnes atteintes de la maladie d'Alzheimer ou d'une affection connexe. <\/span><a href=\"https:\/\/www.emilysentourage.org\/fr\/about-cystic-fibrosis\/\"><span style=\"font-weight: 400;\">mucoviscidose<\/span><\/a><span style=\"font-weight: 400;\"> (CF) qui ne b\u00e9n\u00e9ficient pas des th\u00e9rapies actuellement disponibles.<br \/>\n<\/span><\/p>\n<h3><strong>Pourquoi devenir champion ?<\/strong><\/h3>\n<p><span style=\"font-weight: 400;\">Les champions s'engagent \u00e0 faire la diff\u00e9rence et partagent notre conviction que chacun d'entre nous a le pouvoir de changer le monde pour le meilleur. En devenant un Champion, vous rejoignez la force de rupture et de changement qu'est EE.&nbsp;<\/span><\/p>\n<p><span style=\"font-weight: 400;\">En plus de faire une diff\u00e9rence dans la vie des personnes atteintes de mutations non sens\u00e9es de la FK, nos champions ont l'occasion de tisser des liens avec d'autres leaders philanthropiques et sont c\u00e9l\u00e9br\u00e9s de diverses fa\u00e7ons, notamment en \u00e9tant reconnus sur nos canaux num\u00e9riques et \u00e0 l'occasion de nos galas annuels. De plus, le meilleur collecteur de fonds remportera notre prix \"Champion de l'ann\u00e9e\" !<br \/>\n<\/span><\/p>\n<h3><strong><img decoding=\"async\" class=\"wp-image-19872 size-medium alignright\" src=\"https:\/\/www.emilysentourage.org\/wp-content\/uploads\/Website-Quote-Lexi-Pace-2-300x300.png\" alt=\"\" width=\"300\" height=\"300\" srcset=\"https:\/\/www.emilysentourage.org\/wp-content\/uploads\/Website-Quote-Lexi-Pace-2-300x300.png 300w, https:\/\/www.emilysentourage.org\/wp-content\/uploads\/Website-Quote-Lexi-Pace-2-1024x1024.png 1024w, https:\/\/www.emilysentourage.org\/wp-content\/uploads\/Website-Quote-Lexi-Pace-2-150x150.png 150w, https:\/\/www.emilysentourage.org\/wp-content\/uploads\/Website-Quote-Lexi-Pace-2-768x768.png 768w, https:\/\/www.emilysentourage.org\/wp-content\/uploads\/Website-Quote-Lexi-Pace-2-1536x1536.png 1536w, https:\/\/www.emilysentourage.org\/wp-content\/uploads\/Website-Quote-Lexi-Pace-2-2048x2048.png 2048w, https:\/\/www.emilysentourage.org\/wp-content\/uploads\/Website-Quote-Lexi-Pace-2-12x12.png 12w, https:\/\/www.emilysentourage.org\/wp-content\/uploads\/Website-Quote-Lexi-Pace-2-600x600.png 600w, https:\/\/www.emilysentourage.org\/wp-content\/uploads\/Website-Quote-Lexi-Pace-2-100x100.png 100w\" sizes=\"(max-width: 300px) 100vw, 300px\" \/><\/strong><\/h3>\n<h3><strong>Qui peut participer ?<\/strong><\/h3>\n<p><span style=\"font-weight: 400;\">Le programme Champions est ouvert \u00e0 tous, quel que soit l'\u00e2ge. Inscrivez-vous en tant qu'individu, avec un partenaire ou en tant qu'\u00e9quipe (conjoints, amis, fr\u00e8res et s\u0153urs, colocataires, sororit\u00e9s et fraternit\u00e9s, coll\u00e8gues de travail, \u00e9quipes sportives, classes d'\u00e9cole). Il n'y a pas de limite et il n'y a pas d'\u00e2ge requis !<\/span><\/p>\n<h3><strong>Engagement<\/strong><\/h3>\n<p><span style=\"font-weight: 400;\">Lorsque vous vous inscrivez pour devenir un champion de l'Entourage d'Emily, vous vous engagez \u00e0 atteindre un objectif de collecte de fonds de $1 500. Il y a plusieurs fa\u00e7ons d'atteindre votre objectif, notamment en faisant appel \u00e0 votre r\u00e9seau par l'entremise des m\u00e9dias sociaux ou par courriel, en transformant l'un de vos passe-temps ou l'une de vos activit\u00e9s pr\u00e9f\u00e9r\u00e9s en activit\u00e9 de collecte de fonds, en faisant don d'un article \u00e0 la vente aux ench\u00e8res Charitybuzz d'EE, et bien d'autres encore ! Les possibilit\u00e9s sont infinies !&nbsp;<\/span><\/p>\n<p><span style=\"font-weight: 400;\">Ne vous inqui\u00e9tez pas, nous veillerons \u00e0 ce que vous soyez bien \u00e9quip\u00e9 pour faire cette \"demande\" \u00e0 vos relations, quelle que soit la voie que vous d\u00e9cidez d'emprunter. Lorsque vous vous inscrirez pour devenir un champion, vous disposerez d'un certain nombre de ressources, notamment<\/span><\/p>\n<ul>\n<li style=\"font-weight: 400;\" aria-level=\"1\"><span style=\"font-weight: 400;\">Une page de collecte de fonds personnalis\u00e9e<\/span><\/li>\n<li style=\"font-weight: 400;\" aria-level=\"1\"><span style=\"font-weight: 400;\">Mod\u00e8les d'e-mails et de textes personnalis\u00e9s pour rationaliser les communications avec vos donateurs<\/span><\/li>\n<li style=\"font-weight: 400;\" aria-level=\"1\"><span style=\"font-weight: 400;\">Soutien et conseils du pr\u00e9sident du sous-comit\u00e9 des champions et du personnel de l'EE<\/span><\/li>\n<\/ul>\n<h3><strong>Vous souhaitez vous inscrire ?<\/strong><\/h3>\n<p style=\"text-align: center;\"><a class=\"fasc-button fasc-size-large fasc-type-flat fasc-rounded-medium fasc-style-bold\" style=\"background-color: #462561; color: #ffffff;\" target=\"_blank\" href=\"https:\/\/forms.gle\/GWpucfM95KzYLckG7\" rel=\"noopener\">DEVENIR UN CHAMPION<\/a> &nbsp; &nbsp;&nbsp;<a class=\"fasc-button fasc-size-large fasc-type-flat fasc-rounded-medium fasc-style-bold\" style=\"background-color: #462561; color: #ffffff;\" target=\"_blank\" href=\"https:\/\/forms.gle\/9T1pp9XU6vG9Z57j6\" rel=\"noopener\">NOMMEZ UN CHAMPION<\/a><\/p>\n<blockquote><p>&nbsp;<\/p>\n<p><span style=\"font-weight: 400;\">\"C'est un peu m\u00e9taphorique, mais ce dont je suis le plus fier, c'est de ce que l'Entourage d'Emily repr\u00e9sente pour l'humanit\u00e9 et les gens - \u00e0 quel point les gens veulent participer au changement et \u00e0 quel point ils se soucient des autres. \u00catre en premi\u00e8re ligne et voir combien de personnes n'ont aucun autre lien avec les FC que d'entendre notre histoire, qu'elle les touche au c\u0153ur et qu'elles se joignent \u00e0 notre \u00e9quipe, c'est vraiment ce qu'il y a de plus \u00e9mouvant au monde. - Emily Kramer-Golinkoff, cofondatrice, Emily's Entourage<\/span><\/p><\/blockquote>","protected":false},"excerpt":{"rendered":"<p>&nbsp; At Emily\u2019s Entourage (EE), we believe that magic can happen when you believe in your power to make a difference. Our Champions program celebrates philanthropic leaders who have recognized their change-making abilities and are helping us speed lifesaving breakthroughs and a cure for people with cystic fibrosis (CF) who do not benefit from currently&#8230; <\/p>\n<div class=\"clear\"><\/div>\n<p><a href=\"https:\/\/www.emilysentourage.org\/fr\/become-a-champion\/\" class=\"excerpt-read-more\">Lire la suite<\/a><\/p>","protected":false},"author":1281,"featured_media":15792,"parent":0,"menu_order":0,"comment_status":"closed","ping_status":"closed","template":"","meta":{"_acf_changed":false,"_seopress_robots_primary_cat":"","_seopress_titles_title":"Emily's Entourage >> Become a Champion","_seopress_titles_desc":"Our Champions program celebrates philanthropic leaders who have recognized their change-making abilities and are helping us speed lifesaving breakthroughs and a cure for people with nonsense mutations of cystic fibrosis.","_seopress_robots_index":"","_monsterinsights_skip_tracking":false,"_monsterinsights_sitenote_active":false,"_monsterinsights_sitenote_note":"","_monsterinsights_sitenote_category":0,"footnotes":""},"class_list":["post-15775","page","type-page","status-publish","has-post-thumbnail","hentry"],"acf":[],"jetpack_sharing_enabled":true,"post_mailing_queue_ids":[],"_links":{"self":[{"href":"https:\/\/www.emilysentourage.org\/fr\/wp-json\/wp\/v2\/pages\/15775","targetHints":{"allow":["GET"]}}],"collection":[{"href":"https:\/\/www.emilysentourage.org\/fr\/wp-json\/wp\/v2\/pages"}],"about":[{"href":"https:\/\/www.emilysentourage.org\/fr\/wp-json\/wp\/v2\/types\/page"}],"author":[{"embeddable":true,"href":"https:\/\/www.emilysentourage.org\/fr\/wp-json\/wp\/v2\/users\/1281"}],"replies":[{"embeddable":true,"href":"https:\/\/www.emilysentourage.org\/fr\/wp-json\/wp\/v2\/comments?post=15775"}],"version-history":[{"count":5,"href":"https:\/\/www.emilysentourage.org\/fr\/wp-json\/wp\/v2\/pages\/15775\/revisions"}],"predecessor-version":[{"id":23317,"href":"https:\/\/www.emilysentourage.org\/fr\/wp-json\/wp\/v2\/pages\/15775\/revisions\/23317"}],"wp:featuredmedia":[{"embeddable":true,"href":"https:\/\/www.emilysentourage.org\/fr\/wp-json\/wp\/v2\/media\/15792"}],"wp:attachment":[{"href":"https:\/\/www.emilysentourage.org\/fr\/wp-json\/wp\/v2\/media?parent=15775"}],"curies":[{"name":"wp","href":"https:\/\/api.w.org\/{rel}","templated":true}]}}