{"id":15181,"date":"2021-01-08T17:17:03","date_gmt":"2021-01-08T22:17:03","guid":{"rendered":"https:\/\/www.emilysentourage.org\/?page_id=15181"},"modified":"2021-01-08T19:39:49","modified_gmt":"2021-01-09T00:39:49","slug":"birthday-party-and-gratitude-event-zoom-background","status":"publish","type":"page","link":"https:\/\/www.emilysentourage.org\/fr\/birthday-party-and-gratitude-event-zoom-background\/","title":{"rendered":"Instructions pour obtenir l'arri\u00e8re-plan Zoom de la f\u00eate d'anniversaire et de l'\u00e9v\u00e9nement de gratitude de l'EE"},"content":{"rendered":"","protected":false},"excerpt":{"rendered":"","protected":false},"author":1704,"featured_media":0,"parent":0,"menu_order":0,"comment_status":"closed","ping_status":"closed","template":"","meta":{"_acf_changed":false,"_seopress_robots_primary_cat":"","_seopress_titles_title":"","_seopress_titles_desc":"","_seopress_robots_index":"","_monsterinsights_skip_tracking":false,"_monsterinsights_sitenote_active":false,"_monsterinsights_sitenote_note":"","_monsterinsights_sitenote_category":0,"footnotes":""},"class_list":["post-15181","page","type-page","status-publish","hentry"],"acf":[],"jetpack_sharing_enabled":true,"post_mailing_queue_ids":[],"_links":{"self":[{"href":"https:\/\/www.emilysentourage.org\/fr\/wp-json\/wp\/v2\/pages\/15181","targetHints":{"allow":["GET"]}}],"collection":[{"href":"https:\/\/www.emilysentourage.org\/fr\/wp-json\/wp\/v2\/pages"}],"about":[{"href":"https:\/\/www.emilysentourage.org\/fr\/wp-json\/wp\/v2\/types\/page"}],"author":[{"embeddable":true,"href":"https:\/\/www.emilysentourage.org\/fr\/wp-json\/wp\/v2\/users\/1704"}],"replies":[{"embeddable":true,"href":"https:\/\/www.emilysentourage.org\/fr\/wp-json\/wp\/v2\/comments?post=15181"}],"version-history":[{"count":5,"href":"https:\/\/www.emilysentourage.org\/fr\/wp-json\/wp\/v2\/pages\/15181\/revisions"}],"predecessor-version":[{"id":15196,"href":"https:\/\/www.emilysentourage.org\/fr\/wp-json\/wp\/v2\/pages\/15181\/revisions\/15196"}],"wp:attachment":[{"href":"https:\/\/www.emilysentourage.org\/fr\/wp-json\/wp\/v2\/media?parent=15181"}],"curies":[{"name":"wp","href":"https:\/\/api.w.org\/{rel}","templated":true}]}}