{"id":14457,"date":"2020-06-15T16:44:31","date_gmt":"2020-06-15T20:44:31","guid":{"rendered":"https:\/\/www.emilysentourage.org\/?page_id=14457"},"modified":"2023-12-20T05:55:46","modified_gmt":"2023-12-20T10:55:46","slug":"ee-launches-virtual-benefit","status":"publish","type":"page","link":"https:\/\/www.emilysentourage.org\/fr\/ee-launches-virtual-benefit\/","title":{"rendered":"18 mai 2020"},"content":{"rendered":"<h1><strong><span style=\"font-family: arial, sans-serif;\">L'Entourage d'Emily lance sa toute premi\u00e8re \u00e9dition\u00a0<\/span>B\u00e9n\u00e9fice virtuel pour la mucoviscidose<\/strong><\/h1>\n<h3><strong><em><span style=\"font-family: arial, sans-serif;\">EENY : LIVE ! sera une soir\u00e9e virtuelle de bienfaisance destin\u00e9e \u00e0 collecter des fonds\u00a0<\/span>Des fonds essentiels pour la recherche sur la mucoviscidose<\/em><\/strong><\/h3>\n<div>\n<p dir=\"ltr\"><span style=\"font-family: arial, sans-serif;\">New York, NY - Emily's Entourage (EE), une fondation innovante de type 501(c)3 qui a recueilli plus de $7 millions de dollars depuis 2011 afin d'acc\u00e9l\u00e9rer la recherche et le d\u00e9veloppement de m\u00e9dicaments pour les mutations du non-sens de la fibrose kystique (FK), a annonc\u00e9 aujourd'hui le lancement de sa toute premi\u00e8re soir\u00e9e-b\u00e9n\u00e9fice virtuelle, EENY : LIVE!-une exp\u00e9rience virtuelle r\u00e9imagin\u00e9e pour un Entourage mondial, le mercredi 27 mai \u00e0 20 heures HE. \u00c0 la lumi\u00e8re de la conf\u00e9rence COVID-19, l'organisation a pris la d\u00e9cision de convertir sa soir\u00e9e de bienfaisance annuelle \u00e0 New York, EENY, en un format virtuel, permettant aux gens du monde entier de converger en toute s\u00e9curit\u00e9 pour l'\u00e9v\u00e9nement.\u00a0<\/span><\/p>\n<p dir=\"ltr\"><span style=\"font-family: arial, sans-serif;\">EENY : LIVE ! favorisera la connexion, la communaut\u00e9 et l'espoir, avec des performances musicales, des remarques de la cofondatrice Emily Kramer-Golinkoff, des apparitions surprises, des voix de la communaut\u00e9 des FC, et plus encore. Il rappellera aux invit\u00e9s une v\u00e9rit\u00e9 qui sous-tend la mission de l'EE : le d\u00e9sespoir peut \u00eatre \u00e0 l'origine des plus grandes innovations. Les gens sont puissants et, ensemble, ils sont capables de transformer les choses, m\u00eame dans la plus grande adversit\u00e9. Les fonds recueillis gr\u00e2ce \u00e0 EENY : LIVE ! alimenteront la recherche visant \u00e0 acc\u00e9l\u00e9rer les perc\u00e9es et \u00e0 trouver un rem\u00e8de aux mutations non sens de la fibrose kystique.\u00a0<\/span><\/p>\n<p dir=\"ltr\"><span style=\"font-family: arial, sans-serif;\">\"\u00c0 l'heure actuelle, le monde est confront\u00e9 \u00e0 une crise d'une ampleur sans pr\u00e9c\u00e9dent. Qu'il s'agisse de g\u00e9rer la lutte contre les infections et l'\u00e9loignement physique ou de faire face \u00e0 l'incertitude et au chagrin, la communaut\u00e9 FK a une longue histoire de navigation dans l'adversit\u00e9 et de recherche de moyens pour se remettre des situations difficiles \", a d\u00e9clar\u00e9 Emily Kramer-Golinkoff, cofondatrice d'EE. \"EENY : LIVE ! s'appuiera sur cette exp\u00e9rience pour offrir un espoir unique, un aper\u00e7u et une voie \u00e0 suivre \u00e0 des personnes du monde entier, tout en recueillant des fonds essentiels pour faire avancer la mission d'EE qui consiste \u00e0 sauver des vies. Les maladies mortelles comme la fibrose kystique n'attendent pas que les pand\u00e9mies passent, et nous ne le pouvons pas non plus.\u00a0<\/span><\/p>\n<p dir=\"ltr\"><span style=\"font-family: arial, sans-serif;\">Le travail d'EE est particuli\u00e8rement important aujourd'hui, car des progr\u00e8s d\u00e9cisifs ont \u00e9t\u00e9 r\u00e9alis\u00e9s pour environ 90% de la population FK, mais les personnes atteintes de mutations non sens font partie des 10% qui ne b\u00e9n\u00e9ficient pas de ces avanc\u00e9es. Fond\u00e9e en 2011 par Emily, sa famille et ses amis, EE applique une approche entrepreneuriale pour acc\u00e9l\u00e9rer les traitements vitaux et la gu\u00e9rison des personnes atteintes de mutations non sens de la FK. Bien que rares chez les personnes atteintes de FK, les mutations non-sens sont la cause d'environ 12% de toutes les maladies g\u00e9n\u00e9tiques, affectant environ 30 millions de personnes dans le monde et incluant certaines formes de dystrophie musculaire, des troubles sanguins et m\u00eame certaines formes de cancer.<\/span><\/p>\n<p dir=\"ltr\"><span style=\"font-family: arial, sans-serif;\">EENY : LIVE ! est une collaboration entre EE et <a href=\"https:\/\/wordpress.com\/typo\/?subdomain=eesho\" target=\"_blank\" rel=\"noopener noreferrer\" saferedirecturl=\"https:\/\/www.google.com\/url?q=https:\/\/eesho.com\/&amp;source=gmail&amp;ust=1592340041015000&amp;usg=AFQjCNENg1IB2Yrhee6efTP97Rt-tLrOeQ\">Eesho<\/a>un mouvement aliment\u00e9 par des acteurs du changement qui insistent pour vivre pleinement leur vie en collaborant avec des musiciens, des artistes, des danseurs et toute une s\u00e9rie de cr\u00e9ateurs pour organiser des exp\u00e9riences qui inspirent des liens profonds. Les principaux sponsors de la soir\u00e9e virtuelle de cette ann\u00e9e sont les suivants <a href=\"https:\/\/www.vrtx.com\/\" target=\"_blank\" rel=\"noopener noreferrer\" data-saferedirecturl=\"https:\/\/www.google.com\/url?q=https:\/\/www.vrtx.com\/&amp;source=gmail&amp;ust=1592340041015000&amp;usg=AFQjCNEQZ2OJ7jVVH-k8ET4XEy_RVTtfzg\">Vertex Pharmaceuticals<\/a> (sponsor Am\u00e9thyste) et Tito's Handmade Vodka (sponsor Violet).\u00a0\u00a0<\/span><\/p>\n<p dir=\"ltr\"><span style=\"font-family: arial, sans-serif;\">Depuis sa cr\u00e9ation en 2016, EENY a recueilli plus de $600 000, en attirant des chefs d'entreprise et des leaders philanthropiques en pleine ascension, des jeunes professionnels, des membres de la communaut\u00e9 et des entreprises partenaires du monde entier, afin de soutenir la mission d'EE. L'\u00e9v\u00e9nement est l'incarnation ultime de l'esprit philanthropique et du pouvoir collectif des mill\u00e9niaux.<\/span><\/p>\n<p dir=\"ltr\"><span style=\"font-family: arial, sans-serif;\">L'entr\u00e9e \u00e0 EENY : LIVE ! est gratuite, mais l'inscription est obligatoire. Des possibilit\u00e9s de parrainage et de don sont disponibles. Pour s'inscrire, devenir sponsor ou faire un don, veuillez consulter le site : <a href=\"https:\/\/www.emilysentourage.org\/fr\/eeny-live-event\/\" target=\"_blank\" rel=\"noopener noreferrer\" saferedirecturl=\"https:\/\/www.google.com\/url?q=https:\/\/www.emilysentourage.org\/eeny-live&amp;source=gmail&amp;ust=1592340041015000&amp;usg=AFQjCNGsy6MGSBca2U0bvUtXn2Z_js5wNg\">www.emilysentourage.org\/eeny-<wbr \/>vivre<\/a><\/span><\/p>\n<p dir=\"ltr\" style=\"text-align: center;\"><span style=\"font-family: arial, sans-serif;\">###<\/span><\/p>\n<p dir=\"ltr\"><strong><span style=\"font-family: arial, sans-serif;\">\u00c0 propos de l'entourage d'Emily<\/span><\/strong><\/p>\n<p dir=\"ltr\"><span style=\"font-family: arial, sans-serif;\">Emily's Entourage est une fondation innovante de type 501(c)3 qui acc\u00e9l\u00e8re la recherche de nouveaux traitements et d'un rem\u00e8de pour les mutations du non-sens de la fibrose kystique, une maladie g\u00e9n\u00e9tique mortelle qui affecte principalement les poumons et le syst\u00e8me digestif. Depuis 2011, Emily's Entourage a octroy\u00e9 des millions de dollars en subventions de recherche, lanc\u00e9 une soci\u00e9t\u00e9 de th\u00e9rapie g\u00e9nique de la fibrose kystique r\u00e9cemment acquise par une grande soci\u00e9t\u00e9 pharmaceutique, et men\u00e9 des efforts \u00e0 l'\u00e9chelle mondiale pour stimuler la recherche et le d\u00e9veloppement de m\u00e9dicaments \u00e0 fort impact. L'organisation a fait l'objet d'articles dans les m\u00e9dias nationaux, notamment dans le New York Times, STAT, CNN et People. Pour en savoir plus, visitez le site <a href=\"https:\/\/www.emilysentourage.org\/fr\/\" target=\"_blank\" rel=\"noopener noreferrer\" data-saferedirecturl=\"https:\/\/www.google.com\/url?q=https:\/\/www.emilysentourage.org&amp;source=gmail&amp;ust=1592340041015000&amp;usg=AFQjCNE_HLFkhYCqUFyk1POZkPqul5Y7jQ\">EmilysEntourage.org<\/a>.\u00a0<\/span><\/p>\n<p dir=\"ltr\"><strong><span style=\"font-family: arial, sans-serif;\">Contact<\/span><\/strong><\/p>\n<p dir=\"ltr\"><em><span style=\"font-family: arial, sans-serif;\">Pour les demandes de renseignements des m\u00e9dias et les possibilit\u00e9s d'entretien, veuillez contacter Kira Rentas, coordinatrice principale du marketing et des programmes, \u00e0 l'adresse suivante <a href=\"mailto:kira@emilysentourage.org\" target=\"_blank\" rel=\"noopener noreferrer\">kira@emilysentourage.org<\/a> ou 631-902-1993. <\/span><\/em><\/p>\n<p dir=\"ltr\"><em><span style=\"font-family: arial, sans-serif;\">Des captures d'\u00e9cran et des enregistrements de la prestation virtuelle sont disponibles sur demande.\u00a0<\/span><\/em><\/p>\n<p dir=\"ltr\"><strong><span style=\"font-family: arial, sans-serif;\">Liens connexes<\/span><\/strong><\/p>\n<p dir=\"ltr\"><span style=\"font-family: arial, sans-serif;\"><a href=\"https:\/\/www.emilysentourage.org\/fr\/\" target=\"_blank\" rel=\"noopener noreferrer\" data-saferedirecturl=\"https:\/\/www.google.com\/url?q=https:\/\/www.emilysentourage.org&amp;source=gmail&amp;ust=1592340041015000&amp;usg=AFQjCNE_HLFkhYCqUFyk1POZkPqul5Y7jQ\">www.emilysentourage.org<\/a>\u00a0<\/span><\/p>\n<p dir=\"ltr\"><span style=\"font-family: arial, sans-serif;\"><a href=\"https:\/\/www.emilysentourage.org\/fr\/eeny-live-event\/\" target=\"_blank\" rel=\"noopener noreferrer\" saferedirecturl=\"https:\/\/www.google.com\/url?q=https:\/\/www.emilysentourage.org\/eeny-live&amp;source=gmail&amp;ust=1592340041015000&amp;usg=AFQjCNGsy6MGSBca2U0bvUtXn2Z_js5wNg\">www.emilysentourage.org\/eeny-<wbr \/>vivre<\/a>\u00a0<\/span><\/p>\n<\/div>\n<div><\/div>","protected":false},"excerpt":{"rendered":"<p>L'Entourage d'Emily lance sa toute premi\u00e8re soir\u00e9e virtuelle au profit de la fibrose kystique EENY : LIVE ! Une soir\u00e9e virtuelle pour collecter des fonds essentiels \u00e0 la recherche sur la mucoviscidose New York, NY - L'Entourage d'Emily (EE), une fondation innovante de type 501(c)3 qui a collect\u00e9 plus de $7 millions depuis 2011 pour acc\u00e9l\u00e9rer la recherche et le d\u00e9veloppement de m\u00e9dicaments pour les mutations non sens de la mucoviscidose (CF),... <\/p>\n<div class=\"clear\"><\/div>\n<p><a href=\"https:\/\/www.emilysentourage.org\/fr\/ee-launches-virtual-benefit\/\" class=\"excerpt-read-more\">Lire la suite<\/a><\/p>","protected":false},"author":1704,"featured_media":0,"parent":0,"menu_order":0,"comment_status":"closed","ping_status":"closed","template":"","meta":{"_acf_changed":false,"_seopress_robots_primary_cat":"","_seopress_titles_title":"","_seopress_titles_desc":"","_seopress_robots_index":"","_monsterinsights_skip_tracking":false,"_monsterinsights_sitenote_active":false,"_monsterinsights_sitenote_note":"","_monsterinsights_sitenote_category":0,"footnotes":""},"class_list":["post-14457","page","type-page","status-publish","hentry"],"acf":[],"jetpack_sharing_enabled":true,"post_mailing_queue_ids":[],"_links":{"self":[{"href":"https:\/\/www.emilysentourage.org\/fr\/wp-json\/wp\/v2\/pages\/14457","targetHints":{"allow":["GET"]}}],"collection":[{"href":"https:\/\/www.emilysentourage.org\/fr\/wp-json\/wp\/v2\/pages"}],"about":[{"href":"https:\/\/www.emilysentourage.org\/fr\/wp-json\/wp\/v2\/types\/page"}],"author":[{"embeddable":true,"href":"https:\/\/www.emilysentourage.org\/fr\/wp-json\/wp\/v2\/users\/1704"}],"replies":[{"embeddable":true,"href":"https:\/\/www.emilysentourage.org\/fr\/wp-json\/wp\/v2\/comments?post=14457"}],"version-history":[{"count":3,"href":"https:\/\/www.emilysentourage.org\/fr\/wp-json\/wp\/v2\/pages\/14457\/revisions"}],"predecessor-version":[{"id":20561,"href":"https:\/\/www.emilysentourage.org\/fr\/wp-json\/wp\/v2\/pages\/14457\/revisions\/20561"}],"wp:attachment":[{"href":"https:\/\/www.emilysentourage.org\/fr\/wp-json\/wp\/v2\/media?parent=14457"}],"curies":[{"name":"wp","href":"https:\/\/api.w.org\/{rel}","templated":true}]}}