{"id":13586,"date":"2019-10-03T15:51:52","date_gmt":"2019-10-03T19:51:52","guid":{"rendered":"https:\/\/www.emilysentourage.org\/?page_id=13586"},"modified":"2019-10-09T11:19:56","modified_gmt":"2019-10-09T15:19:56","slug":"2019-mobile-auction","status":"publish","type":"page","link":"https:\/\/www.emilysentourage.org\/fr\/2019-mobile-auction\/","title":{"rendered":"VENTE AUX ENCH\u00c8RES MOBILE"},"content":{"rendered":"<h3>La vente aux ench\u00e8res est une partie extraordinaire de la <em>Soir\u00e9e avec l'entourage d'Emily<\/em> La vente aux ench\u00e8res silencieuse, qui se d\u00e9roulera le 7 d\u00e9cembre, comprendra des articles et des exp\u00e9riences uniques dans les domaines du voyage, du sport, de la restauration, de la joaillerie, des beaux-arts et bien d'autres encore ! En plus de la vente aux ench\u00e8res silencieuse qui aura lieu lors du gala du 7 d\u00e9cembre, nous lancerons une vente aux ench\u00e8res en ligne dans les jours pr\u00e9c\u00e9dant le gala. La vente aux ench\u00e8res en ligne permet \u00e0 chacun de voir et d'ench\u00e9rir sur les articles avant et pendant le gala, m\u00eame si vous n'\u00eates pas en mesure d'assister au gala en personne.<\/p>\n<p>Nous vous invitons \u00e0 consulter r\u00e9guli\u00e8rement notre site pour conna\u00eetre le lancement de la vente aux ench\u00e8res en ligne.<\/h3>\n<p><img fetchpriority=\"high\" decoding=\"async\" class=\"size-full wp-image-13591 aligncenter\" src=\"https:\/\/www.emilysentourage.org\/wp-content\/uploads\/2018SilentAuction.jpg\" alt=\"\" width=\"900\" height=\"563\" srcset=\"https:\/\/www.emilysentourage.org\/wp-content\/uploads\/2018SilentAuction.jpg 900w, https:\/\/www.emilysentourage.org\/wp-content\/uploads\/2018SilentAuction-300x188.jpg 300w, https:\/\/www.emilysentourage.org\/wp-content\/uploads\/2018SilentAuction-768x480.jpg 768w, https:\/\/www.emilysentourage.org\/wp-content\/uploads\/2018SilentAuction-600x375.jpg 600w\" sizes=\"(max-width: 900px) 100vw, 900px\" \/><\/p>","protected":false},"excerpt":{"rendered":"<p>La vente aux ench\u00e8res est une partie extraordinaire du gala Evening with Emily's Entourage. Elle consiste en des articles et des exp\u00e9riences uniques dans les domaines du voyage, du sport, de la restauration, de la joaillerie, des beaux-arts et bien plus encore ! En plus de la vente aux ench\u00e8res silencieuse qui aura lieu lors du gala du 7 d\u00e9cembre, nous lancerons une vente aux ench\u00e8res en ligne dans les jours pr\u00e9c\u00e9dant la... <\/p>\n<div class=\"clear\"><\/div>\n<p><a href=\"https:\/\/www.emilysentourage.org\/fr\/2019-mobile-auction\/\" class=\"excerpt-read-more\">Lire la suite<\/a><\/p>","protected":false},"author":1704,"featured_media":0,"parent":0,"menu_order":0,"comment_status":"closed","ping_status":"closed","template":"","meta":{"_acf_changed":false,"_seopress_robots_primary_cat":"","_seopress_titles_title":"","_seopress_titles_desc":"","_seopress_robots_index":"","_monsterinsights_skip_tracking":false,"_monsterinsights_sitenote_active":false,"_monsterinsights_sitenote_note":"","_monsterinsights_sitenote_category":0,"footnotes":""},"class_list":["post-13586","page","type-page","status-publish","hentry"],"acf":[],"jetpack_sharing_enabled":true,"post_mailing_queue_ids":[],"_links":{"self":[{"href":"https:\/\/www.emilysentourage.org\/fr\/wp-json\/wp\/v2\/pages\/13586","targetHints":{"allow":["GET"]}}],"collection":[{"href":"https:\/\/www.emilysentourage.org\/fr\/wp-json\/wp\/v2\/pages"}],"about":[{"href":"https:\/\/www.emilysentourage.org\/fr\/wp-json\/wp\/v2\/types\/page"}],"author":[{"embeddable":true,"href":"https:\/\/www.emilysentourage.org\/fr\/wp-json\/wp\/v2\/users\/1704"}],"replies":[{"embeddable":true,"href":"https:\/\/www.emilysentourage.org\/fr\/wp-json\/wp\/v2\/comments?post=13586"}],"version-history":[{"count":5,"href":"https:\/\/www.emilysentourage.org\/fr\/wp-json\/wp\/v2\/pages\/13586\/revisions"}],"predecessor-version":[{"id":13649,"href":"https:\/\/www.emilysentourage.org\/fr\/wp-json\/wp\/v2\/pages\/13586\/revisions\/13649"}],"wp:attachment":[{"href":"https:\/\/www.emilysentourage.org\/fr\/wp-json\/wp\/v2\/media?parent=13586"}],"curies":[{"name":"wp","href":"https:\/\/api.w.org\/{rel}","templated":true}]}}