{"id":1180,"date":"2017-12-03T11:57:35","date_gmt":"2017-12-03T16:57:35","guid":{"rendered":"http:\/\/lw.screammedia.net\/?page_id=1180"},"modified":"2025-12-10T11:32:10","modified_gmt":"2025-12-10T15:32:10","slug":"videos","status":"publish","type":"page","link":"https:\/\/www.emilysentourage.org\/fr\/videos\/","title":{"rendered":"Vid\u00e9os"},"content":{"rendered":"<h2>Vid\u00e9o de la campagne 2024<\/h2>\n<p><iframe title=\"Lecteur vid\u00e9o YouTube\" src=\"https:\/\/www.youtube.com\/embed\/gAQGumKOrlc?si=nBs7CqUVr8wlYDBK\" width=\"560\" height=\"315\" frameborder=\"0\" allowfullscreen=\"allowfullscreen\"><\/iframe><\/p>\n<h2>Vid\u00e9o de la campagne 2023<\/h2>\n<p><iframe title=\"Lecteur vid\u00e9o YouTube\" src=\"https:\/\/www.youtube.com\/embed\/kl2LKpnTwZY\" width=\"560\" height=\"315\" frameborder=\"0\" allowfullscreen=\"allowfullscreen\"><\/iframe><\/p>\n<h2>Vid\u00e9o de la campagne 2021<\/h2>\n<p><iframe src=\"https:\/\/www.youtube.com\/embed\/XtyxPqIXA80\" width=\"560\" height=\"315\" frameborder=\"0\" allowfullscreen=\"allowfullscreen\"><\/iframe><\/p>\n<h2>Vid\u00e9o de la campagne 2020<\/h2>\n<p><iframe title=\"Lecteur vid\u00e9o YouTube\" src=\"https:\/\/www.youtube.com\/embed\/EPrfbzvQmbo\" width=\"560\" height=\"315\" frameborder=\"0\" allowfullscreen=\"allowfullscreen\"><\/iframe><\/p>\n<h2>Vid\u00e9o de la campagne 2019<\/h2>\n<p><iframe src=\"https:\/\/www.youtube.com\/embed\/vuF8JgS_fGY\" width=\"560\" height=\"315\" frameborder=\"0\" allowfullscreen=\"allowfullscreen\"><\/iframe><\/p>\n<h2>Vid\u00e9o de la campagne 2018<\/h2>\n<p><iframe src=\"https:\/\/www.youtube.com\/embed\/V0ia3Cgy8vM\" width=\"560\" height=\"315\" frameborder=\"0\" allowfullscreen=\"allowfullscreen\"><span data-mce-type=\"bookmark\" style=\"display: inline-block; width: 0px; overflow: hidden; line-height: 0;\" class=\"mce_SELRES_start\"><\/span><\/iframe><\/p>\n<h2>Vid\u00e9o de la campagne 2017<\/h2>\n<p><iframe src=\"https:\/\/www.youtube.com\/embed\/w9WKnWPty94\" width=\"560\" height=\"315\" frameborder=\"0\" allowfullscreen=\"allowfullscreen\"><\/iframe><\/p>\n<h2>Vid\u00e9o de la campagne 2016<\/h2>\n<p><iframe src=\"https:\/\/www.youtube.com\/embed\/FcKqn9xDBpA\" width=\"560\" height=\"315\" frameborder=\"0\" allowfullscreen=\"allowfullscreen\"><\/iframe><\/p>\n<h2>Vid\u00e9o de la campagne 2015<\/h2>\n<p><iframe src=\"https:\/\/www.youtube.com\/embed\/YutKkKv07z0?rel=0&amp;showinfo=0\" width=\"560\" height=\"315\" frameborder=\"0\" allowfullscreen=\"allowfullscreen\"><\/iframe><\/p>\n<h2>Vid\u00e9o de la campagne 2014<\/h2>\n<p><iframe src=\"\/\/www.youtube.com\/embed\/6gZ9Si-vRnM\" width=\"560\" height=\"315\" frameborder=\"0\" allowfullscreen=\"allowfullscreen\"><\/iframe><\/p>\n<h2>Vid\u00e9o de la campagne 2013<\/h2>\n<p><iframe src=\"https:\/\/www.youtube.com\/embed\/cf5rpjFguGU\" width=\"560\" height=\"315\" frameborder=\"0\" allowfullscreen=\"allowfullscreen\"><\/iframe><\/p>\n<h2>Vid\u00e9o de la campagne 2012<\/h2>\n<p><iframe src=\"https:\/\/player.vimeo.com\/video\/31965437\" width=\"640\" height=\"360\" frameborder=\"0\" allowfullscreen=\"allowfullscreen\"><\/iframe><\/p>\n<p>Voir plus de vid\u00e9os sur le <a href=\"https:\/\/www.youtube.com\/user\/EmilysEntourage\" target=\"_blank\" rel=\"noopener noreferrer\">Page YouTube d'Emily Entourage<\/a><\/p>","protected":false},"excerpt":{"rendered":"<p>2024 Vid\u00e9o de campagne 2023 Vid\u00e9o de campagne 2021 Vid\u00e9o de campagne 2020 Vid\u00e9o de campagne 2019 Vid\u00e9o de campagne 2018 Vid\u00e9o de campagne 2017 Vid\u00e9o de campagne 2016 Vid\u00e9o de campagne 2015 Vid\u00e9o de campagne 2014 Vid\u00e9o de campagne 2013 Vid\u00e9o de campagne 2012 Vid\u00e9o de campagne Voir d'autres vid\u00e9os sur la page YouTube de l'Entourage d'Emily<\/p>","protected":false},"author":58,"featured_media":0,"parent":0,"menu_order":11,"comment_status":"open","ping_status":"open","template":"","meta":{"_acf_changed":false,"_seopress_robots_primary_cat":"","_seopress_titles_title":"","_seopress_titles_desc":"","_seopress_robots_index":"","_monsterinsights_skip_tracking":false,"_monsterinsights_sitenote_active":false,"_monsterinsights_sitenote_note":"","_monsterinsights_sitenote_category":0,"footnotes":""},"class_list":["post-1180","page","type-page","status-publish","hentry"],"acf":[],"jetpack_sharing_enabled":true,"post_mailing_queue_ids":[],"_links":{"self":[{"href":"https:\/\/www.emilysentourage.org\/fr\/wp-json\/wp\/v2\/pages\/1180","targetHints":{"allow":["GET"]}}],"collection":[{"href":"https:\/\/www.emilysentourage.org\/fr\/wp-json\/wp\/v2\/pages"}],"about":[{"href":"https:\/\/www.emilysentourage.org\/fr\/wp-json\/wp\/v2\/types\/page"}],"author":[{"embeddable":true,"href":"https:\/\/www.emilysentourage.org\/fr\/wp-json\/wp\/v2\/users\/58"}],"replies":[{"embeddable":true,"href":"https:\/\/www.emilysentourage.org\/fr\/wp-json\/wp\/v2\/comments?post=1180"}],"version-history":[{"count":5,"href":"https:\/\/www.emilysentourage.org\/fr\/wp-json\/wp\/v2\/pages\/1180\/revisions"}],"predecessor-version":[{"id":25969,"href":"https:\/\/www.emilysentourage.org\/fr\/wp-json\/wp\/v2\/pages\/1180\/revisions\/25969"}],"wp:attachment":[{"href":"https:\/\/www.emilysentourage.org\/fr\/wp-json\/wp\/v2\/media?parent=1180"}],"curies":[{"name":"wp","href":"https:\/\/api.w.org\/{rel}","templated":true}]}}