{"id":10730,"date":"2018-03-22T11:27:56","date_gmt":"2018-03-22T15:27:56","guid":{"rendered":"https:\/\/www.emilysentourage.org\/?page_id=10730"},"modified":"2018-03-22T11:29:06","modified_gmt":"2018-03-22T15:29:06","slug":"mpc","status":"publish","type":"page","link":"https:\/\/www.emilysentourage.org\/fr\/mpc\/","title":{"rendered":"Coordinatrice du marketing et des programmes"},"content":{"rendered":"<p>Emily's Entourage est \u00e0 la recherche d'un coordinateur de marketing et de programmes \u00e0 temps plein (40 heures par semaine) pour aider \u00e0 planifier et \u00e0 g\u00e9rer le marketing et la communication, les projets sp\u00e9ciaux et les b\u00e9n\u00e9voles, ainsi que les op\u00e9rations de cette organisation \u00e0 but non lucratif en pleine croissance.<\/p>\n<p><strong><u>La Fondation<\/u><\/strong><\/p>\n<p>L'Entourage d'Emily est une organisation innovante (501(c)3) qui acc\u00e9l\u00e8re la recherche de nouveaux traitements et d'un rem\u00e8de pour les mutations non-sens rares de la mucoviscidose. Fond\u00e9 par Emily Kramer-Golinkoff, sa famille et ses amis, l'Entourage d'Emily est aliment\u00e9 par de puissantes communaut\u00e9s, petites et grandes, en personne et virtuelles, qui se sont mobilis\u00e9es pour collecter plus de $3 millions depuis 2011 afin d'encourager la recherche \u00e0 fort impact et la collaboration r\u00e9volutionnaire.<\/p>\n<p>Si l'urgence de la fondation est inspir\u00e9e par le stade avanc\u00e9 de la maladie d'Emily, le travail de l'Entourage d'Emily donne un \u00e9lan aux avanc\u00e9es qui peuvent b\u00e9n\u00e9ficier non seulement aux patients atteints de mucoviscidose, mais aussi \u00e0 environ 12% de tous les patients atteints de maladies g\u00e9n\u00e9tiques caus\u00e9es de la m\u00eame mani\u00e8re par des mutations non sens, ce qui repr\u00e9sente environ 30 millions de personnes dans le monde.<\/p>\n<p>Nomm\u00e9 \"Champion of Change\" de la Maison Blanche pour la m\u00e9decine de pr\u00e9cision, Emily's Entourage a \u00e9t\u00e9 pr\u00e9sent\u00e9 sur CNN.com, Time.com, People.com, AOL.com, CBS's The Doctors, Yahoo Health et de nombreux autres m\u00e9dias nationaux et locaux pour son approche disruptive de l'acc\u00e9l\u00e9ration des avanc\u00e9es et l'histoire inspirante d'Emily.<em>\u00a0<\/em><\/p>\n<p><strong><u>La position<\/u><\/strong><\/p>\n<p>Les candidats \u00e0 ce poste doivent \u00eatre passionn\u00e9s, organis\u00e9s et tirer leur \u00e9nergie d'un travail acharn\u00e9 et de r\u00e9sultats spectaculaires et percutants. Ils doivent poss\u00e9der de solides comp\u00e9tences r\u00e9dactionnelles ainsi qu'une exp\u00e9rience av\u00e9r\u00e9e en mati\u00e8re d'organisation et de gestion de projets. Travaillant en \u00e9troite collaboration avec les fondateurs, les conseillers, le conseil d'administration, les responsables de comit\u00e9s et le vaste r\u00e9seau de b\u00e9n\u00e9voles de l'organisation, le coordinateur facilitera et mettra en \u0153uvre des initiatives de programme et de marketing pour l'Entourage d'Emily, tout en aidant \u00e0 g\u00e9rer les op\u00e9rations quotidiennes. Le coordinateur sera \u00e9galement la personne de r\u00e9f\u00e9rence pour la gestion des fournisseurs et des collaborateurs externes.<\/p>\n<p>Dans ce r\u00f4le, le coordinateur apportera sa cr\u00e9ativit\u00e9, son sens de l'organisation, son orientation vers le service et sa motivation \u00e0 faire avancer les choses avec le souci du d\u00e9tail et de l'excellence. Le candidat id\u00e9al aura un grand sens de l'urgence et travaillera de mani\u00e8re proactive, orient\u00e9e vers les r\u00e9sultats et sensible.<\/p>\n<p><strong><u>Responsabilit\u00e9s<\/u><\/strong><\/p>\n<p><em>Les responsabilit\u00e9s comprennent, sans s'y limiter, les \u00e9l\u00e9ments suivants :<\/em><\/p>\n<ul>\n<li><strong>Marketing et communication <\/strong><\/li>\n<\/ul>\n<ul>\n<li style=\"list-style-type: none;\">\n<ul>\n<li>Superviser le calendrier \u00e9ditorial mensuel, y compris le calendrier et la strat\u00e9gie en mati\u00e8re de m\u00e9dias sociaux.<\/li>\n<li>G\u00e9rer les comptes de m\u00e9dias sociaux (Facebook, Instagram, Twitter, LinkedIn et autres) en collaboration avec des b\u00e9n\u00e9voles.<\/li>\n<li>Superviser les collaborateurs b\u00e9n\u00e9voles des m\u00e9dias sociaux et leur contenu, y compris l'attribution, l'\u00e9dition et la publication du contenu.<\/li>\n<li>Concevoir et diriger la strat\u00e9gie des m\u00e9dias sociaux pour la campagne et les appels<\/li>\n<li>Superviser le calendrier et la strat\u00e9gie des blogs mensuels<\/li>\n<li>R\u00e9diger, mettre en forme et publier des articles de blog<\/li>\n<li>Superviser les collaborateurs b\u00e9n\u00e9voles du blog, en veillant \u00e0 ce qu'un contenu de haute qualit\u00e9 soit soumis et publi\u00e9 \u00e0 temps et qu'il corresponde au message de l'organisation.<\/li>\n<li>Mise \u00e0 jour des photos de profil et de couverture de l'EE<\/li>\n<li>Superviser la conception et la mise \u00e0 jour du site web, y compris la cr\u00e9ation de nouvelles pages web et la mise \u00e0 jour r\u00e9guli\u00e8re du contenu de la page d'accueil (photos, vid\u00e9os, textes, liens, etc.).<\/li>\n<li>Superviser l'\u00e9quipe de production web<\/li>\n<li>Formatage et envoi de la lettre d'information mensuelle aux VIP Insiders et des lettres d'information trimestrielles \u00e0 plus de 6 000 contacts.<\/li>\n<li>Cr\u00e9er des graphiques pour les m\u00e9dias sociaux et le site web, le swag, les \u00e9v\u00e9nements et les supports de marketing et de communication.<\/li>\n<li>Programmer, planifier et organiser des \u00e9v\u00e9nements communautaires<\/li>\n<\/ul>\n<\/li>\n<\/ul>\n<ul>\n<li><strong>Gestion des projets et des volontaires<\/strong>\n<ul>\n<li>Diriger des projets pour s'assurer qu'ils respectent les \u00e9ch\u00e9ances, les d\u00e9lais et les r\u00e9sultats en termes de temps et de qualit\u00e9.<\/li>\n<li>Superviser les b\u00e9n\u00e9voles travaillant sur des projets sp\u00e9ciaux<\/li>\n<li>Maintenir une communication r\u00e9guli\u00e8re avec les principaux b\u00e9n\u00e9voles et les responsables des comit\u00e9s.<\/li>\n<li>D\u00e9velopper, mettre en \u0153uvre et superviser les meilleures pratiques et le flux de travail pour les volontaires et les projets.<\/li>\n<\/ul>\n<\/li>\n<\/ul>\n<ul>\n<li><strong>Op\u00e9rations <\/strong>\n<ul>\n<li>Planifier et g\u00e9rer les r\u00e9unions et le calendrier des comit\u00e9s et des grands groupes.<\/li>\n<\/ul>\n<\/li>\n<\/ul>\n<ul>\n<li style=\"list-style-type: none;\">\n<ul>\n<li>Aider \u00e0 la programmation, \u00e0 la gestion des calendriers et \u00e0 l'organisation des d\u00e9placements des fondateurs.<\/li>\n<li>Planifier et g\u00e9rer la logistique des r\u00e9unions et \u00e9v\u00e9nements scientifiques<\/li>\n<li>Programmer, planifier et organiser des \u00e9v\u00e9nements communautaires<\/li>\n<li>Contr\u00f4ler et g\u00e9rer les relations avec les fournisseurs<\/li>\n<li>Cr\u00e9er et g\u00e9rer des collectes de fonds de pair \u00e0 pair<\/li>\n<li>Concevoir des \u00e9l\u00e9ments de marque pour EE<\/li>\n<li>Utiliser un syst\u00e8me de gestion de base de donn\u00e9es en ligne (Bloomerang) pour concevoir et envoyer des communications \u00e9lectroniques, mettre \u00e0 jour des listes de diffusion et cr\u00e9er des rapports selon les besoins.<\/li>\n<\/ul>\n<\/li>\n<\/ul>\n<p><strong><u>Qualifications et comp\u00e9tences<\/u><\/strong><strong>\u00a0<\/strong><\/p>\n<p><strong><em>Qualifications<\/em><\/strong><\/p>\n<ul>\n<li>BA\/BS requis, de pr\u00e9f\u00e9rence en marketing, communication ou anglais<\/li>\n<li>Au moins deux ans d'exp\u00e9rience dans le domaine du marketing et de la gestion de projets sont requis ; de pr\u00e9f\u00e9rence dans le secteur de la sant\u00e9.<\/li>\n<li>Excellentes comp\u00e9tences en mati\u00e8re de communication orale et \u00e9crite<\/li>\n<li>Exp\u00e9rience pr\u00e9alable de la r\u00e9daction et de l'\u00e9dition d'articles de blog, de la cr\u00e9ation de contenu attrayant pour les m\u00e9dias sociaux, de la conception de bulletins d'information et d'autres contenus marketing.<\/li>\n<li>Curieux, ind\u00e9pendant et entreprenant<\/li>\n<li>Style de travail ax\u00e9 sur la collaboration, l'adaptation et le retroussement des manches<\/li>\n<li>Organis\u00e9 et capable d'\u00e9quilibrer plusieurs projets et responsabilit\u00e9s<\/li>\n<li>Tr\u00e8s motiv\u00e9, d\u00e9brouillard et capable d'anticiper les besoins et de proposer des solutions cr\u00e9atives pour relever les d\u00e9fis.<\/li>\n<\/ul>\n<p><strong><em>Comp\u00e9tences<\/em><\/strong><\/p>\n<ul>\n<li>Connaissance et exp\u00e9rience de WordPress et des plateformes de marketing par courriel<\/li>\n<li>Comp\u00e9tences de base en mati\u00e8re de conception graphique et connaissance pratique de PhotoShop, InDesign ou Illustrator.<\/li>\n<li>Ma\u00eetrise de Google Drive<\/li>\n<li>Solides comp\u00e9tences organisationnelles et multit\u00e2ches avec un souci du d\u00e9tail.<\/li>\n<\/ul>\n<p><strong><u>Instructions relatives \u00e0 la candidature<\/u><\/strong><\/p>\n<p>Les candidats int\u00e9ress\u00e9s doivent envoyer une lettre de motivation et un curriculum vitae \u00e0 l'adresse suivante <a href=\"mailto:propeller@emilysentourage.org\">admin@emilysentourage.org<\/a>.<\/p>\n<p>Emily's Entourage offre l'\u00e9galit\u00e9 des chances en mati\u00e8re d'emploi \u00e0 toutes les personnes sans distinction d'\u00e2ge, de race, de couleur, de religion, d'origine nationale, de sexe, d'orientation sexuelle, d'\u00e9tat civil ou de handicap.<\/p>\n<p>&nbsp;<\/p>","protected":false},"excerpt":{"rendered":"<p>Emily's Entourage est \u00e0 la recherche d'un coordinateur de marketing et de programme \u00e0 temps plein (40 heures par semaine) pour aider \u00e0 planifier et \u00e0 g\u00e9rer le marketing et la communication, les projets sp\u00e9ciaux et les b\u00e9n\u00e9voles, ainsi que les op\u00e9rations de cette organisation \u00e0 but non lucratif en pleine croissance. La Fondation Emily's Entourage est une organisation innovante (501(c)3) qui acc\u00e9l\u00e8re la recherche de nouveaux traitements et d'un rem\u00e8de pour les mutations rares du non-sens.... <\/p>\n<div class=\"clear\"><\/div>\n<p><a href=\"https:\/\/www.emilysentourage.org\/fr\/mpc\/\" class=\"excerpt-read-more\">Lire la suite<\/a><\/p>","protected":false},"author":1284,"featured_media":0,"parent":0,"menu_order":0,"comment_status":"closed","ping_status":"closed","template":"","meta":{"_acf_changed":false,"_seopress_robots_primary_cat":"","_seopress_titles_title":"","_seopress_titles_desc":"","_seopress_robots_index":"","_monsterinsights_skip_tracking":false,"_monsterinsights_sitenote_active":false,"_monsterinsights_sitenote_note":"","_monsterinsights_sitenote_category":0,"footnotes":""},"class_list":["post-10730","page","type-page","status-publish","hentry"],"acf":[],"jetpack_sharing_enabled":true,"post_mailing_queue_ids":[],"_links":{"self":[{"href":"https:\/\/www.emilysentourage.org\/fr\/wp-json\/wp\/v2\/pages\/10730","targetHints":{"allow":["GET"]}}],"collection":[{"href":"https:\/\/www.emilysentourage.org\/fr\/wp-json\/wp\/v2\/pages"}],"about":[{"href":"https:\/\/www.emilysentourage.org\/fr\/wp-json\/wp\/v2\/types\/page"}],"author":[{"embeddable":true,"href":"https:\/\/www.emilysentourage.org\/fr\/wp-json\/wp\/v2\/users\/1284"}],"replies":[{"embeddable":true,"href":"https:\/\/www.emilysentourage.org\/fr\/wp-json\/wp\/v2\/comments?post=10730"}],"version-history":[{"count":3,"href":"https:\/\/www.emilysentourage.org\/fr\/wp-json\/wp\/v2\/pages\/10730\/revisions"}],"predecessor-version":[{"id":10733,"href":"https:\/\/www.emilysentourage.org\/fr\/wp-json\/wp\/v2\/pages\/10730\/revisions\/10733"}],"wp:attachment":[{"href":"https:\/\/www.emilysentourage.org\/fr\/wp-json\/wp\/v2\/media?parent=10730"}],"curies":[{"name":"wp","href":"https:\/\/api.w.org\/{rel}","templated":true}]}}