{"id":1940,"date":"2014-08-14T20:05:45","date_gmt":"2014-08-15T03:05:45","guid":{"rendered":"http:\/\/lw.screammedia.net\/?page_id=1940"},"modified":"2018-07-24T04:08:04","modified_gmt":"2018-07-24T08:08:04","slug":"mission-statement","status":"publish","type":"page","link":"https:\/\/www.emilysentourage.org\/es\/about-emilys-entourage\/mission-statement\/","title":{"rendered":"Misi\u00f3n"},"content":{"rendered":"<p><strong>Acelerar la investigaci\u00f3n de la fibrosis qu\u00edstica para salvar vidas gracias al poder de la comunidad.<\/strong><\/p>\n<p>Emily's Entourage recauda dinero y conciencia para ayudar a encontrar una cura para la fibrosis qu\u00edstica (FQ), centr\u00e1ndose en las mutaciones raras. Casi 70.000 personas con FQ en todo el mundo esperan con impaciencia avances que les salven la vida. Estamos movilizando a amigos, familias, empresas y comunidades para que se unan a Emily's Entourage en nuestra b\u00fasqueda de nuevos tratamientos y una cura.<\/p>","protected":false},"excerpt":{"rendered":"<p>Acelerar la investigaci\u00f3n de la FQ para salvar vidas gracias al poder de la comunidad. Emily's Entourage recauda dinero y conciencia para ayudar a encontrar una cura para la fibrosis qu\u00edstica (FQ), centr\u00e1ndose en las mutaciones raras. Casi 70.000 personas con FQ en todo el mundo esperan con impaciencia avances que salven vidas. Estamos movilizando a amigos, familias, empresas y comunidades para que se unan... <\/p>\n<div class=\"clear\"><\/div>\n<p><a href=\"https:\/\/www.emilysentourage.org\/es\/about-emilys-entourage\/mission-statement\/\" class=\"excerpt-read-more\">Lee mas<\/a><\/p>","protected":false},"author":58,"featured_media":0,"parent":33,"menu_order":0,"comment_status":"open","ping_status":"closed","template":"","meta":{"_acf_changed":false,"_seopress_robots_primary_cat":"","_seopress_titles_title":"","_seopress_titles_desc":"","_seopress_robots_index":"","_monsterinsights_skip_tracking":false,"_monsterinsights_sitenote_active":false,"_monsterinsights_sitenote_note":"","_monsterinsights_sitenote_category":0,"footnotes":""},"class_list":["post-1940","page","type-page","status-publish","hentry"],"acf":[],"jetpack_sharing_enabled":true,"post_mailing_queue_ids":[],"_links":{"self":[{"href":"https:\/\/www.emilysentourage.org\/es\/wp-json\/wp\/v2\/pages\/1940","targetHints":{"allow":["GET"]}}],"collection":[{"href":"https:\/\/www.emilysentourage.org\/es\/wp-json\/wp\/v2\/pages"}],"about":[{"href":"https:\/\/www.emilysentourage.org\/es\/wp-json\/wp\/v2\/types\/page"}],"author":[{"embeddable":true,"href":"https:\/\/www.emilysentourage.org\/es\/wp-json\/wp\/v2\/users\/58"}],"replies":[{"embeddable":true,"href":"https:\/\/www.emilysentourage.org\/es\/wp-json\/wp\/v2\/comments?post=1940"}],"version-history":[{"count":4,"href":"https:\/\/www.emilysentourage.org\/es\/wp-json\/wp\/v2\/pages\/1940\/revisions"}],"predecessor-version":[{"id":11202,"href":"https:\/\/www.emilysentourage.org\/es\/wp-json\/wp\/v2\/pages\/1940\/revisions\/11202"}],"up":[{"embeddable":true,"href":"https:\/\/www.emilysentourage.org\/es\/wp-json\/wp\/v2\/pages\/33"}],"wp:attachment":[{"href":"https:\/\/www.emilysentourage.org\/es\/wp-json\/wp\/v2\/media?parent=1940"}],"curies":[{"name":"wp","href":"https:\/\/api.w.org\/{rel}","templated":true}]}}