{"id":18991,"date":"2023-05-31T16:31:13","date_gmt":"2023-05-31T20:31:13","guid":{"rendered":"https:\/\/www.emilysentourage.org\/?page_id=18991"},"modified":"2023-08-02T16:18:40","modified_gmt":"2023-08-02T20:18:40","slug":"funding-opportunities","status":"publish","type":"page","link":"https:\/\/www.emilysentourage.org\/es\/funding-opportunities\/","title":{"rendered":"Oportunidades de financiaci\u00f3n"},"content":{"rendered":"<p><span style=\"font-weight: 400;\">Emily's Entourage (EE) proporciona financiaci\u00f3n cr\u00edtica para acelerar la investigaci\u00f3n y el desarrollo de f\u00e1rmacos para individuos en el 10% final de la comunidad de FQ que no se benefician de los moduladores CFTR existentes, incluidos aquellos con mutaciones raras y sin sentido.\u00a0<\/span><\/p>\n<p><span style=\"font-weight: 400;\">Hasta la fecha, EE ha concedido subvenciones a investigadores de todo el mundo y ha contribuido a garantizar millones de d\u00f3lares en financiaci\u00f3n complementaria. Los proyectos de investigaci\u00f3n financiados por EE han avanzado significativamente en el desarrollo terap\u00e9utico y varios de ellos se encuentran actualmente en fase precl\u00ednica.<\/span><\/p>\n<p>EE proporciona financiaci\u00f3n a trav\u00e9s de varios mecanismos de subvenci\u00f3n.<\/p>\n<h2><b>Subvenciones para la traducci\u00f3n<\/b><\/h2>\n<p><span style=\"font-weight: 400;\">El Programa de Subvenciones Traslacionales de EE proporciona financiaci\u00f3n inicial cr\u00edtica a investigadores innovadores con estrategias prometedoras que aceleran la investigaci\u00f3n y el desarrollo de f\u00e1rmacos para aquellos en el 10% final de la comunidad de FQ que no se benefician de los moduladores CFTR, incluidos aquellos con mutaciones raras y sin sentido.\u00a0<\/span><\/p>\n<p><span style=\"font-weight: 400;\">La ayuda asciende a $100.000 al a\u00f1o (m\u00e1s 10% para costes indirectos). Normalmente, la financiaci\u00f3n es de dos a\u00f1os. La continuaci\u00f3n de la financiaci\u00f3n depende de los avances, que se comunican cada seis meses. <a href=\"https:\/\/www.emilysentourage.org\/es\/translational-grants\/\" target=\"_blank\" rel=\"noopener\">M\u00e1s informaci\u00f3n sobre el Programa de Subvenciones Traslacionales de EE<\/a>.<\/span><\/p>\n<h2><b>Subvenciones colaborativas<\/b><\/h2>\n<p><span style=\"font-weight: 400;\">Las Becas de Colaboraci\u00f3n de EE apoyan proyectos de investigaci\u00f3n que re\u00fanen a m\u00faltiples investigadores con diversas \u00e1reas de experiencia para abordar conjuntamente los retos en el desarrollo de terapias para individuos en el 10% final de la comunidad de FQ que no se benefician de los moduladores CFTR, incluyendo aquellos con mutaciones raras y sin sentido.\u00a0<\/span><\/p>\n<p><span style=\"font-weight: 400;\">Estas subvenciones se conceden a equipos de <\/span>tres o m\u00e1s investigadores<span style=\"font-weight: 400;\"> con conocimientos complementarios para avanzar en el desarrollo terap\u00e9utico de formas que no podr\u00edan lograrse sin un enfoque colaborativo. <\/span><span style=\"font-weight: 400;\">La iniciativa<\/span> <span style=\"font-weight: 400;\">El importe de la financiaci\u00f3n viene determinado por el alcance y el presupuesto del proyecto. <\/span><span style=\"font-weight: 400;\">Los solicitantes pueden pedir financiaci\u00f3n para apoyar el proyecto por un total de 1,5 millones de euros.<\/span> <span style=\"font-weight: 400;\">tres a\u00f1os. <a href=\"https:\/\/www.emilysentourage.org\/es\/collaborative-grants\/\" target=\"_blank\" rel=\"noopener\">M\u00e1s informaci\u00f3n sobre las Becas de Colaboraci\u00f3n de EE<\/a>.<\/span><\/p>\n<h2><b>Inversiones filantr\u00f3picas de riesgo<\/b><\/h2>\n<p><span style=\"font-weight: 400;\">Adem\u00e1s de conceder subvenciones, EE tambi\u00e9n impulsa la investigaci\u00f3n y el desarrollo terap\u00e9utico con inversiones estrat\u00e9gicas realizadas a trav\u00e9s de un modelo de filantrop\u00eda de riesgo. Utilizando este enfoque empresarial, EE proporciona financiaci\u00f3n inicial a empresas para acelerar el desarrollo de terapias prometedoras y una cura para las personas con FQ que no se benefician de las terapias moduladoras de CFTR actualmente disponibles. <a href=\"https:\/\/www.emilysentourage.org\/es\/venture-philanthropy-investments\/\" target=\"_blank\" rel=\"noopener\">M\u00e1s informaci\u00f3n sobre las inversiones de EE en filantrop\u00eda empresarial<\/a>.\u00a0<\/span><\/p>","protected":false},"excerpt":{"rendered":"<p>Emily's Entourage (EE) proporciona financiaci\u00f3n cr\u00edtica para acelerar la investigaci\u00f3n y el desarrollo de f\u00e1rmacos para los individuos en el 10% final de la comunidad de FQ que no se benefician de los moduladores CFTR existentes, incluidos aquellos con mutaciones raras y sin sentido.  Hasta la fecha, EE ha concedido subvenciones a investigadores de todo el mundo y ha ayudado a conseguir millones de... <\/p>\n<div class=\"clear\"><\/div>\n<p><a href=\"https:\/\/www.emilysentourage.org\/es\/funding-opportunities\/\" class=\"excerpt-read-more\">Lee mas<\/a><\/p>","protected":false},"author":1361,"featured_media":0,"parent":0,"menu_order":0,"comment_status":"closed","ping_status":"closed","template":"","meta":{"_acf_changed":false,"_seopress_robots_primary_cat":"","_seopress_titles_title":"%%sitetitle%% %%sep%% %%post_title%%","_seopress_titles_desc":"%%post_excerpt%%","_seopress_robots_index":"","_monsterinsights_skip_tracking":false,"_monsterinsights_sitenote_active":false,"_monsterinsights_sitenote_note":"","_monsterinsights_sitenote_category":0,"footnotes":""},"class_list":["post-18991","page","type-page","status-publish","hentry"],"acf":[],"jetpack_sharing_enabled":true,"post_mailing_queue_ids":[],"_links":{"self":[{"href":"https:\/\/www.emilysentourage.org\/es\/wp-json\/wp\/v2\/pages\/18991","targetHints":{"allow":["GET"]}}],"collection":[{"href":"https:\/\/www.emilysentourage.org\/es\/wp-json\/wp\/v2\/pages"}],"about":[{"href":"https:\/\/www.emilysentourage.org\/es\/wp-json\/wp\/v2\/types\/page"}],"author":[{"embeddable":true,"href":"https:\/\/www.emilysentourage.org\/es\/wp-json\/wp\/v2\/users\/1361"}],"replies":[{"embeddable":true,"href":"https:\/\/www.emilysentourage.org\/es\/wp-json\/wp\/v2\/comments?post=18991"}],"version-history":[{"count":5,"href":"https:\/\/www.emilysentourage.org\/es\/wp-json\/wp\/v2\/pages\/18991\/revisions"}],"predecessor-version":[{"id":19816,"href":"https:\/\/www.emilysentourage.org\/es\/wp-json\/wp\/v2\/pages\/18991\/revisions\/19816"}],"wp:attachment":[{"href":"https:\/\/www.emilysentourage.org\/es\/wp-json\/wp\/v2\/media?parent=18991"}],"curies":[{"name":"wp","href":"https:\/\/api.w.org\/{rel}","templated":true}]}}