{"id":15775,"date":"2021-09-10T10:17:04","date_gmt":"2021-09-10T14:17:04","guid":{"rendered":"https:\/\/www.emilysentourage.org\/?page_id=15775"},"modified":"2024-10-08T12:48:00","modified_gmt":"2024-10-08T16:48:00","slug":"become-a-champion","status":"publish","type":"page","link":"https:\/\/www.emilysentourage.org\/es\/become-a-champion\/","title":{"rendered":"Convi\u00e9rtete en un campe\u00f3n"},"content":{"rendered":"<p>&nbsp;<\/p>\n<p><span style=\"font-weight: 400;\"><img fetchpriority=\"high\" decoding=\"async\" class=\"alignnone wp-image-15784\" src=\"https:\/\/www.emilysentourage.org\/wp-content\/uploads\/Champions-webpage-header-1-2-300x100.png\" alt=\"\" width=\"1385\" height=\"462\" srcset=\"https:\/\/www.emilysentourage.org\/wp-content\/uploads\/Champions-webpage-header-1-2-300x100.png 300w, https:\/\/www.emilysentourage.org\/wp-content\/uploads\/Champions-webpage-header-1-2-1024x341.png 1024w, https:\/\/www.emilysentourage.org\/wp-content\/uploads\/Champions-webpage-header-1-2-768x256.png 768w, https:\/\/www.emilysentourage.org\/wp-content\/uploads\/Champions-webpage-header-1-2-1536x512.png 1536w, https:\/\/www.emilysentourage.org\/wp-content\/uploads\/Champions-webpage-header-1-2-2048x683.png 2048w, https:\/\/www.emilysentourage.org\/wp-content\/uploads\/Champions-webpage-header-1-2-18x6.png 18w, https:\/\/www.emilysentourage.org\/wp-content\/uploads\/Champions-webpage-header-1-2-600x200.png 600w\" sizes=\"(max-width: 1385px) 100vw, 1385px\" \/><\/span><\/p>\n<p><span style=\"font-weight: 400;\">A <\/span><a href=\"https:\/\/www.emilysentourage.org\/es\/about-emilys-entourage\/\"><span style=\"font-weight: 400;\">El s\u00e9quito de Emily<\/span><\/a><span style=\"font-weight: 400;\"> (EE), creemos que la magia puede suceder cuando crees en tu poder para marcar la diferencia. Nuestro programa Campeones rinde homenaje a los l\u00edderes filantr\u00f3picos que han reconocido su capacidad para cambiar las cosas y nos ayudan a acelerar los avances que salvan vidas y a encontrar una cura para las personas con VIH. <\/span><a href=\"https:\/\/www.emilysentourage.org\/es\/about-cystic-fibrosis\/\"><span style=\"font-weight: 400;\">fibrosis qu\u00edstica<\/span><\/a><span style=\"font-weight: 400;\"> (FQ) que no se benefician de las terapias actualmente disponibles.<br \/>\n<\/span><\/p>\n<h3><strong>\u00bfPor qu\u00e9 convertirse en campe\u00f3n?<\/strong><\/h3>\n<p><span style=\"font-weight: 400;\">Los campeones est\u00e1n comprometidos a marcar la diferencia y comparten nuestra creencia de que cada uno de nosotros tiene el poder de cambiar el mundo para mejor. Cuando te conviertes en Campe\u00f3n, te unes a la fuerza disruptiva y generadora de cambios que es EE.&nbsp;<\/span><\/p>\n<p><span style=\"font-weight: 400;\">Adem\u00e1s de marcar la diferencia en las vidas de quienes padecen mutaciones sin sentido de la FQ, nuestros Campeones tienen la oportunidad de relacionarse con otros l\u00edderes filantr\u00f3picos y se les rinde homenaje de diversas formas, como el reconocimiento en nuestros canales digitales y en nuestras galas anuales. Adem\u00e1s, el mejor recaudador de fondos se llevar\u00e1 a casa nuestro premio \"Campe\u00f3n del A\u00f1o\".<br \/>\n<\/span><\/p>\n<h3><strong><img decoding=\"async\" class=\"wp-image-19872 size-medium alignright\" src=\"https:\/\/www.emilysentourage.org\/wp-content\/uploads\/Website-Quote-Lexi-Pace-2-300x300.png\" alt=\"\" width=\"300\" height=\"300\" srcset=\"https:\/\/www.emilysentourage.org\/wp-content\/uploads\/Website-Quote-Lexi-Pace-2-300x300.png 300w, https:\/\/www.emilysentourage.org\/wp-content\/uploads\/Website-Quote-Lexi-Pace-2-1024x1024.png 1024w, https:\/\/www.emilysentourage.org\/wp-content\/uploads\/Website-Quote-Lexi-Pace-2-150x150.png 150w, https:\/\/www.emilysentourage.org\/wp-content\/uploads\/Website-Quote-Lexi-Pace-2-768x768.png 768w, https:\/\/www.emilysentourage.org\/wp-content\/uploads\/Website-Quote-Lexi-Pace-2-1536x1536.png 1536w, https:\/\/www.emilysentourage.org\/wp-content\/uploads\/Website-Quote-Lexi-Pace-2-2048x2048.png 2048w, https:\/\/www.emilysentourage.org\/wp-content\/uploads\/Website-Quote-Lexi-Pace-2-12x12.png 12w, https:\/\/www.emilysentourage.org\/wp-content\/uploads\/Website-Quote-Lexi-Pace-2-600x600.png 600w, https:\/\/www.emilysentourage.org\/wp-content\/uploads\/Website-Quote-Lexi-Pace-2-100x100.png 100w\" sizes=\"(max-width: 300px) 100vw, 300px\" \/><\/strong><\/h3>\n<h3><strong>\u00bfQui\u00e9n puede participar?<\/strong><\/h3>\n<p><span style=\"font-weight: 400;\">El programa Champions est\u00e1 abierto a cualquier persona de cualquier edad. Reg\u00edstrese como individuo, con un compa\u00f1ero o como un equipo (piense: c\u00f3nyuges, amigos, hermanos, compa\u00f1eros de cuarto, hermandades y fraternidades, compa\u00f1eros de trabajo, equipos deportivos, aulas escolares). \u00a1El cielo es el l\u00edmite y no hay requisitos de edad!<\/span><\/p>\n<h3><strong>Compromiso<\/strong><\/h3>\n<p><span style=\"font-weight: 400;\">Cuando te inscribes para convertirte en Campeona del S\u00e9quito de Emily, te comprometes a alcanzar un objetivo de recaudaci\u00f3n de fondos de $1.500. Hay muchas maneras de alcanzar tu objetivo, como llegar a tu red de contactos a trav\u00e9s de las redes sociales o el correo electr\u00f3nico, tomar una de tus aficiones o actividades favoritas y convertirla en una recaudaci\u00f3n de fondos, donar un art\u00edculo a la subasta Charitybuzz de EE, \u00a1y mucho m\u00e1s! Las oportunidades son infinitas.&nbsp;<\/span><\/p>\n<p><span style=\"font-weight: 400;\">No se preocupe, nos aseguraremos de que est\u00e9 bien equipado para hacer ese &quot;pedido&quot; de sus conexiones, sea cual sea la ruta que decida tomar. Cuando te registres para convertirte en Campe\u00f3n, tendr\u00e1s una serie de recursos a tu disposici\u00f3n, que incluyen:<\/span><\/p>\n<ul>\n<li style=\"font-weight: 400;\" aria-level=\"1\"><span style=\"font-weight: 400;\">Una p\u00e1gina de recaudaci\u00f3n de fondos personalizada<\/span><\/li>\n<li style=\"font-weight: 400;\" aria-level=\"1\"><span style=\"font-weight: 400;\">Plantillas personalizadas de correo electr\u00f3nico y texto para agilizar las comunicaciones con sus donantes<\/span><\/li>\n<li style=\"font-weight: 400;\" aria-level=\"1\"><span style=\"font-weight: 400;\">Apoyo y asesoramiento de nuestro presidente del subcomit\u00e9 de campeones y del personal de EE.<\/span><\/li>\n<\/ul>\n<h3><strong>\u00bfInteresado en registrarse?<\/strong><\/h3>\n<p style=\"text-align: center;\"><a class=\"fasc-button fasc-size-large fasc-type-flat fasc-rounded-medium fasc-style-bold\" style=\"background-color: #462561; color: #ffffff;\" target=\"_blank\" href=\"https:\/\/forms.gle\/GWpucfM95KzYLckG7\" rel=\"noopener\">CONVI\u00c9RTETE EN CAMPE\u00d3N<\/a> &nbsp; &nbsp;&nbsp;<a class=\"fasc-button fasc-size-large fasc-type-flat fasc-rounded-medium fasc-style-bold\" style=\"background-color: #462561; color: #ffffff;\" target=\"_blank\" href=\"https:\/\/forms.gle\/9T1pp9XU6vG9Z57j6\" rel=\"noopener\">NOMINA UN CAMPE\u00d3N<\/a><\/p>\n<blockquote><p>&nbsp;<\/p>\n<p><span style=\"font-weight: 400;\">\"Esto es un poco meta, pero de lo que estoy m\u00e1s orgullosa es de lo que Emily's Entourage representa sobre la humanidad y sobre las personas: lo mucho que la gente quiere formar parte del cambio y lo mucho que la gente se preocupa por los dem\u00e1s. Estar en primera l\u00ednea y ver cu\u00e1nta gente no tiene otra conexi\u00f3n con la fibrosis qu\u00edstica que escuchar nuestra historia, que les llegue al coraz\u00f3n y que se unan a nuestro equipo es lo m\u00e1s conmovedor del mundo\". - Emily Kramer-Golinkoff, cofundadora de Emily's Entourage<\/span><\/p><\/blockquote>","protected":false},"excerpt":{"rendered":"<p>&nbsp; At Emily\u2019s Entourage (EE), we believe that magic can happen when you believe in your power to make a difference. Our Champions program celebrates philanthropic leaders who have recognized their change-making abilities and are helping us speed lifesaving breakthroughs and a cure for people with cystic fibrosis (CF) who do not benefit from currently&#8230; <\/p>\n<div class=\"clear\"><\/div>\n<p><a href=\"https:\/\/www.emilysentourage.org\/es\/become-a-champion\/\" class=\"excerpt-read-more\">Lee mas<\/a><\/p>","protected":false},"author":1281,"featured_media":15792,"parent":0,"menu_order":0,"comment_status":"closed","ping_status":"closed","template":"","meta":{"_acf_changed":false,"_seopress_robots_primary_cat":"","_seopress_titles_title":"Emily's Entourage >> Become a Champion","_seopress_titles_desc":"Our Champions program celebrates philanthropic leaders who have recognized their change-making abilities and are helping us speed lifesaving breakthroughs and a cure for people with nonsense mutations of cystic fibrosis.","_seopress_robots_index":"","_monsterinsights_skip_tracking":false,"_monsterinsights_sitenote_active":false,"_monsterinsights_sitenote_note":"","_monsterinsights_sitenote_category":0,"footnotes":""},"class_list":["post-15775","page","type-page","status-publish","has-post-thumbnail","hentry"],"acf":[],"jetpack_sharing_enabled":true,"post_mailing_queue_ids":[],"_links":{"self":[{"href":"https:\/\/www.emilysentourage.org\/es\/wp-json\/wp\/v2\/pages\/15775","targetHints":{"allow":["GET"]}}],"collection":[{"href":"https:\/\/www.emilysentourage.org\/es\/wp-json\/wp\/v2\/pages"}],"about":[{"href":"https:\/\/www.emilysentourage.org\/es\/wp-json\/wp\/v2\/types\/page"}],"author":[{"embeddable":true,"href":"https:\/\/www.emilysentourage.org\/es\/wp-json\/wp\/v2\/users\/1281"}],"replies":[{"embeddable":true,"href":"https:\/\/www.emilysentourage.org\/es\/wp-json\/wp\/v2\/comments?post=15775"}],"version-history":[{"count":5,"href":"https:\/\/www.emilysentourage.org\/es\/wp-json\/wp\/v2\/pages\/15775\/revisions"}],"predecessor-version":[{"id":23317,"href":"https:\/\/www.emilysentourage.org\/es\/wp-json\/wp\/v2\/pages\/15775\/revisions\/23317"}],"wp:featuredmedia":[{"embeddable":true,"href":"https:\/\/www.emilysentourage.org\/es\/wp-json\/wp\/v2\/media\/15792"}],"wp:attachment":[{"href":"https:\/\/www.emilysentourage.org\/es\/wp-json\/wp\/v2\/media?parent=15775"}],"curies":[{"name":"wp","href":"https:\/\/api.w.org\/{rel}","templated":true}]}}