{"id":18963,"date":"2023-05-31T10:57:32","date_gmt":"2023-05-31T14:57:32","guid":{"rendered":"https:\/\/www.emilysentourage.org\/?page_id=18963"},"modified":"2023-06-26T09:45:48","modified_gmt":"2023-06-26T13:45:48","slug":"collaborative-grants","status":"publish","type":"page","link":"https:\/\/www.emilysentourage.org\/de\/collaborative-grants\/","title":{"rendered":"Gemeinsame Zusch\u00fcsse"},"content":{"rendered":"<p><span style=\"font-weight: 400;\">Emily\u2019s Entourage&#8217;s (EE) <\/span><span style=\"font-weight: 400;\">Collaborative Grants support research projects that bring together multiple investigators with diverse areas of expertise to jointly tackle challenges in the development of therapeutics for individuals in the final 10% of the CF community who do not benefit from CFTR modulators, including those with rare and nonsense mutations.\u00a0<\/span><\/p>\n<p><span style=\"font-weight: 400;\">These grants are awarded to teams of <b>three or more investigators<\/b> with complementary expertise to advance therapeutic development in ways that could not be achieved without a collaborative approach. The funding amount is determined by the project scope and budget. Applicants may request funding to support the project for a total of three years. <\/span><\/p>\n<h2><b>Applicant Eligibility Criteria<\/b><\/h2>\n<h3><b>Institutional Eligibility<\/b><b>\u00a0<\/b><\/h3>\n<ul>\n<li style=\"font-weight: 400;\" aria-level=\"1\"><span style=\"font-weight: 400;\">Open to both non-profit academic and for-profit organizations such as academic research organizations, biotech companies, partnerships that span for and non-profit organizations, etc.\u00a0<\/span><\/li>\n<li style=\"font-weight: 400;\" aria-level=\"1\"><span style=\"font-weight: 400;\">Open to institutions worldwide.<\/span><span style=\"font-weight: 400;\">\u00a0<\/span><\/li>\n<li style=\"font-weight: 400;\" aria-level=\"1\"><span style=\"font-weight: 400;\">Teams may comprise investigators from a single institution or multiple institutions.<\/span><\/li>\n<\/ul>\n<h3><b>Investigator Eligibility<\/b><\/h3>\n<ul>\n<li style=\"font-weight: 400;\" aria-level=\"1\"><span style=\"font-weight: 400;\">There are no restrictions on citizenship or geography.<\/span><span style=\"font-weight: 400;\">\u00a0<\/span><\/li>\n<\/ul>\n<h3><b>Project Eligibility<\/b><b>\u00a0<\/b><\/h3>\n<ul>\n<li style=\"font-weight: 400;\" aria-level=\"1\"><span style=\"font-weight: 400;\">Translational and preclinical projects are eligible.<\/span><span style=\"font-weight: 400;\">\u00a0<\/span><span style=\"font-weight: 400;\">The project must seek to address an overarching, urgent scientific question.<\/span> <span style=\"font-weight: 400;\">Sub-projects should be designed to elucidate various aspects of the overarching question,<\/span> <span style=\"font-weight: 400;\">theme, or focus.<\/span><span style=\"font-weight: 400;\">\u00a0<\/span><\/li>\n<li style=\"font-weight: 400;\" aria-level=\"1\"><span style=\"font-weight: 400;\">Projects must include evidence that the proposed therapeutic modality works (<\/span><span style=\"font-weight: 400;\">either in a cell-based assay or in an animal model or in another suitable system). <\/span><\/li>\n<li style=\"font-weight: 400;\" aria-level=\"1\"><span style=\"font-weight: 400;\">Proposed projects must not be supported by other sources of funding.<\/span><\/li>\n<\/ul>\n<h3><b>Team Composition<\/b><b>\u00a0<\/b><\/h3>\n<ul>\n<li style=\"font-weight: 400;\" aria-level=\"1\"><span style=\"font-weight: 400;\">Teams must be composed of one Principle Investigator (PI) and 2-4 co-PIs. PI serves as the single point of contact with EE during the application process.<\/span><\/li>\n<li style=\"font-weight: 400;\" aria-level=\"1\"><span style=\"font-weight: 400;\">Inter-institutional collaborations are strongly encouraged.<\/span><span style=\"font-weight: 400;\">\u00a0<\/span><\/li>\n<li style=\"font-weight: 400;\" aria-level=\"1\"><span style=\"font-weight: 400;\">Each lab receives at least 10% of the total grant budget.<\/span><span style=\"font-weight: 400;\">\u00a0<\/span><\/li>\n<\/ul>\n<h2><b>Deadline<\/b><\/h2>\n<ul>\n<li><span style=\"font-weight: 400;\">LOIs are due by <strong>September 15, 2023, at 11:59 p.m. PT.<\/strong><\/span><\/li>\n<\/ul>\n<h4><b>Key Dates<\/b><\/h4>\n<ul>\n<li><b>September 15, 2023<\/b><span style=\"font-weight: 400;\">:\u00a0 Letters of Intent (LOI) submission deadline<\/span><span style=\"font-weight: 400;\">\u00a0<\/span><\/li>\n<li><b>October 15, 2023<\/b><span style=\"font-weight: 400;\">: Finalist teams notified<\/span><span style=\"font-weight: 400;\">\u00a0<\/span><\/li>\n<li><b>December 15, 2023<\/b><span style=\"font-weight: 400;\">: Full applications due<\/span><span style=\"font-weight: 400;\">\u00a0<\/span><\/li>\n<li><b>March 1, 2024<\/b><span style=\"font-weight: 400;\">\u00a0Notification of awards<\/span><span style=\"font-weight: 400;\">\u00a0<\/span><\/li>\n<li><b>April 1, 2024<\/b><span style=\"font-weight: 400;\">: Award start date<\/span><\/li>\n<\/ul>\n<h2><b>LOI Guidelines<\/b><\/h2>\n<p><span style=\"font-weight: 400;\">LOIs are to be submitted to <\/span><a href=\"mailto:research@emilysentourage.org\" target=\"_blank\" rel=\"noopener\"><span style=\"font-weight: 400;\">research@emilysentourage.org<\/span><\/a><span style=\"font-weight: 400;\">. <\/span><span style=\"font-weight: 400;\">The LOI will require the following information:<\/span><span style=\"font-weight: 400;\">\u00a0<\/span><\/p>\n<ul>\n<li><b>Principal Investigator<\/b><span style=\"font-weight: 400;\">\u00a0<\/span>\n<ul>\n<li style=\"font-weight: 400;\" aria-level=\"1\"><span style=\"font-weight: 400;\">Name, institution, title, and contact info<\/span><span style=\"font-weight: 400;\">\u00a0<\/span><\/li>\n<\/ul>\n<\/li>\n<li><b>Project Title<\/b><b>\u00a0<\/b><\/li>\n<li><b>Project Summary\/Abstrac<\/b><span style=\"font-weight: 400;\">t\u00a0<\/span>\n<ul>\n<li style=\"font-weight: 400;\" aria-level=\"1\"><span style=\"font-weight: 400;\">limit 350 words<\/span><span style=\"font-weight: 400;\">\u00a0<\/span><\/li>\n<\/ul>\n<\/li>\n<li><b>Project Description\u00a0<\/b>\n<ul>\n<li style=\"font-weight: 400;\" aria-level=\"1\"><span style=\"font-weight: 400;\">Limit four-page, specific aims and high-level description of the experimental approach<\/span><span style=\"font-weight: 400;\">, milestones and timeline.\u00a0<\/span><\/li>\n<li style=\"font-weight: 400;\" aria-level=\"1\"><span style=\"font-weight: 400;\">Literature cited (does not count against page limit)<\/span><span style=\"font-weight: 400;\">.<\/span><\/li>\n<\/ul>\n<\/li>\n<li><b>Team Description<\/b><b> \u00a0<\/b>\n<ul>\n<li style=\"font-weight: 400;\" aria-level=\"1\"><span style=\"font-weight: 400;\">List all co-Principal Investigators (co-PIs), and collaborators (name, institution, title, contact info).<\/span> <span style=\"font-weight: 400;\">For the PI and co-PIs, provide the following:<\/span><span style=\"font-weight: 400;\">\u00a0<\/span>\n<ul>\n<li style=\"font-weight: 400;\" aria-level=\"1\"><span style=\"font-weight: 400;\">1-3 sentences describing their role in the project.<\/span><span style=\"font-weight: 400;\">\u00a0<\/span><\/li>\n<li style=\"font-weight: 400;\" aria-level=\"1\"><span style=\"font-weight: 400;\">NIH-format biosketch (limit 5 pages per investigator)<\/span><\/li>\n<li style=\"font-weight: 400;\" aria-level=\"1\"><span style=\"font-weight: 400;\">List any existing collaborations between co-PIs, including existing funding support for<\/span> <span style=\"font-weight: 400;\">collaborative projects.<\/span><span style=\"font-weight: 400;\">\u00a0<\/span><\/li>\n<\/ul>\n<\/li>\n<\/ul>\n<\/li>\n<li><b>Collaborative Science Statement\u00a0<\/b>\n<ul>\n<li style=\"font-weight: 400;\" aria-level=\"1\"><span style=\"font-weight: 400;\">Limit 1 page<\/span><span style=\"font-weight: 400;\">\u00a0<\/span><\/li>\n<li style=\"font-weight: 400;\" aria-level=\"1\"><span style=\"font-weight: 400;\">Why is this project a team science project?\u00a0<\/span><\/li>\n<li style=\"font-weight: 400;\" aria-level=\"1\"><span style=\"font-weight: 400;\">Describe how each individual<\/span> <span style=\"font-weight: 400;\">investigator\u2019s expertise will be leveraged to expedite research and development.\u00a0\u00a0<\/span><\/li>\n<li style=\"font-weight: 400;\" aria-level=\"1\"><span style=\"font-weight: 400;\">How will the team work together?\u00a0<\/span><\/li>\n<li style=\"font-weight: 400;\" aria-level=\"1\"><span style=\"font-weight: 400;\">Describe the plan for team structure, communications, and<\/span> <span style=\"font-weight: 400;\">shared resources.<\/span><span style=\"font-weight: 400;\">\u00a0<\/span><\/li>\n<\/ul>\n<\/li>\n<li><b>Budget overview<\/b><span style=\"font-weight: 400;\">\u00a0<\/span>\n<ul>\n<li style=\"font-weight: 400;\" aria-level=\"1\"><span style=\"font-weight: 400;\">\u00a0On the <\/span><a href=\"https:\/\/docs.google.com\/spreadsheets\/d\/1SMo-8DAGd_O9MwfC4W7AdZT3P--YPUv8\/edit#gid=19876256\" target=\"_blank\" rel=\"noopener\"><span style=\"font-weight: 400;\">template<\/span><\/a><span style=\"font-weight: 400;\"> provided<\/span><b> (this spreadsheet is view only, please be sure to create and work off your own copy of the spreadsheet)<\/b><span style=\"font-weight: 400;\">.<\/span><\/li>\n<\/ul>\n<\/li>\n<li><b>Award Terms<\/b><b>\u00a0<\/b>\n<ul>\n<li style=\"font-weight: 400;\" aria-level=\"1\"><span style=\"font-weight: 400;\">The<\/span> <span style=\"font-weight: 400;\">funding amount is determined by the project scope and budget. <\/span><span style=\"font-weight: 400;\">Applicants may request funding to support the project for a total of<\/span> <span style=\"font-weight: 400;\">three years. <\/span><\/li>\n<li style=\"font-weight: 400;\" aria-level=\"1\"><span style=\"font-weight: 400;\">The budget and duration requested for the grant must match a realistic estimate of the cost and<\/span> <span style=\"font-weight: 400;\">timeline for the proposed work.<\/span><span style=\"font-weight: 400;\">\u00a0<\/span><\/li>\n<li style=\"font-weight: 400;\" aria-level=\"1\"><span style=\"font-weight: 400;\">The requested funding should be divided amongst team members in a manner proportional to<\/span> <span style=\"font-weight: 400;\">the actual cost of the work carried out by each investigator for the project.<\/span> <span style=\"font-weight: 400;\">The budget limit includes both direct and indirect costs, with indirect costs not to exceed 10% of<\/span> <span style=\"font-weight: 400;\">the direct costs.<\/span><span style=\"font-weight: 400;\">\u00a0<\/span><\/li>\n<li style=\"font-weight: 400;\" aria-level=\"1\"><span style=\"font-weight: 400;\">Each year\u2019s funding will be contingent on sufficient scientific progress as presented at the<\/span> <span style=\"font-weight: 400;\">11-month project review.<\/span><span style=\"font-weight: 400;\">\u00a0<\/span><\/li>\n<li style=\"font-weight: 400;\" aria-level=\"1\"><span style=\"font-weight: 400;\">\u00a0View <\/span><a href=\"https:\/\/www.emilysentourage.org\/wp-content\/uploads\/EE_CATALYST_Grant-Contract-Template_FINAL.docx.pdf\" target=\"_blank\" rel=\"noopener\"><span style=\"font-weight: 400;\">contract terms and conditions<\/span><\/a><span style=\"font-weight: 400;\">.\u00a0<\/span><\/li>\n<\/ul>\n<\/li>\n<\/ul>\n<p>If you have any questions or would like to discuss your interest in EE\u2019s funding opportunities, please feel free to contact us below.<\/p>\n<script type=\"text\/javascript\">\n\/* <![CDATA[ *\/\nvar gform;gform||(document.addEventListener(\"gform_main_scripts_loaded\",function(){gform.scriptsLoaded=!0}),document.addEventListener(\"gform\/theme\/scripts_loaded\",function(){gform.themeScriptsLoaded=!0}),window.addEventListener(\"DOMContentLoaded\",function(){gform.domLoaded=!0}),gform={domLoaded:!1,scriptsLoaded:!1,themeScriptsLoaded:!1,isFormEditor:()=>\"function\"==typeof InitializeEditor,callIfLoaded:function(o){return!(!gform.domLoaded||!gform.scriptsLoaded||!gform.themeScriptsLoaded&&!gform.isFormEditor()||(gform.isFormEditor()&&console.warn(\"The use of gform.initializeOnLoaded() is deprecated in the form editor context and will be removed in Gravity Forms 3.1.\"),o(),0))},initializeOnLoaded:function(o){gform.callIfLoaded(o)||(document.addEventListener(\"gform_main_scripts_loaded\",()=>{gform.scriptsLoaded=!0,gform.callIfLoaded(o)}),document.addEventListener(\"gform\/theme\/scripts_loaded\",()=>{gform.themeScriptsLoaded=!0,gform.callIfLoaded(o)}),window.addEventListener(\"DOMContentLoaded\",()=>{gform.domLoaded=!0,gform.callIfLoaded(o)}))},hooks:{action:{},filter:{}},addAction:function(o,r,e,t){gform.addHook(\"action\",o,r,e,t)},addFilter:function(o,r,e,t){gform.addHook(\"filter\",o,r,e,t)},doAction:function(o){gform.doHook(\"action\",o,arguments)},applyFilters:function(o){return gform.doHook(\"filter\",o,arguments)},removeAction:function(o,r){gform.removeHook(\"action\",o,r)},removeFilter:function(o,r,e){gform.removeHook(\"filter\",o,r,e)},addHook:function(o,r,e,t,n){null==gform.hooks[o][r]&&(gform.hooks[o][r]=[]);var d=gform.hooks[o][r];null==n&&(n=r+\"_\"+d.length),gform.hooks[o][r].push({tag:n,callable:e,priority:t=null==t?10:t})},doHook:function(r,o,e){var t;if(e=Array.prototype.slice.call(e,1),null!=gform.hooks[r][o]&&((o=gform.hooks[r][o]).sort(function(o,r){return o.priority-r.priority}),o.forEach(function(o){\"function\"!=typeof(t=o.callable)&&(t=window[t]),\"action\"==r?t.apply(null,e):e[0]=t.apply(null,e)})),\"filter\"==r)return e[0]},removeHook:function(o,r,t,n){var e;null!=gform.hooks[o][r]&&(e=(e=gform.hooks[o][r]).filter(function(o,r,e){return!!(null!=n&&n!=o.tag||null!=t&&t!=o.priority)}),gform.hooks[o][r]=e)}});\n\/* ]]> *\/\n<\/script>\n\n                <div class='gf_browser_gecko gform_wrapper gform_legacy_markup_wrapper gform-theme--no-framework' data-form-theme='legacy' data-form-index='0' id='gform_wrapper_10' ><form method='post' enctype='multipart\/form-data'  id='gform_10'  action='\/de\/wp-json\/wp\/v2\/pages\/18963' data-formid='10' novalidate> \r\n <input type='hidden' class='gforms-pum' value='{\"closepopup\":false,\"closedelay\":0,\"openpopup\":false,\"openpopup_id\":0}' \/>\n                        <div class='gform-body gform_body'><ul id='gform_fields_10' class='gform_fields top_label form_sublabel_below description_below validation_below'><li id=\"field_10_7\" class=\"gfield gfield--type-name gfield--input-type-name gfield--width-full gfield_contains_required field_sublabel_below gfield--no-description field_description_below field_validation_below gfield_visibility_visible\"  ><label class='gfield_label gform-field-label gfield_label_before_complex' >Your Name<span class=\"gfield_required\"><span class=\"gfield_required gfield_required_asterisk\">*<\/span><\/span><\/label><div class='ginput_complex ginput_container ginput_container--name no_prefix has_first_name no_middle_name has_last_name no_suffix gf_name_has_2 ginput_container_name gform-grid-row' id='input_10_7'>\n                            \n                            <span id='input_10_7_3_container' class='name_first gform-grid-col gform-grid-col--size-auto' >\n                                                    <input type='text' name='input_7.3' id='input_10_7_3' value=''   aria-required='true'     \/>\n                                                    <label for='input_10_7_3' class='gform-field-label gform-field-label--type-sub '>Vorname<\/label>\n                                                <\/span>\n                            \n                            <span id='input_10_7_6_container' class='name_last gform-grid-col gform-grid-col--size-auto' >\n                                                    <input type='text' name='input_7.6' id='input_10_7_6' value=''   aria-required='true'     \/>\n                                                    <label for='input_10_7_6' class='gform-field-label gform-field-label--type-sub '>Nachname<\/label>\n                                                <\/span>\n                            \n                        <\/div><\/li><li id=\"field_10_6\" class=\"gfield gfield--type-email gfield--input-type-email gfield--width-full gfield_contains_required field_sublabel_below gfield--no-description field_description_below field_validation_below gfield_visibility_visible\"  ><label class='gfield_label gform-field-label' for='input_10_6'>Email<span class=\"gfield_required\"><span class=\"gfield_required gfield_required_asterisk\">*<\/span><\/span><\/label><div class='ginput_container ginput_container_email'>\n                            <input name='input_6' id='input_10_6' type='email' value='' class='large'    aria-required=\"true\" aria-invalid=\"false\"  \/>\n                        <\/div><\/li><li id=\"field_10_4\" class=\"gfield gfield--type-textarea gfield--input-type-textarea field_sublabel_below gfield--no-description field_description_below field_validation_below gfield_visibility_visible\"  ><label class='gfield_label gform-field-label' for='input_10_4'>Your Inquiry<\/label><div class='ginput_container ginput_container_textarea'><textarea name='input_4' id='input_10_4' class='textarea medium'      aria-invalid=\"false\"   rows='10' cols='50'><\/textarea><\/div><\/li><li id=\"field_10_5\" class=\"gfield gfield--type-captcha gfield--input-type-captcha field_sublabel_below gfield--has-description field_description_below hidden_label field_validation_below gfield_visibility_visible\"  ><label class='gfield_label gform-field-label' for='input_10_5'>CAPTCHA<\/label><div id='input_10_5' class='ginput_container ginput_recaptcha' data-sitekey='6Ld5TiYUAAAAAAdidu4cqHhWdItezVr7WAAje30o'  data-theme='light' data-tabindex='0'  data-badge=''><\/div><div class='gfield_description' id='gfield_description_10_5'>This site is protected by reCAPTCHA and the Google Privacy Policy and Terms of Service apply.<\/div><\/li><\/ul><\/div>\n        <div class='gform-footer gform_footer top_label'> <input type='submit' id='gform_submit_button_10' class='gform_button button' onclick='gform.submission.handleButtonClick(this);' data-submission-type='submit' value='Submit'  \/> \n            <input type='hidden' class='gform_hidden' name='gform_submission_method' data-js='gform_submission_method_10' value='postback' \/>\n            <input type='hidden' class='gform_hidden' name='gform_theme' data-js='gform_theme_10' id='gform_theme_10' value='legacy' \/>\n            <input type='hidden' class='gform_hidden' name='gform_style_settings' data-js='gform_style_settings_10' id='gform_style_settings_10' value='[]' \/>\n            <input type='hidden' class='gform_hidden' name='is_submit_10' value='1' \/>\n            <input type='hidden' class='gform_hidden' name='gform_submit' value='10' \/>\n            \n            <input type='hidden' class='gform_hidden' name='gform_currency' data-currency='USD' value='myBi2yKNfrv4VRQM3nph23Az96+IX1+rbnDpWfnGS1sIH+TQ3Gol3kz\/+xuytJ23MgTyu8YVJQkWSssV16Te8tOJvC4FNMt7SPe852FIvZEsz\/U=' \/>\n            <input type='hidden' class='gform_hidden' name='gform_unique_id' value='' \/>\n            <input type='hidden' class='gform_hidden' name='state_10' value='WyJbXSIsIjA4NmFiZWY4Y2QxZjA3OWVkNGYzZTc2MDkyNjA1YzcwIl0=' \/>\n            <input type='hidden' autocomplete='off' class='gform_hidden' name='gform_target_page_number_10' id='gform_target_page_number_10' value='0' \/>\n            <input type='hidden' autocomplete='off' class='gform_hidden' name='gform_source_page_number_10' id='gform_source_page_number_10' value='1' \/>\n            <input type='hidden' name='gform_field_values' value='' \/>\n            \n        <\/div>\n                        <p style=\"display: none !important;\" class=\"akismet-fields-container\" data-prefix=\"ak_\"><label>&#916;<textarea name=\"ak_hp_textarea\" cols=\"45\" rows=\"8\" maxlength=\"100\"><\/textarea><\/label><input type=\"hidden\" id=\"ak_js_1\" name=\"ak_js\" value=\"120\"\/><script>document.getElementById( \"ak_js_1\" ).setAttribute( \"value\", ( new Date() ).getTime() );<\/script><\/p><\/form>\n                        <\/div><script type=\"text\/javascript\">\n\/* <![CDATA[ *\/\n gform.initializeOnLoaded( function() {gformInitSpinner( 10, 'https:\/\/www.emilysentourage.org\/wp-content\/plugins\/gravityforms\/images\/spinner.svg', true );jQuery('#gform_ajax_frame_10').on('load',function(){var contents = jQuery(this).contents().find('*').html();var is_postback = contents.indexOf('GF_AJAX_POSTBACK') >= 0;if(!is_postback){return;}var form_content = jQuery(this).contents().find('#gform_wrapper_10');var is_confirmation = jQuery(this).contents().find('#gform_confirmation_wrapper_10').length > 0;var is_redirect = contents.indexOf('gformRedirect(){') >= 0;var is_form = form_content.length > 0 && ! is_redirect && ! is_confirmation;var mt = parseInt(jQuery('html').css('margin-top'), 10) + parseInt(jQuery('body').css('margin-top'), 10) + 100;if(is_form){jQuery('#gform_wrapper_10').html(form_content.html());if(form_content.hasClass('gform_validation_error')){jQuery('#gform_wrapper_10').addClass('gform_validation_error');} else {jQuery('#gform_wrapper_10').removeClass('gform_validation_error');}setTimeout( function() { \/* delay the scroll by 50 milliseconds to fix a bug in chrome *\/  }, 50 );if(window['gformInitDatepicker']) {gformInitDatepicker();}if(window['gformInitPriceFields']) {gformInitPriceFields();}var current_page = jQuery('#gform_source_page_number_10').val();gformInitSpinner( 10, 'https:\/\/www.emilysentourage.org\/wp-content\/plugins\/gravityforms\/images\/spinner.svg', true );jQuery(document).trigger('gform_page_loaded', [10, current_page]);window['gf_submitting_10'] = false;}else if(!is_redirect){var confirmation_content = jQuery(this).contents().find('.GF_AJAX_POSTBACK').html();if(!confirmation_content){confirmation_content = contents;}jQuery('#gform_wrapper_10').replaceWith(confirmation_content);jQuery(document).trigger('gform_confirmation_loaded', [10]);window['gf_submitting_10'] = false;wp.a11y.speak(jQuery('#gform_confirmation_message_10').text());}else{jQuery('#gform_10').append(contents);if(window['gformRedirect']) {gformRedirect();}}jQuery(document).trigger(\"gform_pre_post_render\", [{ formId: \"10\", currentPage: \"current_page\", abort: function() { this.preventDefault(); } }]);        if (event && event.defaultPrevented) {                return;        }        const gformWrapperDiv = document.getElementById( \"gform_wrapper_10\" );        if ( gformWrapperDiv ) {            const visibilitySpan = document.createElement( \"span\" );            visibilitySpan.id = \"gform_visibility_test_10\";            gformWrapperDiv.insertAdjacentElement( \"afterend\", visibilitySpan );        }        const visibilityTestDiv = document.getElementById( \"gform_visibility_test_10\" );        let postRenderFired = false;        function triggerPostRender() {            if ( postRenderFired ) {                return;            }            postRenderFired = true;            gform.core.triggerPostRenderEvents( 10, current_page );            if ( visibilityTestDiv ) {                visibilityTestDiv.parentNode.removeChild( visibilityTestDiv );            }        }        function debounce( func, wait, immediate ) {            var timeout;            return function() {                var context = this, args = arguments;                var later = function() {                    timeout = null;                    if ( !immediate ) func.apply( context, args );                };                var callNow = immediate && !timeout;                clearTimeout( timeout );                timeout = setTimeout( later, wait );                if ( callNow ) func.apply( context, args );            };        }        const debouncedTriggerPostRender = debounce( function() {            triggerPostRender();        }, 200 );        if ( visibilityTestDiv && visibilityTestDiv.offsetParent === null ) {            const observer = new MutationObserver( ( mutations ) => {                mutations.forEach( ( mutation ) => {                    if ( mutation.type === 'attributes' && visibilityTestDiv.offsetParent !== null ) {                        debouncedTriggerPostRender();                        observer.disconnect();                    }                });            });            observer.observe( document.body, {                attributes: true,                childList: false,                subtree: true,                attributeFilter: [ 'style', 'class' ],            });        } else {            triggerPostRender();        }    } );} ); \n\/* ]]> *\/\n<\/script>\n\n","protected":false},"excerpt":{"rendered":"<p>Emily's Entourage's (EE) Collaborative Grants unterst\u00fctzen Forschungsprojekte, die mehrere Forscher mit unterschiedlichen Fachkenntnissen zusammenbringen, um gemeinsam Herausforderungen bei der Entwicklung von Therapeutika f\u00fcr Menschen in der letzten 10% der CF-Gemeinschaft anzugehen, die nicht von CFTR-Modulatoren profitieren, einschlie\u00dflich Menschen mit seltenen und Nonsense-Mutationen.  Diese Zusch\u00fcsse werden vergeben... <\/p>\n<div class=\"clear\"><\/div>\n<p><a href=\"https:\/\/www.emilysentourage.org\/de\/collaborative-grants\/\" class=\"excerpt-read-more\">Mehr lesen<\/a><\/p>","protected":false},"author":1361,"featured_media":0,"parent":0,"menu_order":0,"comment_status":"closed","ping_status":"closed","template":"","meta":{"_acf_changed":false,"_seopress_robots_primary_cat":"","_seopress_titles_title":"%%sitetitle%% %%sep%% %%post_title%%","_seopress_titles_desc":"%%post_excerpt%%","_seopress_robots_index":"","_monsterinsights_skip_tracking":false,"_monsterinsights_sitenote_active":false,"_monsterinsights_sitenote_note":"","_monsterinsights_sitenote_category":0,"footnotes":""},"class_list":["post-18963","page","type-page","status-publish","hentry"],"acf":[],"jetpack_sharing_enabled":true,"post_mailing_queue_ids":[],"_links":{"self":[{"href":"https:\/\/www.emilysentourage.org\/de\/wp-json\/wp\/v2\/pages\/18963","targetHints":{"allow":["GET"]}}],"collection":[{"href":"https:\/\/www.emilysentourage.org\/de\/wp-json\/wp\/v2\/pages"}],"about":[{"href":"https:\/\/www.emilysentourage.org\/de\/wp-json\/wp\/v2\/types\/page"}],"author":[{"embeddable":true,"href":"https:\/\/www.emilysentourage.org\/de\/wp-json\/wp\/v2\/users\/1361"}],"replies":[{"embeddable":true,"href":"https:\/\/www.emilysentourage.org\/de\/wp-json\/wp\/v2\/comments?post=18963"}],"version-history":[{"count":5,"href":"https:\/\/www.emilysentourage.org\/de\/wp-json\/wp\/v2\/pages\/18963\/revisions"}],"predecessor-version":[{"id":19028,"href":"https:\/\/www.emilysentourage.org\/de\/wp-json\/wp\/v2\/pages\/18963\/revisions\/19028"}],"wp:attachment":[{"href":"https:\/\/www.emilysentourage.org\/de\/wp-json\/wp\/v2\/media?parent=18963"}],"curies":[{"name":"wp","href":"https:\/\/api.w.org\/{rel}","templated":true}]}}