{"id":18324,"date":"2023-02-17T02:08:52","date_gmt":"2023-02-17T07:08:52","guid":{"rendered":"https:\/\/www.emilysentourage.org\/?page_id=18324"},"modified":"2026-02-04T13:51:48","modified_gmt":"2026-02-04T17:51:48","slug":"join-team-ee","status":"publish","type":"page","link":"https:\/\/www.emilysentourage.org\/de\/join-team-ee\/","title":{"rendered":"Mitglied im Team EE"},"content":{"rendered":"<p><img fetchpriority=\"high\" decoding=\"async\" class=\"wp-image-25270 size-large aligncenter\" src=\"https:\/\/www.emilysentourage.org\/wp-content\/uploads\/EmilysEntouragePhiladelphiaMarathon2023-121-1024x819.jpg\" alt=\"\" width=\"960\" height=\"768\" srcset=\"https:\/\/www.emilysentourage.org\/wp-content\/uploads\/EmilysEntouragePhiladelphiaMarathon2023-121-1024x819.jpg 1024w, https:\/\/www.emilysentourage.org\/wp-content\/uploads\/EmilysEntouragePhiladelphiaMarathon2023-121-300x240.jpg 300w, https:\/\/www.emilysentourage.org\/wp-content\/uploads\/EmilysEntouragePhiladelphiaMarathon2023-121-768x614.jpg 768w, https:\/\/www.emilysentourage.org\/wp-content\/uploads\/EmilysEntouragePhiladelphiaMarathon2023-121-1536x1229.jpg 1536w, https:\/\/www.emilysentourage.org\/wp-content\/uploads\/EmilysEntouragePhiladelphiaMarathon2023-121-2048x1638.jpg 2048w, https:\/\/www.emilysentourage.org\/wp-content\/uploads\/EmilysEntouragePhiladelphiaMarathon2023-121-15x12.jpg 15w, https:\/\/www.emilysentourage.org\/wp-content\/uploads\/EmilysEntouragePhiladelphiaMarathon2023-121-600x480.jpg 600w\" sizes=\"(max-width: 960px) 100vw, 960px\" \/><\/p>\n<p class=\"p1\">Team EE ist das Wohlt\u00e4tigkeits-Fitness-Team von Emily's Entourage (EE). Von Rennen und Radtouren bis hin zu Trainingskursen bieten diese Veranstaltungen eine M\u00f6glichkeit f\u00fcr Sie, aktiv zu werden und Spa\u00df zu haben und gleichzeitig wichtige Gelder zur Unterst\u00fctzung der Mission von EE zu sammeln. Wenn Sie dem Team EE beitreten, k\u00f6nnen Sie eine wichtige Rolle bei unserer Mission spielen, lebensrettende Durchbr\u00fcche f\u00fcr Menschen mit Mukoviszidose (CF) zu erzielen.<\/p>\n<hr>\n<h3><b>Now Recruiting for the 2026 Broad Street Run!<\/b><\/h3>\n<p><span style=\"font-weight: 400;\">Team EE is officially lacing up for the <a href=\"https:\/\/www.broadstreetrun.com\/\" target=\"_blank\" rel=\"noopener\"><strong>2026 The Independence Blue Cross Broad Street Run<\/strong><\/a>\u2014and we want you on the starting line with us!<\/span><\/p>\n<p><span style=\"font-weight: 400;\">Wenn Sie jemand sind, der f\u00fcr mehr als nur eine Medaille l\u00e4uft - jemand, der an die Kraft der Wissenschaft, des Schwei\u00dfes und des Auftretens glaubt - dann ist dies Ihr Rennen.<\/span><\/p>\n<p><span style=\"font-weight: 400;\">If you&#8217;re a runner who has received a bib for this year&#8217;s Broad Street Run and interested in running with Team EE, please click the button below to fill out a quick form to join us.<\/span><\/p>\n<h3 style=\"text-align: center;\"><a class=\"fasc-button fasc-size-large fasc-type-flat fasc-rounded-medium fasc-style-bold\" style=\"background-color: #462561; color: #ffffff;\" target=\"_blank\" href=\"https:\/\/docs.google.com\/forms\/d\/e\/1FAIpQLScFj2WFyj0Iyc7GG5qVXoXVmzPdDERvmlf31jJ8vtu6Rses0Q\/viewform?usp=publish-editor\">REGISTER TO RUN WITH TEAM EE HERE<\/a><\/h3>\n<p>Haben Sie Fragen dazu, wie Sie sich anmelden k\u00f6nnen oder was es bedeutet, f\u00fcr das Team EE zu kandidieren? Schicken Sie uns eine E-Mail an <a href=\"mailto:events@emilysentourage.org\" target=\"_blank\" rel=\"noopener\">events@emilysentourage.org<\/a>.&nbsp;<\/p>\n<hr>\n<h3><b>Warum zum Team EE?<\/b><\/h3>\n<p>F\u00fcr 90% der Menschen mit Mukoviszidose hat es revolution\u00e4re medizinische Fortschritte gegeben, aber f\u00fcr die restlichen 10% gibt es noch nichts. EE ist Laser-.<img decoding=\"async\" class=\"wp-image-18355 alignright\" src=\"https:\/\/www.emilysentourage.org\/wp-content\/uploads\/Team-EE-Quote-Facebook-300x251.png\" alt=\"\" width=\"428\" height=\"359\" srcset=\"https:\/\/www.emilysentourage.org\/wp-content\/uploads\/Team-EE-Quote-Facebook-300x251.png 300w, https:\/\/www.emilysentourage.org\/wp-content\/uploads\/Team-EE-Quote-Facebook-768x644.png 768w, https:\/\/www.emilysentourage.org\/wp-content\/uploads\/Team-EE-Quote-Facebook-14x12.png 14w, https:\/\/www.emilysentourage.org\/wp-content\/uploads\/Team-EE-Quote-Facebook-600x503.png 600w, https:\/\/www.emilysentourage.org\/wp-content\/uploads\/Team-EE-Quote-Facebook.png 940w\" sizes=\"(max-width: 428px) 100vw, 428px\" \/>Wir konzentrieren uns darauf, dies zu \u00e4ndern, und zwar schnell. Wir setzen alles daran, die Forschung und die Entwicklung von Medikamenten f\u00fcr die letzten 10% der Mukoviszidose-Gemeinschaft zu beschleunigen, die von den derzeitigen mutationsorientierten Therapien nicht profitieren. Werden Sie sich uns anschlie\u00dfen?<\/p>\n<h3><b>Team EE Veranstaltungen<\/b><\/h3>\n<ul>\n<li>Broad Street Run - Mai (Philadelphia, PA)<br \/>\nSeit Jahren nimmt das Team EE am Broad Street Run teil, einem 10-Meilen-Lauf, an dem 40.000 Menschen in der Region Philadelphia teilnehmen.<\/li>\n<li>Der Philadelphia-Marathon - November (Philadelphia, PA)<br \/>\nEE sponsert ein Philadelphia-Halb- und -Vollmarathon-Team von Spitzensportlern, die an dem Rennwochenende mit 60.000 Teilnehmern teilnehmen, um Spenden f\u00fcr Mukoviszidose zu sammeln.<\/li>\n<\/ul>\n<h3><b>Patenschaft<\/b><\/h3>\n<p>Firmensponsoring ist bei allen Team EE-Veranstaltungen m\u00f6glich. <a href=\"https:\/\/www.emilysentourage.org\/de\/contact-us\/\">Kontakt<\/a> f\u00fcr weitere Informationen.&nbsp;<br \/>\n<b><\/b><\/p>\n<h3><b>Team EE Vorteile<\/b><\/h3>\n<ul>\n<li>Fundraising-Toolkit mit detaillierten Anweisungen zur Erstellung einer individuellen Fundraising-Seite<\/li>\n<li>Vorlagen f\u00fcr die Weitergabe Ihrer Spendenaktion<\/li>\n<li>Tipps und Tricks von unseren Fundraising-Profis<\/li>\n<li>Spezielle Startnummern<\/li>\n<li>Team EE-Hemden<\/li>\n<li>Enthusiastische Anfeuerungsrufe am Renntag<\/li>\n<\/ul>\n<h3 style=\"text-align: center;\"><a class=\"fasc-button fasc-size-large fasc-type-flat fasc-rounded-medium fasc-style-bold\" style=\"background-color: #462561; color: #ffffff;\" target=\"_blank\" rel=\"noopener\" href=\"https:\/\/www.emilysentourage.org\/de\/contact-us\/\">KONTAKTIEREN SIE UNS UND ERFAHREN SIE MEHR<\/a><\/h3>","protected":false},"excerpt":{"rendered":"<p>Team EE is the charity fitness team for Emily\u2019s Entourage (EE). From races and bike rides to workout classes, these events offer a way for you to get active and have fun while raising critical funds to support EE\u2019s mission. By joining Team EE, you can play a huge role in our mission to speed&#8230; <\/p>\n<div class=\"clear\"><\/div>\n<p><a href=\"https:\/\/www.emilysentourage.org\/de\/join-team-ee\/\" class=\"excerpt-read-more\">Mehr lesen<\/a><\/p>","protected":false},"author":1281,"featured_media":18339,"parent":0,"menu_order":0,"comment_status":"closed","ping_status":"closed","template":"","meta":{"_acf_changed":false,"_seopress_robots_primary_cat":"","_seopress_titles_title":"","_seopress_titles_desc":"","_seopress_robots_index":"","_monsterinsights_skip_tracking":false,"_monsterinsights_sitenote_active":false,"_monsterinsights_sitenote_note":"","_monsterinsights_sitenote_category":0,"footnotes":""},"class_list":["post-18324","page","type-page","status-publish","has-post-thumbnail","hentry"],"acf":[],"jetpack_sharing_enabled":true,"post_mailing_queue_ids":[],"_links":{"self":[{"href":"https:\/\/www.emilysentourage.org\/de\/wp-json\/wp\/v2\/pages\/18324","targetHints":{"allow":["GET"]}}],"collection":[{"href":"https:\/\/www.emilysentourage.org\/de\/wp-json\/wp\/v2\/pages"}],"about":[{"href":"https:\/\/www.emilysentourage.org\/de\/wp-json\/wp\/v2\/types\/page"}],"author":[{"embeddable":true,"href":"https:\/\/www.emilysentourage.org\/de\/wp-json\/wp\/v2\/users\/1281"}],"replies":[{"embeddable":true,"href":"https:\/\/www.emilysentourage.org\/de\/wp-json\/wp\/v2\/comments?post=18324"}],"version-history":[{"count":5,"href":"https:\/\/www.emilysentourage.org\/de\/wp-json\/wp\/v2\/pages\/18324\/revisions"}],"predecessor-version":[{"id":25269,"href":"https:\/\/www.emilysentourage.org\/de\/wp-json\/wp\/v2\/pages\/18324\/revisions\/25269"}],"wp:featuredmedia":[{"embeddable":true,"href":"https:\/\/www.emilysentourage.org\/de\/wp-json\/wp\/v2\/media\/18339"}],"wp:attachment":[{"href":"https:\/\/www.emilysentourage.org\/de\/wp-json\/wp\/v2\/media?parent=18324"}],"curies":[{"name":"wp","href":"https:\/\/api.w.org\/{rel}","templated":true}]}}