{"id":16142,"date":"2021-10-15T14:01:34","date_gmt":"2021-10-15T18:01:34","guid":{"rendered":"https:\/\/www.emilysentourage.org\/?page_id=16142"},"modified":"2021-12-10T15:04:58","modified_gmt":"2021-12-10T20:04:58","slug":"cf-crew","status":"publish","type":"page","link":"https:\/\/www.emilysentourage.org\/de\/cf-crew\/","title":{"rendered":"Werden Sie Mitglied der CureFinders-Crew"},"content":{"rendered":"<p><span style=\"font-weight: 400;\"><img fetchpriority=\"high\" decoding=\"async\" class=\"alignnone wp-image-16212\" src=\"https:\/\/www.emilysentourage.org\/wp-content\/uploads\/CF-Crew-webpage-header-300x100.png\" alt=\"\" width=\"1385\" height=\"462\" srcset=\"https:\/\/www.emilysentourage.org\/wp-content\/uploads\/CF-Crew-webpage-header-300x100.png 300w, https:\/\/www.emilysentourage.org\/wp-content\/uploads\/CF-Crew-webpage-header-1024x341.png 1024w, https:\/\/www.emilysentourage.org\/wp-content\/uploads\/CF-Crew-webpage-header-768x256.png 768w, https:\/\/www.emilysentourage.org\/wp-content\/uploads\/CF-Crew-webpage-header-1536x512.png 1536w, https:\/\/www.emilysentourage.org\/wp-content\/uploads\/CF-Crew-webpage-header-2048x683.png 2048w, https:\/\/www.emilysentourage.org\/wp-content\/uploads\/CF-Crew-webpage-header-18x6.png 18w, https:\/\/www.emilysentourage.org\/wp-content\/uploads\/CF-Crew-webpage-header-600x200.png 600w\" sizes=\"(max-width: 1385px) 100vw, 1385px\" \/><\/span><\/p>\n<p><span style=\"font-weight: 400;\">Niemand hat ein gr\u00f6\u00dferes Interesse an schnellen Fortschritten f\u00fcr die letzten 10% der Mukoviszidose-Gemeinschaft als diejenigen, die mit der Krankheit leben, und die Menschen, die sie lieben. Die CureFinders Crew (CF Crew) wurde mit Ihnen im Hinterkopf gegr\u00fcndet - um einen Raum zu schaffen, in dem die CF-Gemeinschaft zusammenkommen kann, um die Mission von Emily's Entourage (EE) zu unterst\u00fctzen, die lebensrettende Forschung und die Entwicklung von Medikamenten f\u00fcr die letzten 10% der CF-Gemeinschaft zu beschleunigen, einschlie\u00dflich derjenigen mit Nonsense-Mutationen von CF.<\/span><\/p>\n<blockquote><p><span style=\"font-weight: 400;\">Untersch\u00e4tzen Sie niemals Ihre Stimme, Ihr Gehirn, Ihre Kreativit\u00e4t, Ihre Ideen und Ihre Kraft. Sie versetzen Berge. - Emily Kramer-Golinkoff, Mitbegr\u00fcnderin von Emily's Entourage<\/span><\/p><\/blockquote>\n<h3><strong>Warum der CF-Crew beitreten?<\/strong><\/h3>\n<h3><strong><img decoding=\"async\" class=\"alignright wp-image-16143\" src=\"https:\/\/www.emilysentourage.org\/wp-content\/uploads\/Quote-6.png\" alt=\"\" width=\"400\" height=\"372\" srcset=\"https:\/\/www.emilysentourage.org\/wp-content\/uploads\/Quote-6.png 959w, https:\/\/www.emilysentourage.org\/wp-content\/uploads\/Quote-6-300x279.png 300w, https:\/\/www.emilysentourage.org\/wp-content\/uploads\/Quote-6-768x715.png 768w, https:\/\/www.emilysentourage.org\/wp-content\/uploads\/Quote-6-13x12.png 13w, https:\/\/www.emilysentourage.org\/wp-content\/uploads\/Quote-6-600x559.png 600w\" sizes=\"(max-width: 400px) 100vw, 400px\" \/><\/strong><\/h3>\n<p><span style=\"font-weight: 400;\">Emily's Entourage ist der Meinung, dass NIEMAND zur\u00fcckgelassen werden sollte und jeder einzelne Mensch mit Mukoviszidose eine realistische Hoffnung auf eine Zukunft und einen tiefen Atemzug verdient. Als Teil der CF-Crew k\u00f6nnen Sie uns dabei helfen, den dringend ben\u00f6tigten Wandel f\u00fcr die letzten 10% herbeizuf\u00fchren, indem Sie Ihre Geschichte teilen und Ihr Netzwerk einbinden. Sie haben es in der Hand, etwas zu bewirken und dazu beizutragen, unsere aggressiven Investitionen in Forschung und Arzneimittelentwicklung zu finanzieren, damit wir unserem gemeinsamen Ziel eines schnellen Durchbruchs f\u00fcr die 100% der CF-Gemeinschaft n\u00e4her kommen. <b>Niemand wird zur\u00fcckgelassen<\/b>.&nbsp;<\/span><\/p>\n<h3><strong>Wer kann sich beteiligen?<\/strong><\/h3>\n<p><span style=\"font-weight: 400;\">Die CF-Crew steht jedem offen, der eine Verbindung zu Mukoviszidose hat - egal, ob Sie zu den letzten 10% oder zu den 90% geh\u00f6ren, die aus erster Hand erfahren haben, welche lebensver\u00e4ndernde Wirkung eine auf Mutationen ausgerichtete Therapie hat.&nbsp;<\/span><\/p>\n<p><span style=\"font-weight: 400;\">Sie werden sich einer besonderen Gruppe von Mukoviszidose-Familien anschlie\u00dfen, die Ver\u00e4nderungen herbeif\u00fchren und Berge versetzen wollen, um schnelle, weitreichende Fortschritte f\u00fcr die letzten 10% zu erzielen. Und wie Sie selbst am besten wissen, kann dieser Fortschritt gar nicht fr\u00fch genug kommen!<\/span><\/p>\n<p style=\"text-align: center;\">&nbsp;<a class=\"fasc-button fasc-size-large fasc-type-flat fasc-rounded-medium fasc-style-bold\" style=\"background-color: #462561; color: #ffffff;\" target=\"_blank\" href=\"https:\/\/www.emilysentourage.org\/de\/contact-us\/\" rel=\"noopener\">KONTAKTIEREN SIE UNS UND ERFAHREN SIE MEHR<\/a><\/p>","protected":false},"excerpt":{"rendered":"<p>Niemand hat ein gr\u00f6\u00dferes Interesse an schnellen Fortschritten f\u00fcr die letzten 10% der Mukoviszidose-Gemeinschaft als diejenigen, die mit der Krankheit leben, und die Menschen, die sie lieben. Die CureFinders-Crew (CF-Crew) wurde mit Blick auf Sie gegr\u00fcndet - um einen Raum zu schaffen, in dem die CF-Gemeinschaft zusammenkommen kann... <\/p>\n<div class=\"clear\"><\/div>\n<p><a href=\"https:\/\/www.emilysentourage.org\/de\/cf-crew\/\" class=\"excerpt-read-more\">Mehr lesen<\/a><\/p>","protected":false},"author":1281,"featured_media":16211,"parent":0,"menu_order":0,"comment_status":"closed","ping_status":"closed","template":"","meta":{"_acf_changed":false,"_seopress_robots_primary_cat":"","_seopress_titles_title":"Emily&#039;s Entourage &gt;&gt; Join the CureFinders Crew","_seopress_titles_desc":"The CureFinders Crew (CF Crew) was created with the cystic fibrosis community in mind \u2014 to provide a space where they can come together in support of Emily\u2019s Entourage\u2019s (EE\u2019s) mission to speed lifesaving research and drug development for the final 10% of the CF community.","_seopress_robots_index":"","_monsterinsights_skip_tracking":false,"_monsterinsights_sitenote_active":false,"_monsterinsights_sitenote_note":"","_monsterinsights_sitenote_category":0,"footnotes":""},"class_list":["post-16142","page","type-page","status-publish","has-post-thumbnail","hentry"],"acf":[],"jetpack_sharing_enabled":true,"post_mailing_queue_ids":[],"_links":{"self":[{"href":"https:\/\/www.emilysentourage.org\/de\/wp-json\/wp\/v2\/pages\/16142","targetHints":{"allow":["GET"]}}],"collection":[{"href":"https:\/\/www.emilysentourage.org\/de\/wp-json\/wp\/v2\/pages"}],"about":[{"href":"https:\/\/www.emilysentourage.org\/de\/wp-json\/wp\/v2\/types\/page"}],"author":[{"embeddable":true,"href":"https:\/\/www.emilysentourage.org\/de\/wp-json\/wp\/v2\/users\/1281"}],"replies":[{"embeddable":true,"href":"https:\/\/www.emilysentourage.org\/de\/wp-json\/wp\/v2\/comments?post=16142"}],"version-history":[{"count":5,"href":"https:\/\/www.emilysentourage.org\/de\/wp-json\/wp\/v2\/pages\/16142\/revisions"}],"predecessor-version":[{"id":16447,"href":"https:\/\/www.emilysentourage.org\/de\/wp-json\/wp\/v2\/pages\/16142\/revisions\/16447"}],"wp:featuredmedia":[{"embeddable":true,"href":"https:\/\/www.emilysentourage.org\/de\/wp-json\/wp\/v2\/media\/16211"}],"wp:attachment":[{"href":"https:\/\/www.emilysentourage.org\/de\/wp-json\/wp\/v2\/media?parent=16142"}],"curies":[{"name":"wp","href":"https:\/\/api.w.org\/{rel}","templated":true}]}}