{"id":15775,"date":"2021-09-10T10:17:04","date_gmt":"2021-09-10T14:17:04","guid":{"rendered":"https:\/\/www.emilysentourage.org\/?page_id=15775"},"modified":"2024-10-08T12:48:00","modified_gmt":"2024-10-08T16:48:00","slug":"become-a-champion","status":"publish","type":"page","link":"https:\/\/www.emilysentourage.org\/de\/become-a-champion\/","title":{"rendered":"Werden Sie ein Champion"},"content":{"rendered":"<p>&nbsp;<\/p>\n<p><span style=\"font-weight: 400;\"><img fetchpriority=\"high\" decoding=\"async\" class=\"alignnone wp-image-15784\" src=\"https:\/\/www.emilysentourage.org\/wp-content\/uploads\/Champions-webpage-header-1-2-300x100.png\" alt=\"\" width=\"1385\" height=\"462\" srcset=\"https:\/\/www.emilysentourage.org\/wp-content\/uploads\/Champions-webpage-header-1-2-300x100.png 300w, https:\/\/www.emilysentourage.org\/wp-content\/uploads\/Champions-webpage-header-1-2-1024x341.png 1024w, https:\/\/www.emilysentourage.org\/wp-content\/uploads\/Champions-webpage-header-1-2-768x256.png 768w, https:\/\/www.emilysentourage.org\/wp-content\/uploads\/Champions-webpage-header-1-2-1536x512.png 1536w, https:\/\/www.emilysentourage.org\/wp-content\/uploads\/Champions-webpage-header-1-2-2048x683.png 2048w, https:\/\/www.emilysentourage.org\/wp-content\/uploads\/Champions-webpage-header-1-2-18x6.png 18w, https:\/\/www.emilysentourage.org\/wp-content\/uploads\/Champions-webpage-header-1-2-600x200.png 600w\" sizes=\"(max-width: 1385px) 100vw, 1385px\" \/><\/span><\/p>\n<p><span style=\"font-weight: 400;\">Unter <\/span><a href=\"https:\/\/www.emilysentourage.org\/de\/about-emilys-entourage\/\"><span style=\"font-weight: 400;\">Emily's Entourage<\/span><\/a><span style=\"font-weight: 400;\"> (EE) sind wir davon \u00fcberzeugt, dass Magie geschehen kann, wenn man an seine Kraft glaubt, etwas zu ver\u00e4ndern. Unser Champions-Programm zeichnet philanthropische F\u00fchrungspers\u00f6nlichkeiten aus, die ihre F\u00e4higkeit, etwas zu ver\u00e4ndern, erkannt haben und uns helfen, lebensrettende Durchbr\u00fcche und eine Heilung f\u00fcr Menschen mit <\/span><a href=\"https:\/\/www.emilysentourage.org\/de\/about-cystic-fibrosis\/\"><span style=\"font-weight: 400;\">Mukoviszidose<\/span><\/a><span style=\"font-weight: 400;\"> (CF), die von den derzeit verf\u00fcgbaren Therapien nicht profitieren.<br \/>\n<\/span><\/p>\n<h3><strong>Warum ein Champion werden?<\/strong><\/h3>\n<p><span style=\"font-weight: 400;\">Champions engagieren sich f\u00fcr eine Ver\u00e4nderung und teilen unsere \u00dcberzeugung, dass jeder von uns die Macht hat, die Welt zum Besseren zu ver\u00e4ndern. Wenn Sie ein Champion werden, schlie\u00dfen Sie sich der revolution\u00e4ren, ver\u00e4ndernden Kraft von EE an.&nbsp;<\/span><\/p>\n<p><span style=\"font-weight: 400;\">Unsere Champions haben nicht nur die M\u00f6glichkeit, das Leben von Menschen mit Mukoviszidose zu verbessern, sondern auch, sich mit anderen philanthropischen F\u00fchrungspers\u00f6nlichkeiten zu vernetzen und auf vielf\u00e4ltige Weise gefeiert zu werden, z. B. \u00fcber unsere digitalen Kan\u00e4le und bei unseren j\u00e4hrlichen Galas. Au\u00dferdem wird der beste Spendensammler mit unserer Auszeichnung \"Champion des Jahres\" geehrt!<br \/>\n<\/span><\/p>\n<h3><strong><img decoding=\"async\" class=\"wp-image-19872 size-medium alignright\" src=\"https:\/\/www.emilysentourage.org\/wp-content\/uploads\/Website-Quote-Lexi-Pace-2-300x300.png\" alt=\"\" width=\"300\" height=\"300\" srcset=\"https:\/\/www.emilysentourage.org\/wp-content\/uploads\/Website-Quote-Lexi-Pace-2-300x300.png 300w, https:\/\/www.emilysentourage.org\/wp-content\/uploads\/Website-Quote-Lexi-Pace-2-1024x1024.png 1024w, https:\/\/www.emilysentourage.org\/wp-content\/uploads\/Website-Quote-Lexi-Pace-2-150x150.png 150w, https:\/\/www.emilysentourage.org\/wp-content\/uploads\/Website-Quote-Lexi-Pace-2-768x768.png 768w, https:\/\/www.emilysentourage.org\/wp-content\/uploads\/Website-Quote-Lexi-Pace-2-1536x1536.png 1536w, https:\/\/www.emilysentourage.org\/wp-content\/uploads\/Website-Quote-Lexi-Pace-2-2048x2048.png 2048w, https:\/\/www.emilysentourage.org\/wp-content\/uploads\/Website-Quote-Lexi-Pace-2-12x12.png 12w, https:\/\/www.emilysentourage.org\/wp-content\/uploads\/Website-Quote-Lexi-Pace-2-600x600.png 600w, https:\/\/www.emilysentourage.org\/wp-content\/uploads\/Website-Quote-Lexi-Pace-2-100x100.png 100w\" sizes=\"(max-width: 300px) 100vw, 300px\" \/><\/strong><\/h3>\n<h3><strong>Wer kann sich beteiligen?<\/strong><\/h3>\n<p><span style=\"font-weight: 400;\">Das Champions-Programm ist f\u00fcr alle Menschen jeden Alters offen. Melden Sie sich als Einzelperson, mit einem Partner oder als Team an (z. B. Ehepartner, Freunde, Geschwister, Mitbewohner, Studentenverbindungen, Arbeitskollegen, Sportmannschaften, Schulklassen). Nach oben sind keine Grenzen gesetzt, und es gibt keine Altersbeschr\u00e4nkungen!<\/span><\/p>\n<h3><strong>Selbstverpflichtung<\/strong><\/h3>\n<p><span style=\"font-weight: 400;\">Wenn Sie sich anmelden, um ein Emily's Entourage Champion zu werden, verpflichten Sie sich, ein Spendenziel von $1.500 zu erreichen. Es gibt eine Vielzahl von M\u00f6glichkeiten, wie Sie Ihr Ziel erreichen k\u00f6nnen, z. B. indem Sie Ihr Netzwerk \u00fcber soziale Medien oder per E-Mail erreichen, eines Ihrer Lieblingshobbys oder -aktivit\u00e4ten in eine Spendenaktion umwandeln, einen Gegenstand f\u00fcr die Charitybuzz-Auktion von EE spenden und vieles mehr! Die M\u00f6glichkeiten sind endlos!&nbsp;<\/span><\/p>\n<p><span style=\"font-weight: 400;\">Keine Sorge, wir sorgen daf\u00fcr, dass Sie gut ger\u00fcstet sind, um Ihre Kontakte zu bitten, egal, f\u00fcr welchen Weg Sie sich entscheiden. Wenn Sie sich als Champion anmelden, stehen Ihnen eine Reihe von Ressourcen zur Verf\u00fcgung, darunter:<\/span><\/p>\n<ul>\n<li style=\"font-weight: 400;\" aria-level=\"1\"><span style=\"font-weight: 400;\">Eine personalisierte Fundraising-Seite<\/span><\/li>\n<li style=\"font-weight: 400;\" aria-level=\"1\"><span style=\"font-weight: 400;\">Benutzerdefinierte E-Mail- und Textvorlagen zur Optimierung der Kommunikation mit Ihren Spendern<\/span><\/li>\n<li style=\"font-weight: 400;\" aria-level=\"1\"><span style=\"font-weight: 400;\">Unterst\u00fctzung und Beratung durch den Vorsitzenden des Champions-Unterausschusses und die EE-Mitarbeiter<\/span><\/li>\n<\/ul>\n<h3><strong>M\u00f6chten Sie sich anmelden?<\/strong><\/h3>\n<p style=\"text-align: center;\"><a class=\"fasc-button fasc-size-large fasc-type-flat fasc-rounded-medium fasc-style-bold\" style=\"background-color: #462561; color: #ffffff;\" target=\"_blank\" href=\"https:\/\/forms.gle\/GWpucfM95KzYLckG7\" rel=\"noopener\">EIN CHAMPION WERDEN<\/a> &nbsp; &nbsp;&nbsp;<a class=\"fasc-button fasc-size-large fasc-type-flat fasc-rounded-medium fasc-style-bold\" style=\"background-color: #462561; color: #ffffff;\" target=\"_blank\" href=\"https:\/\/forms.gle\/9T1pp9XU6vG9Z57j6\" rel=\"noopener\">EINEN CHAMPION ERNENNEN<\/a><\/p>\n<blockquote><p>&nbsp;<\/p>\n<p><span style=\"font-weight: 400;\">\"Das ist ein bisschen Meta, aber das, worauf ich am meisten stolz bin, ist das, was Emily's Entourage \u00fcber die Menschheit und die Menschen aussagt - wie sehr die Menschen Teil der Ver\u00e4nderung sein wollen und wie sehr sie sich um andere Menschen k\u00fcmmern. An vorderster Front zu stehen und zu sehen, wie viele Menschen keine andere Verbindung zu Mukoviszidose haben, als unsere Geschichte zu h\u00f6ren, sich davon ber\u00fchren zu lassen und unserem Team beizutreten, das ist wirklich die bewegendste Sache der Welt.\" - Emily Kramer-Golinkoff, Mitbegr\u00fcnderin, Emily's Entourage<\/span><\/p><\/blockquote>","protected":false},"excerpt":{"rendered":"<p>&nbsp; At Emily\u2019s Entourage (EE), we believe that magic can happen when you believe in your power to make a difference. Our Champions program celebrates philanthropic leaders who have recognized their change-making abilities and are helping us speed lifesaving breakthroughs and a cure for people with cystic fibrosis (CF) who do not benefit from currently&#8230; <\/p>\n<div class=\"clear\"><\/div>\n<p><a href=\"https:\/\/www.emilysentourage.org\/de\/become-a-champion\/\" class=\"excerpt-read-more\">Mehr lesen<\/a><\/p>","protected":false},"author":1281,"featured_media":15792,"parent":0,"menu_order":0,"comment_status":"closed","ping_status":"closed","template":"","meta":{"_acf_changed":false,"_seopress_robots_primary_cat":"","_seopress_titles_title":"Emily's Entourage >> Become a Champion","_seopress_titles_desc":"Our Champions program celebrates philanthropic leaders who have recognized their change-making abilities and are helping us speed lifesaving breakthroughs and a cure for people with nonsense mutations of cystic fibrosis.","_seopress_robots_index":"","_monsterinsights_skip_tracking":false,"_monsterinsights_sitenote_active":false,"_monsterinsights_sitenote_note":"","_monsterinsights_sitenote_category":0,"footnotes":""},"class_list":["post-15775","page","type-page","status-publish","has-post-thumbnail","hentry"],"acf":[],"jetpack_sharing_enabled":true,"post_mailing_queue_ids":[],"_links":{"self":[{"href":"https:\/\/www.emilysentourage.org\/de\/wp-json\/wp\/v2\/pages\/15775","targetHints":{"allow":["GET"]}}],"collection":[{"href":"https:\/\/www.emilysentourage.org\/de\/wp-json\/wp\/v2\/pages"}],"about":[{"href":"https:\/\/www.emilysentourage.org\/de\/wp-json\/wp\/v2\/types\/page"}],"author":[{"embeddable":true,"href":"https:\/\/www.emilysentourage.org\/de\/wp-json\/wp\/v2\/users\/1281"}],"replies":[{"embeddable":true,"href":"https:\/\/www.emilysentourage.org\/de\/wp-json\/wp\/v2\/comments?post=15775"}],"version-history":[{"count":5,"href":"https:\/\/www.emilysentourage.org\/de\/wp-json\/wp\/v2\/pages\/15775\/revisions"}],"predecessor-version":[{"id":23317,"href":"https:\/\/www.emilysentourage.org\/de\/wp-json\/wp\/v2\/pages\/15775\/revisions\/23317"}],"wp:featuredmedia":[{"embeddable":true,"href":"https:\/\/www.emilysentourage.org\/de\/wp-json\/wp\/v2\/media\/15792"}],"wp:attachment":[{"href":"https:\/\/www.emilysentourage.org\/de\/wp-json\/wp\/v2\/media?parent=15775"}],"curies":[{"name":"wp","href":"https:\/\/api.w.org\/{rel}","templated":true}]}}