{"id":10760,"date":"2018-04-11T09:52:24","date_gmt":"2018-04-11T13:52:24","guid":{"rendered":"https:\/\/www.emilysentourage.org\/?page_id=10760"},"modified":"2026-04-13T13:51:47","modified_gmt":"2026-04-13T17:51:47","slug":"careers","status":"publish","type":"page","link":"https:\/\/www.emilysentourage.org\/de\/careers\/","title":{"rendered":"Emilys Entourage Karrieren"},"content":{"rendered":"<p>Bei Emily's Entourage arbeiten wir daran, Durchbr\u00fcche f\u00fcr Menschen mit Nonsense-Mutationen der Mukoviszidose zu beschleunigen. Als wachsende Organisation wird unser Personalbedarf immer gr\u00f6\u00dfer. Die verf\u00fcgbaren Stellen sind unten aufgelistet und wir werden die Seite aktualisieren, sobald sich neue M\u00f6glichkeiten ergeben. Wir sind immer auf der Suche nach talentierten, leidenschaftlichen Menschen, die etwas ver\u00e4ndern wollen. Wenn Sie an einer Mitarbeit bei Emily's Entourage interessiert sind, wenden Sie sich bitte an <a href=\"https:\/\/www.emilysentourage.org\/de\/contact-us\/\">sich melden<\/a> oder kontaktieren Sie uns unter careers@emilysentourage.org.<\/p>\n<h2>Verf\u00fcgbare Positionen<\/h2>\n<ul>\n<li><a href=\"https:\/\/www.emilysentourage.org\/de\/director-of-development\/\" target=\"_blank\" rel=\"noopener\">Director of Development (Full-Time)<\/a><\/li>\n<li><a href=\"https:\/\/www.emilysentourage.org\/de\/data-operations-and-evaluation-manager\/\" target=\"_blank\" rel=\"noopener\">Data Operations &amp; Evaluation Manager (Full-Time)<\/a><\/li>\n<li><a href=\"https:\/\/www.emilysentourage.org\/de\/social-media-and-digital-marketing-coordinator-2\/\" target=\"_blank\" rel=\"noopener\">Social Media and Digital Marketing Coordinator (Part-Time\/Contractor)<\/a><\/li>\n<\/ul>\n<h2>K\u00fcnftige Besch\u00e4ftigung<\/h2>\n<p>Emily's Entourage ist stolz darauf, ein Arbeitgeber der Chancengleichheit zu sein. Alle Bewerber werden ohne R\u00fccksicht auf Ethnie, Hautfarbe, Religion, Geschlecht, Geschlechtsidentit\u00e4t oder -ausdruck, sexuelle Orientierung, nationale Herkunft, Genetik, Behinderung, Alter oder Veteranenstatus bei der Einstellung ber\u00fccksichtigt.<\/p>","protected":false},"excerpt":{"rendered":"<p>Bei Emily's Entourage arbeiten wir daran, Durchbr\u00fcche f\u00fcr Menschen mit Nonsense-Mutationen der Mukoviszidose zu beschleunigen. Als wachsende Organisation wird unser Personalbedarf immer gr\u00f6\u00dfer. Die verf\u00fcgbaren Stellen sind unten aufgelistet und wir werden die Seite aktualisieren, sobald sich neue M\u00f6glichkeiten ergeben. Wir sind immer auf der Suche nach talentierten, leidenschaftlichen Menschen, die etwas ver\u00e4ndern wollen. Wenn Sie... <\/p>\n<div class=\"clear\"><\/div>\n<p><a href=\"https:\/\/www.emilysentourage.org\/de\/careers\/\" class=\"excerpt-read-more\">Mehr lesen<\/a><\/p>","protected":false},"author":1284,"featured_media":0,"parent":0,"menu_order":0,"comment_status":"closed","ping_status":"closed","template":"","meta":{"_acf_changed":false,"_seopress_robots_primary_cat":"","_seopress_titles_title":"","_seopress_titles_desc":"","_seopress_robots_index":"","_monsterinsights_skip_tracking":false,"_monsterinsights_sitenote_active":false,"_monsterinsights_sitenote_note":"","_monsterinsights_sitenote_category":0,"footnotes":""},"class_list":["post-10760","page","type-page","status-publish","hentry"],"acf":[],"jetpack_sharing_enabled":true,"post_mailing_queue_ids":[],"_links":{"self":[{"href":"https:\/\/www.emilysentourage.org\/de\/wp-json\/wp\/v2\/pages\/10760","targetHints":{"allow":["GET"]}}],"collection":[{"href":"https:\/\/www.emilysentourage.org\/de\/wp-json\/wp\/v2\/pages"}],"about":[{"href":"https:\/\/www.emilysentourage.org\/de\/wp-json\/wp\/v2\/types\/page"}],"author":[{"embeddable":true,"href":"https:\/\/www.emilysentourage.org\/de\/wp-json\/wp\/v2\/users\/1284"}],"replies":[{"embeddable":true,"href":"https:\/\/www.emilysentourage.org\/de\/wp-json\/wp\/v2\/comments?post=10760"}],"version-history":[{"count":5,"href":"https:\/\/www.emilysentourage.org\/de\/wp-json\/wp\/v2\/pages\/10760\/revisions"}],"predecessor-version":[{"id":26134,"href":"https:\/\/www.emilysentourage.org\/de\/wp-json\/wp\/v2\/pages\/10760\/revisions\/26134"}],"wp:attachment":[{"href":"https:\/\/www.emilysentourage.org\/de\/wp-json\/wp\/v2\/media?parent=10760"}],"curies":[{"name":"wp","href":"https:\/\/api.w.org\/{rel}","templated":true}]}}