{"id":10730,"date":"2018-03-22T11:27:56","date_gmt":"2018-03-22T15:27:56","guid":{"rendered":"https:\/\/www.emilysentourage.org\/?page_id=10730"},"modified":"2018-03-22T11:29:06","modified_gmt":"2018-03-22T15:29:06","slug":"mpc","status":"publish","type":"page","link":"https:\/\/www.emilysentourage.org\/de\/mpc\/","title":{"rendered":"Marketing- und Programmkoordinator"},"content":{"rendered":"<p>Emily's Entourage sucht eine\/n Marketing- und Programmkoordinator\/in in Vollzeit (40 Stunden pro Woche), der\/die bei der Planung und Verwaltung von Marketing\/Kommunikation, Sonderprojekten und Freiwilligen sowie bei der Durchf\u00fchrung von Ma\u00dfnahmen f\u00fcr diese schnell wachsende gemeinn\u00fctzige Organisation mitwirkt.<\/p>\n<p><strong><u>Die Stiftung<\/u><\/strong><\/p>\n<p>Emily's Entourage ist eine innovative 501(c)3-Organisation, die die Forschung f\u00fcr neue Behandlungsmethoden und eine Heilung f\u00fcr seltene Nonsense-Mutationen der Mukoviszidose vorantreibt. Gegr\u00fcndet von Emily Kramer-Golinkoff, ihrer Familie und ihren Freunden, wird Emily's Entourage von gro\u00dfen und kleinen, pers\u00f6nlichen und virtuellen Gemeinschaften getragen, die sich zusammengeschlossen und seit 2011 \u00fcber $3 Millionen Euro gesammelt haben, um hochwirksame Forschung und bahnbrechende Zusammenarbeit voranzutreiben.<\/p>\n<p>W\u00e4hrend die Dringlichkeit der Stiftung durch Emilys fortgeschrittenes Krankheitsstadium inspiriert ist, gibt die Arbeit von Emily's Entourage den Ansto\u00df zu Fortschritten, die nicht nur Patienten mit Mukoviszidose zugute kommen k\u00f6nnen, sondern etwa 12% aller Patienten mit genetischen Krankheiten, die in \u00e4hnlicher Weise durch Nonsense-Mutationen verursacht werden, was etwa 30 Millionen Menschen weltweit entspricht.<\/p>\n<p>Emily's Entourage wurde vom Wei\u00dfen Haus zum \"Champion of Change\" f\u00fcr Pr\u00e4zisionsmedizin ernannt und wurde von CNN.com, Time.com, People.com, AOL.com, CBS's The Doctors, Yahoo Health und vielen anderen nationalen und lokalen Medien f\u00fcr seinen bahnbrechenden Ansatz zur Beschleunigung von Durchbr\u00fcchen und Emilys inspirierende Geschichte vorgestellt.<em>\u00a0<\/em><\/p>\n<p><strong><u>Die Position<\/u><\/strong><\/p>\n<p>Bewerber f\u00fcr diese Position sollten leidenschaftlich und organisiert sein und ihre Energie aus harter Arbeit und der Erzielung spektakul\u00e4rer, wirkungsvoller Ergebnisse beziehen. Sie m\u00fcssen \u00fcber ausgepr\u00e4gte Schreibf\u00e4higkeiten sowie nachweisliche Erfahrung in Organisation und Projektmanagement verf\u00fcgen. In enger Zusammenarbeit mit den Gr\u00fcndern, den Beratern, dem Vorstand, den Komiteeleitern und dem gro\u00dfen Netzwerk von Freiwilligen wird der Koordinator Programm- und Marketinginitiativen f\u00fcr Emily's Entourage erleichtern und umsetzen und dabei helfen, das Tagesgesch\u00e4ft zu managen. Die Koordinatorin wird auch als Ansprechpartnerin f\u00fcr externe Anbieter und Mitarbeiter fungieren.<\/p>\n<p>In dieser Funktion bringt der Koordinator seine Kreativit\u00e4t, sein Organisationstalent, seine Serviceorientierung und seine hohe Motivation ein, die Dinge mit Liebe zum Detail und in hervorragender Qualit\u00e4t zu erledigen. Ideale Kandidaten haben einen ausgepr\u00e4gten Sinn f\u00fcr Dringlichkeit und arbeiten proaktiv, ergebnisorientiert und einf\u00fchlsam.<\/p>\n<p><strong><u>Zust\u00e4ndigkeiten<\/u><\/strong><\/p>\n<p><em>Zu den Aufgaben geh\u00f6ren unter anderem folgende:<\/em><\/p>\n<ul>\n<li><strong>Marketing und Kommunikation <\/strong><\/li>\n<\/ul>\n<ul>\n<li style=\"list-style-type: none;\">\n<ul>\n<li>\u00dcberwachung des monatlichen Redaktionskalenders, einschlie\u00dflich Zeitplan und Strategie f\u00fcr soziale Medien<\/li>\n<li>Verwaltung der Konten in den sozialen Medien (Facebook, Instagram, Twitter, LinkedIn usw.) in Zusammenarbeit mit Freiwilligen<\/li>\n<li>Beaufsichtigung freiwilliger Mitarbeiter und Inhalte f\u00fcr soziale Medien, einschlie\u00dflich Zuweisung, Bearbeitung und Ver\u00f6ffentlichung von Inhalten<\/li>\n<li>Entwurf und Leitung einer Strategie f\u00fcr soziale Medien f\u00fcr Kampagnen und Appelle<\/li>\n<li>Beaufsichtigung des monatlichen Blog-Zeitplans und der Strategie<\/li>\n<li>Blogbeitr\u00e4ge schreiben, formatieren und ver\u00f6ffentlichen<\/li>\n<li>Beaufsichtigung freiwilliger Blog-Mitarbeiter, um sicherzustellen, dass qualitativ hochwertige Inhalte rechtzeitig eingereicht und ver\u00f6ffentlicht werden und mit der Botschaft der Organisation \u00fcbereinstimmen<\/li>\n<li>EE-Profilbilder und Titelbilder aktualisieren<\/li>\n<li>Beaufsichtigung der Gestaltung und Aktualisierung der Website, einschlie\u00dflich der Erstellung neuer Seiten und der regelm\u00e4\u00dfigen Aktualisierung des Inhalts der Homepage (Fotos, Videos, Texte, Links usw.)<\/li>\n<li>Beaufsichtigung des Webproduktionsteams<\/li>\n<li>Formatierung und Versand des monatlichen Newsletters an VIP-Insider und des viertelj\u00e4hrlichen Newsletters an 6000+ Kontakte<\/li>\n<li>Erstellung von Grafiken f\u00fcr soziale Medien und die Website, Werbegeschenke, Veranstaltungen sowie Marketing- und Kommunikationsmaterial<\/li>\n<li>Terminierung, Planung und Organisation von Gemeindeveranstaltungen<\/li>\n<\/ul>\n<\/li>\n<\/ul>\n<ul>\n<li><strong>Projekt- und Ehrenamtsmanagement<\/strong>\n<ul>\n<li>Leitung von Projekten, um sicherzustellen, dass sie die zeitlichen und qualitativen Meilensteine, Fristen und Ergebnisse einhalten<\/li>\n<li>Beaufsichtigung von Freiwilligen, die an speziellen Projekten arbeiten<\/li>\n<li>Regelm\u00e4\u00dfige Kommunikation mit wichtigen Freiwilligen und Ausschussleitern<\/li>\n<li>Entwicklung, Umsetzung und \u00dcberwachung bew\u00e4hrter Verfahren und Arbeitsabl\u00e4ufe f\u00fcr Freiwillige und Projekte<\/li>\n<\/ul>\n<\/li>\n<\/ul>\n<ul>\n<li><strong>Betrieb <\/strong>\n<ul>\n<li>Planung und Verwaltung von Sitzungen und Terminen f\u00fcr Aussch\u00fcsse und gro\u00dfe Gruppen<\/li>\n<\/ul>\n<\/li>\n<\/ul>\n<ul>\n<li style=\"list-style-type: none;\">\n<ul>\n<li>Unterst\u00fctzung bei der Terminplanung, der Verwaltung von Terminkalendern und der Reiseplanung f\u00fcr Gr\u00fcnder<\/li>\n<li>Planung und Verwaltung der Logistik f\u00fcr wissenschaftliche Sitzungen und Veranstaltungen<\/li>\n<li>Terminierung, Planung und Organisation von Gemeindeveranstaltungen<\/li>\n<li>Pr\u00fcfung und Verwaltung von Lieferantenbeziehungen<\/li>\n<li>Erstellen und Verwalten von Peer-to-Peer-Fundraising<\/li>\n<li>Entwerfen von Markenartikeln f\u00fcr EE<\/li>\n<li>Verwenden Sie das Online-Datenbankverwaltungssystem (Bloomerang), um elektronische Mitteilungen zu entwerfen und zu versenden, Verteilerlisten zu aktualisieren und bei Bedarf Berichte zu erstellen.<\/li>\n<\/ul>\n<\/li>\n<\/ul>\n<p><strong><u>Qualifikationen und Fertigkeiten<\/u><\/strong><strong>\u00a0<\/strong><\/p>\n<p><strong><em>Qualifikationen<\/em><\/strong><\/p>\n<ul>\n<li>BA\/BS erforderlich, vorzugsweise in Marketing, Kommunikation oder Englisch<\/li>\n<li>Mindestens 2 Jahre Erfahrung in den Bereichen Marketing und Projektmanagement erforderlich; Gesundheitswesen bevorzugt<\/li>\n<li>Ausgezeichnete verbale und schriftliche Kommunikationsf\u00e4higkeiten<\/li>\n<li>Erfahrung im Schreiben und Bearbeiten von Blogbeitr\u00e4gen, Erstellen von ansprechenden Inhalten f\u00fcr soziale Medien, Entwerfen von Newslettern und anderen Marketinginhalten<\/li>\n<li>neugierig, selbst\u00e4ndig und unabh\u00e4ngig<\/li>\n<li>Kollaborativer, anpassungsf\u00e4higer Arbeitsstil, der die \u00c4rmel hochkrempelt<\/li>\n<li>Organisiert und in der Lage, mehrere Projekte und Verantwortlichkeiten unter einen Hut zu bringen<\/li>\n<li>Hoch motiviert, einfallsreich und in der Lage, Bed\u00fcrfnisse vorauszusehen und kreative L\u00f6sungen f\u00fcr Herausforderungen zu finden<\/li>\n<\/ul>\n<p><strong><em>Fertigkeiten<\/em><\/strong><\/p>\n<ul>\n<li>Kenntnisse und fr\u00fchere Erfahrungen mit WordPress und E-Mail-Marketing-Plattformen<\/li>\n<li>Grundkenntnisse in Grafikdesign und Kenntnisse in PhotoShop, InDesign oder Illustrator<\/li>\n<li>Beherrschung von Google Drive<\/li>\n<li>Ausgepr\u00e4gte organisatorische F\u00e4higkeiten und Multitasking-F\u00e4higkeiten mit akribischer Aufmerksamkeit f\u00fcr Details<\/li>\n<\/ul>\n<p><strong><u>Hinweise zur Bewerbung<\/u><\/strong><\/p>\n<p>Interessierte Bewerber sollten ein Anschreiben und einen Lebenslauf an folgende Adresse senden <a href=\"mailto:propeller@emilysentourage.org\">admin@emilysentourage.org<\/a>.<\/p>\n<p>Emily's Entourage bietet allen Personen unabh\u00e4ngig von Alter, Ethnie, Hautfarbe, Religion, nationaler Herkunft, Geschlecht, sexueller Orientierung, Familienstand oder Behinderung gleiche Besch\u00e4ftigungschancen.<\/p>\n<p>&nbsp;<\/p>","protected":false},"excerpt":{"rendered":"<p>Emily\u2019s Entourage is looking for a full time (40 hours per week) Marketing and Program Coordinator to help plan and manage marketing\/communications, special projects and volunteers, and operations for this rapidly growing nonprofit. The Foundation Emily&#8217;s Entourage is an innovative 501(c)3 that fast tracks research for new treatments and a cure for rare nonsense mutations&#8230; <\/p>\n<div class=\"clear\"><\/div>\n<p><a href=\"https:\/\/www.emilysentourage.org\/de\/mpc\/\" class=\"excerpt-read-more\">Mehr lesen<\/a><\/p>","protected":false},"author":1284,"featured_media":0,"parent":0,"menu_order":0,"comment_status":"closed","ping_status":"closed","template":"","meta":{"_acf_changed":false,"_seopress_robots_primary_cat":"","_seopress_titles_title":"","_seopress_titles_desc":"","_seopress_robots_index":"","_monsterinsights_skip_tracking":false,"_monsterinsights_sitenote_active":false,"_monsterinsights_sitenote_note":"","_monsterinsights_sitenote_category":0,"footnotes":""},"class_list":["post-10730","page","type-page","status-publish","hentry"],"acf":[],"jetpack_sharing_enabled":true,"post_mailing_queue_ids":[],"_links":{"self":[{"href":"https:\/\/www.emilysentourage.org\/de\/wp-json\/wp\/v2\/pages\/10730","targetHints":{"allow":["GET"]}}],"collection":[{"href":"https:\/\/www.emilysentourage.org\/de\/wp-json\/wp\/v2\/pages"}],"about":[{"href":"https:\/\/www.emilysentourage.org\/de\/wp-json\/wp\/v2\/types\/page"}],"author":[{"embeddable":true,"href":"https:\/\/www.emilysentourage.org\/de\/wp-json\/wp\/v2\/users\/1284"}],"replies":[{"embeddable":true,"href":"https:\/\/www.emilysentourage.org\/de\/wp-json\/wp\/v2\/comments?post=10730"}],"version-history":[{"count":3,"href":"https:\/\/www.emilysentourage.org\/de\/wp-json\/wp\/v2\/pages\/10730\/revisions"}],"predecessor-version":[{"id":10733,"href":"https:\/\/www.emilysentourage.org\/de\/wp-json\/wp\/v2\/pages\/10730\/revisions\/10733"}],"wp:attachment":[{"href":"https:\/\/www.emilysentourage.org\/de\/wp-json\/wp\/v2\/media?parent=10730"}],"curies":[{"name":"wp","href":"https:\/\/api.w.org\/{rel}","templated":true}]}}